{"id":95005,"date":"2025-11-07T15:32:09","date_gmt":"2025-11-07T14:32:10","guid":{"rendered":"https:\/\/dev.refrigerantboys.com\/?post_type=product&#038;p=95005"},"modified":"2025-11-08T16:08:08","modified_gmt":"2025-11-08T15:08:08","slug":"regulateur-de-pression-pour-bouteilles-dazote-220-bar","status":"publish","type":"product","link":"https:\/\/dev.refrigerantboys.com\/fr\/acheter\/outils\/regulateur-de-pression-pour-bouteilles-dazote-220-bar\/","title":{"rendered":"D\u00e9tendeur de pression pour bouteilles d&#8217;azote &#8211; 220 Bar \u2192 50 Bar"},"content":{"rendered":"<p>\u2728 <strong>Caract\u00e9ristiques principales<\/strong><\/p>\n<ul>\n<li>Corps robuste et durable con\u00e7u pour une utilisation intensive<\/li>\n<li>R\u00e9gulation stable et pr\u00e9cise de la pression<\/li>\n<li>Connexions standard compatibles avec les syst\u00e8mes de r\u00e9frig\u00e9ration et autres applications techniques<\/li>\n<li>Fiabilit\u00e9 et s\u00e9curit\u00e9 d&#8217;utilisation maximales<\/li>\n<\/ul>\n<p><strong>Utilisation recommand\u00e9e<\/strong> Parfait pour les installations de r\u00e9frig\u00e9ration, les laboratoires, les ateliers et toutes les applications n\u00e9cessitant un contr\u00f4le s\u00fbr de la pression de l&#8217;azote.<\/p>\n","protected":false},"excerpt":{"rendered":"<h3><span style=\"font-size: 16px;\">S\u00e9curit\u00e9 et contr\u00f4le maximums Ce d\u00e9tendeur de pression \u00e0 l&#8217;azote est la solution id\u00e9ale pour ceux qui recherchent la fiabilit\u00e9 et la pr\u00e9cision. Avec une entr\u00e9e jusqu&#8217;\u00e0 220 bars et une sortie r\u00e9gul\u00e9e \u00e0 50 bars, il garantit un d\u00e9bit stable et s\u00fbr dans toutes les applications.<\/span><\/h3>\n","protected":false},"featured_media":95008,"template":"","meta":[],"product_cat":[146],"product_tag":[],"acf":{"ai_note":""},"yoast_head":"<!-- This site is optimized with the Yoast SEO plugin v20.2 - https:\/\/yoast.com\/wordpress\/plugins\/seo\/ -->\n<title>D\u00e9tendeur de pression pour bouteilles d&#039;azote - 220 Bar \u2192 50 Bar | Refrigerant Boys<\/title>\n<meta name=\"description\" content=\"S\u00e9curit\u00e9 et contr\u00f4le maximums Ce d\u00e9tendeur de pression \u00e0 l&#039;azote est la solution id\u00e9ale pour ceux qui recherchent la fiabilit\u00e9 et la pr\u00e9cision. Avec une entr\u00e9e jusqu&#039;\u00e0 220 bars et une sortie r\u00e9gul\u00e9e \u00e0 50 bars, il garantit un d\u00e9bit stable et s\u00fbr dans toutes les applications.\" \/>\n<meta name=\"robots\" content=\"index, follow, max-snippet:-1, max-image-preview:large, max-video-preview:-1\" \/>\n<link rel=\"canonical\" href=\"https:\/\/dev.refrigerantboys.com\/fr\/acheter\/outils\/regulateur-de-pression-pour-bouteilles-dazote-220-bar\/\" \/>\n<meta property=\"og:locale\" content=\"fr_FR\" \/>\n<meta property=\"og:type\" content=\"article\" \/>\n<meta property=\"og:title\" content=\"D\u00e9tendeur de pression pour bouteilles d&#039;azote - 220 Bar \u2192 50 Bar | Refrigerant Boys\" \/>\n<meta property=\"og:description\" content=\"S\u00e9curit\u00e9 et contr\u00f4le maximums Ce d\u00e9tendeur de pression \u00e0 l&#039;azote est la solution id\u00e9ale pour ceux qui recherchent la fiabilit\u00e9 et la pr\u00e9cision. Avec une entr\u00e9e jusqu&#039;\u00e0 220 bars et une sortie r\u00e9gul\u00e9e \u00e0 50 bars, il garantit un d\u00e9bit stable et s\u00fbr dans toutes les applications.\" \/>\n<meta property=\"og:url\" content=\"https:\/\/dev.refrigerantboys.com\/fr\/acheter\/outils\/regulateur-de-pression-pour-bouteilles-dazote-220-bar\/\" \/>\n<meta property=\"og:site_name\" content=\"Refrigerant Boys\" \/>\n<meta property=\"article:modified_time\" content=\"2025-11-08T15:08:08+00:00\" \/>\n<meta property=\"og:image\" content=\"https:\/\/dev.refrigerantboys.com\/wp-content\/uploads\/2025\/11\/Designer.png\" \/>\n\t<meta property=\"og:image:width\" content=\"1024\" \/>\n\t<meta property=\"og:image:height\" content=\"1024\" \/>\n\t<meta property=\"og:image:type\" content=\"image\/png\" \/>\n<meta name=\"twitter:card\" content=\"summary_large_image\" \/>\n<meta name=\"twitter:label1\" content=\"Dur\u00e9e de lecture estim\u00e9e\" \/>\n\t<meta name=\"twitter:data1\" content=\"1 minute\" \/>\n<script type=\"application\/ld+json\" class=\"yoast-schema-graph\">{\"@context\":\"https:\/\/schema.org\",\"@graph\":[{\"@type\":\"WebPage\",\"@id\":\"https:\/\/dev.refrigerantboys.com\/fr\/acheter\/outils\/regulateur-de-pression-pour-bouteilles-dazote-220-bar\/\",\"url\":\"https:\/\/dev.refrigerantboys.com\/fr\/acheter\/outils\/regulateur-de-pression-pour-bouteilles-dazote-220-bar\/\",\"name\":\"D\u00e9tendeur de pression pour bouteilles d'azote - 220 Bar \u2192 50 Bar | Refrigerant Boys\",\"isPartOf\":{\"@id\":\"https:\/\/dev.refrigerantboys.com\/fr\/#website\"},\"datePublished\":\"2025-11-07T14:32:10+00:00\",\"dateModified\":\"2025-11-08T15:08:08+00:00\",\"description\":\"S\u00e9curit\u00e9 et contr\u00f4le maximums Ce d\u00e9tendeur de pression \u00e0 l'azote est la solution id\u00e9ale pour ceux qui recherchent la fiabilit\u00e9 et la pr\u00e9cision. Avec une entr\u00e9e jusqu'\u00e0 220 bars et une sortie r\u00e9gul\u00e9e \u00e0 50 bars, il garantit un d\u00e9bit stable et s\u00fbr dans toutes les applications.\",\"breadcrumb\":{\"@id\":\"https:\/\/dev.refrigerantboys.com\/fr\/acheter\/outils\/regulateur-de-pression-pour-bouteilles-dazote-220-bar\/#breadcrumb\"},\"inLanguage\":\"fr-FR\",\"potentialAction\":[{\"@type\":\"ReadAction\",\"target\":[\"https:\/\/dev.refrigerantboys.com\/fr\/acheter\/outils\/regulateur-de-pression-pour-bouteilles-dazote-220-bar\/\"]}]},{\"@type\":\"BreadcrumbList\",\"@id\":\"https:\/\/dev.refrigerantboys.com\/fr\/acheter\/outils\/regulateur-de-pression-pour-bouteilles-dazote-220-bar\/#breadcrumb\",\"itemListElement\":[{\"@type\":\"ListItem\",\"position\":1,\"name\":\"Home\",\"item\":\"https:\/\/dev.refrigerantboys.com\/fr\/\"},{\"@type\":\"ListItem\",\"position\":2,\"name\":\"Boutique\",\"item\":\"https:\/\/dev.refrigerantboys.com\/fr\/boutique\/\"},{\"@type\":\"ListItem\",\"position\":3,\"name\":\"D\u00e9tendeur de pression pour bouteilles d&#8217;azote &#8211; 220 Bar \u2192 50 Bar\"}]},{\"@type\":\"WebSite\",\"@id\":\"https:\/\/dev.refrigerantboys.com\/fr\/#website\",\"url\":\"https:\/\/dev.refrigerantboys.com\/fr\/\",\"name\":\"Refrigerant Boys\",\"description\":\"Vendita gas refrigeranti\",\"potentialAction\":[{\"@type\":\"SearchAction\",\"target\":{\"@type\":\"EntryPoint\",\"urlTemplate\":\"https:\/\/dev.refrigerantboys.com\/fr\/?s={search_term_string}\"},\"query-input\":\"required name=search_term_string\"}],\"inLanguage\":\"fr-FR\"}]}<\/script>\n<!-- \/ Yoast SEO plugin. -->","yoast_head_json":{"title":"D\u00e9tendeur de pression pour bouteilles d'azote - 220 Bar \u2192 50 Bar | Refrigerant Boys","description":"S\u00e9curit\u00e9 et contr\u00f4le maximums Ce d\u00e9tendeur de pression \u00e0 l'azote est la solution id\u00e9ale pour ceux qui recherchent la fiabilit\u00e9 et la pr\u00e9cision. Avec une entr\u00e9e jusqu'\u00e0 220 bars et une sortie r\u00e9gul\u00e9e \u00e0 50 bars, il garantit un d\u00e9bit stable et s\u00fbr dans toutes les applications.","robots":{"index":"index","follow":"follow","max-snippet":"max-snippet:-1","max-image-preview":"max-image-preview:large","max-video-preview":"max-video-preview:-1"},"canonical":"https:\/\/dev.refrigerantboys.com\/fr\/acheter\/outils\/regulateur-de-pression-pour-bouteilles-dazote-220-bar\/","og_locale":"fr_FR","og_type":"article","og_title":"D\u00e9tendeur de pression pour bouteilles d'azote - 220 Bar \u2192 50 Bar | Refrigerant Boys","og_description":"S\u00e9curit\u00e9 et contr\u00f4le maximums Ce d\u00e9tendeur de pression \u00e0 l'azote est la solution id\u00e9ale pour ceux qui recherchent la fiabilit\u00e9 et la pr\u00e9cision. Avec une entr\u00e9e jusqu'\u00e0 220 bars et une sortie r\u00e9gul\u00e9e \u00e0 50 bars, il garantit un d\u00e9bit stable et s\u00fbr dans toutes les applications.","og_url":"https:\/\/dev.refrigerantboys.com\/fr\/acheter\/outils\/regulateur-de-pression-pour-bouteilles-dazote-220-bar\/","og_site_name":"Refrigerant Boys","article_modified_time":"2025-11-08T15:08:08+00:00","og_image":[{"width":1024,"height":1024,"url":"https:\/\/dev.refrigerantboys.com\/wp-content\/uploads\/2025\/11\/Designer.png","type":"image\/png"}],"twitter_card":"summary_large_image","twitter_misc":{"Dur\u00e9e de lecture estim\u00e9e":"1 minute"},"schema":{"@context":"https:\/\/schema.org","@graph":[{"@type":"WebPage","@id":"https:\/\/dev.refrigerantboys.com\/fr\/acheter\/outils\/regulateur-de-pression-pour-bouteilles-dazote-220-bar\/","url":"https:\/\/dev.refrigerantboys.com\/fr\/acheter\/outils\/regulateur-de-pression-pour-bouteilles-dazote-220-bar\/","name":"D\u00e9tendeur de pression pour bouteilles d'azote - 220 Bar \u2192 50 Bar | Refrigerant Boys","isPartOf":{"@id":"https:\/\/dev.refrigerantboys.com\/fr\/#website"},"datePublished":"2025-11-07T14:32:10+00:00","dateModified":"2025-11-08T15:08:08+00:00","description":"S\u00e9curit\u00e9 et contr\u00f4le maximums Ce d\u00e9tendeur de pression \u00e0 l'azote est la solution id\u00e9ale pour ceux qui recherchent la fiabilit\u00e9 et la pr\u00e9cision. Avec une entr\u00e9e jusqu'\u00e0 220 bars et une sortie r\u00e9gul\u00e9e \u00e0 50 bars, il garantit un d\u00e9bit stable et s\u00fbr dans toutes les applications.","breadcrumb":{"@id":"https:\/\/dev.refrigerantboys.com\/fr\/acheter\/outils\/regulateur-de-pression-pour-bouteilles-dazote-220-bar\/#breadcrumb"},"inLanguage":"fr-FR","potentialAction":[{"@type":"ReadAction","target":["https:\/\/dev.refrigerantboys.com\/fr\/acheter\/outils\/regulateur-de-pression-pour-bouteilles-dazote-220-bar\/"]}]},{"@type":"BreadcrumbList","@id":"https:\/\/dev.refrigerantboys.com\/fr\/acheter\/outils\/regulateur-de-pression-pour-bouteilles-dazote-220-bar\/#breadcrumb","itemListElement":[{"@type":"ListItem","position":1,"name":"Home","item":"https:\/\/dev.refrigerantboys.com\/fr\/"},{"@type":"ListItem","position":2,"name":"Boutique","item":"https:\/\/dev.refrigerantboys.com\/fr\/boutique\/"},{"@type":"ListItem","position":3,"name":"D\u00e9tendeur de pression pour bouteilles d&#8217;azote &#8211; 220 Bar \u2192 50 Bar"}]},{"@type":"WebSite","@id":"https:\/\/dev.refrigerantboys.com\/fr\/#website","url":"https:\/\/dev.refrigerantboys.com\/fr\/","name":"Refrigerant Boys","description":"Vendita gas refrigeranti","potentialAction":[{"@type":"SearchAction","target":{"@type":"EntryPoint","urlTemplate":"https:\/\/dev.refrigerantboys.com\/fr\/?s={search_term_string}"},"query-input":"required name=search_term_string"}],"inLanguage":"fr-FR"}]}},"_links":{"self":[{"href":"https:\/\/dev.refrigerantboys.com\/fr\/wp-json\/wp\/v2\/product\/95005"}],"collection":[{"href":"https:\/\/dev.refrigerantboys.com\/fr\/wp-json\/wp\/v2\/product"}],"about":[{"href":"https:\/\/dev.refrigerantboys.com\/fr\/wp-json\/wp\/v2\/types\/product"}],"wp:featuredmedia":[{"embeddable":true,"href":"https:\/\/dev.refrigerantboys.com\/fr\/wp-json\/wp\/v2\/media\/95008"}],"wp:attachment":[{"href":"https:\/\/dev.refrigerantboys.com\/fr\/wp-json\/wp\/v2\/media?parent=95005"}],"wp:term":[{"taxonomy":"product_cat","embeddable":true,"href":"https:\/\/dev.refrigerantboys.com\/fr\/wp-json\/wp\/v2\/product_cat?post=95005"},{"taxonomy":"product_tag","embeddable":true,"href":"https:\/\/dev.refrigerantboys.com\/fr\/wp-json\/wp\/v2\/product_tag?post=95005"}],"curies":[{"name":"wp","href":"https:\/\/api.w.org\/{rel}","templated":true}]}}