{"id":77063,"date":"2024-03-19T11:26:44","date_gmt":"2024-03-19T10:26:45","guid":{"rendered":"https:\/\/dev.refrigerantboys.com\/?post_type=product&#038;p=77063"},"modified":"2025-11-26T11:25:22","modified_gmt":"2025-11-26T10:25:22","slug":"bombola-ricondizionata-gas-r32-9-kg-valvola-w217x1-14-sx","status":"publish","type":"product","link":"https:\/\/dev.refrigerantboys.com\/fr\/acheter\/fluides-frigorigenes\/r32\/bombola-ricondizionata-gas-r32-9-kg-valvola-w217x1-14-sx\/","title":{"rendered":"Bouteille de gaz RECONDITIONN\u00c9E R32 9 kg valve W21.7\u00d71\/14 SX"},"content":{"rendered":"<p><span style=\"font-weight: 400;\">Si vous recherchez une bouteille de gaz R32 d&#8217;une capacit\u00e9 de 9 kg, vous \u00eates au bon endroit ! Refrigerant Boys propose une large gamme de r\u00e9frig\u00e9rants de haute qualit\u00e9 pour r\u00e9pondre \u00e0 vos besoins. Notre bouteille de gaz R32 de 9 kg est id\u00e9ale pour les syst\u00e8mes de climatisation et les pompes \u00e0 chaleur, offrant une efficacit\u00e9 \u00e9nerg\u00e9tique sup\u00e9rieure et un impact environnemental r\u00e9duit. Nous comprenons l&#8217;importance d&#8217;avoir des produits fiables et conformes aux r\u00e9glementations en vigueur. Vous pouvez donc compter sur notre bouteille de gaz R32 pour obtenir des performances optimales et une s\u00e9curit\u00e9 maximale. Achetez votre bouteille de gaz R32 de 9 kg chez Refrigerant Boys d\u00e8s aujourd&#8217;hui et d\u00e9couvrez pourquoi nous sommes le choix pr\u00e9f\u00e9r\u00e9 des professionnels.<\/span><\/p>\n<p><strong>Applications\u00a0:<\/strong><\/p>\n<ul>\n<li>Le R32 a des performances et une efficacit\u00e9 \u00e9nerg\u00e9tique \u00e9quivalentes \u00e0 celles du R410A.<\/li>\n<li>GWP (Global Warming Potentiel) nettement inf\u00e9rieur au R410A.<\/li>\n<li>Il ne n\u00e9cessite pas le remplacement des composants, des lubrifiants et des joints.<\/li>\n<li><span style=\"color: #ff0000;\">Le R32 ne peut \u00eatre utilis\u00e9 que dans les nouveaux syst\u00e8mes con\u00e7us pour fonctionner avec des gaz l\u00e9g\u00e8rement inflammables (classe A2L)<\/span>\n<p><span style=\"color: #ff0000;\">Le R32 ne peut pas \u00eatre utilis\u00e9 comme produit de modernisation pour les syst\u00e8mes con\u00e7us pour fonctionner avec le R410A\u00a0; Les syst\u00e8mes R410A n\u2019\u00e9tant pas con\u00e7us pour fonctionner avec des gaz l\u00e9g\u00e8rement inflammables, il existe donc un risque d\u2019endommager le compresseur.<\/span><\/li>\n<\/ul>\n<p>&nbsp;<\/p>\n","protected":false},"excerpt":{"rendered":"<p><strong><span style=\"color: #282828;\">Bouteille<\/span> R32 <span style=\"color: #282828;\"> <span style=\"color: #ff0000;\">RECONDITIONN\u00c9E<\/span><\/span> de 9 kg, rechargeable et certifi\u00e9e T-PED \/ EN 13322-1. D\u00e9velopp\u00e9 pour remplacer le gaz R410A. Utilis\u00e9 par les principaux fabricants de climatiseurs. Faible impact environnemental UN 3252. <span style=\"color: #ff0000;\">Valve 21.7\u2033 x 1\/14 GAUCHE<\/span><\/strong><\/p>\n<ul>\n<li><strong><span lang=\"en\"><span title=\"Il est possible seulement le paiement en esp\u00e8ces et en ayant avertit quelques jours avant du mat\u00e9riel que vous avez besoin.\"><span title=\"Les petites quantit\u00e9s sont envoy\u00e9es dans des boites robustes (colis anonymes), les grandes quantit\u00e9s sont g\u00e9n\u00e9ralement envoy\u00e9es sur EURO-PALLET.\"><span title=\"Pour le moment nous avons une Assistance efficace par e-mail, qui garantit des r\u00e9ponses esaustive en quelques heures ouvrables. \"><span title=\"Nous demandons le paiement d\u00e8s que vos bouteilles sont remplies et pr\u00eates pour l'exp\u00e9dition de retour.\"><span id=\"result_box\" lang=\"en\"><span title=\"Ces bouteilles ont \u00e9t\u00e9 nettoy\u00e9es \u00e0 l'int\u00e9rieur, valve et robinet v\u00e9rifi\u00e9s, et remplies avec du gaz neuf.\">Ces cylindres sont <span style=\"color: #ff0000;\">RECONDITIONN\u00c9S <\/span>(ils ne sont pas neufs). Les vannes ont \u00e9t\u00e9 v\u00e9rifi\u00e9es et les robinets ont \u00e9t\u00e9 nettoy\u00e9s \u00e0 l&#8217;int\u00e9rieur et remplis de gaz neuf. <\/span><span title=\"Ext\u00e9rieurement elles peuvent pr\u00e9senter des signes d'usure.\">Ext\u00e9rieurement, ils peuvent pr\u00e9senter des signes d&#8217;usure\/rayures.<\/span><\/span><\/span><\/span><\/span><\/span><\/span><\/strong><\/li>\n<\/ul>\n<p><strong><br \/>\n<span class=\"hps\">PRIX INCLUANT LA BOUTEILLE QUI RESTE VOTRE PROPRI\u00c9T\u00c9 <\/span><\/strong><strong><span class=\"hps\"><a href=\"https:\/\/dev.refrigerantboys.com\/fr\/recharge-bonbonnes\/\">RECHARGE DE LA BOUTEILLE<\/a><br \/>\n<\/span><br \/>\n<\/strong><\/p>\n<pre><span style=\"color: #ff0000; font-size: 20px;\"><strong>GWP[675]<\/strong><\/span><\/pre>\n","protected":false},"featured_media":77075,"template":"","meta":[],"product_cat":[150,154],"product_tag":[],"acf":{"ai_note":""},"yoast_head":"<!-- This site is optimized with the Yoast SEO plugin v20.2 - https:\/\/yoast.com\/wordpress\/plugins\/seo\/ -->\n<title>Bouteille de gaz RECONDITIONN\u00c9E R32 9 kg valve W21.7\u00d71\/14 SX | Refrigerant Boys<\/title>\n<meta name=\"description\" content=\"Si vous recherchez une bouteille de gaz R32 d&#039;une capacit\u00e9 de 9 kg, vous \u00eates au bon endroit ! Refrigerant Boys propose une large gamme de r\u00e9frig\u00e9rants de haute qualit\u00e9 pour r\u00e9pondre \u00e0 vos besoins.\" \/>\n<meta name=\"robots\" content=\"index, follow, max-snippet:-1, max-image-preview:large, max-video-preview:-1\" \/>\n<link rel=\"canonical\" href=\"https:\/\/dev.refrigerantboys.com\/fr\/acheter\/fluides-frigorigenes\/r32\/bombola-ricondizionata-gas-r32-9-kg-valvola-w217x1-14-sx\/\" \/>\n<meta property=\"og:locale\" content=\"fr_FR\" \/>\n<meta property=\"og:type\" content=\"article\" \/>\n<meta property=\"og:title\" content=\"Bouteille de gaz RECONDITIONN\u00c9E R32 9 kg valve W21.7\u00d71\/14 SX | Refrigerant Boys\" \/>\n<meta property=\"og:description\" content=\"Si vous recherchez une bouteille de gaz R32 d&#039;une capacit\u00e9 de 9 kg, vous \u00eates au bon endroit ! Refrigerant Boys propose une large gamme de r\u00e9frig\u00e9rants de haute qualit\u00e9 pour r\u00e9pondre \u00e0 vos besoins.\" \/>\n<meta property=\"og:url\" content=\"https:\/\/dev.refrigerantboys.com\/fr\/acheter\/fluides-frigorigenes\/r32\/bombola-ricondizionata-gas-r32-9-kg-valvola-w217x1-14-sx\/\" \/>\n<meta property=\"og:site_name\" content=\"Refrigerant Boys\" \/>\n<meta property=\"article:modified_time\" content=\"2025-11-26T10:25:22+00:00\" \/>\n<meta property=\"og:image\" content=\"https:\/\/dev.refrigerantboys.com\/wp-content\/uploads\/2024\/03\/BB32K9U-1.png\" \/>\n\t<meta property=\"og:image:width\" content=\"330\" \/>\n\t<meta property=\"og:image:height\" content=\"664\" \/>\n\t<meta property=\"og:image:type\" content=\"image\/png\" \/>\n<meta name=\"twitter:card\" content=\"summary_large_image\" \/>\n<meta name=\"twitter:label1\" content=\"Dur\u00e9e de lecture estim\u00e9e\" \/>\n\t<meta name=\"twitter:data1\" content=\"1 minute\" \/>\n<script type=\"application\/ld+json\" class=\"yoast-schema-graph\">{\"@context\":\"https:\/\/schema.org\",\"@graph\":[{\"@type\":\"WebPage\",\"@id\":\"https:\/\/dev.refrigerantboys.com\/fr\/acheter\/fluides-frigorigenes\/r32\/bombola-ricondizionata-gas-r32-9-kg-valvola-w217x1-14-sx\/\",\"url\":\"https:\/\/dev.refrigerantboys.com\/fr\/acheter\/fluides-frigorigenes\/r32\/bombola-ricondizionata-gas-r32-9-kg-valvola-w217x1-14-sx\/\",\"name\":\"Bouteille de gaz RECONDITIONN\u00c9E R32 9 kg valve W21.7\u00d71\/14 SX | Refrigerant Boys\",\"isPartOf\":{\"@id\":\"https:\/\/dev.refrigerantboys.com\/fr\/#website\"},\"datePublished\":\"2024-03-19T10:26:45+00:00\",\"dateModified\":\"2025-11-26T10:25:22+00:00\",\"description\":\"Si vous recherchez une bouteille de gaz R32 d'une capacit\u00e9 de 9 kg, vous \u00eates au bon endroit ! Refrigerant Boys propose une large gamme de r\u00e9frig\u00e9rants de haute qualit\u00e9 pour r\u00e9pondre \u00e0 vos besoins.\",\"breadcrumb\":{\"@id\":\"https:\/\/dev.refrigerantboys.com\/fr\/acheter\/fluides-frigorigenes\/r32\/bombola-ricondizionata-gas-r32-9-kg-valvola-w217x1-14-sx\/#breadcrumb\"},\"inLanguage\":\"fr-FR\",\"potentialAction\":[{\"@type\":\"ReadAction\",\"target\":[\"https:\/\/dev.refrigerantboys.com\/fr\/acheter\/fluides-frigorigenes\/r32\/bombola-ricondizionata-gas-r32-9-kg-valvola-w217x1-14-sx\/\"]}]},{\"@type\":\"BreadcrumbList\",\"@id\":\"https:\/\/dev.refrigerantboys.com\/fr\/acheter\/fluides-frigorigenes\/r32\/bombola-ricondizionata-gas-r32-9-kg-valvola-w217x1-14-sx\/#breadcrumb\",\"itemListElement\":[{\"@type\":\"ListItem\",\"position\":1,\"name\":\"Home\",\"item\":\"https:\/\/dev.refrigerantboys.com\/fr\/\"},{\"@type\":\"ListItem\",\"position\":2,\"name\":\"Boutique\",\"item\":\"https:\/\/dev.refrigerantboys.com\/fr\/boutique\/\"},{\"@type\":\"ListItem\",\"position\":3,\"name\":\"Bouteille de gaz RECONDITIONN\u00c9E R32 9 kg valve W21.7\u00d71\/14 SX\"}]},{\"@type\":\"WebSite\",\"@id\":\"https:\/\/dev.refrigerantboys.com\/fr\/#website\",\"url\":\"https:\/\/dev.refrigerantboys.com\/fr\/\",\"name\":\"Refrigerant Boys\",\"description\":\"Vendita gas refrigeranti\",\"potentialAction\":[{\"@type\":\"SearchAction\",\"target\":{\"@type\":\"EntryPoint\",\"urlTemplate\":\"https:\/\/dev.refrigerantboys.com\/fr\/?s={search_term_string}\"},\"query-input\":\"required name=search_term_string\"}],\"inLanguage\":\"fr-FR\"}]}<\/script>\n<!-- \/ Yoast SEO plugin. -->","yoast_head_json":{"title":"Bouteille de gaz RECONDITIONN\u00c9E R32 9 kg valve W21.7\u00d71\/14 SX | Refrigerant Boys","description":"Si vous recherchez une bouteille de gaz R32 d'une capacit\u00e9 de 9 kg, vous \u00eates au bon endroit ! Refrigerant Boys propose une large gamme de r\u00e9frig\u00e9rants de haute qualit\u00e9 pour r\u00e9pondre \u00e0 vos besoins.","robots":{"index":"index","follow":"follow","max-snippet":"max-snippet:-1","max-image-preview":"max-image-preview:large","max-video-preview":"max-video-preview:-1"},"canonical":"https:\/\/dev.refrigerantboys.com\/fr\/acheter\/fluides-frigorigenes\/r32\/bombola-ricondizionata-gas-r32-9-kg-valvola-w217x1-14-sx\/","og_locale":"fr_FR","og_type":"article","og_title":"Bouteille de gaz RECONDITIONN\u00c9E R32 9 kg valve W21.7\u00d71\/14 SX | Refrigerant Boys","og_description":"Si vous recherchez une bouteille de gaz R32 d'une capacit\u00e9 de 9 kg, vous \u00eates au bon endroit ! Refrigerant Boys propose une large gamme de r\u00e9frig\u00e9rants de haute qualit\u00e9 pour r\u00e9pondre \u00e0 vos besoins.","og_url":"https:\/\/dev.refrigerantboys.com\/fr\/acheter\/fluides-frigorigenes\/r32\/bombola-ricondizionata-gas-r32-9-kg-valvola-w217x1-14-sx\/","og_site_name":"Refrigerant Boys","article_modified_time":"2025-11-26T10:25:22+00:00","og_image":[{"width":330,"height":664,"url":"https:\/\/dev.refrigerantboys.com\/wp-content\/uploads\/2024\/03\/BB32K9U-1.png","type":"image\/png"}],"twitter_card":"summary_large_image","twitter_misc":{"Dur\u00e9e de lecture estim\u00e9e":"1 minute"},"schema":{"@context":"https:\/\/schema.org","@graph":[{"@type":"WebPage","@id":"https:\/\/dev.refrigerantboys.com\/fr\/acheter\/fluides-frigorigenes\/r32\/bombola-ricondizionata-gas-r32-9-kg-valvola-w217x1-14-sx\/","url":"https:\/\/dev.refrigerantboys.com\/fr\/acheter\/fluides-frigorigenes\/r32\/bombola-ricondizionata-gas-r32-9-kg-valvola-w217x1-14-sx\/","name":"Bouteille de gaz RECONDITIONN\u00c9E R32 9 kg valve W21.7\u00d71\/14 SX | Refrigerant Boys","isPartOf":{"@id":"https:\/\/dev.refrigerantboys.com\/fr\/#website"},"datePublished":"2024-03-19T10:26:45+00:00","dateModified":"2025-11-26T10:25:22+00:00","description":"Si vous recherchez une bouteille de gaz R32 d'une capacit\u00e9 de 9 kg, vous \u00eates au bon endroit ! Refrigerant Boys propose une large gamme de r\u00e9frig\u00e9rants de haute qualit\u00e9 pour r\u00e9pondre \u00e0 vos besoins.","breadcrumb":{"@id":"https:\/\/dev.refrigerantboys.com\/fr\/acheter\/fluides-frigorigenes\/r32\/bombola-ricondizionata-gas-r32-9-kg-valvola-w217x1-14-sx\/#breadcrumb"},"inLanguage":"fr-FR","potentialAction":[{"@type":"ReadAction","target":["https:\/\/dev.refrigerantboys.com\/fr\/acheter\/fluides-frigorigenes\/r32\/bombola-ricondizionata-gas-r32-9-kg-valvola-w217x1-14-sx\/"]}]},{"@type":"BreadcrumbList","@id":"https:\/\/dev.refrigerantboys.com\/fr\/acheter\/fluides-frigorigenes\/r32\/bombola-ricondizionata-gas-r32-9-kg-valvola-w217x1-14-sx\/#breadcrumb","itemListElement":[{"@type":"ListItem","position":1,"name":"Home","item":"https:\/\/dev.refrigerantboys.com\/fr\/"},{"@type":"ListItem","position":2,"name":"Boutique","item":"https:\/\/dev.refrigerantboys.com\/fr\/boutique\/"},{"@type":"ListItem","position":3,"name":"Bouteille de gaz RECONDITIONN\u00c9E R32 9 kg valve W21.7\u00d71\/14 SX"}]},{"@type":"WebSite","@id":"https:\/\/dev.refrigerantboys.com\/fr\/#website","url":"https:\/\/dev.refrigerantboys.com\/fr\/","name":"Refrigerant Boys","description":"Vendita gas refrigeranti","potentialAction":[{"@type":"SearchAction","target":{"@type":"EntryPoint","urlTemplate":"https:\/\/dev.refrigerantboys.com\/fr\/?s={search_term_string}"},"query-input":"required name=search_term_string"}],"inLanguage":"fr-FR"}]}},"_links":{"self":[{"href":"https:\/\/dev.refrigerantboys.com\/fr\/wp-json\/wp\/v2\/product\/77063"}],"collection":[{"href":"https:\/\/dev.refrigerantboys.com\/fr\/wp-json\/wp\/v2\/product"}],"about":[{"href":"https:\/\/dev.refrigerantboys.com\/fr\/wp-json\/wp\/v2\/types\/product"}],"wp:featuredmedia":[{"embeddable":true,"href":"https:\/\/dev.refrigerantboys.com\/fr\/wp-json\/wp\/v2\/media\/77075"}],"wp:attachment":[{"href":"https:\/\/dev.refrigerantboys.com\/fr\/wp-json\/wp\/v2\/media?parent=77063"}],"wp:term":[{"taxonomy":"product_cat","embeddable":true,"href":"https:\/\/dev.refrigerantboys.com\/fr\/wp-json\/wp\/v2\/product_cat?post=77063"},{"taxonomy":"product_tag","embeddable":true,"href":"https:\/\/dev.refrigerantboys.com\/fr\/wp-json\/wp\/v2\/product_tag?post=77063"}],"curies":[{"name":"wp","href":"https:\/\/api.w.org\/{rel}","templated":true}]}}