{"id":76503,"date":"2024-02-21T12:52:07","date_gmt":"2024-02-21T11:52:08","guid":{"rendered":"https:\/\/dev.refrigerantboys.com\/?post_type=product&#038;p=76503"},"modified":"2025-11-16T23:52:52","modified_gmt":"2025-11-16T22:52:52","slug":"bombola-con-10-kg-di-gas-r513a-valvola-1-4-sae","status":"publish","type":"product","link":"https:\/\/dev.refrigerantboys.com\/fr\/acheter\/fluides-frigorigenes\/r134a\/bombola-con-10-kg-di-gas-r513a-valvola-1-4-sae\/","title":{"rendered":"Bouteille avec \u00e0 gaz R513A de 10 kg vanne1\/4 SAE"},"content":{"rendered":"<p>Si vous recherchez une bouteille de gaz <strong>R513A <\/strong><span style=\"color: #339966;\"><strong>(GWP 572) <\/strong><\/span>d&#8217;une capacit\u00e9 de 10 kg, vous \u00eates au bon endroit ! Refrigerant Boys propose une large gamme de r\u00e9frig\u00e9rants de haute qualit\u00e9 pour r\u00e9pondre \u00e0 vos besoins. Notre bouteille de gaz <strong>R513A<\/strong> de 10 kg est<strong> id\u00e9ale pour les syst\u00e8mes de r\u00e9frig\u00e9ration r\u00e9sidentiels et commerciaux, les refroidisseurs d&#8217;eau centrifuges (chillers) et les circuits \u00e0 moyenne temp\u00e9rature<\/strong>. Les propri\u00e9t\u00e9s et les performances du <strong>R513A<\/strong> sont similaires \u00e0 celles du R134a, mais son potentiel de r\u00e9chauffement plan\u00e9taire est nettement inf\u00e9rieur \u00e0 celui du <span style=\"color: #ff0000;\"><strong>R134a (GWP 1.430)<\/strong> <\/span>. Nous comprenons l&#8217;importance d&#8217;avoir des produits fiables et conformes aux r\u00e9glementations en vigueur. Vous pouvez donc compter sur notre bouteille de gaz R513A pour obtenir des performances optimales et une s\u00e9curit\u00e9 maximale. Achetez votre bouteille de gaz R513A de 10 kg chez Refrigerant Boys d\u00e8s aujourd&#8217;hui et d\u00e9couvrez pourquoi nous sommes le choix pr\u00e9f\u00e9r\u00e9 des professionnels.<\/p>\n","protected":false},"excerpt":{"rendered":"<p style=\"text-align: center;\"><span style=\"color: #ff0000;\"><strong>La solution alternative \u00e0 faible PRG <u>pour la r\u00e9frig\u00e9ration commerciale et industrielle<\/u><\/strong><br \/>\n<\/span><\/p>\n<p><strong>Gaz r\u00e9frig\u00e9rant R513A en bouteille rechargeable de 10 kg homologu\u00e9e T-PED \/ EN 13322-1 Valve 1\/4\u2033 SAE) UN 1078<\/strong><\/p>\n<p><strong><span class=\"hps\">PRIX INCLUANT LA BOUTEILLE QUI RESTERA VOTRE PROPRI\u00c9T\u00c9 &#8211; <a href=\"https:\/\/dev.refrigerantboys.com\/fr\/recharge-bonbonnes\/\">RECHARGE DE LA BOUTEILLE<\/a><\/span><br \/>\n<\/strong><\/p>\n<p><span style=\"color: #ff0000; font-size: 20px;\"><br \/>\n<strong> GWP[572]<\/strong><br \/>\n<\/span><\/p>\n","protected":false},"featured_media":76532,"template":"","meta":[],"product_cat":[150,156,366],"product_tag":[],"acf":{"ai_note":""},"yoast_head":"<!-- This site is optimized with the Yoast SEO plugin v20.2 - https:\/\/yoast.com\/wordpress\/plugins\/seo\/ -->\n<title>Bouteille avec \u00e0 gaz R513A de 10 kg vanne1\/4 SAE | Refrigerant Boys<\/title>\n<meta name=\"description\" content=\"La solution alternative \u00e0 faible PRG pour la r\u00e9frig\u00e9ration commerciale et industrielle  Gaz r\u00e9frig\u00e9rant R513A en bouteille rechargeable de 10 kg homologu\u00e9e T-PED \/ EN 13322-1 Valve 1\/4\u2033 SAE) UN 1078  PRIX INCLUANT LA BOUTEILLE QUI RESTERA VOTRE PROPRI\u00c9T\u00c9 - RECHARGE DE LA BOUTEILLE     GWP\" \/>\n<meta name=\"robots\" content=\"index, follow, max-snippet:-1, max-image-preview:large, max-video-preview:-1\" \/>\n<link rel=\"canonical\" href=\"https:\/\/dev.refrigerantboys.com\/fr\/acheter\/fluides-frigorigenes\/r134a\/bombola-con-10-kg-di-gas-r513a-valvola-1-4-sae\/\" \/>\n<meta property=\"og:locale\" content=\"fr_FR\" \/>\n<meta property=\"og:type\" content=\"article\" \/>\n<meta property=\"og:title\" content=\"Bouteille avec \u00e0 gaz R513A de 10 kg vanne1\/4 SAE | Refrigerant Boys\" \/>\n<meta property=\"og:description\" content=\"La solution alternative \u00e0 faible PRG pour la r\u00e9frig\u00e9ration commerciale et industrielle  Gaz r\u00e9frig\u00e9rant R513A en bouteille rechargeable de 10 kg homologu\u00e9e T-PED \/ EN 13322-1 Valve 1\/4\u2033 SAE) UN 1078  PRIX INCLUANT LA BOUTEILLE QUI RESTERA VOTRE PROPRI\u00c9T\u00c9 - RECHARGE DE LA BOUTEILLE     GWP\" \/>\n<meta property=\"og:url\" content=\"https:\/\/dev.refrigerantboys.com\/fr\/acheter\/fluides-frigorigenes\/r134a\/bombola-con-10-kg-di-gas-r513a-valvola-1-4-sae\/\" \/>\n<meta property=\"og:site_name\" content=\"Refrigerant Boys\" \/>\n<meta property=\"article:modified_time\" content=\"2025-11-16T22:52:52+00:00\" \/>\n<meta property=\"og:image\" content=\"https:\/\/dev.refrigerantboys.com\/wp-content\/uploads\/2024\/02\/R513A-3.png\" \/>\n\t<meta property=\"og:image:width\" content=\"329\" \/>\n\t<meta property=\"og:image:height\" content=\"445\" \/>\n\t<meta property=\"og:image:type\" content=\"image\/png\" \/>\n<meta name=\"twitter:card\" content=\"summary_large_image\" \/>\n<meta name=\"twitter:label1\" content=\"Dur\u00e9e de lecture estim\u00e9e\" \/>\n\t<meta name=\"twitter:data1\" content=\"1 minute\" \/>\n<script type=\"application\/ld+json\" class=\"yoast-schema-graph\">{\"@context\":\"https:\/\/schema.org\",\"@graph\":[{\"@type\":\"WebPage\",\"@id\":\"https:\/\/dev.refrigerantboys.com\/fr\/acheter\/fluides-frigorigenes\/r134a\/bombola-con-10-kg-di-gas-r513a-valvola-1-4-sae\/\",\"url\":\"https:\/\/dev.refrigerantboys.com\/fr\/acheter\/fluides-frigorigenes\/r134a\/bombola-con-10-kg-di-gas-r513a-valvola-1-4-sae\/\",\"name\":\"Bouteille avec \u00e0 gaz R513A de 10 kg vanne1\/4 SAE | Refrigerant Boys\",\"isPartOf\":{\"@id\":\"https:\/\/dev.refrigerantboys.com\/fr\/#website\"},\"datePublished\":\"2024-02-21T11:52:08+00:00\",\"dateModified\":\"2025-11-16T22:52:52+00:00\",\"description\":\"La solution alternative \u00e0 faible PRG pour la r\u00e9frig\u00e9ration commerciale et industrielle Gaz r\u00e9frig\u00e9rant R513A en bouteille rechargeable de 10 kg homologu\u00e9e T-PED \/ EN 13322-1 Valve 1\/4\u2033 SAE) UN 1078 PRIX INCLUANT LA BOUTEILLE QUI RESTERA VOTRE PROPRI\u00c9T\u00c9 - RECHARGE DE LA BOUTEILLE GWP\",\"breadcrumb\":{\"@id\":\"https:\/\/dev.refrigerantboys.com\/fr\/acheter\/fluides-frigorigenes\/r134a\/bombola-con-10-kg-di-gas-r513a-valvola-1-4-sae\/#breadcrumb\"},\"inLanguage\":\"fr-FR\",\"potentialAction\":[{\"@type\":\"ReadAction\",\"target\":[\"https:\/\/dev.refrigerantboys.com\/fr\/acheter\/fluides-frigorigenes\/r134a\/bombola-con-10-kg-di-gas-r513a-valvola-1-4-sae\/\"]}]},{\"@type\":\"BreadcrumbList\",\"@id\":\"https:\/\/dev.refrigerantboys.com\/fr\/acheter\/fluides-frigorigenes\/r134a\/bombola-con-10-kg-di-gas-r513a-valvola-1-4-sae\/#breadcrumb\",\"itemListElement\":[{\"@type\":\"ListItem\",\"position\":1,\"name\":\"Home\",\"item\":\"https:\/\/dev.refrigerantboys.com\/fr\/\"},{\"@type\":\"ListItem\",\"position\":2,\"name\":\"Boutique\",\"item\":\"https:\/\/dev.refrigerantboys.com\/fr\/boutique\/\"},{\"@type\":\"ListItem\",\"position\":3,\"name\":\"Bouteille avec \u00e0 gaz R513A de 10 kg vanne1\/4 SAE\"}]},{\"@type\":\"WebSite\",\"@id\":\"https:\/\/dev.refrigerantboys.com\/fr\/#website\",\"url\":\"https:\/\/dev.refrigerantboys.com\/fr\/\",\"name\":\"Refrigerant Boys\",\"description\":\"Vendita gas refrigeranti\",\"potentialAction\":[{\"@type\":\"SearchAction\",\"target\":{\"@type\":\"EntryPoint\",\"urlTemplate\":\"https:\/\/dev.refrigerantboys.com\/fr\/?s={search_term_string}\"},\"query-input\":\"required name=search_term_string\"}],\"inLanguage\":\"fr-FR\"}]}<\/script>\n<!-- \/ Yoast SEO plugin. -->","yoast_head_json":{"title":"Bouteille avec \u00e0 gaz R513A de 10 kg vanne1\/4 SAE | Refrigerant Boys","description":"La solution alternative \u00e0 faible PRG pour la r\u00e9frig\u00e9ration commerciale et industrielle  Gaz r\u00e9frig\u00e9rant R513A en bouteille rechargeable de 10 kg homologu\u00e9e T-PED \/ EN 13322-1 Valve 1\/4\u2033 SAE) UN 1078  PRIX INCLUANT LA BOUTEILLE QUI RESTERA VOTRE PROPRI\u00c9T\u00c9 - RECHARGE DE LA BOUTEILLE     GWP","robots":{"index":"index","follow":"follow","max-snippet":"max-snippet:-1","max-image-preview":"max-image-preview:large","max-video-preview":"max-video-preview:-1"},"canonical":"https:\/\/dev.refrigerantboys.com\/fr\/acheter\/fluides-frigorigenes\/r134a\/bombola-con-10-kg-di-gas-r513a-valvola-1-4-sae\/","og_locale":"fr_FR","og_type":"article","og_title":"Bouteille avec \u00e0 gaz R513A de 10 kg vanne1\/4 SAE | Refrigerant Boys","og_description":"La solution alternative \u00e0 faible PRG pour la r\u00e9frig\u00e9ration commerciale et industrielle  Gaz r\u00e9frig\u00e9rant R513A en bouteille rechargeable de 10 kg homologu\u00e9e T-PED \/ EN 13322-1 Valve 1\/4\u2033 SAE) UN 1078  PRIX INCLUANT LA BOUTEILLE QUI RESTERA VOTRE PROPRI\u00c9T\u00c9 - RECHARGE DE LA BOUTEILLE     GWP","og_url":"https:\/\/dev.refrigerantboys.com\/fr\/acheter\/fluides-frigorigenes\/r134a\/bombola-con-10-kg-di-gas-r513a-valvola-1-4-sae\/","og_site_name":"Refrigerant Boys","article_modified_time":"2025-11-16T22:52:52+00:00","og_image":[{"width":329,"height":445,"url":"https:\/\/dev.refrigerantboys.com\/wp-content\/uploads\/2024\/02\/R513A-3.png","type":"image\/png"}],"twitter_card":"summary_large_image","twitter_misc":{"Dur\u00e9e de lecture estim\u00e9e":"1 minute"},"schema":{"@context":"https:\/\/schema.org","@graph":[{"@type":"WebPage","@id":"https:\/\/dev.refrigerantboys.com\/fr\/acheter\/fluides-frigorigenes\/r134a\/bombola-con-10-kg-di-gas-r513a-valvola-1-4-sae\/","url":"https:\/\/dev.refrigerantboys.com\/fr\/acheter\/fluides-frigorigenes\/r134a\/bombola-con-10-kg-di-gas-r513a-valvola-1-4-sae\/","name":"Bouteille avec \u00e0 gaz R513A de 10 kg vanne1\/4 SAE | Refrigerant Boys","isPartOf":{"@id":"https:\/\/dev.refrigerantboys.com\/fr\/#website"},"datePublished":"2024-02-21T11:52:08+00:00","dateModified":"2025-11-16T22:52:52+00:00","description":"La solution alternative \u00e0 faible PRG pour la r\u00e9frig\u00e9ration commerciale et industrielle Gaz r\u00e9frig\u00e9rant R513A en bouteille rechargeable de 10 kg homologu\u00e9e T-PED \/ EN 13322-1 Valve 1\/4\u2033 SAE) UN 1078 PRIX INCLUANT LA BOUTEILLE QUI RESTERA VOTRE PROPRI\u00c9T\u00c9 - RECHARGE DE LA BOUTEILLE GWP","breadcrumb":{"@id":"https:\/\/dev.refrigerantboys.com\/fr\/acheter\/fluides-frigorigenes\/r134a\/bombola-con-10-kg-di-gas-r513a-valvola-1-4-sae\/#breadcrumb"},"inLanguage":"fr-FR","potentialAction":[{"@type":"ReadAction","target":["https:\/\/dev.refrigerantboys.com\/fr\/acheter\/fluides-frigorigenes\/r134a\/bombola-con-10-kg-di-gas-r513a-valvola-1-4-sae\/"]}]},{"@type":"BreadcrumbList","@id":"https:\/\/dev.refrigerantboys.com\/fr\/acheter\/fluides-frigorigenes\/r134a\/bombola-con-10-kg-di-gas-r513a-valvola-1-4-sae\/#breadcrumb","itemListElement":[{"@type":"ListItem","position":1,"name":"Home","item":"https:\/\/dev.refrigerantboys.com\/fr\/"},{"@type":"ListItem","position":2,"name":"Boutique","item":"https:\/\/dev.refrigerantboys.com\/fr\/boutique\/"},{"@type":"ListItem","position":3,"name":"Bouteille avec \u00e0 gaz R513A de 10 kg vanne1\/4 SAE"}]},{"@type":"WebSite","@id":"https:\/\/dev.refrigerantboys.com\/fr\/#website","url":"https:\/\/dev.refrigerantboys.com\/fr\/","name":"Refrigerant Boys","description":"Vendita gas refrigeranti","potentialAction":[{"@type":"SearchAction","target":{"@type":"EntryPoint","urlTemplate":"https:\/\/dev.refrigerantboys.com\/fr\/?s={search_term_string}"},"query-input":"required name=search_term_string"}],"inLanguage":"fr-FR"}]}},"_links":{"self":[{"href":"https:\/\/dev.refrigerantboys.com\/fr\/wp-json\/wp\/v2\/product\/76503"}],"collection":[{"href":"https:\/\/dev.refrigerantboys.com\/fr\/wp-json\/wp\/v2\/product"}],"about":[{"href":"https:\/\/dev.refrigerantboys.com\/fr\/wp-json\/wp\/v2\/types\/product"}],"wp:featuredmedia":[{"embeddable":true,"href":"https:\/\/dev.refrigerantboys.com\/fr\/wp-json\/wp\/v2\/media\/76532"}],"wp:attachment":[{"href":"https:\/\/dev.refrigerantboys.com\/fr\/wp-json\/wp\/v2\/media?parent=76503"}],"wp:term":[{"taxonomy":"product_cat","embeddable":true,"href":"https:\/\/dev.refrigerantboys.com\/fr\/wp-json\/wp\/v2\/product_cat?post=76503"},{"taxonomy":"product_tag","embeddable":true,"href":"https:\/\/dev.refrigerantboys.com\/fr\/wp-json\/wp\/v2\/product_tag?post=76503"}],"curies":[{"name":"wp","href":"https:\/\/api.w.org\/{rel}","templated":true}]}}