{"id":70561,"date":"2023-06-26T15:46:07","date_gmt":"2023-06-26T13:46:08","guid":{"rendered":"https:\/\/dev.refrigerantboys.com\/?post_type=product&#038;p=70561"},"modified":"2023-06-27T11:39:34","modified_gmt":"2023-06-27T09:39:34","slug":"orifice-expansion-valve-attachment-01","status":"publish","type":"product","link":"https:\/\/dev.refrigerantboys.com\/fr\/acheter\/composants-de-refrigeration\/orifice-expansion-valve-attachment-01\/","title":{"rendered":"ORIFICE DU D\u00c9TENDEUR RACCORDEMENT DE LA BRIDE 01"},"content":{"rendered":"<p>Orifice pour d\u00e9tendeur avec puissance jusqu&#8217;\u00e0 9 kW Danfoss TS\/TX\/TN<\/p>\n","protected":false},"excerpt":{"rendered":"<p><strong style=\"color: #3366ff;\">DIAM\u00c8TRE DE L&#8217;ORIFICE 01<\/strong><\/p>\n<div class=\"description woocommerce-product-details__short-description\">\n<div class=\"description woocommerce-product-details__short-description\">\n<div class=\"wpb_custom_0\">\n<div class=\"product_meta\"><\/div>\n<\/div>\n<\/div>\n<div class=\"wpb_custom_0\">\n<div class=\"product_meta\"><\/div>\n<\/div>\n<\/div>\n<div class=\"wpb_custom_0\">\n<div class=\"product_meta\"><\/div>\n<\/div>\n","protected":false},"featured_media":70682,"template":"","meta":[],"product_cat":[316,335],"product_tag":[],"acf":{"ai_note":""},"yoast_head":"<!-- This site is optimized with the Yoast SEO plugin v20.2 - https:\/\/yoast.com\/wordpress\/plugins\/seo\/ -->\n<title>ORIFICE DU D\u00c9TENDEUR RACCORDEMENT DE LA BRIDE 01 | Refrigerant Boys<\/title>\n<meta name=\"description\" content=\"DIAM\u00c8TRE DE L&#039;ORIFICE 01\" \/>\n<meta name=\"robots\" content=\"index, follow, max-snippet:-1, max-image-preview:large, max-video-preview:-1\" \/>\n<link rel=\"canonical\" href=\"https:\/\/dev.refrigerantboys.com\/fr\/acheter\/composants-de-refrigeration\/orifice-expansion-valve-attachment-01\/\" \/>\n<meta property=\"og:locale\" content=\"fr_FR\" \/>\n<meta property=\"og:type\" content=\"article\" \/>\n<meta property=\"og:title\" content=\"ORIFICE DU D\u00c9TENDEUR RACCORDEMENT DE LA BRIDE 01 | Refrigerant Boys\" \/>\n<meta property=\"og:description\" content=\"DIAM\u00c8TRE DE L&#039;ORIFICE 01\" \/>\n<meta property=\"og:url\" content=\"https:\/\/dev.refrigerantboys.com\/fr\/acheter\/composants-de-refrigeration\/orifice-expansion-valve-attachment-01\/\" \/>\n<meta property=\"og:site_name\" content=\"Refrigerant Boys\" \/>\n<meta property=\"article:modified_time\" content=\"2023-06-27T09:39:34+00:00\" \/>\n<meta property=\"og:image\" content=\"https:\/\/dev.refrigerantboys.com\/wp-content\/uploads\/2023\/06\/orificio.png\" \/>\n\t<meta property=\"og:image:width\" content=\"578\" \/>\n\t<meta property=\"og:image:height\" content=\"283\" \/>\n\t<meta property=\"og:image:type\" content=\"image\/png\" \/>\n<meta name=\"twitter:card\" content=\"summary_large_image\" \/>\n<meta name=\"twitter:label1\" content=\"Dur\u00e9e de lecture estim\u00e9e\" \/>\n\t<meta name=\"twitter:data1\" content=\"1 minute\" \/>\n<script type=\"application\/ld+json\" class=\"yoast-schema-graph\">{\"@context\":\"https:\/\/schema.org\",\"@graph\":[{\"@type\":\"WebPage\",\"@id\":\"https:\/\/dev.refrigerantboys.com\/fr\/acheter\/composants-de-refrigeration\/orifice-expansion-valve-attachment-01\/\",\"url\":\"https:\/\/dev.refrigerantboys.com\/fr\/acheter\/composants-de-refrigeration\/orifice-expansion-valve-attachment-01\/\",\"name\":\"ORIFICE DU D\u00c9TENDEUR RACCORDEMENT DE LA BRIDE 01 | Refrigerant Boys\",\"isPartOf\":{\"@id\":\"https:\/\/dev.refrigerantboys.com\/fr\/#website\"},\"datePublished\":\"2023-06-26T13:46:08+00:00\",\"dateModified\":\"2023-06-27T09:39:34+00:00\",\"description\":\"DIAM\u00c8TRE DE L'ORIFICE 01\",\"breadcrumb\":{\"@id\":\"https:\/\/dev.refrigerantboys.com\/fr\/acheter\/composants-de-refrigeration\/orifice-expansion-valve-attachment-01\/#breadcrumb\"},\"inLanguage\":\"fr-FR\",\"potentialAction\":[{\"@type\":\"ReadAction\",\"target\":[\"https:\/\/dev.refrigerantboys.com\/fr\/acheter\/composants-de-refrigeration\/orifice-expansion-valve-attachment-01\/\"]}]},{\"@type\":\"BreadcrumbList\",\"@id\":\"https:\/\/dev.refrigerantboys.com\/fr\/acheter\/composants-de-refrigeration\/orifice-expansion-valve-attachment-01\/#breadcrumb\",\"itemListElement\":[{\"@type\":\"ListItem\",\"position\":1,\"name\":\"Home\",\"item\":\"https:\/\/dev.refrigerantboys.com\/fr\/\"},{\"@type\":\"ListItem\",\"position\":2,\"name\":\"Boutique\",\"item\":\"https:\/\/dev.refrigerantboys.com\/fr\/boutique\/\"},{\"@type\":\"ListItem\",\"position\":3,\"name\":\"ORIFICE DU D\u00c9TENDEUR RACCORDEMENT DE LA BRIDE 01\"}]},{\"@type\":\"WebSite\",\"@id\":\"https:\/\/dev.refrigerantboys.com\/fr\/#website\",\"url\":\"https:\/\/dev.refrigerantboys.com\/fr\/\",\"name\":\"Refrigerant Boys\",\"description\":\"Vendita gas refrigeranti\",\"potentialAction\":[{\"@type\":\"SearchAction\",\"target\":{\"@type\":\"EntryPoint\",\"urlTemplate\":\"https:\/\/dev.refrigerantboys.com\/fr\/?s={search_term_string}\"},\"query-input\":\"required name=search_term_string\"}],\"inLanguage\":\"fr-FR\"}]}<\/script>\n<!-- \/ Yoast SEO plugin. -->","yoast_head_json":{"title":"ORIFICE DU D\u00c9TENDEUR RACCORDEMENT DE LA BRIDE 01 | Refrigerant Boys","description":"DIAM\u00c8TRE DE L'ORIFICE 01","robots":{"index":"index","follow":"follow","max-snippet":"max-snippet:-1","max-image-preview":"max-image-preview:large","max-video-preview":"max-video-preview:-1"},"canonical":"https:\/\/dev.refrigerantboys.com\/fr\/acheter\/composants-de-refrigeration\/orifice-expansion-valve-attachment-01\/","og_locale":"fr_FR","og_type":"article","og_title":"ORIFICE DU D\u00c9TENDEUR RACCORDEMENT DE LA BRIDE 01 | Refrigerant Boys","og_description":"DIAM\u00c8TRE DE L'ORIFICE 01","og_url":"https:\/\/dev.refrigerantboys.com\/fr\/acheter\/composants-de-refrigeration\/orifice-expansion-valve-attachment-01\/","og_site_name":"Refrigerant Boys","article_modified_time":"2023-06-27T09:39:34+00:00","og_image":[{"width":578,"height":283,"url":"https:\/\/dev.refrigerantboys.com\/wp-content\/uploads\/2023\/06\/orificio.png","type":"image\/png"}],"twitter_card":"summary_large_image","twitter_misc":{"Dur\u00e9e de lecture estim\u00e9e":"1 minute"},"schema":{"@context":"https:\/\/schema.org","@graph":[{"@type":"WebPage","@id":"https:\/\/dev.refrigerantboys.com\/fr\/acheter\/composants-de-refrigeration\/orifice-expansion-valve-attachment-01\/","url":"https:\/\/dev.refrigerantboys.com\/fr\/acheter\/composants-de-refrigeration\/orifice-expansion-valve-attachment-01\/","name":"ORIFICE DU D\u00c9TENDEUR RACCORDEMENT DE LA BRIDE 01 | Refrigerant Boys","isPartOf":{"@id":"https:\/\/dev.refrigerantboys.com\/fr\/#website"},"datePublished":"2023-06-26T13:46:08+00:00","dateModified":"2023-06-27T09:39:34+00:00","description":"DIAM\u00c8TRE DE L'ORIFICE 01","breadcrumb":{"@id":"https:\/\/dev.refrigerantboys.com\/fr\/acheter\/composants-de-refrigeration\/orifice-expansion-valve-attachment-01\/#breadcrumb"},"inLanguage":"fr-FR","potentialAction":[{"@type":"ReadAction","target":["https:\/\/dev.refrigerantboys.com\/fr\/acheter\/composants-de-refrigeration\/orifice-expansion-valve-attachment-01\/"]}]},{"@type":"BreadcrumbList","@id":"https:\/\/dev.refrigerantboys.com\/fr\/acheter\/composants-de-refrigeration\/orifice-expansion-valve-attachment-01\/#breadcrumb","itemListElement":[{"@type":"ListItem","position":1,"name":"Home","item":"https:\/\/dev.refrigerantboys.com\/fr\/"},{"@type":"ListItem","position":2,"name":"Boutique","item":"https:\/\/dev.refrigerantboys.com\/fr\/boutique\/"},{"@type":"ListItem","position":3,"name":"ORIFICE DU D\u00c9TENDEUR RACCORDEMENT DE LA BRIDE 01"}]},{"@type":"WebSite","@id":"https:\/\/dev.refrigerantboys.com\/fr\/#website","url":"https:\/\/dev.refrigerantboys.com\/fr\/","name":"Refrigerant Boys","description":"Vendita gas refrigeranti","potentialAction":[{"@type":"SearchAction","target":{"@type":"EntryPoint","urlTemplate":"https:\/\/dev.refrigerantboys.com\/fr\/?s={search_term_string}"},"query-input":"required name=search_term_string"}],"inLanguage":"fr-FR"}]}},"_links":{"self":[{"href":"https:\/\/dev.refrigerantboys.com\/fr\/wp-json\/wp\/v2\/product\/70561"}],"collection":[{"href":"https:\/\/dev.refrigerantboys.com\/fr\/wp-json\/wp\/v2\/product"}],"about":[{"href":"https:\/\/dev.refrigerantboys.com\/fr\/wp-json\/wp\/v2\/types\/product"}],"wp:featuredmedia":[{"embeddable":true,"href":"https:\/\/dev.refrigerantboys.com\/fr\/wp-json\/wp\/v2\/media\/70682"}],"wp:attachment":[{"href":"https:\/\/dev.refrigerantboys.com\/fr\/wp-json\/wp\/v2\/media?parent=70561"}],"wp:term":[{"taxonomy":"product_cat","embeddable":true,"href":"https:\/\/dev.refrigerantboys.com\/fr\/wp-json\/wp\/v2\/product_cat?post=70561"},{"taxonomy":"product_tag","embeddable":true,"href":"https:\/\/dev.refrigerantboys.com\/fr\/wp-json\/wp\/v2\/product_tag?post=70561"}],"curies":[{"name":"wp","href":"https:\/\/api.w.org\/{rel}","templated":true}]}}