{"id":70101,"date":"2023-06-19T16:15:54","date_gmt":"2023-06-19T14:15:55","guid":{"rendered":"https:\/\/dev.refrigerantboys.com\/?post_type=product&#038;p=70101"},"modified":"2023-06-30T14:29:18","modified_gmt":"2023-06-30T12:29:18","slug":"soupape-dexpansion-thermostatique-serie-t2-r448a-r449a","status":"publish","type":"product","link":"https:\/\/dev.refrigerantboys.com\/fr\/acheter\/composants-de-refrigeration\/soupape-dexpansion-thermostatique-serie-t2-r448a-r449a\/","title":{"rendered":"D\u00e9tendeur thermostatique s\u00e9rie T2 R448A-R449A"},"content":{"rendered":"<p>R\u00e9gule le d\u00e9bit du liquide de refroidissement \u00e0 l&#8217;int\u00e9rieur<br \/>\ndes \u00e9vaporateurs ; l&#8217;injection de liquide est contr\u00f4l\u00e9e par le<br \/>\nsurchauffe du liquide de refroidissement.<br \/>\nLa nouvelle s\u00e9rie &#8220;T2&#8221; a \u00e9t\u00e9 con\u00e7ue<br \/>\npour fonctionner avec l&#8217;ensemble d&#8217;orifices interchangeables, pour<br \/>\nassurer la flexibilit\u00e9 dans le choix du potentiel, et<br \/>\npeut \u00eatre utilis\u00e9 dans une large gamme d&#8217;applications,<br \/>\ncomme indiqu\u00e9 ci-dessous :<br \/>\n&#8211; Syst\u00e8mes de r\u00e9frig\u00e9ration (pr\u00e9sentoirs de supermarch\u00e9s),<br \/>\ncomptoirs r\u00e9frig\u00e9r\u00e9s, machines \u00e0 glaces et fabricants de<br \/>\nglace, transport frigorifique, etc.)<br \/>\n&#8211; Syst\u00e8mes de climatisation<br \/>\n&#8211; Syst\u00e8mes de pompes \u00e0 chaleur<br \/>\n&#8211; Refroidisseur<br \/>\n<span style=\"color: #ff0000;\"><strong>Il est utilis\u00e9 dans les r\u00e9frig\u00e9rants : R448A-R449A<\/strong><\/span><\/p>\n<p><strong>Temp\u00e9rature au niveau du capteur [\u00b0C] : -40<\/strong><\/p>\n<p><strong>Egalisation interne<\/strong><\/p>\n<p><strong>Longueur du tube capillaire mm 1500 mm<\/strong><\/p>\n","protected":false},"excerpt":{"rendered":"<p>R\u00e9gule le d\u00e9bit du liquide de refroidissement \u00e0 l&#8217;int\u00e9rieur des \u00e9vaporateurs ; l&#8217;injection de liquide est contr\u00f4l\u00e9e par le surchauffe du liquide de refroidissement. La nouvelle s\u00e9rie &#8220;T2&#8221; a \u00e9t\u00e9 con\u00e7ue pour fonctionner avec l&#8217;ensemble d&#8217;orifices interchangeables, pour assurer la flexibilit\u00e9 dans le choix du potentiel, et peut \u00eatre utilis\u00e9 dans une large gamme d&#8217;applications, [&hellip;]<\/p>\n","protected":false},"featured_media":70093,"template":"","meta":[],"product_cat":[316,347],"product_tag":[],"acf":{"ai_note":""},"yoast_head":"<!-- This site is optimized with the Yoast SEO plugin v20.2 - https:\/\/yoast.com\/wordpress\/plugins\/seo\/ -->\n<title>D\u00e9tendeur thermostatique s\u00e9rie T2 R448A-R449A | Refrigerant Boys<\/title>\n<meta name=\"description\" content=\"R\u00e9gule le d\u00e9bit du liquide de refroidissement \u00e0 l&#039;int\u00e9rieur des \u00e9vaporateurs ; l&#039;injection de liquide est contr\u00f4l\u00e9e par le surchauffe du liquide de\" \/>\n<meta name=\"robots\" content=\"index, follow, max-snippet:-1, max-image-preview:large, max-video-preview:-1\" \/>\n<link rel=\"canonical\" href=\"https:\/\/dev.refrigerantboys.com\/fr\/acheter\/composants-de-refrigeration\/soupape-dexpansion-thermostatique-serie-t2-r448a-r449a\/\" \/>\n<meta property=\"og:locale\" content=\"fr_FR\" \/>\n<meta property=\"og:type\" content=\"article\" \/>\n<meta property=\"og:title\" content=\"D\u00e9tendeur thermostatique s\u00e9rie T2 R448A-R449A | Refrigerant Boys\" \/>\n<meta property=\"og:description\" content=\"R\u00e9gule le d\u00e9bit du liquide de refroidissement \u00e0 l&#039;int\u00e9rieur des \u00e9vaporateurs ; l&#039;injection de liquide est contr\u00f4l\u00e9e par le surchauffe du liquide de\" \/>\n<meta property=\"og:url\" content=\"https:\/\/dev.refrigerantboys.com\/fr\/acheter\/composants-de-refrigeration\/soupape-dexpansion-thermostatique-serie-t2-r448a-r449a\/\" \/>\n<meta property=\"og:site_name\" content=\"Refrigerant Boys\" \/>\n<meta property=\"article:modified_time\" content=\"2023-06-30T12:29:18+00:00\" \/>\n<meta property=\"og:image\" content=\"https:\/\/dev.refrigerantboys.com\/wp-content\/uploads\/2023\/06\/valvola-TN.png\" \/>\n\t<meta property=\"og:image:width\" content=\"426\" \/>\n\t<meta property=\"og:image:height\" content=\"500\" \/>\n\t<meta property=\"og:image:type\" content=\"image\/png\" \/>\n<meta name=\"twitter:card\" content=\"summary_large_image\" \/>\n<meta name=\"twitter:label1\" content=\"Dur\u00e9e de lecture estim\u00e9e\" \/>\n\t<meta name=\"twitter:data1\" content=\"1 minute\" \/>\n<script type=\"application\/ld+json\" class=\"yoast-schema-graph\">{\"@context\":\"https:\/\/schema.org\",\"@graph\":[{\"@type\":\"WebPage\",\"@id\":\"https:\/\/dev.refrigerantboys.com\/fr\/acheter\/composants-de-refrigeration\/soupape-dexpansion-thermostatique-serie-t2-r448a-r449a\/\",\"url\":\"https:\/\/dev.refrigerantboys.com\/fr\/acheter\/composants-de-refrigeration\/soupape-dexpansion-thermostatique-serie-t2-r448a-r449a\/\",\"name\":\"D\u00e9tendeur thermostatique s\u00e9rie T2 R448A-R449A | Refrigerant Boys\",\"isPartOf\":{\"@id\":\"https:\/\/dev.refrigerantboys.com\/fr\/#website\"},\"datePublished\":\"2023-06-19T14:15:55+00:00\",\"dateModified\":\"2023-06-30T12:29:18+00:00\",\"description\":\"R\u00e9gule le d\u00e9bit du liquide de refroidissement \u00e0 l'int\u00e9rieur des \u00e9vaporateurs ; l'injection de liquide est contr\u00f4l\u00e9e par le surchauffe du liquide de\",\"breadcrumb\":{\"@id\":\"https:\/\/dev.refrigerantboys.com\/fr\/acheter\/composants-de-refrigeration\/soupape-dexpansion-thermostatique-serie-t2-r448a-r449a\/#breadcrumb\"},\"inLanguage\":\"fr-FR\",\"potentialAction\":[{\"@type\":\"ReadAction\",\"target\":[\"https:\/\/dev.refrigerantboys.com\/fr\/acheter\/composants-de-refrigeration\/soupape-dexpansion-thermostatique-serie-t2-r448a-r449a\/\"]}]},{\"@type\":\"BreadcrumbList\",\"@id\":\"https:\/\/dev.refrigerantboys.com\/fr\/acheter\/composants-de-refrigeration\/soupape-dexpansion-thermostatique-serie-t2-r448a-r449a\/#breadcrumb\",\"itemListElement\":[{\"@type\":\"ListItem\",\"position\":1,\"name\":\"Home\",\"item\":\"https:\/\/dev.refrigerantboys.com\/fr\/\"},{\"@type\":\"ListItem\",\"position\":2,\"name\":\"Boutique\",\"item\":\"https:\/\/dev.refrigerantboys.com\/fr\/boutique\/\"},{\"@type\":\"ListItem\",\"position\":3,\"name\":\"D\u00e9tendeur thermostatique s\u00e9rie T2 R448A-R449A\"}]},{\"@type\":\"WebSite\",\"@id\":\"https:\/\/dev.refrigerantboys.com\/fr\/#website\",\"url\":\"https:\/\/dev.refrigerantboys.com\/fr\/\",\"name\":\"Refrigerant Boys\",\"description\":\"Vendita gas refrigeranti\",\"potentialAction\":[{\"@type\":\"SearchAction\",\"target\":{\"@type\":\"EntryPoint\",\"urlTemplate\":\"https:\/\/dev.refrigerantboys.com\/fr\/?s={search_term_string}\"},\"query-input\":\"required name=search_term_string\"}],\"inLanguage\":\"fr-FR\"}]}<\/script>\n<!-- \/ Yoast SEO plugin. -->","yoast_head_json":{"title":"D\u00e9tendeur thermostatique s\u00e9rie T2 R448A-R449A | Refrigerant Boys","description":"R\u00e9gule le d\u00e9bit du liquide de refroidissement \u00e0 l'int\u00e9rieur des \u00e9vaporateurs ; l'injection de liquide est contr\u00f4l\u00e9e par le surchauffe du liquide de","robots":{"index":"index","follow":"follow","max-snippet":"max-snippet:-1","max-image-preview":"max-image-preview:large","max-video-preview":"max-video-preview:-1"},"canonical":"https:\/\/dev.refrigerantboys.com\/fr\/acheter\/composants-de-refrigeration\/soupape-dexpansion-thermostatique-serie-t2-r448a-r449a\/","og_locale":"fr_FR","og_type":"article","og_title":"D\u00e9tendeur thermostatique s\u00e9rie T2 R448A-R449A | Refrigerant Boys","og_description":"R\u00e9gule le d\u00e9bit du liquide de refroidissement \u00e0 l'int\u00e9rieur des \u00e9vaporateurs ; l'injection de liquide est contr\u00f4l\u00e9e par le surchauffe du liquide de","og_url":"https:\/\/dev.refrigerantboys.com\/fr\/acheter\/composants-de-refrigeration\/soupape-dexpansion-thermostatique-serie-t2-r448a-r449a\/","og_site_name":"Refrigerant Boys","article_modified_time":"2023-06-30T12:29:18+00:00","og_image":[{"width":426,"height":500,"url":"https:\/\/dev.refrigerantboys.com\/wp-content\/uploads\/2023\/06\/valvola-TN.png","type":"image\/png"}],"twitter_card":"summary_large_image","twitter_misc":{"Dur\u00e9e de lecture estim\u00e9e":"1 minute"},"schema":{"@context":"https:\/\/schema.org","@graph":[{"@type":"WebPage","@id":"https:\/\/dev.refrigerantboys.com\/fr\/acheter\/composants-de-refrigeration\/soupape-dexpansion-thermostatique-serie-t2-r448a-r449a\/","url":"https:\/\/dev.refrigerantboys.com\/fr\/acheter\/composants-de-refrigeration\/soupape-dexpansion-thermostatique-serie-t2-r448a-r449a\/","name":"D\u00e9tendeur thermostatique s\u00e9rie T2 R448A-R449A | Refrigerant Boys","isPartOf":{"@id":"https:\/\/dev.refrigerantboys.com\/fr\/#website"},"datePublished":"2023-06-19T14:15:55+00:00","dateModified":"2023-06-30T12:29:18+00:00","description":"R\u00e9gule le d\u00e9bit du liquide de refroidissement \u00e0 l'int\u00e9rieur des \u00e9vaporateurs ; l'injection de liquide est contr\u00f4l\u00e9e par le surchauffe du liquide de","breadcrumb":{"@id":"https:\/\/dev.refrigerantboys.com\/fr\/acheter\/composants-de-refrigeration\/soupape-dexpansion-thermostatique-serie-t2-r448a-r449a\/#breadcrumb"},"inLanguage":"fr-FR","potentialAction":[{"@type":"ReadAction","target":["https:\/\/dev.refrigerantboys.com\/fr\/acheter\/composants-de-refrigeration\/soupape-dexpansion-thermostatique-serie-t2-r448a-r449a\/"]}]},{"@type":"BreadcrumbList","@id":"https:\/\/dev.refrigerantboys.com\/fr\/acheter\/composants-de-refrigeration\/soupape-dexpansion-thermostatique-serie-t2-r448a-r449a\/#breadcrumb","itemListElement":[{"@type":"ListItem","position":1,"name":"Home","item":"https:\/\/dev.refrigerantboys.com\/fr\/"},{"@type":"ListItem","position":2,"name":"Boutique","item":"https:\/\/dev.refrigerantboys.com\/fr\/boutique\/"},{"@type":"ListItem","position":3,"name":"D\u00e9tendeur thermostatique s\u00e9rie T2 R448A-R449A"}]},{"@type":"WebSite","@id":"https:\/\/dev.refrigerantboys.com\/fr\/#website","url":"https:\/\/dev.refrigerantboys.com\/fr\/","name":"Refrigerant Boys","description":"Vendita gas refrigeranti","potentialAction":[{"@type":"SearchAction","target":{"@type":"EntryPoint","urlTemplate":"https:\/\/dev.refrigerantboys.com\/fr\/?s={search_term_string}"},"query-input":"required name=search_term_string"}],"inLanguage":"fr-FR"}]}},"_links":{"self":[{"href":"https:\/\/dev.refrigerantboys.com\/fr\/wp-json\/wp\/v2\/product\/70101"}],"collection":[{"href":"https:\/\/dev.refrigerantboys.com\/fr\/wp-json\/wp\/v2\/product"}],"about":[{"href":"https:\/\/dev.refrigerantboys.com\/fr\/wp-json\/wp\/v2\/types\/product"}],"wp:featuredmedia":[{"embeddable":true,"href":"https:\/\/dev.refrigerantboys.com\/fr\/wp-json\/wp\/v2\/media\/70093"}],"wp:attachment":[{"href":"https:\/\/dev.refrigerantboys.com\/fr\/wp-json\/wp\/v2\/media?parent=70101"}],"wp:term":[{"taxonomy":"product_cat","embeddable":true,"href":"https:\/\/dev.refrigerantboys.com\/fr\/wp-json\/wp\/v2\/product_cat?post=70101"},{"taxonomy":"product_tag","embeddable":true,"href":"https:\/\/dev.refrigerantboys.com\/fr\/wp-json\/wp\/v2\/product_tag?post=70101"}],"curies":[{"name":"wp","href":"https:\/\/api.w.org\/{rel}","templated":true}]}}