{"id":69395,"date":"2023-06-16T15:13:58","date_gmt":"2023-06-27T12:38:41","guid":{"rendered":"https:\/\/dev.refrigerantboys.com\/?post_type=product&#038;p=69395"},"modified":"2023-06-27T14:38:42","modified_gmt":"2023-06-27T12:38:42","slug":"ventilatore-assiale-ventola-o-300-mm-230-volt-4-poli-1400-giri-aspirante","status":"publish","type":"product","link":"https:\/\/dev.refrigerantboys.com\/fr\/acheter\/composants-de-refrigeration\/ventilatore-assiale-ventola-o-300-mm-230-volt-4-poli-1400-giri-aspirante\/","title":{"rendered":"Ventilateur axial \u00f8 300 mm 230 Volt 4 p\u00f4les 1400 rpm aspiration"},"content":{"rendered":"<p>Caract\u00e9ristiques :<\/p>\n<p>&#8211; ASPIRANT Ventilateur axial <span style=\"color: #ff0000;\"><strong>\u00d8 300 mm &#8211; 230v<\/strong><br \/>\n<\/span><\/p>\n<p>&#8211; 1400 RPM &#8211; tours par minute<\/p>\n<p>&#8211; 4 p\u00f4les<\/p>\n<p>&#8211; volume d&#8217;air 1450 m3\/h<\/p>\n<p>&#8211; bruit 58 dBA<\/p>\n","protected":false},"excerpt":{"rendered":"<p>Ventilateur axial \u00e0 4 p\u00f4les. Ventilateur <span style=\"color: #ff0000;\"><strong>300 mm <\/strong><\/span>. Monophas\u00e9 230 Volts.<br \/>\nMoteurs \u00e0 rotor ext\u00e9rieur IP 54 avec isolation et protection thermique de classe B.<br \/>\nConformit\u00e9 aux normes EN 60335-1 \/ EN 60034-5 \/ 73-23 CEE<br \/>\nId\u00e9al pour : r\u00e9frig\u00e9ration, ventilation, extraction, \u00e9vaporateurs<br \/>\nArbres mont\u00e9s sur des roulements \u00e0 billes \u00e9tanches adapt\u00e9s au fonctionnement horizontal et vertical<br \/>\nGrilles de protection en fil d&#8217;acier conformes \u00e0 la norme EN294<\/p>\n","protected":false},"featured_media":69018,"template":"","meta":[],"product_cat":[316,351],"product_tag":[],"acf":{"ai_note":""},"yoast_head":"<!-- This site is optimized with the Yoast SEO plugin v20.2 - https:\/\/yoast.com\/wordpress\/plugins\/seo\/ -->\n<title>Ventilateur axial \u00f8 300 mm 230 Volt 4 p\u00f4les 1400 rpm aspiration | Refrigerant Boys<\/title>\n<meta name=\"description\" content=\"Ventilateur axial \u00e0 4 p\u00f4les. Ventilateur 300 mm . Monophas\u00e9 230 Volts. Moteurs \u00e0 rotor ext\u00e9rieur IP 54 avec isolation et protection thermique de classe B. Conformit\u00e9 aux normes EN 60335-1 \/ EN 60034-5 \/ 73-23 CEE Id\u00e9al pour : r\u00e9frig\u00e9ration, ventilation, extraction, \u00e9vaporateurs Arbres mont\u00e9s sur des roulements \u00e0 billes \u00e9tanches adapt\u00e9s au fonctionnement horizontal et vertical Grilles de protection en fil d&#039;acier conformes \u00e0 la norme EN294\" \/>\n<meta name=\"robots\" content=\"index, follow, max-snippet:-1, max-image-preview:large, max-video-preview:-1\" \/>\n<link rel=\"canonical\" href=\"https:\/\/dev.refrigerantboys.com\/fr\/acheter\/composants-de-refrigeration\/ventilatore-assiale-ventola-o-300-mm-230-volt-4-poli-1400-giri-aspirante\/\" \/>\n<meta property=\"og:locale\" content=\"fr_FR\" \/>\n<meta property=\"og:type\" content=\"article\" \/>\n<meta property=\"og:title\" content=\"Ventilateur axial \u00f8 300 mm 230 Volt 4 p\u00f4les 1400 rpm aspiration | Refrigerant Boys\" \/>\n<meta property=\"og:description\" content=\"Ventilateur axial \u00e0 4 p\u00f4les. Ventilateur 300 mm . Monophas\u00e9 230 Volts. Moteurs \u00e0 rotor ext\u00e9rieur IP 54 avec isolation et protection thermique de classe B. Conformit\u00e9 aux normes EN 60335-1 \/ EN 60034-5 \/ 73-23 CEE Id\u00e9al pour : r\u00e9frig\u00e9ration, ventilation, extraction, \u00e9vaporateurs Arbres mont\u00e9s sur des roulements \u00e0 billes \u00e9tanches adapt\u00e9s au fonctionnement horizontal et vertical Grilles de protection en fil d&#039;acier conformes \u00e0 la norme EN294\" \/>\n<meta property=\"og:url\" content=\"https:\/\/dev.refrigerantboys.com\/fr\/acheter\/composants-de-refrigeration\/ventilatore-assiale-ventola-o-300-mm-230-volt-4-poli-1400-giri-aspirante\/\" \/>\n<meta property=\"og:site_name\" content=\"Refrigerant Boys\" \/>\n<meta property=\"article:modified_time\" content=\"2023-06-27T12:38:42+00:00\" \/>\n<meta property=\"og:image\" content=\"https:\/\/dev.refrigerantboys.com\/wp-content\/uploads\/2023\/05\/Ventilatore-assiale-ventola-o-300.png\" \/>\n\t<meta property=\"og:image:width\" content=\"378\" \/>\n\t<meta property=\"og:image:height\" content=\"362\" \/>\n\t<meta property=\"og:image:type\" content=\"image\/png\" \/>\n<meta name=\"twitter:card\" content=\"summary_large_image\" \/>\n<meta name=\"twitter:label1\" content=\"Dur\u00e9e de lecture estim\u00e9e\" \/>\n\t<meta name=\"twitter:data1\" content=\"1 minute\" \/>\n<script type=\"application\/ld+json\" class=\"yoast-schema-graph\">{\"@context\":\"https:\/\/schema.org\",\"@graph\":[{\"@type\":\"WebPage\",\"@id\":\"https:\/\/dev.refrigerantboys.com\/fr\/acheter\/composants-de-refrigeration\/ventilatore-assiale-ventola-o-300-mm-230-volt-4-poli-1400-giri-aspirante\/\",\"url\":\"https:\/\/dev.refrigerantboys.com\/fr\/acheter\/composants-de-refrigeration\/ventilatore-assiale-ventola-o-300-mm-230-volt-4-poli-1400-giri-aspirante\/\",\"name\":\"Ventilateur axial \u00f8 300 mm 230 Volt 4 p\u00f4les 1400 rpm aspiration | Refrigerant Boys\",\"isPartOf\":{\"@id\":\"https:\/\/dev.refrigerantboys.com\/fr\/#website\"},\"datePublished\":\"2023-06-27T12:38:41+00:00\",\"dateModified\":\"2023-06-27T12:38:42+00:00\",\"description\":\"Ventilateur axial \u00e0 4 p\u00f4les. Ventilateur 300 mm . Monophas\u00e9 230 Volts. Moteurs \u00e0 rotor ext\u00e9rieur IP 54 avec isolation et protection thermique de classe B. Conformit\u00e9 aux normes EN 60335-1 \/ EN 60034-5 \/ 73-23 CEE Id\u00e9al pour : r\u00e9frig\u00e9ration, ventilation, extraction, \u00e9vaporateurs Arbres mont\u00e9s sur des roulements \u00e0 billes \u00e9tanches adapt\u00e9s au fonctionnement horizontal et vertical Grilles de protection en fil d'acier conformes \u00e0 la norme EN294\",\"breadcrumb\":{\"@id\":\"https:\/\/dev.refrigerantboys.com\/fr\/acheter\/composants-de-refrigeration\/ventilatore-assiale-ventola-o-300-mm-230-volt-4-poli-1400-giri-aspirante\/#breadcrumb\"},\"inLanguage\":\"fr-FR\",\"potentialAction\":[{\"@type\":\"ReadAction\",\"target\":[\"https:\/\/dev.refrigerantboys.com\/fr\/acheter\/composants-de-refrigeration\/ventilatore-assiale-ventola-o-300-mm-230-volt-4-poli-1400-giri-aspirante\/\"]}]},{\"@type\":\"BreadcrumbList\",\"@id\":\"https:\/\/dev.refrigerantboys.com\/fr\/acheter\/composants-de-refrigeration\/ventilatore-assiale-ventola-o-300-mm-230-volt-4-poli-1400-giri-aspirante\/#breadcrumb\",\"itemListElement\":[{\"@type\":\"ListItem\",\"position\":1,\"name\":\"Home\",\"item\":\"https:\/\/dev.refrigerantboys.com\/fr\/\"},{\"@type\":\"ListItem\",\"position\":2,\"name\":\"Boutique\",\"item\":\"https:\/\/dev.refrigerantboys.com\/fr\/boutique\/\"},{\"@type\":\"ListItem\",\"position\":3,\"name\":\"Ventilateur axial \u00f8 300 mm 230 Volt 4 p\u00f4les 1400 rpm aspiration\"}]},{\"@type\":\"WebSite\",\"@id\":\"https:\/\/dev.refrigerantboys.com\/fr\/#website\",\"url\":\"https:\/\/dev.refrigerantboys.com\/fr\/\",\"name\":\"Refrigerant Boys\",\"description\":\"Vendita gas refrigeranti\",\"potentialAction\":[{\"@type\":\"SearchAction\",\"target\":{\"@type\":\"EntryPoint\",\"urlTemplate\":\"https:\/\/dev.refrigerantboys.com\/fr\/?s={search_term_string}\"},\"query-input\":\"required name=search_term_string\"}],\"inLanguage\":\"fr-FR\"}]}<\/script>\n<!-- \/ Yoast SEO plugin. -->","yoast_head_json":{"title":"Ventilateur axial \u00f8 300 mm 230 Volt 4 p\u00f4les 1400 rpm aspiration | Refrigerant Boys","description":"Ventilateur axial \u00e0 4 p\u00f4les. Ventilateur 300 mm . Monophas\u00e9 230 Volts. Moteurs \u00e0 rotor ext\u00e9rieur IP 54 avec isolation et protection thermique de classe B. Conformit\u00e9 aux normes EN 60335-1 \/ EN 60034-5 \/ 73-23 CEE Id\u00e9al pour : r\u00e9frig\u00e9ration, ventilation, extraction, \u00e9vaporateurs Arbres mont\u00e9s sur des roulements \u00e0 billes \u00e9tanches adapt\u00e9s au fonctionnement horizontal et vertical Grilles de protection en fil d'acier conformes \u00e0 la norme EN294","robots":{"index":"index","follow":"follow","max-snippet":"max-snippet:-1","max-image-preview":"max-image-preview:large","max-video-preview":"max-video-preview:-1"},"canonical":"https:\/\/dev.refrigerantboys.com\/fr\/acheter\/composants-de-refrigeration\/ventilatore-assiale-ventola-o-300-mm-230-volt-4-poli-1400-giri-aspirante\/","og_locale":"fr_FR","og_type":"article","og_title":"Ventilateur axial \u00f8 300 mm 230 Volt 4 p\u00f4les 1400 rpm aspiration | Refrigerant Boys","og_description":"Ventilateur axial \u00e0 4 p\u00f4les. Ventilateur 300 mm . Monophas\u00e9 230 Volts. Moteurs \u00e0 rotor ext\u00e9rieur IP 54 avec isolation et protection thermique de classe B. Conformit\u00e9 aux normes EN 60335-1 \/ EN 60034-5 \/ 73-23 CEE Id\u00e9al pour : r\u00e9frig\u00e9ration, ventilation, extraction, \u00e9vaporateurs Arbres mont\u00e9s sur des roulements \u00e0 billes \u00e9tanches adapt\u00e9s au fonctionnement horizontal et vertical Grilles de protection en fil d'acier conformes \u00e0 la norme EN294","og_url":"https:\/\/dev.refrigerantboys.com\/fr\/acheter\/composants-de-refrigeration\/ventilatore-assiale-ventola-o-300-mm-230-volt-4-poli-1400-giri-aspirante\/","og_site_name":"Refrigerant Boys","article_modified_time":"2023-06-27T12:38:42+00:00","og_image":[{"width":378,"height":362,"url":"https:\/\/dev.refrigerantboys.com\/wp-content\/uploads\/2023\/05\/Ventilatore-assiale-ventola-o-300.png","type":"image\/png"}],"twitter_card":"summary_large_image","twitter_misc":{"Dur\u00e9e de lecture estim\u00e9e":"1 minute"},"schema":{"@context":"https:\/\/schema.org","@graph":[{"@type":"WebPage","@id":"https:\/\/dev.refrigerantboys.com\/fr\/acheter\/composants-de-refrigeration\/ventilatore-assiale-ventola-o-300-mm-230-volt-4-poli-1400-giri-aspirante\/","url":"https:\/\/dev.refrigerantboys.com\/fr\/acheter\/composants-de-refrigeration\/ventilatore-assiale-ventola-o-300-mm-230-volt-4-poli-1400-giri-aspirante\/","name":"Ventilateur axial \u00f8 300 mm 230 Volt 4 p\u00f4les 1400 rpm aspiration | Refrigerant Boys","isPartOf":{"@id":"https:\/\/dev.refrigerantboys.com\/fr\/#website"},"datePublished":"2023-06-27T12:38:41+00:00","dateModified":"2023-06-27T12:38:42+00:00","description":"Ventilateur axial \u00e0 4 p\u00f4les. Ventilateur 300 mm . Monophas\u00e9 230 Volts. Moteurs \u00e0 rotor ext\u00e9rieur IP 54 avec isolation et protection thermique de classe B. Conformit\u00e9 aux normes EN 60335-1 \/ EN 60034-5 \/ 73-23 CEE Id\u00e9al pour : r\u00e9frig\u00e9ration, ventilation, extraction, \u00e9vaporateurs Arbres mont\u00e9s sur des roulements \u00e0 billes \u00e9tanches adapt\u00e9s au fonctionnement horizontal et vertical Grilles de protection en fil d'acier conformes \u00e0 la norme EN294","breadcrumb":{"@id":"https:\/\/dev.refrigerantboys.com\/fr\/acheter\/composants-de-refrigeration\/ventilatore-assiale-ventola-o-300-mm-230-volt-4-poli-1400-giri-aspirante\/#breadcrumb"},"inLanguage":"fr-FR","potentialAction":[{"@type":"ReadAction","target":["https:\/\/dev.refrigerantboys.com\/fr\/acheter\/composants-de-refrigeration\/ventilatore-assiale-ventola-o-300-mm-230-volt-4-poli-1400-giri-aspirante\/"]}]},{"@type":"BreadcrumbList","@id":"https:\/\/dev.refrigerantboys.com\/fr\/acheter\/composants-de-refrigeration\/ventilatore-assiale-ventola-o-300-mm-230-volt-4-poli-1400-giri-aspirante\/#breadcrumb","itemListElement":[{"@type":"ListItem","position":1,"name":"Home","item":"https:\/\/dev.refrigerantboys.com\/fr\/"},{"@type":"ListItem","position":2,"name":"Boutique","item":"https:\/\/dev.refrigerantboys.com\/fr\/boutique\/"},{"@type":"ListItem","position":3,"name":"Ventilateur axial \u00f8 300 mm 230 Volt 4 p\u00f4les 1400 rpm aspiration"}]},{"@type":"WebSite","@id":"https:\/\/dev.refrigerantboys.com\/fr\/#website","url":"https:\/\/dev.refrigerantboys.com\/fr\/","name":"Refrigerant Boys","description":"Vendita gas refrigeranti","potentialAction":[{"@type":"SearchAction","target":{"@type":"EntryPoint","urlTemplate":"https:\/\/dev.refrigerantboys.com\/fr\/?s={search_term_string}"},"query-input":"required name=search_term_string"}],"inLanguage":"fr-FR"}]}},"_links":{"self":[{"href":"https:\/\/dev.refrigerantboys.com\/fr\/wp-json\/wp\/v2\/product\/69395"}],"collection":[{"href":"https:\/\/dev.refrigerantboys.com\/fr\/wp-json\/wp\/v2\/product"}],"about":[{"href":"https:\/\/dev.refrigerantboys.com\/fr\/wp-json\/wp\/v2\/types\/product"}],"wp:featuredmedia":[{"embeddable":true,"href":"https:\/\/dev.refrigerantboys.com\/fr\/wp-json\/wp\/v2\/media\/69018"}],"wp:attachment":[{"href":"https:\/\/dev.refrigerantboys.com\/fr\/wp-json\/wp\/v2\/media?parent=69395"}],"wp:term":[{"taxonomy":"product_cat","embeddable":true,"href":"https:\/\/dev.refrigerantboys.com\/fr\/wp-json\/wp\/v2\/product_cat?post=69395"},{"taxonomy":"product_tag","embeddable":true,"href":"https:\/\/dev.refrigerantboys.com\/fr\/wp-json\/wp\/v2\/product_tag?post=69395"}],"curies":[{"name":"wp","href":"https:\/\/api.w.org\/{rel}","templated":true}]}}