{"id":68325,"date":"2023-05-10T11:15:18","date_gmt":"2023-05-10T09:15:19","guid":{"rendered":"https:\/\/dev.refrigerantboys.com\/?post_type=product&#038;p=68325"},"modified":"2023-05-23T14:51:27","modified_gmt":"2023-05-23T12:51:27","slug":"gas-refrigerante-r456a-in-bombola-con-5-kg-valvola-1-4","status":"publish","type":"product","link":"https:\/\/dev.refrigerantboys.com\/fr\/acheter\/fluides-frigorigenes\/r134a\/gas-refrigerante-r456a-in-bombola-con-5-kg-valvola-1-4\/","title":{"rendered":"Gaz r\u00e9frig\u00e9rant R456A en bouteille de 5 kg 1\/4 valve"},"content":{"rendered":"<p><img decoding=\"async\" loading=\"lazy\" class=\"alignnone wp-image-68248\" src=\"https:\/\/dev.refrigerantboys.com\/wp-content\/uploads\/2023\/04\/FOTO-R456-800x344.png\" alt=\"\" width=\"693\" height=\"298\" srcset=\"https:\/\/dev.refrigerantboys.com\/wp-content\/uploads\/2023\/04\/FOTO-R456-640x275.png 640w, https:\/\/dev.refrigerantboys.com\/wp-content\/uploads\/2023\/04\/FOTO-R456-400x172.png 400w, https:\/\/dev.refrigerantboys.com\/wp-content\/uploads\/2023\/04\/FOTO-R456-600x258.png 600w\" sizes=\"(max-width: 693px) 100vw, 693px\" \/><\/p>\n<p><a href=\"https:\/\/dev.refrigerantboys.com\/wp-content\/uploads\/2023\/04\/KLEA-R-456A-SERVICE-EQUIP-CONVERSION-GUIDE.pdf\">LEA-R-456A-SERVICE-EQUIP-CONVERSION-GUIDE<\/a><\/p>\n<p><a href=\"https:\/\/dev.refrigerantboys.com\/wp-content\/uploads\/2023\/04\/KLEA-R-456A-VEHICLE-CONVERSION-GUIDE.pdf\">KLEA-R-456A-VEHICLE-CONVERSION-GUIDE<\/a><\/p>\n<p><a href=\"https:\/\/dev.refrigerantboys.com\/wp-content\/uploads\/2023\/04\/KLEA-R-456A-VEHICLE-SERVICE-GUIDE.pdf\">KLEA-R-456A-VEHICLE-SERVICE-GUIDE<\/a><\/p>\n<p><a href=\"https:\/\/dev.refrigerantboys.com\/wp-content\/uploads\/2023\/04\/Texa-Certification.pdf\">Texa CERTIFICATION<\/a><\/p>\n<p><a href=\"https:\/\/dev.refrigerantboys.com\/wp-content\/uploads\/2023\/04\/Klea-456A_ITALIAN_SDS-2.pdf\">Klea 456A_ITALIAN_SDS<\/a><\/p>\n","protected":false},"excerpt":{"rendered":"<p style=\"text-align: center;\"><span style=\"color: #ff0000;\"><strong>La solution alternative pour le secteur de la climatisation automobile<\/strong><\/span><\/p>\n<p><span style=\"color: #282828;\"><strong>Bouteille de r\u00e9frig\u00e9rant rechargeable R456A 5 kg T-PED \/ EN 13322-1 pour l&#8217;entretien \/ la recharge des voitures (Valve 1\/4&#8243; SAE) <\/strong><\/span><\/p>\n<p>R456A avec un *<span style=\"color: #339966;\"><strong>GWP 687<\/strong><\/span>* fait de ce nouveau gaz r\u00e9frig\u00e9rant une alternative importante au R134a *<span style=\"color: #ff0000;\"><strong>GWP 1 430<\/strong><\/span>* utilis\u00e9 dans le secteur <strong>automobile<\/strong><\/p>\n<ul>\n<li>Ne n\u00e9cessite pas de vidange d&#8217;huile ni d&#8217;autres modifications<\/li>\n<li>Il peut \u00eatre factur\u00e9 en plus de la charge existante pour le R134a.<\/li>\n<li>R\u00e9duction de plus de 50 % du PRP<\/li>\n<li>Ininflammable<\/li>\n<\/ul>\n<p><span style=\"color: #339966;\"><strong><span class=\"hps\">PRIX INCLUANT LE CYLINDRE QUI RESTERA VOTRE PROPRI\u00c9T\u00c9<\/span><\/strong><\/span><\/p>\n<h4 style=\"text-align: center;\"><\/h4>\n","protected":false},"featured_media":68722,"template":"","meta":[],"product_cat":[150,156,321],"product_tag":[],"acf":{"ai_note":""},"yoast_head":"<!-- This site is optimized with the Yoast SEO plugin v20.2 - https:\/\/yoast.com\/wordpress\/plugins\/seo\/ -->\n<title>Gaz r\u00e9frig\u00e9rant R456A en bouteille de 5 kg 1\/4 valve | Refrigerant Boys<\/title>\n<meta name=\"description\" content=\"La solution alternative pour le secteur de la climatisation automobile Bouteille de r\u00e9frig\u00e9rant rechargeable R456A 5 kg T-PED \/ EN 13322-1 pour l&#039;entretien \/ la recharge des voitures (Valve 1\/4&quot; SAE)   R456A avec un *GWP 687* fait de ce nouveau gaz r\u00e9frig\u00e9rant une alternative importante au R134a *GWP 1 430* utilis\u00e9 dans le secteur automobile   Ne n\u00e9cessite pas de vidange d&#039;huile ni d&#039;autres modifications  Il peut \u00eatre factur\u00e9 en plus de la charge existante pour le R134a.  R\u00e9duction de plus de 50 % du PRP  Ininflammable  PRIX INCLUANT LE CYLINDRE QUI RESTERA VOTRE PROPRI\u00c9T\u00c9\" \/>\n<meta name=\"robots\" content=\"index, follow, max-snippet:-1, max-image-preview:large, max-video-preview:-1\" \/>\n<link rel=\"canonical\" href=\"https:\/\/dev.refrigerantboys.com\/fr\/acheter\/fluides-frigorigenes\/r134a\/gas-refrigerante-r456a-in-bombola-con-5-kg-valvola-1-4\/\" \/>\n<meta property=\"og:locale\" content=\"fr_FR\" \/>\n<meta property=\"og:type\" content=\"article\" \/>\n<meta property=\"og:title\" content=\"Gaz r\u00e9frig\u00e9rant R456A en bouteille de 5 kg 1\/4 valve | Refrigerant Boys\" \/>\n<meta property=\"og:description\" content=\"La solution alternative pour le secteur de la climatisation automobile Bouteille de r\u00e9frig\u00e9rant rechargeable R456A 5 kg T-PED \/ EN 13322-1 pour l&#039;entretien \/ la recharge des voitures (Valve 1\/4&quot; SAE)   R456A avec un *GWP 687* fait de ce nouveau gaz r\u00e9frig\u00e9rant une alternative importante au R134a *GWP 1 430* utilis\u00e9 dans le secteur automobile   Ne n\u00e9cessite pas de vidange d&#039;huile ni d&#039;autres modifications  Il peut \u00eatre factur\u00e9 en plus de la charge existante pour le R134a.  R\u00e9duction de plus de 50 % du PRP  Ininflammable  PRIX INCLUANT LE CYLINDRE QUI RESTERA VOTRE PROPRI\u00c9T\u00c9\" \/>\n<meta property=\"og:url\" content=\"https:\/\/dev.refrigerantboys.com\/fr\/acheter\/fluides-frigorigenes\/r134a\/gas-refrigerante-r456a-in-bombola-con-5-kg-valvola-1-4\/\" \/>\n<meta property=\"og:site_name\" content=\"Refrigerant Boys\" \/>\n<meta property=\"article:modified_time\" content=\"2023-05-23T12:51:27+00:00\" \/>\n<meta property=\"og:image\" content=\"https:\/\/dev.refrigerantboys.com\/wp-content\/uploads\/2023\/05\/R456A-5kg-300x344-1.png\" \/>\n\t<meta property=\"og:image:width\" content=\"304\" \/>\n\t<meta property=\"og:image:height\" content=\"349\" \/>\n\t<meta property=\"og:image:type\" content=\"image\/png\" \/>\n<meta name=\"twitter:card\" content=\"summary_large_image\" \/>\n<meta name=\"twitter:label1\" content=\"Dur\u00e9e de lecture estim\u00e9e\" \/>\n\t<meta name=\"twitter:data1\" content=\"1 minute\" \/>\n<script type=\"application\/ld+json\" class=\"yoast-schema-graph\">{\"@context\":\"https:\/\/schema.org\",\"@graph\":[{\"@type\":\"WebPage\",\"@id\":\"https:\/\/dev.refrigerantboys.com\/fr\/acheter\/fluides-frigorigenes\/r134a\/gas-refrigerante-r456a-in-bombola-con-5-kg-valvola-1-4\/\",\"url\":\"https:\/\/dev.refrigerantboys.com\/fr\/acheter\/fluides-frigorigenes\/r134a\/gas-refrigerante-r456a-in-bombola-con-5-kg-valvola-1-4\/\",\"name\":\"Gaz r\u00e9frig\u00e9rant R456A en bouteille de 5 kg 1\/4 valve | Refrigerant Boys\",\"isPartOf\":{\"@id\":\"https:\/\/dev.refrigerantboys.com\/fr\/#website\"},\"datePublished\":\"2023-05-10T09:15:19+00:00\",\"dateModified\":\"2023-05-23T12:51:27+00:00\",\"description\":\"La solution alternative pour le secteur de la climatisation automobile Bouteille de r\u00e9frig\u00e9rant rechargeable R456A 5 kg T-PED \/ EN 13322-1 pour l'entretien \/ la recharge des voitures (Valve 1\/4\\\" SAE) R456A avec un *GWP 687* fait de ce nouveau gaz r\u00e9frig\u00e9rant une alternative importante au R134a *GWP 1 430* utilis\u00e9 dans le secteur automobile Ne n\u00e9cessite pas de vidange d'huile ni d'autres modifications Il peut \u00eatre factur\u00e9 en plus de la charge existante pour le R134a. R\u00e9duction de plus de 50 % du PRP Ininflammable PRIX INCLUANT LE CYLINDRE QUI RESTERA VOTRE PROPRI\u00c9T\u00c9\",\"breadcrumb\":{\"@id\":\"https:\/\/dev.refrigerantboys.com\/fr\/acheter\/fluides-frigorigenes\/r134a\/gas-refrigerante-r456a-in-bombola-con-5-kg-valvola-1-4\/#breadcrumb\"},\"inLanguage\":\"fr-FR\",\"potentialAction\":[{\"@type\":\"ReadAction\",\"target\":[\"https:\/\/dev.refrigerantboys.com\/fr\/acheter\/fluides-frigorigenes\/r134a\/gas-refrigerante-r456a-in-bombola-con-5-kg-valvola-1-4\/\"]}]},{\"@type\":\"BreadcrumbList\",\"@id\":\"https:\/\/dev.refrigerantboys.com\/fr\/acheter\/fluides-frigorigenes\/r134a\/gas-refrigerante-r456a-in-bombola-con-5-kg-valvola-1-4\/#breadcrumb\",\"itemListElement\":[{\"@type\":\"ListItem\",\"position\":1,\"name\":\"Home\",\"item\":\"https:\/\/dev.refrigerantboys.com\/fr\/\"},{\"@type\":\"ListItem\",\"position\":2,\"name\":\"Boutique\",\"item\":\"https:\/\/dev.refrigerantboys.com\/fr\/boutique\/\"},{\"@type\":\"ListItem\",\"position\":3,\"name\":\"Gaz r\u00e9frig\u00e9rant R456A en bouteille de 5 kg 1\/4 valve\"}]},{\"@type\":\"WebSite\",\"@id\":\"https:\/\/dev.refrigerantboys.com\/fr\/#website\",\"url\":\"https:\/\/dev.refrigerantboys.com\/fr\/\",\"name\":\"Refrigerant Boys\",\"description\":\"Vendita gas refrigeranti\",\"potentialAction\":[{\"@type\":\"SearchAction\",\"target\":{\"@type\":\"EntryPoint\",\"urlTemplate\":\"https:\/\/dev.refrigerantboys.com\/fr\/?s={search_term_string}\"},\"query-input\":\"required name=search_term_string\"}],\"inLanguage\":\"fr-FR\"}]}<\/script>\n<!-- \/ Yoast SEO plugin. -->","yoast_head_json":{"title":"Gaz r\u00e9frig\u00e9rant R456A en bouteille de 5 kg 1\/4 valve | Refrigerant Boys","description":"La solution alternative pour le secteur de la climatisation automobile Bouteille de r\u00e9frig\u00e9rant rechargeable R456A 5 kg T-PED \/ EN 13322-1 pour l'entretien \/ la recharge des voitures (Valve 1\/4\" SAE)   R456A avec un *GWP 687* fait de ce nouveau gaz r\u00e9frig\u00e9rant une alternative importante au R134a *GWP 1 430* utilis\u00e9 dans le secteur automobile   Ne n\u00e9cessite pas de vidange d'huile ni d'autres modifications  Il peut \u00eatre factur\u00e9 en plus de la charge existante pour le R134a.  R\u00e9duction de plus de 50 % du PRP  Ininflammable  PRIX INCLUANT LE CYLINDRE QUI RESTERA VOTRE PROPRI\u00c9T\u00c9","robots":{"index":"index","follow":"follow","max-snippet":"max-snippet:-1","max-image-preview":"max-image-preview:large","max-video-preview":"max-video-preview:-1"},"canonical":"https:\/\/dev.refrigerantboys.com\/fr\/acheter\/fluides-frigorigenes\/r134a\/gas-refrigerante-r456a-in-bombola-con-5-kg-valvola-1-4\/","og_locale":"fr_FR","og_type":"article","og_title":"Gaz r\u00e9frig\u00e9rant R456A en bouteille de 5 kg 1\/4 valve | Refrigerant Boys","og_description":"La solution alternative pour le secteur de la climatisation automobile Bouteille de r\u00e9frig\u00e9rant rechargeable R456A 5 kg T-PED \/ EN 13322-1 pour l'entretien \/ la recharge des voitures (Valve 1\/4\" SAE)   R456A avec un *GWP 687* fait de ce nouveau gaz r\u00e9frig\u00e9rant une alternative importante au R134a *GWP 1 430* utilis\u00e9 dans le secteur automobile   Ne n\u00e9cessite pas de vidange d'huile ni d'autres modifications  Il peut \u00eatre factur\u00e9 en plus de la charge existante pour le R134a.  R\u00e9duction de plus de 50 % du PRP  Ininflammable  PRIX INCLUANT LE CYLINDRE QUI RESTERA VOTRE PROPRI\u00c9T\u00c9","og_url":"https:\/\/dev.refrigerantboys.com\/fr\/acheter\/fluides-frigorigenes\/r134a\/gas-refrigerante-r456a-in-bombola-con-5-kg-valvola-1-4\/","og_site_name":"Refrigerant Boys","article_modified_time":"2023-05-23T12:51:27+00:00","og_image":[{"width":304,"height":349,"url":"https:\/\/dev.refrigerantboys.com\/wp-content\/uploads\/2023\/05\/R456A-5kg-300x344-1.png","type":"image\/png"}],"twitter_card":"summary_large_image","twitter_misc":{"Dur\u00e9e de lecture estim\u00e9e":"1 minute"},"schema":{"@context":"https:\/\/schema.org","@graph":[{"@type":"WebPage","@id":"https:\/\/dev.refrigerantboys.com\/fr\/acheter\/fluides-frigorigenes\/r134a\/gas-refrigerante-r456a-in-bombola-con-5-kg-valvola-1-4\/","url":"https:\/\/dev.refrigerantboys.com\/fr\/acheter\/fluides-frigorigenes\/r134a\/gas-refrigerante-r456a-in-bombola-con-5-kg-valvola-1-4\/","name":"Gaz r\u00e9frig\u00e9rant R456A en bouteille de 5 kg 1\/4 valve | Refrigerant Boys","isPartOf":{"@id":"https:\/\/dev.refrigerantboys.com\/fr\/#website"},"datePublished":"2023-05-10T09:15:19+00:00","dateModified":"2023-05-23T12:51:27+00:00","description":"La solution alternative pour le secteur de la climatisation automobile Bouteille de r\u00e9frig\u00e9rant rechargeable R456A 5 kg T-PED \/ EN 13322-1 pour l'entretien \/ la recharge des voitures (Valve 1\/4\" SAE) R456A avec un *GWP 687* fait de ce nouveau gaz r\u00e9frig\u00e9rant une alternative importante au R134a *GWP 1 430* utilis\u00e9 dans le secteur automobile Ne n\u00e9cessite pas de vidange d'huile ni d'autres modifications Il peut \u00eatre factur\u00e9 en plus de la charge existante pour le R134a. R\u00e9duction de plus de 50 % du PRP Ininflammable PRIX INCLUANT LE CYLINDRE QUI RESTERA VOTRE PROPRI\u00c9T\u00c9","breadcrumb":{"@id":"https:\/\/dev.refrigerantboys.com\/fr\/acheter\/fluides-frigorigenes\/r134a\/gas-refrigerante-r456a-in-bombola-con-5-kg-valvola-1-4\/#breadcrumb"},"inLanguage":"fr-FR","potentialAction":[{"@type":"ReadAction","target":["https:\/\/dev.refrigerantboys.com\/fr\/acheter\/fluides-frigorigenes\/r134a\/gas-refrigerante-r456a-in-bombola-con-5-kg-valvola-1-4\/"]}]},{"@type":"BreadcrumbList","@id":"https:\/\/dev.refrigerantboys.com\/fr\/acheter\/fluides-frigorigenes\/r134a\/gas-refrigerante-r456a-in-bombola-con-5-kg-valvola-1-4\/#breadcrumb","itemListElement":[{"@type":"ListItem","position":1,"name":"Home","item":"https:\/\/dev.refrigerantboys.com\/fr\/"},{"@type":"ListItem","position":2,"name":"Boutique","item":"https:\/\/dev.refrigerantboys.com\/fr\/boutique\/"},{"@type":"ListItem","position":3,"name":"Gaz r\u00e9frig\u00e9rant R456A en bouteille de 5 kg 1\/4 valve"}]},{"@type":"WebSite","@id":"https:\/\/dev.refrigerantboys.com\/fr\/#website","url":"https:\/\/dev.refrigerantboys.com\/fr\/","name":"Refrigerant Boys","description":"Vendita gas refrigeranti","potentialAction":[{"@type":"SearchAction","target":{"@type":"EntryPoint","urlTemplate":"https:\/\/dev.refrigerantboys.com\/fr\/?s={search_term_string}"},"query-input":"required name=search_term_string"}],"inLanguage":"fr-FR"}]}},"_links":{"self":[{"href":"https:\/\/dev.refrigerantboys.com\/fr\/wp-json\/wp\/v2\/product\/68325"}],"collection":[{"href":"https:\/\/dev.refrigerantboys.com\/fr\/wp-json\/wp\/v2\/product"}],"about":[{"href":"https:\/\/dev.refrigerantboys.com\/fr\/wp-json\/wp\/v2\/types\/product"}],"wp:featuredmedia":[{"embeddable":true,"href":"https:\/\/dev.refrigerantboys.com\/fr\/wp-json\/wp\/v2\/media\/68722"}],"wp:attachment":[{"href":"https:\/\/dev.refrigerantboys.com\/fr\/wp-json\/wp\/v2\/media?parent=68325"}],"wp:term":[{"taxonomy":"product_cat","embeddable":true,"href":"https:\/\/dev.refrigerantboys.com\/fr\/wp-json\/wp\/v2\/product_cat?post=68325"},{"taxonomy":"product_tag","embeddable":true,"href":"https:\/\/dev.refrigerantboys.com\/fr\/wp-json\/wp\/v2\/product_tag?post=68325"}],"curies":[{"name":"wp","href":"https:\/\/api.w.org\/{rel}","templated":true}]}}