{"id":67977,"date":"2023-04-27T12:57:31","date_gmt":"2023-04-27T10:57:32","guid":{"rendered":"https:\/\/dev.refrigerantboys.com\/?post_type=product&#038;p=67977"},"modified":"2023-05-26T18:52:32","modified_gmt":"2023-05-26T16:52:32","slug":"fluide-refrigerant-r456a-en-bouteille-rechargeable-de-12-kg","status":"publish","type":"product","link":"https:\/\/dev.refrigerantboys.com\/fr\/acheter\/fluides-frigorigenes\/r134a\/fluide-refrigerant-r456a-en-bouteille-rechargeable-de-12-kg\/","title":{"rendered":"Fluide r\u00e9frig\u00e9rant R456A en bouteille rechargeable de 12 Kg"},"content":{"rendered":"<p><img decoding=\"async\" loading=\"lazy\" class=\"alignnone wp-image-68250\" src=\"https:\/\/dev.refrigerantboys.com\/wp-content\/uploads\/2023\/04\/FOTO-R456-800x344.png\" alt=\"\" width=\"691\" height=\"297\" srcset=\"https:\/\/dev.refrigerantboys.com\/wp-content\/uploads\/2023\/04\/FOTO-R456-640x275.png 640w, https:\/\/dev.refrigerantboys.com\/wp-content\/uploads\/2023\/04\/FOTO-R456-400x172.png 400w, https:\/\/dev.refrigerantboys.com\/wp-content\/uploads\/2023\/04\/FOTO-R456-600x258.png 600w\" sizes=\"(max-width: 691px) 100vw, 691px\" \/><\/p>\n<p><a href=\"https:\/\/dev.refrigerantboys.com\/wp-content\/uploads\/2023\/04\/KLEA-R-456A-SERVICE-EQUIP-CONVERSION-GUIDE.pdf\">LEA-R-456A-SERVICE-EQUIP-CONVERSION-GUIDE<\/a><\/p>\n<p><a href=\"https:\/\/dev.refrigerantboys.com\/wp-content\/uploads\/2023\/04\/KLEA-R-456A-VEHICLE-CONVERSION-GUIDE.pdf\">KLEA-R-456A-VEHICLE-CONVERSION-GUIDE<\/a><\/p>\n<p><a href=\"https:\/\/dev.refrigerantboys.com\/wp-content\/uploads\/2023\/04\/KLEA-R-456A-VEHICLE-SERVICE-GUIDE.pdf\">KLEA-R-456A-VEHICLE-SERVICE-GUIDE<\/a><\/p>\n<p><a href=\"https:\/\/dev.refrigerantboys.com\/wp-content\/uploads\/2023\/04\/Texa-Certification.pdf\">Texa CERTIFICATION<\/a><\/p>\n<p><a href=\"https:\/\/dev.refrigerantboys.com\/wp-content\/uploads\/2023\/04\/Klea-456A_ITALIAN_SDS-2.pdf\">Klea 456A_ITALIAN_SDS<\/a><\/p>\n","protected":false},"excerpt":{"rendered":"<p style=\"text-align: center;\"><span style=\"color: #ff0000;\"><strong>La solution alternative pour le secteur de la climatisation automobile<\/strong><\/span><\/p>\n<p class=\"box-excerpt is-small\"><span style=\"color: #282828;\"><strong>Fluide r\u00e9frig\u00e9rant R456A en bouteille rechargeable de 12 Kg certifi\u00e9e T-PED \/ EN 13322-1. Pour l&#8217;entretien \/ la charge des syst\u00e8mes A\/C Auto\u00a0 (Valve 1\/4&#8243; SAE) UN 3159<\/strong><\/span><\/p>\n<p>R456A avec un *<span style=\"color: #339966;\"><strong>GWP 687<\/strong><\/span>* fait de ce nouveau gaz r\u00e9frig\u00e9rant une alternative importante au R134a *<span style=\"color: #ff0000;\"><strong>GWP 1 430<\/strong><\/span>* utilis\u00e9 dans le secteur\u00a0<strong>automobile<\/strong><\/p>\n<ul>\n<li>Ne n\u00e9cessite aucune vidange d&#8217;huile ni aucune autre modification<\/li>\n<li>Il peut \u00eatre charg\u00e9 en plus de la charge R134a existante.<\/li>\n<li>Plus de 50\u00a0% de r\u00e9duction du GWP<\/li>\n<li>on inflammable<\/li>\n<\/ul>\n<p><span style=\"color: #339966;\"><strong>PRIX INCLUANT LE CYLINDRE QUI RESTERA VOTRE PROPRIETE<\/strong><\/span><\/p>\n<p style=\"text-align: center;\">\n","protected":false},"featured_media":68717,"template":"","meta":[],"product_cat":[150,156,321],"product_tag":[],"acf":{"ai_note":""},"yoast_head":"<!-- This site is optimized with the Yoast SEO plugin v20.2 - https:\/\/yoast.com\/wordpress\/plugins\/seo\/ -->\n<title>Fluide r\u00e9frig\u00e9rant R456A en bouteille rechargeable de 12 Kg | Refrigerant Boys<\/title>\n<meta name=\"description\" content=\"La solution alternative pour le secteur de la climatisation automobile Fluide r\u00e9frig\u00e9rant R456A en bouteille rechargeable de 12 Kg certifi\u00e9e T-PED \/ EN 13322-1. Pour l&#039;entretien \/ la charge des syst\u00e8mes A\/C Auto\u00a0 (Valve 1\/4&quot; SAE) UN 3159 R456A avec un *GWP 687* fait de ce nouveau gaz r\u00e9frig\u00e9rant une alternative importante au R134a *GWP 1 430* utilis\u00e9 dans le secteur\u00a0automobile   Ne n\u00e9cessite aucune vidange d&#039;huile ni aucune autre modification  Il peut \u00eatre charg\u00e9 en plus de la charge R134a existante.  Plus de 50\u00a0% de r\u00e9duction du GWP  on inflammable  PRIX INCLUANT LE CYLINDRE QUI RESTERA VOTRE PROPRIETE\" \/>\n<meta name=\"robots\" content=\"index, follow, max-snippet:-1, max-image-preview:large, max-video-preview:-1\" \/>\n<link rel=\"canonical\" href=\"https:\/\/dev.refrigerantboys.com\/fr\/acheter\/fluides-frigorigenes\/r134a\/fluide-refrigerant-r456a-en-bouteille-rechargeable-de-12-kg\/\" \/>\n<meta property=\"og:locale\" content=\"fr_FR\" \/>\n<meta property=\"og:type\" content=\"article\" \/>\n<meta property=\"og:title\" content=\"Fluide r\u00e9frig\u00e9rant R456A en bouteille rechargeable de 12 Kg | Refrigerant Boys\" \/>\n<meta property=\"og:description\" content=\"La solution alternative pour le secteur de la climatisation automobile Fluide r\u00e9frig\u00e9rant R456A en bouteille rechargeable de 12 Kg certifi\u00e9e T-PED \/ EN 13322-1. Pour l&#039;entretien \/ la charge des syst\u00e8mes A\/C Auto\u00a0 (Valve 1\/4&quot; SAE) UN 3159 R456A avec un *GWP 687* fait de ce nouveau gaz r\u00e9frig\u00e9rant une alternative importante au R134a *GWP 1 430* utilis\u00e9 dans le secteur\u00a0automobile   Ne n\u00e9cessite aucune vidange d&#039;huile ni aucune autre modification  Il peut \u00eatre charg\u00e9 en plus de la charge R134a existante.  Plus de 50\u00a0% de r\u00e9duction du GWP  on inflammable  PRIX INCLUANT LE CYLINDRE QUI RESTERA VOTRE PROPRIETE\" \/>\n<meta property=\"og:url\" content=\"https:\/\/dev.refrigerantboys.com\/fr\/acheter\/fluides-frigorigenes\/r134a\/fluide-refrigerant-r456a-en-bouteille-rechargeable-de-12-kg\/\" \/>\n<meta property=\"og:site_name\" content=\"Refrigerant Boys\" \/>\n<meta property=\"article:modified_time\" content=\"2023-05-26T16:52:32+00:00\" \/>\n<meta property=\"og:image\" content=\"https:\/\/dev.refrigerantboys.com\/wp-content\/uploads\/2023\/04\/R456-12kg.png\" \/>\n\t<meta property=\"og:image:width\" content=\"501\" \/>\n\t<meta property=\"og:image:height\" content=\"712\" \/>\n\t<meta property=\"og:image:type\" content=\"image\/png\" \/>\n<meta name=\"twitter:card\" content=\"summary_large_image\" \/>\n<meta name=\"twitter:label1\" content=\"Dur\u00e9e de lecture estim\u00e9e\" \/>\n\t<meta name=\"twitter:data1\" content=\"1 minute\" \/>\n<script type=\"application\/ld+json\" class=\"yoast-schema-graph\">{\"@context\":\"https:\/\/schema.org\",\"@graph\":[{\"@type\":\"WebPage\",\"@id\":\"https:\/\/dev.refrigerantboys.com\/fr\/acheter\/fluides-frigorigenes\/r134a\/fluide-refrigerant-r456a-en-bouteille-rechargeable-de-12-kg\/\",\"url\":\"https:\/\/dev.refrigerantboys.com\/fr\/acheter\/fluides-frigorigenes\/r134a\/fluide-refrigerant-r456a-en-bouteille-rechargeable-de-12-kg\/\",\"name\":\"Fluide r\u00e9frig\u00e9rant R456A en bouteille rechargeable de 12 Kg | Refrigerant Boys\",\"isPartOf\":{\"@id\":\"https:\/\/dev.refrigerantboys.com\/fr\/#website\"},\"datePublished\":\"2023-04-27T10:57:32+00:00\",\"dateModified\":\"2023-05-26T16:52:32+00:00\",\"description\":\"La solution alternative pour le secteur de la climatisation automobile Fluide r\u00e9frig\u00e9rant R456A en bouteille rechargeable de 12 Kg certifi\u00e9e T-PED \/ EN 13322-1. Pour l'entretien \/ la charge des syst\u00e8mes A\/C Auto\u00a0 (Valve 1\/4\\\" SAE) UN 3159 R456A avec un *GWP 687* fait de ce nouveau gaz r\u00e9frig\u00e9rant une alternative importante au R134a *GWP 1 430* utilis\u00e9 dans le secteur\u00a0automobile Ne n\u00e9cessite aucune vidange d'huile ni aucune autre modification Il peut \u00eatre charg\u00e9 en plus de la charge R134a existante. Plus de 50\u00a0% de r\u00e9duction du GWP on inflammable PRIX INCLUANT LE CYLINDRE QUI RESTERA VOTRE PROPRIETE\",\"breadcrumb\":{\"@id\":\"https:\/\/dev.refrigerantboys.com\/fr\/acheter\/fluides-frigorigenes\/r134a\/fluide-refrigerant-r456a-en-bouteille-rechargeable-de-12-kg\/#breadcrumb\"},\"inLanguage\":\"fr-FR\",\"potentialAction\":[{\"@type\":\"ReadAction\",\"target\":[\"https:\/\/dev.refrigerantboys.com\/fr\/acheter\/fluides-frigorigenes\/r134a\/fluide-refrigerant-r456a-en-bouteille-rechargeable-de-12-kg\/\"]}]},{\"@type\":\"BreadcrumbList\",\"@id\":\"https:\/\/dev.refrigerantboys.com\/fr\/acheter\/fluides-frigorigenes\/r134a\/fluide-refrigerant-r456a-en-bouteille-rechargeable-de-12-kg\/#breadcrumb\",\"itemListElement\":[{\"@type\":\"ListItem\",\"position\":1,\"name\":\"Home\",\"item\":\"https:\/\/dev.refrigerantboys.com\/fr\/\"},{\"@type\":\"ListItem\",\"position\":2,\"name\":\"Boutique\",\"item\":\"https:\/\/dev.refrigerantboys.com\/fr\/boutique\/\"},{\"@type\":\"ListItem\",\"position\":3,\"name\":\"Fluide r\u00e9frig\u00e9rant R456A en bouteille rechargeable de 12 Kg\"}]},{\"@type\":\"WebSite\",\"@id\":\"https:\/\/dev.refrigerantboys.com\/fr\/#website\",\"url\":\"https:\/\/dev.refrigerantboys.com\/fr\/\",\"name\":\"Refrigerant Boys\",\"description\":\"Vendita gas refrigeranti\",\"potentialAction\":[{\"@type\":\"SearchAction\",\"target\":{\"@type\":\"EntryPoint\",\"urlTemplate\":\"https:\/\/dev.refrigerantboys.com\/fr\/?s={search_term_string}\"},\"query-input\":\"required name=search_term_string\"}],\"inLanguage\":\"fr-FR\"}]}<\/script>\n<!-- \/ Yoast SEO plugin. -->","yoast_head_json":{"title":"Fluide r\u00e9frig\u00e9rant R456A en bouteille rechargeable de 12 Kg | Refrigerant Boys","description":"La solution alternative pour le secteur de la climatisation automobile Fluide r\u00e9frig\u00e9rant R456A en bouteille rechargeable de 12 Kg certifi\u00e9e T-PED \/ EN 13322-1. Pour l'entretien \/ la charge des syst\u00e8mes A\/C Auto\u00a0 (Valve 1\/4\" SAE) UN 3159 R456A avec un *GWP 687* fait de ce nouveau gaz r\u00e9frig\u00e9rant une alternative importante au R134a *GWP 1 430* utilis\u00e9 dans le secteur\u00a0automobile   Ne n\u00e9cessite aucune vidange d'huile ni aucune autre modification  Il peut \u00eatre charg\u00e9 en plus de la charge R134a existante.  Plus de 50\u00a0% de r\u00e9duction du GWP  on inflammable  PRIX INCLUANT LE CYLINDRE QUI RESTERA VOTRE PROPRIETE","robots":{"index":"index","follow":"follow","max-snippet":"max-snippet:-1","max-image-preview":"max-image-preview:large","max-video-preview":"max-video-preview:-1"},"canonical":"https:\/\/dev.refrigerantboys.com\/fr\/acheter\/fluides-frigorigenes\/r134a\/fluide-refrigerant-r456a-en-bouteille-rechargeable-de-12-kg\/","og_locale":"fr_FR","og_type":"article","og_title":"Fluide r\u00e9frig\u00e9rant R456A en bouteille rechargeable de 12 Kg | Refrigerant Boys","og_description":"La solution alternative pour le secteur de la climatisation automobile Fluide r\u00e9frig\u00e9rant R456A en bouteille rechargeable de 12 Kg certifi\u00e9e T-PED \/ EN 13322-1. Pour l'entretien \/ la charge des syst\u00e8mes A\/C Auto\u00a0 (Valve 1\/4\" SAE) UN 3159 R456A avec un *GWP 687* fait de ce nouveau gaz r\u00e9frig\u00e9rant une alternative importante au R134a *GWP 1 430* utilis\u00e9 dans le secteur\u00a0automobile   Ne n\u00e9cessite aucune vidange d'huile ni aucune autre modification  Il peut \u00eatre charg\u00e9 en plus de la charge R134a existante.  Plus de 50\u00a0% de r\u00e9duction du GWP  on inflammable  PRIX INCLUANT LE CYLINDRE QUI RESTERA VOTRE PROPRIETE","og_url":"https:\/\/dev.refrigerantboys.com\/fr\/acheter\/fluides-frigorigenes\/r134a\/fluide-refrigerant-r456a-en-bouteille-rechargeable-de-12-kg\/","og_site_name":"Refrigerant Boys","article_modified_time":"2023-05-26T16:52:32+00:00","og_image":[{"width":501,"height":712,"url":"https:\/\/dev.refrigerantboys.com\/wp-content\/uploads\/2023\/04\/R456-12kg.png","type":"image\/png"}],"twitter_card":"summary_large_image","twitter_misc":{"Dur\u00e9e de lecture estim\u00e9e":"1 minute"},"schema":{"@context":"https:\/\/schema.org","@graph":[{"@type":"WebPage","@id":"https:\/\/dev.refrigerantboys.com\/fr\/acheter\/fluides-frigorigenes\/r134a\/fluide-refrigerant-r456a-en-bouteille-rechargeable-de-12-kg\/","url":"https:\/\/dev.refrigerantboys.com\/fr\/acheter\/fluides-frigorigenes\/r134a\/fluide-refrigerant-r456a-en-bouteille-rechargeable-de-12-kg\/","name":"Fluide r\u00e9frig\u00e9rant R456A en bouteille rechargeable de 12 Kg | Refrigerant Boys","isPartOf":{"@id":"https:\/\/dev.refrigerantboys.com\/fr\/#website"},"datePublished":"2023-04-27T10:57:32+00:00","dateModified":"2023-05-26T16:52:32+00:00","description":"La solution alternative pour le secteur de la climatisation automobile Fluide r\u00e9frig\u00e9rant R456A en bouteille rechargeable de 12 Kg certifi\u00e9e T-PED \/ EN 13322-1. Pour l'entretien \/ la charge des syst\u00e8mes A\/C Auto\u00a0 (Valve 1\/4\" SAE) UN 3159 R456A avec un *GWP 687* fait de ce nouveau gaz r\u00e9frig\u00e9rant une alternative importante au R134a *GWP 1 430* utilis\u00e9 dans le secteur\u00a0automobile Ne n\u00e9cessite aucune vidange d'huile ni aucune autre modification Il peut \u00eatre charg\u00e9 en plus de la charge R134a existante. Plus de 50\u00a0% de r\u00e9duction du GWP on inflammable PRIX INCLUANT LE CYLINDRE QUI RESTERA VOTRE PROPRIETE","breadcrumb":{"@id":"https:\/\/dev.refrigerantboys.com\/fr\/acheter\/fluides-frigorigenes\/r134a\/fluide-refrigerant-r456a-en-bouteille-rechargeable-de-12-kg\/#breadcrumb"},"inLanguage":"fr-FR","potentialAction":[{"@type":"ReadAction","target":["https:\/\/dev.refrigerantboys.com\/fr\/acheter\/fluides-frigorigenes\/r134a\/fluide-refrigerant-r456a-en-bouteille-rechargeable-de-12-kg\/"]}]},{"@type":"BreadcrumbList","@id":"https:\/\/dev.refrigerantboys.com\/fr\/acheter\/fluides-frigorigenes\/r134a\/fluide-refrigerant-r456a-en-bouteille-rechargeable-de-12-kg\/#breadcrumb","itemListElement":[{"@type":"ListItem","position":1,"name":"Home","item":"https:\/\/dev.refrigerantboys.com\/fr\/"},{"@type":"ListItem","position":2,"name":"Boutique","item":"https:\/\/dev.refrigerantboys.com\/fr\/boutique\/"},{"@type":"ListItem","position":3,"name":"Fluide r\u00e9frig\u00e9rant R456A en bouteille rechargeable de 12 Kg"}]},{"@type":"WebSite","@id":"https:\/\/dev.refrigerantboys.com\/fr\/#website","url":"https:\/\/dev.refrigerantboys.com\/fr\/","name":"Refrigerant Boys","description":"Vendita gas refrigeranti","potentialAction":[{"@type":"SearchAction","target":{"@type":"EntryPoint","urlTemplate":"https:\/\/dev.refrigerantboys.com\/fr\/?s={search_term_string}"},"query-input":"required name=search_term_string"}],"inLanguage":"fr-FR"}]}},"_links":{"self":[{"href":"https:\/\/dev.refrigerantboys.com\/fr\/wp-json\/wp\/v2\/product\/67977"}],"collection":[{"href":"https:\/\/dev.refrigerantboys.com\/fr\/wp-json\/wp\/v2\/product"}],"about":[{"href":"https:\/\/dev.refrigerantboys.com\/fr\/wp-json\/wp\/v2\/types\/product"}],"wp:featuredmedia":[{"embeddable":true,"href":"https:\/\/dev.refrigerantboys.com\/fr\/wp-json\/wp\/v2\/media\/68717"}],"wp:attachment":[{"href":"https:\/\/dev.refrigerantboys.com\/fr\/wp-json\/wp\/v2\/media?parent=67977"}],"wp:term":[{"taxonomy":"product_cat","embeddable":true,"href":"https:\/\/dev.refrigerantboys.com\/fr\/wp-json\/wp\/v2\/product_cat?post=67977"},{"taxonomy":"product_tag","embeddable":true,"href":"https:\/\/dev.refrigerantboys.com\/fr\/wp-json\/wp\/v2\/product_tag?post=67977"}],"curies":[{"name":"wp","href":"https:\/\/api.w.org\/{rel}","templated":true}]}}