{"id":5311,"date":"2019-04-03T12:52:59","date_gmt":"2019-04-03T12:53:01","guid":{"rendered":"https:\/\/dev.refrigerantboys.com\/?post_type=product&#038;p=5311"},"modified":"2025-03-17T12:14:43","modified_gmt":"2025-03-17T11:14:43","slug":"bombola-con-800-grammi-di-gas-r32-con-manometro-e-tubo-con-attacco-5-16","status":"publish","type":"product","link":"https:\/\/dev.refrigerantboys.com\/fr\/acheter\/fluides-frigorigenes\/r32\/bombola-con-800-grammi-di-gas-r32-con-manometro-e-tubo-con-attacco-5-16\/","title":{"rendered":"Bouteille de 800 grammes de gaz R32 avec manom\u00e8tre et tuyau avec raccord 5\/16"},"content":{"rendered":"<p><span style=\"font-weight: 400;\">Notre cylindre est soigneusement con\u00e7u pour r\u00e9pondre aux besoins des professionnels de la climatisation et de la r\u00e9frig\u00e9ration. La capacit\u00e9 de 800 g de gaz R32 garantit d&#8217;excellentes performances et une grande efficacit\u00e9 \u00e9nerg\u00e9tique. Le manom\u00e8tre int\u00e9gr\u00e9 permet un contr\u00f4le pr\u00e9cis de la pression du gaz pendant le processus de diagnostic et de recharge. En outre, le raccord SAE 5\/16\u2033 garantit une connexion s\u00fbre et fiable \u00e0 vos outils et \u00e9quipements. Choisissez le cylindre manom\u00e9trique de Refrigerant Boys pour une solution professionnelle de haute qualit\u00e9 pour vos besoins en mati\u00e8re de climatisation et de r\u00e9frig\u00e9ration.<\/span><\/p>\n<p><strong>Applications\u00a0:<\/strong><\/p>\n<ul>\n<li>Le R32 a des performances et une efficacit\u00e9 \u00e9nerg\u00e9tique \u00e9quivalentes \u00e0 celles du R410A.<\/li>\n<li>GWP (Global Warming Potentiel) nettement inf\u00e9rieur au R410A.<\/li>\n<li>Il ne n\u00e9cessite pas le remplacement des composants, des lubrifiants et des joints.<\/li>\n<\/ul>\n<p><span style=\"color: #ff0000;\">Le R32 ne peut \u00eatre utilis\u00e9 que dans les nouveaux syst\u00e8mes con\u00e7us pour fonctionner avec des gaz l\u00e9g\u00e8rement inflammables (classe A2L)<\/span><\/p>\n<p><span style=\"color: #ff0000;\">Le R32 ne peut pas \u00eatre utilis\u00e9 comme produit de modernisation pour les syst\u00e8mes con\u00e7us pour fonctionner avec le R410A\u00a0; Les syst\u00e8mes R410A n\u2019\u00e9tant pas con\u00e7us pour fonctionner avec des gaz l\u00e9g\u00e8rement inflammables, il existe donc un risque d\u2019endommager le compresseur.<\/span><\/p>\n","protected":false},"excerpt":{"rendered":"<p><b>Bouteille avec manom\u00e8tre pour le diagnostic et le remplissage avec 800 grammes de gaz R32 5\/16\u2033 SAE connection<\/b><\/p>\n<pre><span style=\"color: #ff0000; font-size: 20px;\"><strong>GWP[675]<\/strong><\/span><\/pre>\n<p><iframe loading=\"lazy\" title=\"Lecteur vid\u00e9o YouTube\" src=\"https:\/\/www.youtube.com\/embed\/PS9l_nqjaQs\" width=\"300\" height=\"215\" frameborder=\"0\" allowfullscreen=\"allowfullscreen\"><\/iframe><\/p>\n","protected":false},"featured_media":49624,"template":"","meta":[],"product_cat":[150,154],"product_tag":[],"acf":{"ai_note":""},"yoast_head":"<!-- This site is optimized with the Yoast SEO plugin v20.2 - https:\/\/yoast.com\/wordpress\/plugins\/seo\/ -->\n<title>Bouteille de 800 grammes de gaz R32 avec manom\u00e8tre et tuyau avec raccord 5\/16 | Refrigerant Boys<\/title>\n<meta name=\"description\" content=\"Notre cylindre est soigneusement con\u00e7u pour r\u00e9pondre aux besoins des professionnels de la climatisation et de la r\u00e9frig\u00e9ration.\" \/>\n<meta name=\"robots\" content=\"index, follow, max-snippet:-1, max-image-preview:large, max-video-preview:-1\" \/>\n<link rel=\"canonical\" href=\"https:\/\/dev.refrigerantboys.com\/fr\/acheter\/fluides-frigorigenes\/r32\/bombola-con-800-grammi-di-gas-r32-con-manometro-e-tubo-con-attacco-5-16\/\" \/>\n<meta property=\"og:locale\" content=\"fr_FR\" \/>\n<meta property=\"og:type\" content=\"article\" \/>\n<meta property=\"og:title\" content=\"Bouteille de 800 grammes de gaz R32 avec manom\u00e8tre et tuyau avec raccord 5\/16 | Refrigerant Boys\" \/>\n<meta property=\"og:description\" content=\"Notre cylindre est soigneusement con\u00e7u pour r\u00e9pondre aux besoins des professionnels de la climatisation et de la r\u00e9frig\u00e9ration.\" \/>\n<meta property=\"og:url\" content=\"https:\/\/dev.refrigerantboys.com\/fr\/acheter\/fluides-frigorigenes\/r32\/bombola-con-800-grammi-di-gas-r32-con-manometro-e-tubo-con-attacco-5-16\/\" \/>\n<meta property=\"og:site_name\" content=\"Refrigerant Boys\" \/>\n<meta property=\"article:modified_time\" content=\"2025-03-17T11:14:43+00:00\" \/>\n<meta property=\"og:image\" content=\"https:\/\/dev.refrigerantboys.com\/wp-content\/uploads\/2019\/04\/r32MP-1kg.png\" \/>\n\t<meta property=\"og:image:width\" content=\"1711\" \/>\n\t<meta property=\"og:image:height\" content=\"2568\" \/>\n\t<meta property=\"og:image:type\" content=\"image\/png\" \/>\n<meta name=\"twitter:card\" content=\"summary_large_image\" \/>\n<meta name=\"twitter:label1\" content=\"Dur\u00e9e de lecture estim\u00e9e\" \/>\n\t<meta name=\"twitter:data1\" content=\"2 minutes\" \/>\n<script type=\"application\/ld+json\" class=\"yoast-schema-graph\">{\"@context\":\"https:\/\/schema.org\",\"@graph\":[{\"@type\":\"WebPage\",\"@id\":\"https:\/\/dev.refrigerantboys.com\/fr\/acheter\/fluides-frigorigenes\/r32\/bombola-con-800-grammi-di-gas-r32-con-manometro-e-tubo-con-attacco-5-16\/\",\"url\":\"https:\/\/dev.refrigerantboys.com\/fr\/acheter\/fluides-frigorigenes\/r32\/bombola-con-800-grammi-di-gas-r32-con-manometro-e-tubo-con-attacco-5-16\/\",\"name\":\"Bouteille de 800 grammes de gaz R32 avec manom\u00e8tre et tuyau avec raccord 5\/16 | Refrigerant Boys\",\"isPartOf\":{\"@id\":\"https:\/\/dev.refrigerantboys.com\/fr\/#website\"},\"datePublished\":\"2019-04-03T12:53:01+00:00\",\"dateModified\":\"2025-03-17T11:14:43+00:00\",\"description\":\"Notre cylindre est soigneusement con\u00e7u pour r\u00e9pondre aux besoins des professionnels de la climatisation et de la r\u00e9frig\u00e9ration.\",\"breadcrumb\":{\"@id\":\"https:\/\/dev.refrigerantboys.com\/fr\/acheter\/fluides-frigorigenes\/r32\/bombola-con-800-grammi-di-gas-r32-con-manometro-e-tubo-con-attacco-5-16\/#breadcrumb\"},\"inLanguage\":\"fr-FR\",\"potentialAction\":[{\"@type\":\"ReadAction\",\"target\":[\"https:\/\/dev.refrigerantboys.com\/fr\/acheter\/fluides-frigorigenes\/r32\/bombola-con-800-grammi-di-gas-r32-con-manometro-e-tubo-con-attacco-5-16\/\"]}]},{\"@type\":\"BreadcrumbList\",\"@id\":\"https:\/\/dev.refrigerantboys.com\/fr\/acheter\/fluides-frigorigenes\/r32\/bombola-con-800-grammi-di-gas-r32-con-manometro-e-tubo-con-attacco-5-16\/#breadcrumb\",\"itemListElement\":[{\"@type\":\"ListItem\",\"position\":1,\"name\":\"Home\",\"item\":\"https:\/\/dev.refrigerantboys.com\/fr\/\"},{\"@type\":\"ListItem\",\"position\":2,\"name\":\"Boutique\",\"item\":\"https:\/\/dev.refrigerantboys.com\/fr\/boutique\/\"},{\"@type\":\"ListItem\",\"position\":3,\"name\":\"Bouteille de 800 grammes de gaz R32 avec manom\u00e8tre et tuyau avec raccord 5\/16\"}]},{\"@type\":\"WebSite\",\"@id\":\"https:\/\/dev.refrigerantboys.com\/fr\/#website\",\"url\":\"https:\/\/dev.refrigerantboys.com\/fr\/\",\"name\":\"Refrigerant Boys\",\"description\":\"Vendita gas refrigeranti\",\"potentialAction\":[{\"@type\":\"SearchAction\",\"target\":{\"@type\":\"EntryPoint\",\"urlTemplate\":\"https:\/\/dev.refrigerantboys.com\/fr\/?s={search_term_string}\"},\"query-input\":\"required name=search_term_string\"}],\"inLanguage\":\"fr-FR\"}]}<\/script>\n<!-- \/ Yoast SEO plugin. -->","yoast_head_json":{"title":"Bouteille de 800 grammes de gaz R32 avec manom\u00e8tre et tuyau avec raccord 5\/16 | Refrigerant Boys","description":"Notre cylindre est soigneusement con\u00e7u pour r\u00e9pondre aux besoins des professionnels de la climatisation et de la r\u00e9frig\u00e9ration.","robots":{"index":"index","follow":"follow","max-snippet":"max-snippet:-1","max-image-preview":"max-image-preview:large","max-video-preview":"max-video-preview:-1"},"canonical":"https:\/\/dev.refrigerantboys.com\/fr\/acheter\/fluides-frigorigenes\/r32\/bombola-con-800-grammi-di-gas-r32-con-manometro-e-tubo-con-attacco-5-16\/","og_locale":"fr_FR","og_type":"article","og_title":"Bouteille de 800 grammes de gaz R32 avec manom\u00e8tre et tuyau avec raccord 5\/16 | Refrigerant Boys","og_description":"Notre cylindre est soigneusement con\u00e7u pour r\u00e9pondre aux besoins des professionnels de la climatisation et de la r\u00e9frig\u00e9ration.","og_url":"https:\/\/dev.refrigerantboys.com\/fr\/acheter\/fluides-frigorigenes\/r32\/bombola-con-800-grammi-di-gas-r32-con-manometro-e-tubo-con-attacco-5-16\/","og_site_name":"Refrigerant Boys","article_modified_time":"2025-03-17T11:14:43+00:00","og_image":[{"width":1711,"height":2568,"url":"https:\/\/dev.refrigerantboys.com\/wp-content\/uploads\/2019\/04\/r32MP-1kg.png","type":"image\/png"}],"twitter_card":"summary_large_image","twitter_misc":{"Dur\u00e9e de lecture estim\u00e9e":"2 minutes"},"schema":{"@context":"https:\/\/schema.org","@graph":[{"@type":"WebPage","@id":"https:\/\/dev.refrigerantboys.com\/fr\/acheter\/fluides-frigorigenes\/r32\/bombola-con-800-grammi-di-gas-r32-con-manometro-e-tubo-con-attacco-5-16\/","url":"https:\/\/dev.refrigerantboys.com\/fr\/acheter\/fluides-frigorigenes\/r32\/bombola-con-800-grammi-di-gas-r32-con-manometro-e-tubo-con-attacco-5-16\/","name":"Bouteille de 800 grammes de gaz R32 avec manom\u00e8tre et tuyau avec raccord 5\/16 | Refrigerant Boys","isPartOf":{"@id":"https:\/\/dev.refrigerantboys.com\/fr\/#website"},"datePublished":"2019-04-03T12:53:01+00:00","dateModified":"2025-03-17T11:14:43+00:00","description":"Notre cylindre est soigneusement con\u00e7u pour r\u00e9pondre aux besoins des professionnels de la climatisation et de la r\u00e9frig\u00e9ration.","breadcrumb":{"@id":"https:\/\/dev.refrigerantboys.com\/fr\/acheter\/fluides-frigorigenes\/r32\/bombola-con-800-grammi-di-gas-r32-con-manometro-e-tubo-con-attacco-5-16\/#breadcrumb"},"inLanguage":"fr-FR","potentialAction":[{"@type":"ReadAction","target":["https:\/\/dev.refrigerantboys.com\/fr\/acheter\/fluides-frigorigenes\/r32\/bombola-con-800-grammi-di-gas-r32-con-manometro-e-tubo-con-attacco-5-16\/"]}]},{"@type":"BreadcrumbList","@id":"https:\/\/dev.refrigerantboys.com\/fr\/acheter\/fluides-frigorigenes\/r32\/bombola-con-800-grammi-di-gas-r32-con-manometro-e-tubo-con-attacco-5-16\/#breadcrumb","itemListElement":[{"@type":"ListItem","position":1,"name":"Home","item":"https:\/\/dev.refrigerantboys.com\/fr\/"},{"@type":"ListItem","position":2,"name":"Boutique","item":"https:\/\/dev.refrigerantboys.com\/fr\/boutique\/"},{"@type":"ListItem","position":3,"name":"Bouteille de 800 grammes de gaz R32 avec manom\u00e8tre et tuyau avec raccord 5\/16"}]},{"@type":"WebSite","@id":"https:\/\/dev.refrigerantboys.com\/fr\/#website","url":"https:\/\/dev.refrigerantboys.com\/fr\/","name":"Refrigerant Boys","description":"Vendita gas refrigeranti","potentialAction":[{"@type":"SearchAction","target":{"@type":"EntryPoint","urlTemplate":"https:\/\/dev.refrigerantboys.com\/fr\/?s={search_term_string}"},"query-input":"required name=search_term_string"}],"inLanguage":"fr-FR"}]}},"_links":{"self":[{"href":"https:\/\/dev.refrigerantboys.com\/fr\/wp-json\/wp\/v2\/product\/5311"}],"collection":[{"href":"https:\/\/dev.refrigerantboys.com\/fr\/wp-json\/wp\/v2\/product"}],"about":[{"href":"https:\/\/dev.refrigerantboys.com\/fr\/wp-json\/wp\/v2\/types\/product"}],"wp:featuredmedia":[{"embeddable":true,"href":"https:\/\/dev.refrigerantboys.com\/fr\/wp-json\/wp\/v2\/media\/49624"}],"wp:attachment":[{"href":"https:\/\/dev.refrigerantboys.com\/fr\/wp-json\/wp\/v2\/media?parent=5311"}],"wp:term":[{"taxonomy":"product_cat","embeddable":true,"href":"https:\/\/dev.refrigerantboys.com\/fr\/wp-json\/wp\/v2\/product_cat?post=5311"},{"taxonomy":"product_tag","embeddable":true,"href":"https:\/\/dev.refrigerantboys.com\/fr\/wp-json\/wp\/v2\/product_tag?post=5311"}],"curies":[{"name":"wp","href":"https:\/\/api.w.org\/{rel}","templated":true}]}}