{"id":52238,"date":"2022-02-24T15:27:44","date_gmt":"2022-02-24T14:27:45","guid":{"rendered":"https:\/\/dev.refrigerantboys.com\/?post_type=product&#038;p=52238"},"modified":"2025-11-27T07:51:44","modified_gmt":"2025-11-27T06:51:44","slug":"gaz-refrigerant-r134a-en-bouteille-refrigerant-avec-valve-12-kg-1-4","status":"publish","type":"product","link":"https:\/\/dev.refrigerantboys.com\/fr\/acheter\/fluides-frigorigenes\/r134a\/gaz-refrigerant-r134a-en-bouteille-refrigerant-avec-valve-12-kg-1-4\/","title":{"rendered":"Gaz r\u00e9frig\u00e9rant R134a dans une bouteille RECONDITIONN\u00c9E de 12 kg 1\/4 valve"},"content":{"rendered":"<p>Si vous cherchez une bouteille de gaz R134a d\u2019une capacit\u00e9 de 12 kg, vous \u00eates au bon endroit ! Refrigerant Boys propose une large gamme de r\u00e9frig\u00e9rants de haute qualit\u00e9 pour r\u00e9pondre \u00e0 vos besoins. Notre bouteille de gaz R134a de 12 kg est id\u00e9ale pour les syst\u00e8mes de r\u00e9frig\u00e9ration r\u00e9sidentiels et commerciaux et les syst\u00e8mes automobiles, car elle offre une efficacit\u00e9 \u00e9nerg\u00e9tique similaire \u00e0 celle des anciens HCFC. Nous comprenons l\u2019importance d\u2019avoir des produits fiables et conformes aux r\u00e9glementations en vigueur. Vous pouvez donc compter sur notre bouteille de gaz R134a pour obtenir des performances optimales et une s\u00e9curit\u00e9 maximale. Achetez votre bouteille de gaz R134a de 12 kg chez Refrigerant Boys aujourd\u2019hui et d\u00e9couvrez pourquoi nous sommes le choix pr\u00e9f\u00e9r\u00e9 des professionnels.<\/p>\n","protected":false},"excerpt":{"rendered":"<p><span style=\"color: #282828;\"><strong>Bouteille rechargeable RECONDITIONN\u00c9E<span id=\"result_box\" lang=\"en\"> <\/span>R134a 12 kg T-PED \/ EN 13322-1 Valve 1\/4&#8243; SAE UN 3159<\/strong><\/span><\/p>\n<ul>\n<li><strong><span lang=\"en\"><span title=\"Il est possible seulement le paiement en esp\u00e8ces et en ayant avertit quelques jours avant du mat\u00e9riel que vous avez besoin.\"><span title=\"Les petites quantit\u00e9s sont envoy\u00e9es dans des boites robustes (colis anonymes), les grandes quantit\u00e9s sont g\u00e9n\u00e9ralement envoy\u00e9es sur EURO-PALLET.\"><span title=\"Pour le moment nous avons une Assistance efficace par e-mail, qui garantit des r\u00e9ponses esaustive en quelques heures ouvrables. \"><span title=\"Nous demandons le paiement d\u00e8s que vos bouteilles sont remplies et pr\u00eates pour l'exp\u00e9dition de retour.\"><span id=\"result_box\" lang=\"en\"><span title=\"Ces bouteilles ont \u00e9t\u00e9 nettoy\u00e9es \u00e0 l'int\u00e9rieur, valve et robinet v\u00e9rifi\u00e9s, et remplies avec du gaz neuf.\">Ces cylindres sont <span style=\"color: #ff0000;\">RECONDITIONN\u00c9S <\/span>(ils ne sont pas neufs). Les vannes ont \u00e9t\u00e9 v\u00e9rifi\u00e9es et les robinets ont \u00e9t\u00e9 nettoy\u00e9s \u00e0 l&#8217;int\u00e9rieur et remplis de gaz neuf. <\/span><span title=\"Ext\u00e9rieurement elles peuvent pr\u00e9senter des signes d'usure.\">Ext\u00e9rieurement, ils peuvent pr\u00e9senter des signes d&#8217;usure\/rayures.<\/span><\/span><\/span><\/span><\/span><\/span><\/span><\/strong><\/li>\n<\/ul>\n<p><strong><span class=\"hps\">PRIX INCLUANT LA BOUTEILLE QUI RESTERA VOTRE PROPRI\u00c9T\u00c9 <a href=\"https:\/\/dev.refrigerantboys.com\/fr\/recharge-bonbonnes\/\">RECHARGE DE LA BOUTEILLE<\/a><\/span><\/strong><\/p>\n<pre><span style=\"color: #ff0000; font-size: 20px;\"><strong>GWP[1430]<\/strong><\/span><\/pre>\n","protected":false},"featured_media":68697,"template":"","meta":[],"product_cat":[150,156],"product_tag":[],"acf":{"ai_note":""},"yoast_head":"<!-- This site is optimized with the Yoast SEO plugin v20.2 - https:\/\/yoast.com\/wordpress\/plugins\/seo\/ -->\n<title>Gaz r\u00e9frig\u00e9rant R134a dans une bouteille RECONDITIONN\u00c9E de 12 kg 1\/4 valve | Refrigerant Boys<\/title>\n<meta name=\"description\" content=\"Bouteille rechargeable RECONDITIONN\u00c9E R134a 12 kg T-PED \/ EN 13322-1 Valve 1\/4&quot; SAE UN 3159   Ces cylindres sont RECONDITIONN\u00c9S (ils ne sont pas neufs). Les vannes ont \u00e9t\u00e9 v\u00e9rifi\u00e9es et les robinets ont \u00e9t\u00e9 nettoy\u00e9s \u00e0 l&#039;int\u00e9rieur et remplis de gaz neuf. Ext\u00e9rieurement, ils peuvent pr\u00e9senter des signes d&#039;usure\/rayures.  PRIX INCLUANT LA BOUTEILLE QUI RESTERA VOTRE PROPRI\u00c9T\u00c9 RECHARGE DE LA BOUTEILLE GWP\" \/>\n<meta name=\"robots\" content=\"index, follow, max-snippet:-1, max-image-preview:large, max-video-preview:-1\" \/>\n<link rel=\"canonical\" href=\"https:\/\/dev.refrigerantboys.com\/fr\/acheter\/fluides-frigorigenes\/r134a\/gaz-refrigerant-r134a-en-bouteille-refrigerant-avec-valve-12-kg-1-4\/\" \/>\n<meta property=\"og:locale\" content=\"fr_FR\" \/>\n<meta property=\"og:type\" content=\"article\" \/>\n<meta property=\"og:title\" content=\"Gaz r\u00e9frig\u00e9rant R134a dans une bouteille RECONDITIONN\u00c9E de 12 kg 1\/4 valve | Refrigerant Boys\" \/>\n<meta property=\"og:description\" content=\"Bouteille rechargeable RECONDITIONN\u00c9E R134a 12 kg T-PED \/ EN 13322-1 Valve 1\/4&quot; SAE UN 3159   Ces cylindres sont RECONDITIONN\u00c9S (ils ne sont pas neufs). Les vannes ont \u00e9t\u00e9 v\u00e9rifi\u00e9es et les robinets ont \u00e9t\u00e9 nettoy\u00e9s \u00e0 l&#039;int\u00e9rieur et remplis de gaz neuf. Ext\u00e9rieurement, ils peuvent pr\u00e9senter des signes d&#039;usure\/rayures.  PRIX INCLUANT LA BOUTEILLE QUI RESTERA VOTRE PROPRI\u00c9T\u00c9 RECHARGE DE LA BOUTEILLE GWP\" \/>\n<meta property=\"og:url\" content=\"https:\/\/dev.refrigerantboys.com\/fr\/acheter\/fluides-frigorigenes\/r134a\/gaz-refrigerant-r134a-en-bouteille-refrigerant-avec-valve-12-kg-1-4\/\" \/>\n<meta property=\"og:site_name\" content=\"Refrigerant Boys\" \/>\n<meta property=\"article:modified_time\" content=\"2025-11-27T06:51:44+00:00\" \/>\n<meta property=\"og:image\" content=\"https:\/\/dev.refrigerantboys.com\/wp-content\/uploads\/2022\/02\/r134a-12kgu-300x590-1.png\" \/>\n\t<meta property=\"og:image:width\" content=\"382\" \/>\n\t<meta property=\"og:image:height\" content=\"642\" \/>\n\t<meta property=\"og:image:type\" content=\"image\/png\" \/>\n<meta name=\"twitter:card\" content=\"summary_large_image\" \/>\n<meta name=\"twitter:label1\" content=\"Dur\u00e9e de lecture estim\u00e9e\" \/>\n\t<meta name=\"twitter:data1\" content=\"1 minute\" \/>\n<script type=\"application\/ld+json\" class=\"yoast-schema-graph\">{\"@context\":\"https:\/\/schema.org\",\"@graph\":[{\"@type\":\"WebPage\",\"@id\":\"https:\/\/dev.refrigerantboys.com\/fr\/acheter\/fluides-frigorigenes\/r134a\/gaz-refrigerant-r134a-en-bouteille-refrigerant-avec-valve-12-kg-1-4\/\",\"url\":\"https:\/\/dev.refrigerantboys.com\/fr\/acheter\/fluides-frigorigenes\/r134a\/gaz-refrigerant-r134a-en-bouteille-refrigerant-avec-valve-12-kg-1-4\/\",\"name\":\"Gaz r\u00e9frig\u00e9rant R134a dans une bouteille RECONDITIONN\u00c9E de 12 kg 1\/4 valve | Refrigerant Boys\",\"isPartOf\":{\"@id\":\"https:\/\/dev.refrigerantboys.com\/fr\/#website\"},\"datePublished\":\"2022-02-24T14:27:45+00:00\",\"dateModified\":\"2025-11-27T06:51:44+00:00\",\"description\":\"Bouteille rechargeable RECONDITIONN\u00c9E R134a 12 kg T-PED \/ EN 13322-1 Valve 1\/4\\\" SAE UN 3159 Ces cylindres sont RECONDITIONN\u00c9S (ils ne sont pas neufs). Les vannes ont \u00e9t\u00e9 v\u00e9rifi\u00e9es et les robinets ont \u00e9t\u00e9 nettoy\u00e9s \u00e0 l'int\u00e9rieur et remplis de gaz neuf. Ext\u00e9rieurement, ils peuvent pr\u00e9senter des signes d'usure\/rayures. PRIX INCLUANT LA BOUTEILLE QUI RESTERA VOTRE PROPRI\u00c9T\u00c9 RECHARGE DE LA BOUTEILLE GWP\",\"breadcrumb\":{\"@id\":\"https:\/\/dev.refrigerantboys.com\/fr\/acheter\/fluides-frigorigenes\/r134a\/gaz-refrigerant-r134a-en-bouteille-refrigerant-avec-valve-12-kg-1-4\/#breadcrumb\"},\"inLanguage\":\"fr-FR\",\"potentialAction\":[{\"@type\":\"ReadAction\",\"target\":[\"https:\/\/dev.refrigerantboys.com\/fr\/acheter\/fluides-frigorigenes\/r134a\/gaz-refrigerant-r134a-en-bouteille-refrigerant-avec-valve-12-kg-1-4\/\"]}]},{\"@type\":\"BreadcrumbList\",\"@id\":\"https:\/\/dev.refrigerantboys.com\/fr\/acheter\/fluides-frigorigenes\/r134a\/gaz-refrigerant-r134a-en-bouteille-refrigerant-avec-valve-12-kg-1-4\/#breadcrumb\",\"itemListElement\":[{\"@type\":\"ListItem\",\"position\":1,\"name\":\"Home\",\"item\":\"https:\/\/dev.refrigerantboys.com\/fr\/\"},{\"@type\":\"ListItem\",\"position\":2,\"name\":\"Boutique\",\"item\":\"https:\/\/dev.refrigerantboys.com\/fr\/boutique\/\"},{\"@type\":\"ListItem\",\"position\":3,\"name\":\"Gaz r\u00e9frig\u00e9rant R134a dans une bouteille RECONDITIONN\u00c9E de 12 kg 1\/4 valve\"}]},{\"@type\":\"WebSite\",\"@id\":\"https:\/\/dev.refrigerantboys.com\/fr\/#website\",\"url\":\"https:\/\/dev.refrigerantboys.com\/fr\/\",\"name\":\"Refrigerant Boys\",\"description\":\"Vendita gas refrigeranti\",\"potentialAction\":[{\"@type\":\"SearchAction\",\"target\":{\"@type\":\"EntryPoint\",\"urlTemplate\":\"https:\/\/dev.refrigerantboys.com\/fr\/?s={search_term_string}\"},\"query-input\":\"required name=search_term_string\"}],\"inLanguage\":\"fr-FR\"}]}<\/script>\n<!-- \/ Yoast SEO plugin. -->","yoast_head_json":{"title":"Gaz r\u00e9frig\u00e9rant R134a dans une bouteille RECONDITIONN\u00c9E de 12 kg 1\/4 valve | Refrigerant Boys","description":"Bouteille rechargeable RECONDITIONN\u00c9E R134a 12 kg T-PED \/ EN 13322-1 Valve 1\/4\" SAE UN 3159   Ces cylindres sont RECONDITIONN\u00c9S (ils ne sont pas neufs). Les vannes ont \u00e9t\u00e9 v\u00e9rifi\u00e9es et les robinets ont \u00e9t\u00e9 nettoy\u00e9s \u00e0 l'int\u00e9rieur et remplis de gaz neuf. Ext\u00e9rieurement, ils peuvent pr\u00e9senter des signes d'usure\/rayures.  PRIX INCLUANT LA BOUTEILLE QUI RESTERA VOTRE PROPRI\u00c9T\u00c9 RECHARGE DE LA BOUTEILLE GWP","robots":{"index":"index","follow":"follow","max-snippet":"max-snippet:-1","max-image-preview":"max-image-preview:large","max-video-preview":"max-video-preview:-1"},"canonical":"https:\/\/dev.refrigerantboys.com\/fr\/acheter\/fluides-frigorigenes\/r134a\/gaz-refrigerant-r134a-en-bouteille-refrigerant-avec-valve-12-kg-1-4\/","og_locale":"fr_FR","og_type":"article","og_title":"Gaz r\u00e9frig\u00e9rant R134a dans une bouteille RECONDITIONN\u00c9E de 12 kg 1\/4 valve | Refrigerant Boys","og_description":"Bouteille rechargeable RECONDITIONN\u00c9E R134a 12 kg T-PED \/ EN 13322-1 Valve 1\/4\" SAE UN 3159   Ces cylindres sont RECONDITIONN\u00c9S (ils ne sont pas neufs). Les vannes ont \u00e9t\u00e9 v\u00e9rifi\u00e9es et les robinets ont \u00e9t\u00e9 nettoy\u00e9s \u00e0 l'int\u00e9rieur et remplis de gaz neuf. Ext\u00e9rieurement, ils peuvent pr\u00e9senter des signes d'usure\/rayures.  PRIX INCLUANT LA BOUTEILLE QUI RESTERA VOTRE PROPRI\u00c9T\u00c9 RECHARGE DE LA BOUTEILLE GWP","og_url":"https:\/\/dev.refrigerantboys.com\/fr\/acheter\/fluides-frigorigenes\/r134a\/gaz-refrigerant-r134a-en-bouteille-refrigerant-avec-valve-12-kg-1-4\/","og_site_name":"Refrigerant Boys","article_modified_time":"2025-11-27T06:51:44+00:00","og_image":[{"width":382,"height":642,"url":"https:\/\/dev.refrigerantboys.com\/wp-content\/uploads\/2022\/02\/r134a-12kgu-300x590-1.png","type":"image\/png"}],"twitter_card":"summary_large_image","twitter_misc":{"Dur\u00e9e de lecture estim\u00e9e":"1 minute"},"schema":{"@context":"https:\/\/schema.org","@graph":[{"@type":"WebPage","@id":"https:\/\/dev.refrigerantboys.com\/fr\/acheter\/fluides-frigorigenes\/r134a\/gaz-refrigerant-r134a-en-bouteille-refrigerant-avec-valve-12-kg-1-4\/","url":"https:\/\/dev.refrigerantboys.com\/fr\/acheter\/fluides-frigorigenes\/r134a\/gaz-refrigerant-r134a-en-bouteille-refrigerant-avec-valve-12-kg-1-4\/","name":"Gaz r\u00e9frig\u00e9rant R134a dans une bouteille RECONDITIONN\u00c9E de 12 kg 1\/4 valve | Refrigerant Boys","isPartOf":{"@id":"https:\/\/dev.refrigerantboys.com\/fr\/#website"},"datePublished":"2022-02-24T14:27:45+00:00","dateModified":"2025-11-27T06:51:44+00:00","description":"Bouteille rechargeable RECONDITIONN\u00c9E R134a 12 kg T-PED \/ EN 13322-1 Valve 1\/4\" SAE UN 3159 Ces cylindres sont RECONDITIONN\u00c9S (ils ne sont pas neufs). Les vannes ont \u00e9t\u00e9 v\u00e9rifi\u00e9es et les robinets ont \u00e9t\u00e9 nettoy\u00e9s \u00e0 l'int\u00e9rieur et remplis de gaz neuf. Ext\u00e9rieurement, ils peuvent pr\u00e9senter des signes d'usure\/rayures. PRIX INCLUANT LA BOUTEILLE QUI RESTERA VOTRE PROPRI\u00c9T\u00c9 RECHARGE DE LA BOUTEILLE GWP","breadcrumb":{"@id":"https:\/\/dev.refrigerantboys.com\/fr\/acheter\/fluides-frigorigenes\/r134a\/gaz-refrigerant-r134a-en-bouteille-refrigerant-avec-valve-12-kg-1-4\/#breadcrumb"},"inLanguage":"fr-FR","potentialAction":[{"@type":"ReadAction","target":["https:\/\/dev.refrigerantboys.com\/fr\/acheter\/fluides-frigorigenes\/r134a\/gaz-refrigerant-r134a-en-bouteille-refrigerant-avec-valve-12-kg-1-4\/"]}]},{"@type":"BreadcrumbList","@id":"https:\/\/dev.refrigerantboys.com\/fr\/acheter\/fluides-frigorigenes\/r134a\/gaz-refrigerant-r134a-en-bouteille-refrigerant-avec-valve-12-kg-1-4\/#breadcrumb","itemListElement":[{"@type":"ListItem","position":1,"name":"Home","item":"https:\/\/dev.refrigerantboys.com\/fr\/"},{"@type":"ListItem","position":2,"name":"Boutique","item":"https:\/\/dev.refrigerantboys.com\/fr\/boutique\/"},{"@type":"ListItem","position":3,"name":"Gaz r\u00e9frig\u00e9rant R134a dans une bouteille RECONDITIONN\u00c9E de 12 kg 1\/4 valve"}]},{"@type":"WebSite","@id":"https:\/\/dev.refrigerantboys.com\/fr\/#website","url":"https:\/\/dev.refrigerantboys.com\/fr\/","name":"Refrigerant Boys","description":"Vendita gas refrigeranti","potentialAction":[{"@type":"SearchAction","target":{"@type":"EntryPoint","urlTemplate":"https:\/\/dev.refrigerantboys.com\/fr\/?s={search_term_string}"},"query-input":"required name=search_term_string"}],"inLanguage":"fr-FR"}]}},"_links":{"self":[{"href":"https:\/\/dev.refrigerantboys.com\/fr\/wp-json\/wp\/v2\/product\/52238"}],"collection":[{"href":"https:\/\/dev.refrigerantboys.com\/fr\/wp-json\/wp\/v2\/product"}],"about":[{"href":"https:\/\/dev.refrigerantboys.com\/fr\/wp-json\/wp\/v2\/types\/product"}],"wp:featuredmedia":[{"embeddable":true,"href":"https:\/\/dev.refrigerantboys.com\/fr\/wp-json\/wp\/v2\/media\/68697"}],"wp:attachment":[{"href":"https:\/\/dev.refrigerantboys.com\/fr\/wp-json\/wp\/v2\/media?parent=52238"}],"wp:term":[{"taxonomy":"product_cat","embeddable":true,"href":"https:\/\/dev.refrigerantboys.com\/fr\/wp-json\/wp\/v2\/product_cat?post=52238"},{"taxonomy":"product_tag","embeddable":true,"href":"https:\/\/dev.refrigerantboys.com\/fr\/wp-json\/wp\/v2\/product_tag?post=52238"}],"curies":[{"name":"wp","href":"https:\/\/api.w.org\/{rel}","templated":true}]}}