{"id":4003,"date":"2019-01-03T13:54:42","date_gmt":"2019-01-03T13:54:43","guid":{"rendered":"https:\/\/dev.refrigerantboys.com\/?post_type=product&#038;p=4003"},"modified":"2025-07-14T10:40:50","modified_gmt":"2025-07-14T08:40:50","slug":"gas-refrigerante-r452a-con-30-kg-valvola-217-x-1-14","status":"publish","type":"product","link":"https:\/\/dev.refrigerantboys.com\/fr\/acheter\/fluides-frigorigenes\/r452a\/gas-refrigerante-r452a-con-30-kg-valvola-217-x-1-14\/","title":{"rendered":"Gaz r\u00e9frig\u00e9rant R452A avec vanne de 30 kg 21,7 x 1\/14"},"content":{"rendered":"<p><span style=\"vertical-align: inherit;\">Notre bouteille de recharge de gaz R452A a une capacit\u00e9 de 30 kg et est \u00e9quip\u00e9e d&#8217;un robinet double SAE 21,7 x 1\/14 et d&#8217;une jauge pour assurer une connexion s\u00fbre et fiable \u00e0 votre syst\u00e8me de climatisation. Le gaz r\u00e9frig\u00e9rant NEW R452A est couramment utilis\u00e9 dans une large gamme d&#8217;applications de r\u00e9frig\u00e9ration commerciale et industrielle \u00e0 basse et tr\u00e8s basse temp\u00e9rature, telles que : les services de restauration, les entrep\u00f4ts frigorifiques, les transports r\u00e9frig\u00e9r\u00e9s, les machines \u00e0 fabriquer de la glace, les machines \u00e0 cr\u00e8me glac\u00e9e, etc. Nos bouteilles sont fabriqu\u00e9es \u00e0 partir de mat\u00e9riaux durables et conformes aux normes de s\u00e9curit\u00e9 les plus strictes. Nos bouteilles sont fabriqu\u00e9es \u00e0 partir de mat\u00e9riaux durables et r\u00e9pondent aux normes de s\u00e9curit\u00e9 les plus strictes. Faites confiance \u00e0 RefrigerantBoys pour votre bouteille de gaz R452A et obtenez un produit de qualit\u00e9 sup\u00e9rieure.<\/span><\/p>\n","protected":false},"excerpt":{"rendered":"<p><strong>Gaz r\u00e9frig\u00e9rant R452A en bouteille rechargeable de 30 kg homologu\u00e9 T-PED \/ EN 13322-1 <\/strong><strong>n<\/strong><strong> vanne 21,7 x 1\/14 SAE \u00e0 double robinet et jauge UN 1078<\/strong><\/p>\n<p><span style=\"color: #ff0000;\"><strong>LE NOUVEAU GAZ QUI REMPLACE LE R404A<\/strong><\/span><\/p>\n<h5><strong><span class=\"hps\">PRIX INCLUANT LA BOUTEILLE QUI RESTERA VOTRE PROPRI\u00c9T\u00c9 &#8211; <a href=\"https:\/\/dev.refrigerantboys.com\/fr\/recharge-bonbonnes\/\">RECHARGE DE LA BOUTEILLE<\/a><\/span><\/strong><\/h5>\n","protected":false},"featured_media":68880,"template":"","meta":[],"product_cat":[150,159],"product_tag":[],"acf":{"ai_note":""},"yoast_head":"<!-- This site is optimized with the Yoast SEO plugin v20.2 - https:\/\/yoast.com\/wordpress\/plugins\/seo\/ -->\n<title>Gaz r\u00e9frig\u00e9rant R452A avec vanne de 30 kg 21,7 x 1\/14 | Refrigerant Boys<\/title>\n<meta name=\"description\" content=\"Gaz r\u00e9frig\u00e9rant R452A en bouteille rechargeable de 30 kg homologu\u00e9 T-PED \/ EN 13322-1 n vanne 21,7 x 1\/14 SAE \u00e0 double robinet et jauge UN 1078  LE NOUVEAU GAZ QUI REMPLACE LE R404A PRIX INCLUANT LA BOUTEILLE QUI RESTERA VOTRE PROPRI\u00c9T\u00c9 - RECHARGE DE LA BOUTEILLE\" \/>\n<meta name=\"robots\" content=\"index, follow, max-snippet:-1, max-image-preview:large, max-video-preview:-1\" \/>\n<link rel=\"canonical\" href=\"https:\/\/dev.refrigerantboys.com\/fr\/acheter\/fluides-frigorigenes\/r452a\/gas-refrigerante-r452a-con-30-kg-valvola-217-x-1-14\/\" \/>\n<meta property=\"og:locale\" content=\"fr_FR\" \/>\n<meta property=\"og:type\" content=\"article\" \/>\n<meta property=\"og:title\" content=\"Gaz r\u00e9frig\u00e9rant R452A avec vanne de 30 kg 21,7 x 1\/14 | Refrigerant Boys\" \/>\n<meta property=\"og:description\" content=\"Gaz r\u00e9frig\u00e9rant R452A en bouteille rechargeable de 30 kg homologu\u00e9 T-PED \/ EN 13322-1 n vanne 21,7 x 1\/14 SAE \u00e0 double robinet et jauge UN 1078  LE NOUVEAU GAZ QUI REMPLACE LE R404A PRIX INCLUANT LA BOUTEILLE QUI RESTERA VOTRE PROPRI\u00c9T\u00c9 - RECHARGE DE LA BOUTEILLE\" \/>\n<meta property=\"og:url\" content=\"https:\/\/dev.refrigerantboys.com\/fr\/acheter\/fluides-frigorigenes\/r452a\/gas-refrigerante-r452a-con-30-kg-valvola-217-x-1-14\/\" \/>\n<meta property=\"og:site_name\" content=\"Refrigerant Boys\" \/>\n<meta property=\"article:modified_time\" content=\"2025-07-14T08:40:50+00:00\" \/>\n<meta property=\"og:image\" content=\"https:\/\/dev.refrigerantboys.com\/wp-content\/uploads\/2019\/01\/r452a-30kg-2.png\" \/>\n\t<meta property=\"og:image:width\" content=\"215\" \/>\n\t<meta property=\"og:image:height\" content=\"446\" \/>\n\t<meta property=\"og:image:type\" content=\"image\/png\" \/>\n<meta name=\"twitter:card\" content=\"summary_large_image\" \/>\n<meta name=\"twitter:label1\" content=\"Dur\u00e9e de lecture estim\u00e9e\" \/>\n\t<meta name=\"twitter:data1\" content=\"1 minute\" \/>\n<script type=\"application\/ld+json\" class=\"yoast-schema-graph\">{\"@context\":\"https:\/\/schema.org\",\"@graph\":[{\"@type\":\"WebPage\",\"@id\":\"https:\/\/dev.refrigerantboys.com\/fr\/acheter\/fluides-frigorigenes\/r452a\/gas-refrigerante-r452a-con-30-kg-valvola-217-x-1-14\/\",\"url\":\"https:\/\/dev.refrigerantboys.com\/fr\/acheter\/fluides-frigorigenes\/r452a\/gas-refrigerante-r452a-con-30-kg-valvola-217-x-1-14\/\",\"name\":\"Gaz r\u00e9frig\u00e9rant R452A avec vanne de 30 kg 21,7 x 1\/14 | Refrigerant Boys\",\"isPartOf\":{\"@id\":\"https:\/\/dev.refrigerantboys.com\/fr\/#website\"},\"datePublished\":\"2019-01-03T13:54:43+00:00\",\"dateModified\":\"2025-07-14T08:40:50+00:00\",\"description\":\"Gaz r\u00e9frig\u00e9rant R452A en bouteille rechargeable de 30 kg homologu\u00e9 T-PED \/ EN 13322-1 n vanne 21,7 x 1\/14 SAE \u00e0 double robinet et jauge UN 1078 LE NOUVEAU GAZ QUI REMPLACE LE R404A PRIX INCLUANT LA BOUTEILLE QUI RESTERA VOTRE PROPRI\u00c9T\u00c9 - RECHARGE DE LA BOUTEILLE\",\"breadcrumb\":{\"@id\":\"https:\/\/dev.refrigerantboys.com\/fr\/acheter\/fluides-frigorigenes\/r452a\/gas-refrigerante-r452a-con-30-kg-valvola-217-x-1-14\/#breadcrumb\"},\"inLanguage\":\"fr-FR\",\"potentialAction\":[{\"@type\":\"ReadAction\",\"target\":[\"https:\/\/dev.refrigerantboys.com\/fr\/acheter\/fluides-frigorigenes\/r452a\/gas-refrigerante-r452a-con-30-kg-valvola-217-x-1-14\/\"]}]},{\"@type\":\"BreadcrumbList\",\"@id\":\"https:\/\/dev.refrigerantboys.com\/fr\/acheter\/fluides-frigorigenes\/r452a\/gas-refrigerante-r452a-con-30-kg-valvola-217-x-1-14\/#breadcrumb\",\"itemListElement\":[{\"@type\":\"ListItem\",\"position\":1,\"name\":\"Home\",\"item\":\"https:\/\/dev.refrigerantboys.com\/fr\/\"},{\"@type\":\"ListItem\",\"position\":2,\"name\":\"Boutique\",\"item\":\"https:\/\/dev.refrigerantboys.com\/fr\/boutique\/\"},{\"@type\":\"ListItem\",\"position\":3,\"name\":\"Gaz r\u00e9frig\u00e9rant R452A avec vanne de 30 kg 21,7 x 1\/14\"}]},{\"@type\":\"WebSite\",\"@id\":\"https:\/\/dev.refrigerantboys.com\/fr\/#website\",\"url\":\"https:\/\/dev.refrigerantboys.com\/fr\/\",\"name\":\"Refrigerant Boys\",\"description\":\"Vendita gas refrigeranti\",\"potentialAction\":[{\"@type\":\"SearchAction\",\"target\":{\"@type\":\"EntryPoint\",\"urlTemplate\":\"https:\/\/dev.refrigerantboys.com\/fr\/?s={search_term_string}\"},\"query-input\":\"required name=search_term_string\"}],\"inLanguage\":\"fr-FR\"}]}<\/script>\n<!-- \/ Yoast SEO plugin. -->","yoast_head_json":{"title":"Gaz r\u00e9frig\u00e9rant R452A avec vanne de 30 kg 21,7 x 1\/14 | Refrigerant Boys","description":"Gaz r\u00e9frig\u00e9rant R452A en bouteille rechargeable de 30 kg homologu\u00e9 T-PED \/ EN 13322-1 n vanne 21,7 x 1\/14 SAE \u00e0 double robinet et jauge UN 1078  LE NOUVEAU GAZ QUI REMPLACE LE R404A PRIX INCLUANT LA BOUTEILLE QUI RESTERA VOTRE PROPRI\u00c9T\u00c9 - RECHARGE DE LA BOUTEILLE","robots":{"index":"index","follow":"follow","max-snippet":"max-snippet:-1","max-image-preview":"max-image-preview:large","max-video-preview":"max-video-preview:-1"},"canonical":"https:\/\/dev.refrigerantboys.com\/fr\/acheter\/fluides-frigorigenes\/r452a\/gas-refrigerante-r452a-con-30-kg-valvola-217-x-1-14\/","og_locale":"fr_FR","og_type":"article","og_title":"Gaz r\u00e9frig\u00e9rant R452A avec vanne de 30 kg 21,7 x 1\/14 | Refrigerant Boys","og_description":"Gaz r\u00e9frig\u00e9rant R452A en bouteille rechargeable de 30 kg homologu\u00e9 T-PED \/ EN 13322-1 n vanne 21,7 x 1\/14 SAE \u00e0 double robinet et jauge UN 1078  LE NOUVEAU GAZ QUI REMPLACE LE R404A PRIX INCLUANT LA BOUTEILLE QUI RESTERA VOTRE PROPRI\u00c9T\u00c9 - RECHARGE DE LA BOUTEILLE","og_url":"https:\/\/dev.refrigerantboys.com\/fr\/acheter\/fluides-frigorigenes\/r452a\/gas-refrigerante-r452a-con-30-kg-valvola-217-x-1-14\/","og_site_name":"Refrigerant Boys","article_modified_time":"2025-07-14T08:40:50+00:00","og_image":[{"width":215,"height":446,"url":"https:\/\/dev.refrigerantboys.com\/wp-content\/uploads\/2019\/01\/r452a-30kg-2.png","type":"image\/png"}],"twitter_card":"summary_large_image","twitter_misc":{"Dur\u00e9e de lecture estim\u00e9e":"1 minute"},"schema":{"@context":"https:\/\/schema.org","@graph":[{"@type":"WebPage","@id":"https:\/\/dev.refrigerantboys.com\/fr\/acheter\/fluides-frigorigenes\/r452a\/gas-refrigerante-r452a-con-30-kg-valvola-217-x-1-14\/","url":"https:\/\/dev.refrigerantboys.com\/fr\/acheter\/fluides-frigorigenes\/r452a\/gas-refrigerante-r452a-con-30-kg-valvola-217-x-1-14\/","name":"Gaz r\u00e9frig\u00e9rant R452A avec vanne de 30 kg 21,7 x 1\/14 | Refrigerant Boys","isPartOf":{"@id":"https:\/\/dev.refrigerantboys.com\/fr\/#website"},"datePublished":"2019-01-03T13:54:43+00:00","dateModified":"2025-07-14T08:40:50+00:00","description":"Gaz r\u00e9frig\u00e9rant R452A en bouteille rechargeable de 30 kg homologu\u00e9 T-PED \/ EN 13322-1 n vanne 21,7 x 1\/14 SAE \u00e0 double robinet et jauge UN 1078 LE NOUVEAU GAZ QUI REMPLACE LE R404A PRIX INCLUANT LA BOUTEILLE QUI RESTERA VOTRE PROPRI\u00c9T\u00c9 - RECHARGE DE LA BOUTEILLE","breadcrumb":{"@id":"https:\/\/dev.refrigerantboys.com\/fr\/acheter\/fluides-frigorigenes\/r452a\/gas-refrigerante-r452a-con-30-kg-valvola-217-x-1-14\/#breadcrumb"},"inLanguage":"fr-FR","potentialAction":[{"@type":"ReadAction","target":["https:\/\/dev.refrigerantboys.com\/fr\/acheter\/fluides-frigorigenes\/r452a\/gas-refrigerante-r452a-con-30-kg-valvola-217-x-1-14\/"]}]},{"@type":"BreadcrumbList","@id":"https:\/\/dev.refrigerantboys.com\/fr\/acheter\/fluides-frigorigenes\/r452a\/gas-refrigerante-r452a-con-30-kg-valvola-217-x-1-14\/#breadcrumb","itemListElement":[{"@type":"ListItem","position":1,"name":"Home","item":"https:\/\/dev.refrigerantboys.com\/fr\/"},{"@type":"ListItem","position":2,"name":"Boutique","item":"https:\/\/dev.refrigerantboys.com\/fr\/boutique\/"},{"@type":"ListItem","position":3,"name":"Gaz r\u00e9frig\u00e9rant R452A avec vanne de 30 kg 21,7 x 1\/14"}]},{"@type":"WebSite","@id":"https:\/\/dev.refrigerantboys.com\/fr\/#website","url":"https:\/\/dev.refrigerantboys.com\/fr\/","name":"Refrigerant Boys","description":"Vendita gas refrigeranti","potentialAction":[{"@type":"SearchAction","target":{"@type":"EntryPoint","urlTemplate":"https:\/\/dev.refrigerantboys.com\/fr\/?s={search_term_string}"},"query-input":"required name=search_term_string"}],"inLanguage":"fr-FR"}]}},"_links":{"self":[{"href":"https:\/\/dev.refrigerantboys.com\/fr\/wp-json\/wp\/v2\/product\/4003"}],"collection":[{"href":"https:\/\/dev.refrigerantboys.com\/fr\/wp-json\/wp\/v2\/product"}],"about":[{"href":"https:\/\/dev.refrigerantboys.com\/fr\/wp-json\/wp\/v2\/types\/product"}],"wp:featuredmedia":[{"embeddable":true,"href":"https:\/\/dev.refrigerantboys.com\/fr\/wp-json\/wp\/v2\/media\/68880"}],"wp:attachment":[{"href":"https:\/\/dev.refrigerantboys.com\/fr\/wp-json\/wp\/v2\/media?parent=4003"}],"wp:term":[{"taxonomy":"product_cat","embeddable":true,"href":"https:\/\/dev.refrigerantboys.com\/fr\/wp-json\/wp\/v2\/product_cat?post=4003"},{"taxonomy":"product_tag","embeddable":true,"href":"https:\/\/dev.refrigerantboys.com\/fr\/wp-json\/wp\/v2\/product_tag?post=4003"}],"curies":[{"name":"wp","href":"https:\/\/api.w.org\/{rel}","templated":true}]}}