{"id":3922,"date":"2018-11-27T14:26:19","date_gmt":"2018-11-27T14:26:21","guid":{"rendered":"https:\/\/dev.refrigerantboys.com\/?post_type=product&#038;p=3922"},"modified":"2025-10-12T17:49:41","modified_gmt":"2025-10-12T15:49:41","slug":"bouteille-r449a-de-gaz-de-30-kg-avec-robinet-de-217-x-1-1-4","status":"publish","type":"product","link":"https:\/\/dev.refrigerantboys.com\/fr\/acheter\/fluides-frigorigenes\/r449a\/bouteille-r449a-de-gaz-de-30-kg-avec-robinet-de-217-x-1-1-4\/","title":{"rendered":"Bouteille R449A de gaz de 30 kg avec robinet de 21,7 x 1\/1\/4"},"content":{"rendered":"<p>Notre bouteille de recharge de gaz R449A a une capacit\u00e9 de 30 kg avec une valve 21,7 x 1\/1\/4&#8243; pour assurer une connexion s\u00fbre et fiable \u00e0 votre syst\u00e8me d&#8217;air conditionn\u00e9. Le R449A est couramment utilis\u00e9 dans une large gamme d&#8217;applications de r\u00e9frig\u00e9ration commerciale et industrielle \u00e0 moyenne et basse temp\u00e9rature. Nos bouteilles sont fabriqu\u00e9es \u00e0 partir de mat\u00e9riaux durables et r\u00e9pondent aux normes de s\u00e9curit\u00e9 les plus strictes. Faites confiance \u00e0 RefrigerantBoys pour votre bouteille de gaz R449A et obtenez un produit de qualit\u00e9 sup\u00e9rieure. .<\/p>\n<p><span style=\"color: #ff6600;\"><strong>LE NOUVEAU GAZ QUI REMPLACE LE R404A<\/strong><\/span><\/p>\n<p><strong><u>Applications :<\/u><\/strong><\/p>\n<p>Le R449A est utilis\u00e9 dans les syst\u00e8mes de r\u00e9frig\u00e9ration \u00e0 d\u00e9tente directe fonctionnant \u00e0 basse et moyenne temp\u00e9rature : syst\u00e8mes de r\u00e9frig\u00e9ration centralis\u00e9s et chambres froides dans les supermarch\u00e9s, entrep\u00f4ts frigorifiques, comptoirs r\u00e9frig\u00e9r\u00e9s et vitrines r\u00e9frig\u00e9r\u00e9es (plug-in).<\/p>\n<p>Il convient aux nouvelles installations et \u00e0 l&#8217;adaptation des installations existantes au R-404A\/R507.<\/p>\n","protected":false},"excerpt":{"rendered":"<p><span style=\"color: #000000;\"><strong>Gaz r\u00e9frig\u00e9rant R449A en bouteille rechargeable de 30 kg homologu\u00e9e T-PED \/ EN 13322-1 <span style=\"color: #ff0000;\">valve 21.7\u2033 x 1\/1\/4\u2033 SAE<\/span> UN 3163<\/strong><\/span><\/p>\n<p><span lang=\"fr\"><strong><span class=\"hps\">PRIX INCLUANT LA BOUTEILLE QUI RESTERA VOTRE PROPRI\u00c9T\u00c9<\/span><\/strong><\/span><\/p>\n<p><span style=\"color: #ff0000; font-size: 20px;\"><strong>GWP[1397]<\/strong><\/span><\/p>\n","protected":false},"featured_media":68865,"template":"","meta":[],"product_cat":[150,217],"product_tag":[],"acf":{"ai_note":""},"yoast_head":"<!-- This site is optimized with the Yoast SEO plugin v20.2 - https:\/\/yoast.com\/wordpress\/plugins\/seo\/ -->\n<title>Bouteille R449A de gaz de 30 kg avec robinet de 21,7 x 1\/1\/4 | Refrigerant Boys<\/title>\n<meta name=\"description\" content=\"Gaz r\u00e9frig\u00e9rant R449A en bouteille rechargeable de 30 kg homologu\u00e9e T-PED \/ EN 13322-1 valve 21.7\u2033 x 1\/1\/4\u2033 SAE UN 3163  PRIX INCLUANT LA BOUTEILLE QUI RESTERA VOTRE PROPRI\u00c9T\u00c9  GWP\" \/>\n<meta name=\"robots\" content=\"index, follow, max-snippet:-1, max-image-preview:large, max-video-preview:-1\" \/>\n<link rel=\"canonical\" href=\"https:\/\/dev.refrigerantboys.com\/fr\/acheter\/fluides-frigorigenes\/r449a\/bouteille-r449a-de-gaz-de-30-kg-avec-robinet-de-217-x-1-1-4\/\" \/>\n<meta property=\"og:locale\" content=\"fr_FR\" \/>\n<meta property=\"og:type\" content=\"article\" \/>\n<meta property=\"og:title\" content=\"Bouteille R449A de gaz de 30 kg avec robinet de 21,7 x 1\/1\/4 | Refrigerant Boys\" \/>\n<meta property=\"og:description\" content=\"Gaz r\u00e9frig\u00e9rant R449A en bouteille rechargeable de 30 kg homologu\u00e9e T-PED \/ EN 13322-1 valve 21.7\u2033 x 1\/1\/4\u2033 SAE UN 3163  PRIX INCLUANT LA BOUTEILLE QUI RESTERA VOTRE PROPRI\u00c9T\u00c9  GWP\" \/>\n<meta property=\"og:url\" content=\"https:\/\/dev.refrigerantboys.com\/fr\/acheter\/fluides-frigorigenes\/r449a\/bouteille-r449a-de-gaz-de-30-kg-avec-robinet-de-217-x-1-1-4\/\" \/>\n<meta property=\"og:site_name\" content=\"Refrigerant Boys\" \/>\n<meta property=\"article:modified_time\" content=\"2025-10-12T15:49:41+00:00\" \/>\n<meta property=\"og:image\" content=\"https:\/\/dev.refrigerantboys.com\/wp-content\/uploads\/2018\/11\/r449a-30kg-1.png\" \/>\n\t<meta property=\"og:image:width\" content=\"206\" \/>\n\t<meta property=\"og:image:height\" content=\"446\" \/>\n\t<meta property=\"og:image:type\" content=\"image\/png\" \/>\n<meta name=\"twitter:card\" content=\"summary_large_image\" \/>\n<meta name=\"twitter:label1\" content=\"Dur\u00e9e de lecture estim\u00e9e\" \/>\n\t<meta name=\"twitter:data1\" content=\"1 minute\" \/>\n<script type=\"application\/ld+json\" class=\"yoast-schema-graph\">{\"@context\":\"https:\/\/schema.org\",\"@graph\":[{\"@type\":\"WebPage\",\"@id\":\"https:\/\/dev.refrigerantboys.com\/fr\/acheter\/fluides-frigorigenes\/r449a\/bouteille-r449a-de-gaz-de-30-kg-avec-robinet-de-217-x-1-1-4\/\",\"url\":\"https:\/\/dev.refrigerantboys.com\/fr\/acheter\/fluides-frigorigenes\/r449a\/bouteille-r449a-de-gaz-de-30-kg-avec-robinet-de-217-x-1-1-4\/\",\"name\":\"Bouteille R449A de gaz de 30 kg avec robinet de 21,7 x 1\/1\/4 | Refrigerant Boys\",\"isPartOf\":{\"@id\":\"https:\/\/dev.refrigerantboys.com\/fr\/#website\"},\"datePublished\":\"2018-11-27T14:26:21+00:00\",\"dateModified\":\"2025-10-12T15:49:41+00:00\",\"description\":\"Gaz r\u00e9frig\u00e9rant R449A en bouteille rechargeable de 30 kg homologu\u00e9e T-PED \/ EN 13322-1 valve 21.7\u2033 x 1\/1\/4\u2033 SAE UN 3163 PRIX INCLUANT LA BOUTEILLE QUI RESTERA VOTRE PROPRI\u00c9T\u00c9 GWP\",\"breadcrumb\":{\"@id\":\"https:\/\/dev.refrigerantboys.com\/fr\/acheter\/fluides-frigorigenes\/r449a\/bouteille-r449a-de-gaz-de-30-kg-avec-robinet-de-217-x-1-1-4\/#breadcrumb\"},\"inLanguage\":\"fr-FR\",\"potentialAction\":[{\"@type\":\"ReadAction\",\"target\":[\"https:\/\/dev.refrigerantboys.com\/fr\/acheter\/fluides-frigorigenes\/r449a\/bouteille-r449a-de-gaz-de-30-kg-avec-robinet-de-217-x-1-1-4\/\"]}]},{\"@type\":\"BreadcrumbList\",\"@id\":\"https:\/\/dev.refrigerantboys.com\/fr\/acheter\/fluides-frigorigenes\/r449a\/bouteille-r449a-de-gaz-de-30-kg-avec-robinet-de-217-x-1-1-4\/#breadcrumb\",\"itemListElement\":[{\"@type\":\"ListItem\",\"position\":1,\"name\":\"Home\",\"item\":\"https:\/\/dev.refrigerantboys.com\/fr\/\"},{\"@type\":\"ListItem\",\"position\":2,\"name\":\"Boutique\",\"item\":\"https:\/\/dev.refrigerantboys.com\/fr\/boutique\/\"},{\"@type\":\"ListItem\",\"position\":3,\"name\":\"Bouteille R449A de gaz de 30 kg avec robinet de 21,7 x 1\/1\/4\"}]},{\"@type\":\"WebSite\",\"@id\":\"https:\/\/dev.refrigerantboys.com\/fr\/#website\",\"url\":\"https:\/\/dev.refrigerantboys.com\/fr\/\",\"name\":\"Refrigerant Boys\",\"description\":\"Vendita gas refrigeranti\",\"potentialAction\":[{\"@type\":\"SearchAction\",\"target\":{\"@type\":\"EntryPoint\",\"urlTemplate\":\"https:\/\/dev.refrigerantboys.com\/fr\/?s={search_term_string}\"},\"query-input\":\"required name=search_term_string\"}],\"inLanguage\":\"fr-FR\"}]}<\/script>\n<!-- \/ Yoast SEO plugin. -->","yoast_head_json":{"title":"Bouteille R449A de gaz de 30 kg avec robinet de 21,7 x 1\/1\/4 | Refrigerant Boys","description":"Gaz r\u00e9frig\u00e9rant R449A en bouteille rechargeable de 30 kg homologu\u00e9e T-PED \/ EN 13322-1 valve 21.7\u2033 x 1\/1\/4\u2033 SAE UN 3163  PRIX INCLUANT LA BOUTEILLE QUI RESTERA VOTRE PROPRI\u00c9T\u00c9  GWP","robots":{"index":"index","follow":"follow","max-snippet":"max-snippet:-1","max-image-preview":"max-image-preview:large","max-video-preview":"max-video-preview:-1"},"canonical":"https:\/\/dev.refrigerantboys.com\/fr\/acheter\/fluides-frigorigenes\/r449a\/bouteille-r449a-de-gaz-de-30-kg-avec-robinet-de-217-x-1-1-4\/","og_locale":"fr_FR","og_type":"article","og_title":"Bouteille R449A de gaz de 30 kg avec robinet de 21,7 x 1\/1\/4 | Refrigerant Boys","og_description":"Gaz r\u00e9frig\u00e9rant R449A en bouteille rechargeable de 30 kg homologu\u00e9e T-PED \/ EN 13322-1 valve 21.7\u2033 x 1\/1\/4\u2033 SAE UN 3163  PRIX INCLUANT LA BOUTEILLE QUI RESTERA VOTRE PROPRI\u00c9T\u00c9  GWP","og_url":"https:\/\/dev.refrigerantboys.com\/fr\/acheter\/fluides-frigorigenes\/r449a\/bouteille-r449a-de-gaz-de-30-kg-avec-robinet-de-217-x-1-1-4\/","og_site_name":"Refrigerant Boys","article_modified_time":"2025-10-12T15:49:41+00:00","og_image":[{"width":206,"height":446,"url":"https:\/\/dev.refrigerantboys.com\/wp-content\/uploads\/2018\/11\/r449a-30kg-1.png","type":"image\/png"}],"twitter_card":"summary_large_image","twitter_misc":{"Dur\u00e9e de lecture estim\u00e9e":"1 minute"},"schema":{"@context":"https:\/\/schema.org","@graph":[{"@type":"WebPage","@id":"https:\/\/dev.refrigerantboys.com\/fr\/acheter\/fluides-frigorigenes\/r449a\/bouteille-r449a-de-gaz-de-30-kg-avec-robinet-de-217-x-1-1-4\/","url":"https:\/\/dev.refrigerantboys.com\/fr\/acheter\/fluides-frigorigenes\/r449a\/bouteille-r449a-de-gaz-de-30-kg-avec-robinet-de-217-x-1-1-4\/","name":"Bouteille R449A de gaz de 30 kg avec robinet de 21,7 x 1\/1\/4 | Refrigerant Boys","isPartOf":{"@id":"https:\/\/dev.refrigerantboys.com\/fr\/#website"},"datePublished":"2018-11-27T14:26:21+00:00","dateModified":"2025-10-12T15:49:41+00:00","description":"Gaz r\u00e9frig\u00e9rant R449A en bouteille rechargeable de 30 kg homologu\u00e9e T-PED \/ EN 13322-1 valve 21.7\u2033 x 1\/1\/4\u2033 SAE UN 3163 PRIX INCLUANT LA BOUTEILLE QUI RESTERA VOTRE PROPRI\u00c9T\u00c9 GWP","breadcrumb":{"@id":"https:\/\/dev.refrigerantboys.com\/fr\/acheter\/fluides-frigorigenes\/r449a\/bouteille-r449a-de-gaz-de-30-kg-avec-robinet-de-217-x-1-1-4\/#breadcrumb"},"inLanguage":"fr-FR","potentialAction":[{"@type":"ReadAction","target":["https:\/\/dev.refrigerantboys.com\/fr\/acheter\/fluides-frigorigenes\/r449a\/bouteille-r449a-de-gaz-de-30-kg-avec-robinet-de-217-x-1-1-4\/"]}]},{"@type":"BreadcrumbList","@id":"https:\/\/dev.refrigerantboys.com\/fr\/acheter\/fluides-frigorigenes\/r449a\/bouteille-r449a-de-gaz-de-30-kg-avec-robinet-de-217-x-1-1-4\/#breadcrumb","itemListElement":[{"@type":"ListItem","position":1,"name":"Home","item":"https:\/\/dev.refrigerantboys.com\/fr\/"},{"@type":"ListItem","position":2,"name":"Boutique","item":"https:\/\/dev.refrigerantboys.com\/fr\/boutique\/"},{"@type":"ListItem","position":3,"name":"Bouteille R449A de gaz de 30 kg avec robinet de 21,7 x 1\/1\/4"}]},{"@type":"WebSite","@id":"https:\/\/dev.refrigerantboys.com\/fr\/#website","url":"https:\/\/dev.refrigerantboys.com\/fr\/","name":"Refrigerant Boys","description":"Vendita gas refrigeranti","potentialAction":[{"@type":"SearchAction","target":{"@type":"EntryPoint","urlTemplate":"https:\/\/dev.refrigerantboys.com\/fr\/?s={search_term_string}"},"query-input":"required name=search_term_string"}],"inLanguage":"fr-FR"}]}},"_links":{"self":[{"href":"https:\/\/dev.refrigerantboys.com\/fr\/wp-json\/wp\/v2\/product\/3922"}],"collection":[{"href":"https:\/\/dev.refrigerantboys.com\/fr\/wp-json\/wp\/v2\/product"}],"about":[{"href":"https:\/\/dev.refrigerantboys.com\/fr\/wp-json\/wp\/v2\/types\/product"}],"wp:featuredmedia":[{"embeddable":true,"href":"https:\/\/dev.refrigerantboys.com\/fr\/wp-json\/wp\/v2\/media\/68865"}],"wp:attachment":[{"href":"https:\/\/dev.refrigerantboys.com\/fr\/wp-json\/wp\/v2\/media?parent=3922"}],"wp:term":[{"taxonomy":"product_cat","embeddable":true,"href":"https:\/\/dev.refrigerantboys.com\/fr\/wp-json\/wp\/v2\/product_cat?post=3922"},{"taxonomy":"product_tag","embeddable":true,"href":"https:\/\/dev.refrigerantboys.com\/fr\/wp-json\/wp\/v2\/product_tag?post=3922"}],"curies":[{"name":"wp","href":"https:\/\/api.w.org\/{rel}","templated":true}]}}