{"id":3049,"date":"2017-10-28T22:44:17","date_gmt":"2017-10-28T22:44:17","guid":{"rendered":"https:\/\/dev.refrigerantboys.com\/non%20class\u00e9\/bomboletta-r290-370gr\/"},"modified":"2024-01-18T11:00:41","modified_gmt":"2024-01-18T10:00:41","slug":"gas-refrigerante-r290-da-370-grammi-valvola-1-2-acme-sinistra","status":"publish","type":"product","link":"https:\/\/dev.refrigerantboys.com\/fr\/acheter\/fluides-frigorigenes\/r290\/gas-refrigerante-r290-da-370-grammi-valvola-1-2-acme-sinistra\/","title":{"rendered":"Gaz r\u00e9frig\u00e9rant R290 370 grammes vanne 1\/2 ACME GAUCHE"},"content":{"rendered":"<p><span style=\"font-weight: 400;\">Bidon de 370 grammes de r\u00e9frig\u00e9rant R290 (propane) <\/span>certifi\u00e9 T-PED \/EN 13322-1. Il s&#8217;agit d&#8217;un gaz inflammable (classe A3) utilis\u00e9 dans la r\u00e9frig\u00e9ration commerciale et domestique et dans la climatisation mobile. Nos bouteilles sont fabriqu\u00e9es \u00e0 partir de mat\u00e9riaux durables et r\u00e9pondent aux normes de s\u00e9curit\u00e9 les plus strictes. Faites confiance \u00e0 RefrigerantBoys pour votre bouteille de gaz R290 et obtenez un produit de qualit\u00e9 sup\u00e9rieure. (vanne 1\/2&#8243; acme gauche) ONU 1978<\/p>\n","protected":false},"excerpt":{"rendered":"<p>          <strong><span style=\"color: #000000;\">Gaz r\u00e9frig\u00e9rant R290 bouteille de 370 grammes certifi\u00e9e T-PED \/ EN 13322-1. Il s&#8217;agit d&#8217;un produit \u00e0 faible PRP, utilis\u00e9 dans les climatiseurs de nouvelle g\u00e9n\u00e9ration.  <span style=\"color: #ed1c24;\">Vanne 1\/2&#8243; ACME GAUCHE <\/span><\/span>ONU 1978<\/strong><\/p>\n<pre><span style=\"color: #99cc00; font-size: 20px;\"><strong>GWP[3]<\/strong><\/span><\/pre>\n","protected":false},"featured_media":49945,"template":"","meta":[],"product_cat":[150,157],"product_tag":[],"acf":{"ai_note":""},"yoast_head":"<!-- This site is optimized with the Yoast SEO plugin v20.2 - https:\/\/yoast.com\/wordpress\/plugins\/seo\/ -->\n<title>Gaz r\u00e9frig\u00e9rant R290 370 grammes vanne 1\/2 ACME GAUCHE | Refrigerant Boys<\/title>\n<meta name=\"description\" content=\"Gaz r\u00e9frig\u00e9rant R290 bouteille de 370 grammes certifi\u00e9e T-PED \/ EN 13322-1. Il s&#039;agit d&#039;un produit \u00e0 faible PRP, utilis\u00e9 dans les climatiseurs de nouvelle g\u00e9n\u00e9ration. Vanne 1\/2&quot; ACME GAUCHE ONU 1978            GWP\" \/>\n<meta name=\"robots\" content=\"index, follow, max-snippet:-1, max-image-preview:large, max-video-preview:-1\" \/>\n<link rel=\"canonical\" href=\"https:\/\/dev.refrigerantboys.com\/fr\/acheter\/fluides-frigorigenes\/r290\/gas-refrigerante-r290-da-370-grammi-valvola-1-2-acme-sinistra\/\" \/>\n<meta property=\"og:locale\" content=\"fr_FR\" \/>\n<meta property=\"og:type\" content=\"article\" \/>\n<meta property=\"og:title\" content=\"Gaz r\u00e9frig\u00e9rant R290 370 grammes vanne 1\/2 ACME GAUCHE | Refrigerant Boys\" \/>\n<meta property=\"og:description\" content=\"Gaz r\u00e9frig\u00e9rant R290 bouteille de 370 grammes certifi\u00e9e T-PED \/ EN 13322-1. Il s&#039;agit d&#039;un produit \u00e0 faible PRP, utilis\u00e9 dans les climatiseurs de nouvelle g\u00e9n\u00e9ration. Vanne 1\/2&quot; ACME GAUCHE ONU 1978            GWP\" \/>\n<meta property=\"og:url\" content=\"https:\/\/dev.refrigerantboys.com\/fr\/acheter\/fluides-frigorigenes\/r290\/gas-refrigerante-r290-da-370-grammi-valvola-1-2-acme-sinistra\/\" \/>\n<meta property=\"og:site_name\" content=\"Refrigerant Boys\" \/>\n<meta property=\"article:modified_time\" content=\"2024-01-18T10:00:41+00:00\" \/>\n<meta property=\"og:image\" content=\"https:\/\/dev.refrigerantboys.com\/wp-content\/uploads\/2017\/10\/r290-1kg-332x800.png\" \/>\n\t<meta property=\"og:image:width\" content=\"332\" \/>\n\t<meta property=\"og:image:height\" content=\"800\" \/>\n\t<meta property=\"og:image:type\" content=\"image\/png\" \/>\n<meta name=\"twitter:card\" content=\"summary_large_image\" \/>\n<meta name=\"twitter:label1\" content=\"Dur\u00e9e de lecture estim\u00e9e\" \/>\n\t<meta name=\"twitter:data1\" content=\"1 minute\" \/>\n<script type=\"application\/ld+json\" class=\"yoast-schema-graph\">{\"@context\":\"https:\/\/schema.org\",\"@graph\":[{\"@type\":\"WebPage\",\"@id\":\"https:\/\/dev.refrigerantboys.com\/fr\/acheter\/fluides-frigorigenes\/r290\/gas-refrigerante-r290-da-370-grammi-valvola-1-2-acme-sinistra\/\",\"url\":\"https:\/\/dev.refrigerantboys.com\/fr\/acheter\/fluides-frigorigenes\/r290\/gas-refrigerante-r290-da-370-grammi-valvola-1-2-acme-sinistra\/\",\"name\":\"Gaz r\u00e9frig\u00e9rant R290 370 grammes vanne 1\/2 ACME GAUCHE | Refrigerant Boys\",\"isPartOf\":{\"@id\":\"https:\/\/dev.refrigerantboys.com\/fr\/#website\"},\"datePublished\":\"2017-10-28T22:44:17+00:00\",\"dateModified\":\"2024-01-18T10:00:41+00:00\",\"description\":\"Gaz r\u00e9frig\u00e9rant R290 bouteille de 370 grammes certifi\u00e9e T-PED \/ EN 13322-1. Il s'agit d'un produit \u00e0 faible PRP, utilis\u00e9 dans les climatiseurs de nouvelle g\u00e9n\u00e9ration. Vanne 1\/2\\\" ACME GAUCHE ONU 1978 GWP\",\"breadcrumb\":{\"@id\":\"https:\/\/dev.refrigerantboys.com\/fr\/acheter\/fluides-frigorigenes\/r290\/gas-refrigerante-r290-da-370-grammi-valvola-1-2-acme-sinistra\/#breadcrumb\"},\"inLanguage\":\"fr-FR\",\"potentialAction\":[{\"@type\":\"ReadAction\",\"target\":[\"https:\/\/dev.refrigerantboys.com\/fr\/acheter\/fluides-frigorigenes\/r290\/gas-refrigerante-r290-da-370-grammi-valvola-1-2-acme-sinistra\/\"]}]},{\"@type\":\"BreadcrumbList\",\"@id\":\"https:\/\/dev.refrigerantboys.com\/fr\/acheter\/fluides-frigorigenes\/r290\/gas-refrigerante-r290-da-370-grammi-valvola-1-2-acme-sinistra\/#breadcrumb\",\"itemListElement\":[{\"@type\":\"ListItem\",\"position\":1,\"name\":\"Home\",\"item\":\"https:\/\/dev.refrigerantboys.com\/fr\/\"},{\"@type\":\"ListItem\",\"position\":2,\"name\":\"Boutique\",\"item\":\"https:\/\/dev.refrigerantboys.com\/fr\/boutique\/\"},{\"@type\":\"ListItem\",\"position\":3,\"name\":\"Gaz r\u00e9frig\u00e9rant R290 370 grammes vanne 1\/2 ACME GAUCHE\"}]},{\"@type\":\"WebSite\",\"@id\":\"https:\/\/dev.refrigerantboys.com\/fr\/#website\",\"url\":\"https:\/\/dev.refrigerantboys.com\/fr\/\",\"name\":\"Refrigerant Boys\",\"description\":\"Vendita gas refrigeranti\",\"potentialAction\":[{\"@type\":\"SearchAction\",\"target\":{\"@type\":\"EntryPoint\",\"urlTemplate\":\"https:\/\/dev.refrigerantboys.com\/fr\/?s={search_term_string}\"},\"query-input\":\"required name=search_term_string\"}],\"inLanguage\":\"fr-FR\"}]}<\/script>\n<!-- \/ Yoast SEO plugin. -->","yoast_head_json":{"title":"Gaz r\u00e9frig\u00e9rant R290 370 grammes vanne 1\/2 ACME GAUCHE | Refrigerant Boys","description":"Gaz r\u00e9frig\u00e9rant R290 bouteille de 370 grammes certifi\u00e9e T-PED \/ EN 13322-1. Il s'agit d'un produit \u00e0 faible PRP, utilis\u00e9 dans les climatiseurs de nouvelle g\u00e9n\u00e9ration. Vanne 1\/2\" ACME GAUCHE ONU 1978            GWP","robots":{"index":"index","follow":"follow","max-snippet":"max-snippet:-1","max-image-preview":"max-image-preview:large","max-video-preview":"max-video-preview:-1"},"canonical":"https:\/\/dev.refrigerantboys.com\/fr\/acheter\/fluides-frigorigenes\/r290\/gas-refrigerante-r290-da-370-grammi-valvola-1-2-acme-sinistra\/","og_locale":"fr_FR","og_type":"article","og_title":"Gaz r\u00e9frig\u00e9rant R290 370 grammes vanne 1\/2 ACME GAUCHE | Refrigerant Boys","og_description":"Gaz r\u00e9frig\u00e9rant R290 bouteille de 370 grammes certifi\u00e9e T-PED \/ EN 13322-1. Il s'agit d'un produit \u00e0 faible PRP, utilis\u00e9 dans les climatiseurs de nouvelle g\u00e9n\u00e9ration. Vanne 1\/2\" ACME GAUCHE ONU 1978            GWP","og_url":"https:\/\/dev.refrigerantboys.com\/fr\/acheter\/fluides-frigorigenes\/r290\/gas-refrigerante-r290-da-370-grammi-valvola-1-2-acme-sinistra\/","og_site_name":"Refrigerant Boys","article_modified_time":"2024-01-18T10:00:41+00:00","og_image":[{"width":332,"height":800,"url":"https:\/\/dev.refrigerantboys.com\/wp-content\/uploads\/2017\/10\/r290-1kg-332x800.png","type":"image\/png"}],"twitter_card":"summary_large_image","twitter_misc":{"Dur\u00e9e de lecture estim\u00e9e":"1 minute"},"schema":{"@context":"https:\/\/schema.org","@graph":[{"@type":"WebPage","@id":"https:\/\/dev.refrigerantboys.com\/fr\/acheter\/fluides-frigorigenes\/r290\/gas-refrigerante-r290-da-370-grammi-valvola-1-2-acme-sinistra\/","url":"https:\/\/dev.refrigerantboys.com\/fr\/acheter\/fluides-frigorigenes\/r290\/gas-refrigerante-r290-da-370-grammi-valvola-1-2-acme-sinistra\/","name":"Gaz r\u00e9frig\u00e9rant R290 370 grammes vanne 1\/2 ACME GAUCHE | Refrigerant Boys","isPartOf":{"@id":"https:\/\/dev.refrigerantboys.com\/fr\/#website"},"datePublished":"2017-10-28T22:44:17+00:00","dateModified":"2024-01-18T10:00:41+00:00","description":"Gaz r\u00e9frig\u00e9rant R290 bouteille de 370 grammes certifi\u00e9e T-PED \/ EN 13322-1. Il s'agit d'un produit \u00e0 faible PRP, utilis\u00e9 dans les climatiseurs de nouvelle g\u00e9n\u00e9ration. Vanne 1\/2\" ACME GAUCHE ONU 1978 GWP","breadcrumb":{"@id":"https:\/\/dev.refrigerantboys.com\/fr\/acheter\/fluides-frigorigenes\/r290\/gas-refrigerante-r290-da-370-grammi-valvola-1-2-acme-sinistra\/#breadcrumb"},"inLanguage":"fr-FR","potentialAction":[{"@type":"ReadAction","target":["https:\/\/dev.refrigerantboys.com\/fr\/acheter\/fluides-frigorigenes\/r290\/gas-refrigerante-r290-da-370-grammi-valvola-1-2-acme-sinistra\/"]}]},{"@type":"BreadcrumbList","@id":"https:\/\/dev.refrigerantboys.com\/fr\/acheter\/fluides-frigorigenes\/r290\/gas-refrigerante-r290-da-370-grammi-valvola-1-2-acme-sinistra\/#breadcrumb","itemListElement":[{"@type":"ListItem","position":1,"name":"Home","item":"https:\/\/dev.refrigerantboys.com\/fr\/"},{"@type":"ListItem","position":2,"name":"Boutique","item":"https:\/\/dev.refrigerantboys.com\/fr\/boutique\/"},{"@type":"ListItem","position":3,"name":"Gaz r\u00e9frig\u00e9rant R290 370 grammes vanne 1\/2 ACME GAUCHE"}]},{"@type":"WebSite","@id":"https:\/\/dev.refrigerantboys.com\/fr\/#website","url":"https:\/\/dev.refrigerantboys.com\/fr\/","name":"Refrigerant Boys","description":"Vendita gas refrigeranti","potentialAction":[{"@type":"SearchAction","target":{"@type":"EntryPoint","urlTemplate":"https:\/\/dev.refrigerantboys.com\/fr\/?s={search_term_string}"},"query-input":"required name=search_term_string"}],"inLanguage":"fr-FR"}]}},"_links":{"self":[{"href":"https:\/\/dev.refrigerantboys.com\/fr\/wp-json\/wp\/v2\/product\/3049"}],"collection":[{"href":"https:\/\/dev.refrigerantboys.com\/fr\/wp-json\/wp\/v2\/product"}],"about":[{"href":"https:\/\/dev.refrigerantboys.com\/fr\/wp-json\/wp\/v2\/types\/product"}],"wp:featuredmedia":[{"embeddable":true,"href":"https:\/\/dev.refrigerantboys.com\/fr\/wp-json\/wp\/v2\/media\/49945"}],"wp:attachment":[{"href":"https:\/\/dev.refrigerantboys.com\/fr\/wp-json\/wp\/v2\/media?parent=3049"}],"wp:term":[{"taxonomy":"product_cat","embeddable":true,"href":"https:\/\/dev.refrigerantboys.com\/fr\/wp-json\/wp\/v2\/product_cat?post=3049"},{"taxonomy":"product_tag","embeddable":true,"href":"https:\/\/dev.refrigerantboys.com\/fr\/wp-json\/wp\/v2\/product_tag?post=3049"}],"curies":[{"name":"wp","href":"https:\/\/api.w.org\/{rel}","templated":true}]}}