{"id":2928,"date":"2017-10-28T22:47:00","date_gmt":"2017-10-28T22:47:00","guid":{"rendered":"https:\/\/dev.refrigerantboys.com\/non%20class\u00e9\/r290-5kg\/"},"modified":"2025-03-25T10:34:48","modified_gmt":"2025-03-25T09:34:48","slug":"refrigerante-r290-propano-in-bombola-da-5-kg-valvola-217x-1-14-sinistra","status":"publish","type":"product","link":"https:\/\/dev.refrigerantboys.com\/fr\/acheter\/fluides-frigorigenes\/r290\/refrigerante-r290-propano-in-bombola-da-5-kg-valvola-217x-1-14-sinistra\/","title":{"rendered":"R\u00e9frig\u00e9rant R290 (propane) dans une bouteille de 5 kg Vanne 21,7X 1\/14&#8243; GAUCHE"},"content":{"rendered":"<p><span style=\"font-weight: 400;\">Bouteille de 5 kg de r\u00e9frig\u00e9rant R290 (propane) <\/span>certifi\u00e9e T-PED \/EN 13322-1. Il s&#8217;agit d&#8217;un gaz inflammable (classe A3) utilis\u00e9 dans la r\u00e9frig\u00e9ration commerciale et domestique et dans la climatisation mobile. C&#8217;est un gaz respectueux de l&#8217;environnement. Nos cylindres sont fabriqu\u00e9s \u00e0 partir de mat\u00e9riaux durables et r\u00e9pondent aux normes de s\u00e9curit\u00e9 les plus strictes. Faites confiance \u00e0 RefrigerantBoys pour votre bouteille de gaz R290 et obtenez un produit de qualit\u00e9 sup\u00e9rieure.<\/p>\n","protected":false},"excerpt":{"rendered":"<p><strong><br \/>\n<span style=\"color: #000000;\">Bouteille de 5 kg de gaz r\u00e9frig\u00e9rant R290 (propane). Produit utilis\u00e9 dans les installations commerciales telles que les vitrines et les chambres froides. C&#8217;est un gaz respectueux de l&#8217;environnement. T-PED \/EN 13322-1 <span style=\"color: #ff0000;\">Valve 21.7X 1\/14&#8243; GAUCHE<\/span> UN 1978<\/span><br \/>\n<\/strong><\/p>\n<p class=\"box-excerpt is-small\"><strong><br \/>\n<span class=\"hps\">PRIX INCLUANT LA BOUTEILLE QUI RESTERA VOTRE PROPRI\u00c9T\u00c9 &#8211; <a href=\"https:\/\/dev.refrigerantboys.com\/ricarica-bombole-gas\/\">RECHARGE DE LA BOUTEILLE<\/a><\/span><br \/>\n<\/strong><\/p>\n<pre><span style=\"color: #99cc00; font-size: 20px;\"><strong>GWP[3]<\/strong><\/span><\/pre>\n","protected":false},"featured_media":68900,"template":"","meta":[],"product_cat":[150,157],"product_tag":[],"acf":{"ai_note":""},"yoast_head":"<!-- This site is optimized with the Yoast SEO plugin v20.2 - https:\/\/yoast.com\/wordpress\/plugins\/seo\/ -->\n<title>R\u00e9frig\u00e9rant R290 (propane) dans une bouteille de 5 kg Vanne 21,7X 1\/14&quot; GAUCHE | Refrigerant Boys<\/title>\n<meta name=\"description\" content=\"Bouteille de 5 kg de gaz r\u00e9frig\u00e9rant R290 (propane). Produit utilis\u00e9 dans les installations commerciales telles que les vitrines et les chambres froides. C&#039;est un gaz respectueux de l&#039;environnement. T-PED \/EN 13322-1 Valve 21.7X 1\/14&quot; GAUCHE UN 1978   PRIX INCLUANT LA BOUTEILLE QUI RESTERA VOTRE PROPRI\u00c9T\u00c9 - RECHARGE DE LA BOUTEILLE   GWP\" \/>\n<meta name=\"robots\" content=\"index, follow, max-snippet:-1, max-image-preview:large, max-video-preview:-1\" \/>\n<link rel=\"canonical\" href=\"https:\/\/dev.refrigerantboys.com\/fr\/acheter\/fluides-frigorigenes\/r290\/refrigerante-r290-propano-in-bombola-da-5-kg-valvola-217x-1-14-sinistra\/\" \/>\n<meta property=\"og:locale\" content=\"fr_FR\" \/>\n<meta property=\"og:type\" content=\"article\" \/>\n<meta property=\"og:title\" content=\"R\u00e9frig\u00e9rant R290 (propane) dans une bouteille de 5 kg Vanne 21,7X 1\/14&quot; GAUCHE | Refrigerant Boys\" \/>\n<meta property=\"og:description\" content=\"Bouteille de 5 kg de gaz r\u00e9frig\u00e9rant R290 (propane). Produit utilis\u00e9 dans les installations commerciales telles que les vitrines et les chambres froides. C&#039;est un gaz respectueux de l&#039;environnement. T-PED \/EN 13322-1 Valve 21.7X 1\/14&quot; GAUCHE UN 1978   PRIX INCLUANT LA BOUTEILLE QUI RESTERA VOTRE PROPRI\u00c9T\u00c9 - RECHARGE DE LA BOUTEILLE   GWP\" \/>\n<meta property=\"og:url\" content=\"https:\/\/dev.refrigerantboys.com\/fr\/acheter\/fluides-frigorigenes\/r290\/refrigerante-r290-propano-in-bombola-da-5-kg-valvola-217x-1-14-sinistra\/\" \/>\n<meta property=\"og:site_name\" content=\"Refrigerant Boys\" \/>\n<meta property=\"article:modified_time\" content=\"2025-03-25T09:34:48+00:00\" \/>\n<meta property=\"og:image\" content=\"https:\/\/dev.refrigerantboys.com\/wp-content\/uploads\/2017\/10\/r290a-5kg-300x531-1.png\" \/>\n\t<meta property=\"og:image:width\" content=\"305\" \/>\n\t<meta property=\"og:image:height\" content=\"524\" \/>\n\t<meta property=\"og:image:type\" content=\"image\/png\" \/>\n<meta name=\"twitter:card\" content=\"summary_large_image\" \/>\n<meta name=\"twitter:label1\" content=\"Dur\u00e9e de lecture estim\u00e9e\" \/>\n\t<meta name=\"twitter:data1\" content=\"1 minute\" \/>\n<script type=\"application\/ld+json\" class=\"yoast-schema-graph\">{\"@context\":\"https:\/\/schema.org\",\"@graph\":[{\"@type\":\"WebPage\",\"@id\":\"https:\/\/dev.refrigerantboys.com\/fr\/acheter\/fluides-frigorigenes\/r290\/refrigerante-r290-propano-in-bombola-da-5-kg-valvola-217x-1-14-sinistra\/\",\"url\":\"https:\/\/dev.refrigerantboys.com\/fr\/acheter\/fluides-frigorigenes\/r290\/refrigerante-r290-propano-in-bombola-da-5-kg-valvola-217x-1-14-sinistra\/\",\"name\":\"R\u00e9frig\u00e9rant R290 (propane) dans une bouteille de 5 kg Vanne 21,7X 1\/14\\\" GAUCHE | Refrigerant Boys\",\"isPartOf\":{\"@id\":\"https:\/\/dev.refrigerantboys.com\/fr\/#website\"},\"datePublished\":\"2017-10-28T22:47:00+00:00\",\"dateModified\":\"2025-03-25T09:34:48+00:00\",\"description\":\"Bouteille de 5 kg de gaz r\u00e9frig\u00e9rant R290 (propane). Produit utilis\u00e9 dans les installations commerciales telles que les vitrines et les chambres froides. C'est un gaz respectueux de l'environnement. T-PED \/EN 13322-1 Valve 21.7X 1\/14\\\" GAUCHE UN 1978 PRIX INCLUANT LA BOUTEILLE QUI RESTERA VOTRE PROPRI\u00c9T\u00c9 - RECHARGE DE LA BOUTEILLE GWP\",\"breadcrumb\":{\"@id\":\"https:\/\/dev.refrigerantboys.com\/fr\/acheter\/fluides-frigorigenes\/r290\/refrigerante-r290-propano-in-bombola-da-5-kg-valvola-217x-1-14-sinistra\/#breadcrumb\"},\"inLanguage\":\"fr-FR\",\"potentialAction\":[{\"@type\":\"ReadAction\",\"target\":[\"https:\/\/dev.refrigerantboys.com\/fr\/acheter\/fluides-frigorigenes\/r290\/refrigerante-r290-propano-in-bombola-da-5-kg-valvola-217x-1-14-sinistra\/\"]}]},{\"@type\":\"BreadcrumbList\",\"@id\":\"https:\/\/dev.refrigerantboys.com\/fr\/acheter\/fluides-frigorigenes\/r290\/refrigerante-r290-propano-in-bombola-da-5-kg-valvola-217x-1-14-sinistra\/#breadcrumb\",\"itemListElement\":[{\"@type\":\"ListItem\",\"position\":1,\"name\":\"Home\",\"item\":\"https:\/\/dev.refrigerantboys.com\/fr\/\"},{\"@type\":\"ListItem\",\"position\":2,\"name\":\"Boutique\",\"item\":\"https:\/\/dev.refrigerantboys.com\/fr\/boutique\/\"},{\"@type\":\"ListItem\",\"position\":3,\"name\":\"R\u00e9frig\u00e9rant R290 (propane) dans une bouteille de 5 kg Vanne 21,7X 1\/14&#8243; GAUCHE\"}]},{\"@type\":\"WebSite\",\"@id\":\"https:\/\/dev.refrigerantboys.com\/fr\/#website\",\"url\":\"https:\/\/dev.refrigerantboys.com\/fr\/\",\"name\":\"Refrigerant Boys\",\"description\":\"Vendita gas refrigeranti\",\"potentialAction\":[{\"@type\":\"SearchAction\",\"target\":{\"@type\":\"EntryPoint\",\"urlTemplate\":\"https:\/\/dev.refrigerantboys.com\/fr\/?s={search_term_string}\"},\"query-input\":\"required name=search_term_string\"}],\"inLanguage\":\"fr-FR\"}]}<\/script>\n<!-- \/ Yoast SEO plugin. -->","yoast_head_json":{"title":"R\u00e9frig\u00e9rant R290 (propane) dans une bouteille de 5 kg Vanne 21,7X 1\/14\" GAUCHE | Refrigerant Boys","description":"Bouteille de 5 kg de gaz r\u00e9frig\u00e9rant R290 (propane). Produit utilis\u00e9 dans les installations commerciales telles que les vitrines et les chambres froides. C'est un gaz respectueux de l'environnement. T-PED \/EN 13322-1 Valve 21.7X 1\/14\" GAUCHE UN 1978   PRIX INCLUANT LA BOUTEILLE QUI RESTERA VOTRE PROPRI\u00c9T\u00c9 - RECHARGE DE LA BOUTEILLE   GWP","robots":{"index":"index","follow":"follow","max-snippet":"max-snippet:-1","max-image-preview":"max-image-preview:large","max-video-preview":"max-video-preview:-1"},"canonical":"https:\/\/dev.refrigerantboys.com\/fr\/acheter\/fluides-frigorigenes\/r290\/refrigerante-r290-propano-in-bombola-da-5-kg-valvola-217x-1-14-sinistra\/","og_locale":"fr_FR","og_type":"article","og_title":"R\u00e9frig\u00e9rant R290 (propane) dans une bouteille de 5 kg Vanne 21,7X 1\/14\" GAUCHE | Refrigerant Boys","og_description":"Bouteille de 5 kg de gaz r\u00e9frig\u00e9rant R290 (propane). Produit utilis\u00e9 dans les installations commerciales telles que les vitrines et les chambres froides. C'est un gaz respectueux de l'environnement. T-PED \/EN 13322-1 Valve 21.7X 1\/14\" GAUCHE UN 1978   PRIX INCLUANT LA BOUTEILLE QUI RESTERA VOTRE PROPRI\u00c9T\u00c9 - RECHARGE DE LA BOUTEILLE   GWP","og_url":"https:\/\/dev.refrigerantboys.com\/fr\/acheter\/fluides-frigorigenes\/r290\/refrigerante-r290-propano-in-bombola-da-5-kg-valvola-217x-1-14-sinistra\/","og_site_name":"Refrigerant Boys","article_modified_time":"2025-03-25T09:34:48+00:00","og_image":[{"width":305,"height":524,"url":"https:\/\/dev.refrigerantboys.com\/wp-content\/uploads\/2017\/10\/r290a-5kg-300x531-1.png","type":"image\/png"}],"twitter_card":"summary_large_image","twitter_misc":{"Dur\u00e9e de lecture estim\u00e9e":"1 minute"},"schema":{"@context":"https:\/\/schema.org","@graph":[{"@type":"WebPage","@id":"https:\/\/dev.refrigerantboys.com\/fr\/acheter\/fluides-frigorigenes\/r290\/refrigerante-r290-propano-in-bombola-da-5-kg-valvola-217x-1-14-sinistra\/","url":"https:\/\/dev.refrigerantboys.com\/fr\/acheter\/fluides-frigorigenes\/r290\/refrigerante-r290-propano-in-bombola-da-5-kg-valvola-217x-1-14-sinistra\/","name":"R\u00e9frig\u00e9rant R290 (propane) dans une bouteille de 5 kg Vanne 21,7X 1\/14\" GAUCHE | Refrigerant Boys","isPartOf":{"@id":"https:\/\/dev.refrigerantboys.com\/fr\/#website"},"datePublished":"2017-10-28T22:47:00+00:00","dateModified":"2025-03-25T09:34:48+00:00","description":"Bouteille de 5 kg de gaz r\u00e9frig\u00e9rant R290 (propane). Produit utilis\u00e9 dans les installations commerciales telles que les vitrines et les chambres froides. C'est un gaz respectueux de l'environnement. T-PED \/EN 13322-1 Valve 21.7X 1\/14\" GAUCHE UN 1978 PRIX INCLUANT LA BOUTEILLE QUI RESTERA VOTRE PROPRI\u00c9T\u00c9 - RECHARGE DE LA BOUTEILLE GWP","breadcrumb":{"@id":"https:\/\/dev.refrigerantboys.com\/fr\/acheter\/fluides-frigorigenes\/r290\/refrigerante-r290-propano-in-bombola-da-5-kg-valvola-217x-1-14-sinistra\/#breadcrumb"},"inLanguage":"fr-FR","potentialAction":[{"@type":"ReadAction","target":["https:\/\/dev.refrigerantboys.com\/fr\/acheter\/fluides-frigorigenes\/r290\/refrigerante-r290-propano-in-bombola-da-5-kg-valvola-217x-1-14-sinistra\/"]}]},{"@type":"BreadcrumbList","@id":"https:\/\/dev.refrigerantboys.com\/fr\/acheter\/fluides-frigorigenes\/r290\/refrigerante-r290-propano-in-bombola-da-5-kg-valvola-217x-1-14-sinistra\/#breadcrumb","itemListElement":[{"@type":"ListItem","position":1,"name":"Home","item":"https:\/\/dev.refrigerantboys.com\/fr\/"},{"@type":"ListItem","position":2,"name":"Boutique","item":"https:\/\/dev.refrigerantboys.com\/fr\/boutique\/"},{"@type":"ListItem","position":3,"name":"R\u00e9frig\u00e9rant R290 (propane) dans une bouteille de 5 kg Vanne 21,7X 1\/14&#8243; GAUCHE"}]},{"@type":"WebSite","@id":"https:\/\/dev.refrigerantboys.com\/fr\/#website","url":"https:\/\/dev.refrigerantboys.com\/fr\/","name":"Refrigerant Boys","description":"Vendita gas refrigeranti","potentialAction":[{"@type":"SearchAction","target":{"@type":"EntryPoint","urlTemplate":"https:\/\/dev.refrigerantboys.com\/fr\/?s={search_term_string}"},"query-input":"required name=search_term_string"}],"inLanguage":"fr-FR"}]}},"_links":{"self":[{"href":"https:\/\/dev.refrigerantboys.com\/fr\/wp-json\/wp\/v2\/product\/2928"}],"collection":[{"href":"https:\/\/dev.refrigerantboys.com\/fr\/wp-json\/wp\/v2\/product"}],"about":[{"href":"https:\/\/dev.refrigerantboys.com\/fr\/wp-json\/wp\/v2\/types\/product"}],"wp:featuredmedia":[{"embeddable":true,"href":"https:\/\/dev.refrigerantboys.com\/fr\/wp-json\/wp\/v2\/media\/68900"}],"wp:attachment":[{"href":"https:\/\/dev.refrigerantboys.com\/fr\/wp-json\/wp\/v2\/media?parent=2928"}],"wp:term":[{"taxonomy":"product_cat","embeddable":true,"href":"https:\/\/dev.refrigerantboys.com\/fr\/wp-json\/wp\/v2\/product_cat?post=2928"},{"taxonomy":"product_tag","embeddable":true,"href":"https:\/\/dev.refrigerantboys.com\/fr\/wp-json\/wp\/v2\/product_tag?post=2928"}],"curies":[{"name":"wp","href":"https:\/\/api.w.org\/{rel}","templated":true}]}}