{"id":2886,"date":"2017-10-28T22:48:35","date_gmt":"2017-10-28T22:48:35","guid":{"rendered":"https:\/\/dev.refrigerantboys.com\/non%20class\u00e9\/r32-800-gr-valvola5-16-sae\/"},"modified":"2025-03-17T12:36:47","modified_gmt":"2025-03-17T11:36:47","slug":"fluide-refrigerant-r32-en-bouteille-rechargeable-de-9-kg-vale-w-217%e2%80%b3x-1-14%e2%80%b3-gauche","status":"publish","type":"product","link":"https:\/\/dev.refrigerantboys.com\/fr\/acheter\/fluides-frigorigenes\/r32\/fluide-refrigerant-r32-en-bouteille-rechargeable-de-9-kg-vale-w-217%e2%80%b3x-1-14%e2%80%b3-gauche\/","title":{"rendered":"Bouteille de gaz R32 de 9 kg (valve W21,7 x 1\/14&#8243;)"},"content":{"rendered":"<p>RefrigerantBoys propose une large gamme de r\u00e9frig\u00e9rants de haute qualit\u00e9 pour r\u00e9pondre \u00e0 vos besoins. Notre bouteille de gaz R32 de 9 kg est id\u00e9ale pour une utilisation dans les syst\u00e8mes de climatisation et les pompes \u00e0 chaleur, offrant une efficacit\u00e9 \u00e9nerg\u00e9tique sup\u00e9rieure et un faible impact environnemental. Nous sommes conscients de l&#8217;importance d&#8217;avoir des produits fiables et conformes aux normes en vigueur, c&#8217;est pourquoi vous pouvez compter sur notre bouteille de gaz R32 pour profiter de performances optimales et d&#8217;une s\u00e9curit\u00e9 maximale. Achetez d\u00e8s aujourd&#8217;hui votre bouteille de gaz R32 de 9 kg chez Refrigerant Boys et d\u00e9couvrez pourquoi nous sommes le choix pr\u00e9f\u00e9r\u00e9 des professionnels du secteur.<\/p>\n<p><strong>Applications\u00a0:<\/strong><\/p>\n<ul>\n<li>Le R32 a des performances et une efficacit\u00e9 \u00e9nerg\u00e9tique \u00e9quivalentes \u00e0 celles du R410A.<\/li>\n<li>GWP (Global Warming Potentiel) nettement inf\u00e9rieur au R410A.<\/li>\n<li>Il ne n\u00e9cessite pas le remplacement des composants, des lubrifiants et des joints.<\/li>\n<\/ul>\n<p><span style=\"color: #ff0000;\">Le R32 ne peut \u00eatre utilis\u00e9 que dans les nouveaux syst\u00e8mes con\u00e7us pour fonctionner avec des gaz l\u00e9g\u00e8rement inflammables (classe A2L)<\/span><\/p>\n<p><span style=\"color: #ff0000;\">Le R32 ne peut pas \u00eatre utilis\u00e9 comme produit de modernisation pour les syst\u00e8mes con\u00e7us pour fonctionner avec le R410A\u00a0; Les syst\u00e8mes R410A n\u2019\u00e9tant pas con\u00e7us pour fonctionner avec des gaz l\u00e9g\u00e8rement inflammables, il existe donc un risque d\u2019endommager le compresseur.<\/span><\/p>\n<p><strong>PRIX INCLUANT LA BOUTEILLE QUI DEMEURERA VOTRE PROPRI\u00c9T\u00c9<\/strong><\/p>\n","protected":false},"excerpt":{"rendered":"<p><strong>Gaz r\u00e9frig\u00e9rant R32 en bouteille de 9 kg, rechargeable et certifi\u00e9 T-PED \/ EN 13322-1. N\u00e9 comme une alternative au gaz R410A. Utilis\u00e9 par les principaux fabricants de climatiseurs. Faible impact environnemental UN 3252. <span style=\"color: #ed1c24;\">Vanne 21,7 \u2033 x 1\/14 GAUCHE<\/span><\/strong><\/p>\n<pre><span style=\"color: #ff0000; font-size: 20px;\"><strong>GWP[675]<\/strong><\/span><\/pre>\n","protected":false},"featured_media":68910,"template":"","meta":[],"product_cat":[150,154],"product_tag":[],"acf":{"ai_note":""},"yoast_head":"<!-- This site is optimized with the Yoast SEO plugin v20.2 - https:\/\/yoast.com\/wordpress\/plugins\/seo\/ -->\n<title>Bouteille de gaz R32 de 9 kg (valve W21,7 x 1\/14&quot;) | Refrigerant Boys<\/title>\n<meta name=\"description\" content=\"Si vous \u00eates \u00e0 la recherche d&#039;une bouteille de gaz R32 avec une capacit\u00e9 de 9 kg, vous \u00eates au bon endroit ! Refrigerant Boys propose une large gamme de r\u00e9frig\u00e9rants de haute qualit\u00e9 pour r\u00e9pondre \u00e0 vos besoins.\" \/>\n<meta name=\"robots\" content=\"index, follow, max-snippet:-1, max-image-preview:large, max-video-preview:-1\" \/>\n<link rel=\"canonical\" href=\"https:\/\/dev.refrigerantboys.com\/fr\/acheter\/fluides-frigorigenes\/r32\/fluide-refrigerant-r32-en-bouteille-rechargeable-de-9-kg-vale-w-217%e2%80%b3x-1-14%e2%80%b3-gauche\/\" \/>\n<meta property=\"og:locale\" content=\"fr_FR\" \/>\n<meta property=\"og:type\" content=\"article\" \/>\n<meta property=\"og:title\" content=\"Bouteille de gaz R32 de 9 kg (valve W21,7 x 1\/14&quot;) | Refrigerant Boys\" \/>\n<meta property=\"og:description\" content=\"Si vous \u00eates \u00e0 la recherche d&#039;une bouteille de gaz R32 avec une capacit\u00e9 de 9 kg, vous \u00eates au bon endroit ! Refrigerant Boys propose une large gamme de r\u00e9frig\u00e9rants de haute qualit\u00e9 pour r\u00e9pondre \u00e0 vos besoins.\" \/>\n<meta property=\"og:url\" content=\"https:\/\/dev.refrigerantboys.com\/fr\/acheter\/fluides-frigorigenes\/r32\/fluide-refrigerant-r32-en-bouteille-rechargeable-de-9-kg-vale-w-217%e2%80%b3x-1-14%e2%80%b3-gauche\/\" \/>\n<meta property=\"og:site_name\" content=\"Refrigerant Boys\" \/>\n<meta property=\"article:modified_time\" content=\"2025-03-17T11:36:47+00:00\" \/>\n<meta property=\"og:image\" content=\"https:\/\/dev.refrigerantboys.com\/wp-content\/uploads\/2017\/10\/r32-9kg-4.png\" \/>\n\t<meta property=\"og:image:width\" content=\"344\" \/>\n\t<meta property=\"og:image:height\" content=\"664\" \/>\n\t<meta property=\"og:image:type\" content=\"image\/png\" \/>\n<meta name=\"twitter:card\" content=\"summary_large_image\" \/>\n<meta name=\"twitter:label1\" content=\"Dur\u00e9e de lecture estim\u00e9e\" \/>\n\t<meta name=\"twitter:data1\" content=\"2 minutes\" \/>\n<script type=\"application\/ld+json\" class=\"yoast-schema-graph\">{\"@context\":\"https:\/\/schema.org\",\"@graph\":[{\"@type\":\"WebPage\",\"@id\":\"https:\/\/dev.refrigerantboys.com\/fr\/acheter\/fluides-frigorigenes\/r32\/fluide-refrigerant-r32-en-bouteille-rechargeable-de-9-kg-vale-w-217%e2%80%b3x-1-14%e2%80%b3-gauche\/\",\"url\":\"https:\/\/dev.refrigerantboys.com\/fr\/acheter\/fluides-frigorigenes\/r32\/fluide-refrigerant-r32-en-bouteille-rechargeable-de-9-kg-vale-w-217%e2%80%b3x-1-14%e2%80%b3-gauche\/\",\"name\":\"Bouteille de gaz R32 de 9 kg (valve W21,7 x 1\/14\\\") | Refrigerant Boys\",\"isPartOf\":{\"@id\":\"https:\/\/dev.refrigerantboys.com\/fr\/#website\"},\"datePublished\":\"2017-10-28T22:48:35+00:00\",\"dateModified\":\"2025-03-17T11:36:47+00:00\",\"description\":\"Si vous \u00eates \u00e0 la recherche d'une bouteille de gaz R32 avec une capacit\u00e9 de 9 kg, vous \u00eates au bon endroit ! Refrigerant Boys propose une large gamme de r\u00e9frig\u00e9rants de haute qualit\u00e9 pour r\u00e9pondre \u00e0 vos besoins.\",\"breadcrumb\":{\"@id\":\"https:\/\/dev.refrigerantboys.com\/fr\/acheter\/fluides-frigorigenes\/r32\/fluide-refrigerant-r32-en-bouteille-rechargeable-de-9-kg-vale-w-217%e2%80%b3x-1-14%e2%80%b3-gauche\/#breadcrumb\"},\"inLanguage\":\"fr-FR\",\"potentialAction\":[{\"@type\":\"ReadAction\",\"target\":[\"https:\/\/dev.refrigerantboys.com\/fr\/acheter\/fluides-frigorigenes\/r32\/fluide-refrigerant-r32-en-bouteille-rechargeable-de-9-kg-vale-w-217%e2%80%b3x-1-14%e2%80%b3-gauche\/\"]}]},{\"@type\":\"BreadcrumbList\",\"@id\":\"https:\/\/dev.refrigerantboys.com\/fr\/acheter\/fluides-frigorigenes\/r32\/fluide-refrigerant-r32-en-bouteille-rechargeable-de-9-kg-vale-w-217%e2%80%b3x-1-14%e2%80%b3-gauche\/#breadcrumb\",\"itemListElement\":[{\"@type\":\"ListItem\",\"position\":1,\"name\":\"Home\",\"item\":\"https:\/\/dev.refrigerantboys.com\/fr\/\"},{\"@type\":\"ListItem\",\"position\":2,\"name\":\"Boutique\",\"item\":\"https:\/\/dev.refrigerantboys.com\/fr\/boutique\/\"},{\"@type\":\"ListItem\",\"position\":3,\"name\":\"Bouteille de gaz R32 de 9 kg (valve W21,7 x 1\/14&#8243;)\"}]},{\"@type\":\"WebSite\",\"@id\":\"https:\/\/dev.refrigerantboys.com\/fr\/#website\",\"url\":\"https:\/\/dev.refrigerantboys.com\/fr\/\",\"name\":\"Refrigerant Boys\",\"description\":\"Vendita gas refrigeranti\",\"potentialAction\":[{\"@type\":\"SearchAction\",\"target\":{\"@type\":\"EntryPoint\",\"urlTemplate\":\"https:\/\/dev.refrigerantboys.com\/fr\/?s={search_term_string}\"},\"query-input\":\"required name=search_term_string\"}],\"inLanguage\":\"fr-FR\"}]}<\/script>\n<!-- \/ Yoast SEO plugin. -->","yoast_head_json":{"title":"Bouteille de gaz R32 de 9 kg (valve W21,7 x 1\/14\") | Refrigerant Boys","description":"Si vous \u00eates \u00e0 la recherche d'une bouteille de gaz R32 avec une capacit\u00e9 de 9 kg, vous \u00eates au bon endroit ! Refrigerant Boys propose une large gamme de r\u00e9frig\u00e9rants de haute qualit\u00e9 pour r\u00e9pondre \u00e0 vos besoins.","robots":{"index":"index","follow":"follow","max-snippet":"max-snippet:-1","max-image-preview":"max-image-preview:large","max-video-preview":"max-video-preview:-1"},"canonical":"https:\/\/dev.refrigerantboys.com\/fr\/acheter\/fluides-frigorigenes\/r32\/fluide-refrigerant-r32-en-bouteille-rechargeable-de-9-kg-vale-w-217%e2%80%b3x-1-14%e2%80%b3-gauche\/","og_locale":"fr_FR","og_type":"article","og_title":"Bouteille de gaz R32 de 9 kg (valve W21,7 x 1\/14\") | Refrigerant Boys","og_description":"Si vous \u00eates \u00e0 la recherche d'une bouteille de gaz R32 avec une capacit\u00e9 de 9 kg, vous \u00eates au bon endroit ! Refrigerant Boys propose une large gamme de r\u00e9frig\u00e9rants de haute qualit\u00e9 pour r\u00e9pondre \u00e0 vos besoins.","og_url":"https:\/\/dev.refrigerantboys.com\/fr\/acheter\/fluides-frigorigenes\/r32\/fluide-refrigerant-r32-en-bouteille-rechargeable-de-9-kg-vale-w-217%e2%80%b3x-1-14%e2%80%b3-gauche\/","og_site_name":"Refrigerant Boys","article_modified_time":"2025-03-17T11:36:47+00:00","og_image":[{"width":344,"height":664,"url":"https:\/\/dev.refrigerantboys.com\/wp-content\/uploads\/2017\/10\/r32-9kg-4.png","type":"image\/png"}],"twitter_card":"summary_large_image","twitter_misc":{"Dur\u00e9e de lecture estim\u00e9e":"2 minutes"},"schema":{"@context":"https:\/\/schema.org","@graph":[{"@type":"WebPage","@id":"https:\/\/dev.refrigerantboys.com\/fr\/acheter\/fluides-frigorigenes\/r32\/fluide-refrigerant-r32-en-bouteille-rechargeable-de-9-kg-vale-w-217%e2%80%b3x-1-14%e2%80%b3-gauche\/","url":"https:\/\/dev.refrigerantboys.com\/fr\/acheter\/fluides-frigorigenes\/r32\/fluide-refrigerant-r32-en-bouteille-rechargeable-de-9-kg-vale-w-217%e2%80%b3x-1-14%e2%80%b3-gauche\/","name":"Bouteille de gaz R32 de 9 kg (valve W21,7 x 1\/14\") | Refrigerant Boys","isPartOf":{"@id":"https:\/\/dev.refrigerantboys.com\/fr\/#website"},"datePublished":"2017-10-28T22:48:35+00:00","dateModified":"2025-03-17T11:36:47+00:00","description":"Si vous \u00eates \u00e0 la recherche d'une bouteille de gaz R32 avec une capacit\u00e9 de 9 kg, vous \u00eates au bon endroit ! Refrigerant Boys propose une large gamme de r\u00e9frig\u00e9rants de haute qualit\u00e9 pour r\u00e9pondre \u00e0 vos besoins.","breadcrumb":{"@id":"https:\/\/dev.refrigerantboys.com\/fr\/acheter\/fluides-frigorigenes\/r32\/fluide-refrigerant-r32-en-bouteille-rechargeable-de-9-kg-vale-w-217%e2%80%b3x-1-14%e2%80%b3-gauche\/#breadcrumb"},"inLanguage":"fr-FR","potentialAction":[{"@type":"ReadAction","target":["https:\/\/dev.refrigerantboys.com\/fr\/acheter\/fluides-frigorigenes\/r32\/fluide-refrigerant-r32-en-bouteille-rechargeable-de-9-kg-vale-w-217%e2%80%b3x-1-14%e2%80%b3-gauche\/"]}]},{"@type":"BreadcrumbList","@id":"https:\/\/dev.refrigerantboys.com\/fr\/acheter\/fluides-frigorigenes\/r32\/fluide-refrigerant-r32-en-bouteille-rechargeable-de-9-kg-vale-w-217%e2%80%b3x-1-14%e2%80%b3-gauche\/#breadcrumb","itemListElement":[{"@type":"ListItem","position":1,"name":"Home","item":"https:\/\/dev.refrigerantboys.com\/fr\/"},{"@type":"ListItem","position":2,"name":"Boutique","item":"https:\/\/dev.refrigerantboys.com\/fr\/boutique\/"},{"@type":"ListItem","position":3,"name":"Bouteille de gaz R32 de 9 kg (valve W21,7 x 1\/14&#8243;)"}]},{"@type":"WebSite","@id":"https:\/\/dev.refrigerantboys.com\/fr\/#website","url":"https:\/\/dev.refrigerantboys.com\/fr\/","name":"Refrigerant Boys","description":"Vendita gas refrigeranti","potentialAction":[{"@type":"SearchAction","target":{"@type":"EntryPoint","urlTemplate":"https:\/\/dev.refrigerantboys.com\/fr\/?s={search_term_string}"},"query-input":"required name=search_term_string"}],"inLanguage":"fr-FR"}]}},"_links":{"self":[{"href":"https:\/\/dev.refrigerantboys.com\/fr\/wp-json\/wp\/v2\/product\/2886"}],"collection":[{"href":"https:\/\/dev.refrigerantboys.com\/fr\/wp-json\/wp\/v2\/product"}],"about":[{"href":"https:\/\/dev.refrigerantboys.com\/fr\/wp-json\/wp\/v2\/types\/product"}],"wp:featuredmedia":[{"embeddable":true,"href":"https:\/\/dev.refrigerantboys.com\/fr\/wp-json\/wp\/v2\/media\/68910"}],"wp:attachment":[{"href":"https:\/\/dev.refrigerantboys.com\/fr\/wp-json\/wp\/v2\/media?parent=2886"}],"wp:term":[{"taxonomy":"product_cat","embeddable":true,"href":"https:\/\/dev.refrigerantboys.com\/fr\/wp-json\/wp\/v2\/product_cat?post=2886"},{"taxonomy":"product_tag","embeddable":true,"href":"https:\/\/dev.refrigerantboys.com\/fr\/wp-json\/wp\/v2\/product_tag?post=2886"}],"curies":[{"name":"wp","href":"https:\/\/api.w.org\/{rel}","templated":true}]}}