{"id":2714,"date":"2017-10-28T22:51:36","date_gmt":"2017-10-28T22:51:36","guid":{"rendered":"https:\/\/dev.refrigerantboys.com\/non%20class\u00e9\/r32-1-8kg\/"},"modified":"2025-03-17T12:31:11","modified_gmt":"2025-03-17T11:31:11","slug":"fluide-refrigerant-r32-en-bouteille-de-18-kg-valve-1-2-acme-gauche","status":"publish","type":"product","link":"https:\/\/dev.refrigerantboys.com\/fr\/acheter\/fluides-frigorigenes\/r32\/fluide-refrigerant-r32-en-bouteille-de-18-kg-valve-1-2-acme-gauche\/","title":{"rendered":"Bouteille pour REMPLISSAGE de gaz R32 de 1,8 kg valve 1\/2&#8243; ACME GAUCHE"},"content":{"rendered":"<p>Notre bouteille de remplissage de gaz R32 a une capacit\u00e9 de 1,8 kg et une valve 1\/2&#8243; ACME pour garantir un raccordement s\u00fbr et fiable \u00e0 votre syst\u00e8me de climatisation. Le gaz R32 est grandement utilis\u00e9 en raison de son efficacit\u00e9 \u00e9nerg\u00e9tique et de son faible impact sur l&#8217;environnement, et il est important de disposer d&#8217;une bouteille de haute qualit\u00e9 pour le remplissage. Nos bouteilles sont fabriqu\u00e9es \u00e0 partir de mat\u00e9riaux r\u00e9sistants et r\u00e9pondent aux normes de s\u00e9curit\u00e9 les plus \u00e9lev\u00e9es. Faites confiance \u00e0 Refrigerant Boys pour votre bouteille de remplissage de gaz R32 et obtenez un produit de qualit\u00e9 sup\u00e9rieure<\/p>\n<p><strong>Applications\u00a0:<\/strong><\/p>\n<ul>\n<li>Le R32 a des performances et une efficacit\u00e9 \u00e9nerg\u00e9tique \u00e9quivalentes \u00e0 celles du R410A.<\/li>\n<li>GWP (Global Warming Potentiel) nettement inf\u00e9rieur au R410A.<\/li>\n<li>Il ne n\u00e9cessite pas le remplacement des composants, des lubrifiants et des joints.<\/li>\n<\/ul>\n<p><span style=\"color: #ff0000;\">Le R32 ne peut \u00eatre utilis\u00e9 que dans les nouveaux syst\u00e8mes con\u00e7us pour fonctionner avec des gaz l\u00e9g\u00e8rement inflammables (classe A2L)<\/span><\/p>\n<p><span style=\"color: #ff0000;\">Le R32 ne peut pas \u00eatre utilis\u00e9 comme produit de modernisation pour les syst\u00e8mes con\u00e7us pour fonctionner avec le R410A\u00a0; Les syst\u00e8mes R410A n\u2019\u00e9tant pas con\u00e7us pour fonctionner avec des gaz l\u00e9g\u00e8rement inflammables, il existe donc un risque d\u2019endommager le compresseur.<\/span><\/p>\n<p>&nbsp;<\/p>\n","protected":false},"excerpt":{"rendered":"<p><span style=\"color: #000000;\"><strong>Fluide r\u00e9frig\u00e9rant R32 en bouteille de 1,8 kg certifi\u00e9e T-PED \/ EN 13322-1. Produit avec un bas potentiel de r\u00e9chauffement global (PRG), utilis\u00e9 les climatiseurs et conditionneurs de nouvelle g\u00e9n\u00e9ration. Substitute gaz R410A UN 3252 <span style=\"color: #ed1c24;\">Valve 1\/2&#8221; ACME GAUCHE<\/span><\/strong><\/span><\/p>\n<pre><span style=\"color: #ff0000; font-size: 20px;\"><strong>GWP[675]<\/strong><\/span><\/pre>\n","protected":false},"featured_media":49619,"template":"","meta":[],"product_cat":[150,154],"product_tag":[],"acf":{"ai_note":""},"yoast_head":"<!-- This site is optimized with the Yoast SEO plugin v20.2 - https:\/\/yoast.com\/wordpress\/plugins\/seo\/ -->\n<title>Bouteille pour REMPLISSAGE de gaz R32 de 1,8 kg valve 1\/2&quot; ACME GAUCHE | Refrigerant Boys<\/title>\n<meta name=\"description\" content=\"Notre bouteille de remplissage de gaz R32 a une capacit\u00e9 de 1,8 kg et une valve 1\/2&quot; ACME pour garantir un raccordement s\u00fbr et fiable \u00e0 votre syst\u00e8me de climatisation.\" \/>\n<meta name=\"robots\" content=\"index, follow, max-snippet:-1, max-image-preview:large, max-video-preview:-1\" \/>\n<link rel=\"canonical\" href=\"https:\/\/dev.refrigerantboys.com\/fr\/acheter\/fluides-frigorigenes\/r32\/fluide-refrigerant-r32-en-bouteille-de-18-kg-valve-1-2-acme-gauche\/\" \/>\n<meta property=\"og:locale\" content=\"fr_FR\" \/>\n<meta property=\"og:type\" content=\"article\" \/>\n<meta property=\"og:title\" content=\"Bouteille pour REMPLISSAGE de gaz R32 de 1,8 kg valve 1\/2&quot; ACME GAUCHE | Refrigerant Boys\" \/>\n<meta property=\"og:description\" content=\"Notre bouteille de remplissage de gaz R32 a une capacit\u00e9 de 1,8 kg et une valve 1\/2&quot; ACME pour garantir un raccordement s\u00fbr et fiable \u00e0 votre syst\u00e8me de climatisation.\" \/>\n<meta property=\"og:url\" content=\"https:\/\/dev.refrigerantboys.com\/fr\/acheter\/fluides-frigorigenes\/r32\/fluide-refrigerant-r32-en-bouteille-de-18-kg-valve-1-2-acme-gauche\/\" \/>\n<meta property=\"og:site_name\" content=\"Refrigerant Boys\" \/>\n<meta property=\"article:modified_time\" content=\"2025-03-17T11:31:11+00:00\" \/>\n<meta property=\"og:image\" content=\"https:\/\/dev.refrigerantboys.com\/wp-content\/uploads\/2017\/10\/r32-2kg.png\" \/>\n\t<meta property=\"og:image:width\" content=\"1401\" \/>\n\t<meta property=\"og:image:height\" content=\"2505\" \/>\n\t<meta property=\"og:image:type\" content=\"image\/png\" \/>\n<meta name=\"twitter:card\" content=\"summary_large_image\" \/>\n<meta name=\"twitter:label1\" content=\"Dur\u00e9e de lecture estim\u00e9e\" \/>\n\t<meta name=\"twitter:data1\" content=\"2 minutes\" \/>\n<script type=\"application\/ld+json\" class=\"yoast-schema-graph\">{\"@context\":\"https:\/\/schema.org\",\"@graph\":[{\"@type\":\"WebPage\",\"@id\":\"https:\/\/dev.refrigerantboys.com\/fr\/acheter\/fluides-frigorigenes\/r32\/fluide-refrigerant-r32-en-bouteille-de-18-kg-valve-1-2-acme-gauche\/\",\"url\":\"https:\/\/dev.refrigerantboys.com\/fr\/acheter\/fluides-frigorigenes\/r32\/fluide-refrigerant-r32-en-bouteille-de-18-kg-valve-1-2-acme-gauche\/\",\"name\":\"Bouteille pour REMPLISSAGE de gaz R32 de 1,8 kg valve 1\/2\\\" ACME GAUCHE | Refrigerant Boys\",\"isPartOf\":{\"@id\":\"https:\/\/dev.refrigerantboys.com\/fr\/#website\"},\"datePublished\":\"2017-10-28T22:51:36+00:00\",\"dateModified\":\"2025-03-17T11:31:11+00:00\",\"description\":\"Notre bouteille de remplissage de gaz R32 a une capacit\u00e9 de 1,8 kg et une valve 1\/2\\\" ACME pour garantir un raccordement s\u00fbr et fiable \u00e0 votre syst\u00e8me de climatisation.\",\"breadcrumb\":{\"@id\":\"https:\/\/dev.refrigerantboys.com\/fr\/acheter\/fluides-frigorigenes\/r32\/fluide-refrigerant-r32-en-bouteille-de-18-kg-valve-1-2-acme-gauche\/#breadcrumb\"},\"inLanguage\":\"fr-FR\",\"potentialAction\":[{\"@type\":\"ReadAction\",\"target\":[\"https:\/\/dev.refrigerantboys.com\/fr\/acheter\/fluides-frigorigenes\/r32\/fluide-refrigerant-r32-en-bouteille-de-18-kg-valve-1-2-acme-gauche\/\"]}]},{\"@type\":\"BreadcrumbList\",\"@id\":\"https:\/\/dev.refrigerantboys.com\/fr\/acheter\/fluides-frigorigenes\/r32\/fluide-refrigerant-r32-en-bouteille-de-18-kg-valve-1-2-acme-gauche\/#breadcrumb\",\"itemListElement\":[{\"@type\":\"ListItem\",\"position\":1,\"name\":\"Home\",\"item\":\"https:\/\/dev.refrigerantboys.com\/fr\/\"},{\"@type\":\"ListItem\",\"position\":2,\"name\":\"Boutique\",\"item\":\"https:\/\/dev.refrigerantboys.com\/fr\/boutique\/\"},{\"@type\":\"ListItem\",\"position\":3,\"name\":\"Bouteille pour REMPLISSAGE de gaz R32 de 1,8 kg valve 1\/2&#8243; ACME GAUCHE\"}]},{\"@type\":\"WebSite\",\"@id\":\"https:\/\/dev.refrigerantboys.com\/fr\/#website\",\"url\":\"https:\/\/dev.refrigerantboys.com\/fr\/\",\"name\":\"Refrigerant Boys\",\"description\":\"Vendita gas refrigeranti\",\"potentialAction\":[{\"@type\":\"SearchAction\",\"target\":{\"@type\":\"EntryPoint\",\"urlTemplate\":\"https:\/\/dev.refrigerantboys.com\/fr\/?s={search_term_string}\"},\"query-input\":\"required name=search_term_string\"}],\"inLanguage\":\"fr-FR\"}]}<\/script>\n<!-- \/ Yoast SEO plugin. -->","yoast_head_json":{"title":"Bouteille pour REMPLISSAGE de gaz R32 de 1,8 kg valve 1\/2\" ACME GAUCHE | Refrigerant Boys","description":"Notre bouteille de remplissage de gaz R32 a une capacit\u00e9 de 1,8 kg et une valve 1\/2\" ACME pour garantir un raccordement s\u00fbr et fiable \u00e0 votre syst\u00e8me de climatisation.","robots":{"index":"index","follow":"follow","max-snippet":"max-snippet:-1","max-image-preview":"max-image-preview:large","max-video-preview":"max-video-preview:-1"},"canonical":"https:\/\/dev.refrigerantboys.com\/fr\/acheter\/fluides-frigorigenes\/r32\/fluide-refrigerant-r32-en-bouteille-de-18-kg-valve-1-2-acme-gauche\/","og_locale":"fr_FR","og_type":"article","og_title":"Bouteille pour REMPLISSAGE de gaz R32 de 1,8 kg valve 1\/2\" ACME GAUCHE | Refrigerant Boys","og_description":"Notre bouteille de remplissage de gaz R32 a une capacit\u00e9 de 1,8 kg et une valve 1\/2\" ACME pour garantir un raccordement s\u00fbr et fiable \u00e0 votre syst\u00e8me de climatisation.","og_url":"https:\/\/dev.refrigerantboys.com\/fr\/acheter\/fluides-frigorigenes\/r32\/fluide-refrigerant-r32-en-bouteille-de-18-kg-valve-1-2-acme-gauche\/","og_site_name":"Refrigerant Boys","article_modified_time":"2025-03-17T11:31:11+00:00","og_image":[{"width":1401,"height":2505,"url":"https:\/\/dev.refrigerantboys.com\/wp-content\/uploads\/2017\/10\/r32-2kg.png","type":"image\/png"}],"twitter_card":"summary_large_image","twitter_misc":{"Dur\u00e9e de lecture estim\u00e9e":"2 minutes"},"schema":{"@context":"https:\/\/schema.org","@graph":[{"@type":"WebPage","@id":"https:\/\/dev.refrigerantboys.com\/fr\/acheter\/fluides-frigorigenes\/r32\/fluide-refrigerant-r32-en-bouteille-de-18-kg-valve-1-2-acme-gauche\/","url":"https:\/\/dev.refrigerantboys.com\/fr\/acheter\/fluides-frigorigenes\/r32\/fluide-refrigerant-r32-en-bouteille-de-18-kg-valve-1-2-acme-gauche\/","name":"Bouteille pour REMPLISSAGE de gaz R32 de 1,8 kg valve 1\/2\" ACME GAUCHE | Refrigerant Boys","isPartOf":{"@id":"https:\/\/dev.refrigerantboys.com\/fr\/#website"},"datePublished":"2017-10-28T22:51:36+00:00","dateModified":"2025-03-17T11:31:11+00:00","description":"Notre bouteille de remplissage de gaz R32 a une capacit\u00e9 de 1,8 kg et une valve 1\/2\" ACME pour garantir un raccordement s\u00fbr et fiable \u00e0 votre syst\u00e8me de climatisation.","breadcrumb":{"@id":"https:\/\/dev.refrigerantboys.com\/fr\/acheter\/fluides-frigorigenes\/r32\/fluide-refrigerant-r32-en-bouteille-de-18-kg-valve-1-2-acme-gauche\/#breadcrumb"},"inLanguage":"fr-FR","potentialAction":[{"@type":"ReadAction","target":["https:\/\/dev.refrigerantboys.com\/fr\/acheter\/fluides-frigorigenes\/r32\/fluide-refrigerant-r32-en-bouteille-de-18-kg-valve-1-2-acme-gauche\/"]}]},{"@type":"BreadcrumbList","@id":"https:\/\/dev.refrigerantboys.com\/fr\/acheter\/fluides-frigorigenes\/r32\/fluide-refrigerant-r32-en-bouteille-de-18-kg-valve-1-2-acme-gauche\/#breadcrumb","itemListElement":[{"@type":"ListItem","position":1,"name":"Home","item":"https:\/\/dev.refrigerantboys.com\/fr\/"},{"@type":"ListItem","position":2,"name":"Boutique","item":"https:\/\/dev.refrigerantboys.com\/fr\/boutique\/"},{"@type":"ListItem","position":3,"name":"Bouteille pour REMPLISSAGE de gaz R32 de 1,8 kg valve 1\/2&#8243; ACME GAUCHE"}]},{"@type":"WebSite","@id":"https:\/\/dev.refrigerantboys.com\/fr\/#website","url":"https:\/\/dev.refrigerantboys.com\/fr\/","name":"Refrigerant Boys","description":"Vendita gas refrigeranti","potentialAction":[{"@type":"SearchAction","target":{"@type":"EntryPoint","urlTemplate":"https:\/\/dev.refrigerantboys.com\/fr\/?s={search_term_string}"},"query-input":"required name=search_term_string"}],"inLanguage":"fr-FR"}]}},"_links":{"self":[{"href":"https:\/\/dev.refrigerantboys.com\/fr\/wp-json\/wp\/v2\/product\/2714"}],"collection":[{"href":"https:\/\/dev.refrigerantboys.com\/fr\/wp-json\/wp\/v2\/product"}],"about":[{"href":"https:\/\/dev.refrigerantboys.com\/fr\/wp-json\/wp\/v2\/types\/product"}],"wp:featuredmedia":[{"embeddable":true,"href":"https:\/\/dev.refrigerantboys.com\/fr\/wp-json\/wp\/v2\/media\/49619"}],"wp:attachment":[{"href":"https:\/\/dev.refrigerantboys.com\/fr\/wp-json\/wp\/v2\/media?parent=2714"}],"wp:term":[{"taxonomy":"product_cat","embeddable":true,"href":"https:\/\/dev.refrigerantboys.com\/fr\/wp-json\/wp\/v2\/product_cat?post=2714"},{"taxonomy":"product_tag","embeddable":true,"href":"https:\/\/dev.refrigerantboys.com\/fr\/wp-json\/wp\/v2\/product_tag?post=2714"}],"curies":[{"name":"wp","href":"https:\/\/api.w.org\/{rel}","templated":true}]}}