{"id":2713,"date":"2017-10-28T22:51:39","date_gmt":"2017-10-28T22:51:39","guid":{"rendered":"https:\/\/dev.refrigerantboys.com\/non%20class\u00e9\/bb407fk5\/"},"modified":"2024-11-18T14:40:48","modified_gmt":"2024-11-18T13:40:48","slug":"bouteille-de-gaz-r452a-de-5-kg-avec-une-valve-1-4","status":"publish","type":"product","link":"https:\/\/dev.refrigerantboys.com\/fr\/acheter\/fluides-frigorigenes\/r452a\/bouteille-de-gaz-r452a-de-5-kg-avec-une-valve-1-4\/","title":{"rendered":"Bouteille de gaz R452A de 5 kg avec une valve 1\/4"},"content":{"rendered":"<p>Notre bouteille de recharge de gaz R452A a une capacit\u00e9 de 5 kg avec une valve SAE 1\/4\u2033 pour assurer une connexion s\u00fbre et fiable \u00e0 votre syst\u00e8me d&#8217;air conditionn\u00e9. Le R452A est couramment utilis\u00e9 dans une large gamme d&#8217;applications de r\u00e9frig\u00e9ration commerciale et industrielle \u00e0 moyenne et basse temp\u00e9rature. Nos bouteilles sont fabriqu\u00e9es \u00e0 partir de mat\u00e9riaux durables et r\u00e9pondent aux normes de s\u00e9curit\u00e9 les plus strictes. Faites confiance \u00e0 RefrigerantBoys pour votre bouteille de gaz R452A et obtenez un produit de qualit\u00e9 sup\u00e9rieure. .<\/p>\n<p><span style=\"color: #ff6600;\"><strong>LE NOUVEAU GAZ QUI REMPLACE LE R404A<\/strong><\/span><\/p>\n<p><strong><u>Applications :<\/u><\/strong><\/p>\n<p>Le R452A est utilis\u00e9 dans les transports frigorifiques avec des syst\u00e8mes \u00e0 d\u00e9tente directe \u00e0 moyenne et basse temp\u00e9rature (conteneurs frigorifiques, fourgonnettes frigorifiques, camions et remorques) ; il convient \u00e9galement \u00e0 la modernisation des syst\u00e8mes de r\u00e9frig\u00e9ration \u00e0 d\u00e9tente directe commerciaux et industriels fonctionnant \u00e0 basse et moyenne temp\u00e9rature.<\/p>\n","protected":false},"excerpt":{"rendered":"<p><span style=\"color: #000000;\"><strong>Gaz r\u00e9frig\u00e9rant R452A en bouteille rechargeable de 5 kg homologu\u00e9e T-PED \/ EN 13322-1 <span style=\"color: #ff0000;\">Vanne 1\/4&#8243; SAE<\/span> UN 1078<\/strong><\/span><\/p>\n<p><span lang=\"fr\"><strong><span class=\"hps\">PRIX INCLUANT LA BOUTEILLE QUI RESTERA VOTRE PROPRI\u00c9T\u00c9<\/span><\/strong><\/span><\/p>\n<p><span style=\"color: #ff0000; font-size: 20px;\"><strong>GWP[2141]<\/strong><\/span><\/p>\n<p class=\"box-excerpt is-small\">\n","protected":false},"featured_media":68890,"template":"","meta":[],"product_cat":[150,159],"product_tag":[],"acf":{"ai_note":""},"yoast_head":"<!-- This site is optimized with the Yoast SEO plugin v20.2 - https:\/\/yoast.com\/wordpress\/plugins\/seo\/ -->\n<title>Bouteille de gaz R452A de 5 kg avec une valve 1\/4 | Refrigerant Boys<\/title>\n<meta name=\"description\" content=\"Gaz r\u00e9frig\u00e9rant R452A en bouteille rechargeable de 5 kg homologu\u00e9e T-PED \/ EN 13322-1 Vanne 1\/4&quot; SAE UN 1078  PRIX INCLUANT LA BOUTEILLE QUI RESTERA VOTRE PROPRI\u00c9T\u00c9  GWP\" \/>\n<meta name=\"robots\" content=\"index, follow, max-snippet:-1, max-image-preview:large, max-video-preview:-1\" \/>\n<link rel=\"canonical\" href=\"https:\/\/dev.refrigerantboys.com\/fr\/acheter\/fluides-frigorigenes\/r452a\/bouteille-de-gaz-r452a-de-5-kg-avec-une-valve-1-4\/\" \/>\n<meta property=\"og:locale\" content=\"fr_FR\" \/>\n<meta property=\"og:type\" content=\"article\" \/>\n<meta property=\"og:title\" content=\"Bouteille de gaz R452A de 5 kg avec une valve 1\/4 | Refrigerant Boys\" \/>\n<meta property=\"og:description\" content=\"Gaz r\u00e9frig\u00e9rant R452A en bouteille rechargeable de 5 kg homologu\u00e9e T-PED \/ EN 13322-1 Vanne 1\/4&quot; SAE UN 1078  PRIX INCLUANT LA BOUTEILLE QUI RESTERA VOTRE PROPRI\u00c9T\u00c9  GWP\" \/>\n<meta property=\"og:url\" content=\"https:\/\/dev.refrigerantboys.com\/fr\/acheter\/fluides-frigorigenes\/r452a\/bouteille-de-gaz-r452a-de-5-kg-avec-une-valve-1-4\/\" \/>\n<meta property=\"og:site_name\" content=\"Refrigerant Boys\" \/>\n<meta property=\"article:modified_time\" content=\"2024-11-18T13:40:48+00:00\" \/>\n<meta property=\"og:image\" content=\"https:\/\/dev.refrigerantboys.com\/wp-content\/uploads\/2017\/10\/r452a-5kg-1.png\" \/>\n\t<meta property=\"og:image:width\" content=\"398\" \/>\n\t<meta property=\"og:image:height\" content=\"722\" \/>\n\t<meta property=\"og:image:type\" content=\"image\/png\" \/>\n<meta name=\"twitter:card\" content=\"summary_large_image\" \/>\n<meta name=\"twitter:label1\" content=\"Dur\u00e9e de lecture estim\u00e9e\" \/>\n\t<meta name=\"twitter:data1\" content=\"1 minute\" \/>\n<script type=\"application\/ld+json\" class=\"yoast-schema-graph\">{\"@context\":\"https:\/\/schema.org\",\"@graph\":[{\"@type\":\"WebPage\",\"@id\":\"https:\/\/dev.refrigerantboys.com\/fr\/acheter\/fluides-frigorigenes\/r452a\/bouteille-de-gaz-r452a-de-5-kg-avec-une-valve-1-4\/\",\"url\":\"https:\/\/dev.refrigerantboys.com\/fr\/acheter\/fluides-frigorigenes\/r452a\/bouteille-de-gaz-r452a-de-5-kg-avec-une-valve-1-4\/\",\"name\":\"Bouteille de gaz R452A de 5 kg avec une valve 1\/4 | Refrigerant Boys\",\"isPartOf\":{\"@id\":\"https:\/\/dev.refrigerantboys.com\/fr\/#website\"},\"datePublished\":\"2017-10-28T22:51:39+00:00\",\"dateModified\":\"2024-11-18T13:40:48+00:00\",\"description\":\"Gaz r\u00e9frig\u00e9rant R452A en bouteille rechargeable de 5 kg homologu\u00e9e T-PED \/ EN 13322-1 Vanne 1\/4\\\" SAE UN 1078 PRIX INCLUANT LA BOUTEILLE QUI RESTERA VOTRE PROPRI\u00c9T\u00c9 GWP\",\"breadcrumb\":{\"@id\":\"https:\/\/dev.refrigerantboys.com\/fr\/acheter\/fluides-frigorigenes\/r452a\/bouteille-de-gaz-r452a-de-5-kg-avec-une-valve-1-4\/#breadcrumb\"},\"inLanguage\":\"fr-FR\",\"potentialAction\":[{\"@type\":\"ReadAction\",\"target\":[\"https:\/\/dev.refrigerantboys.com\/fr\/acheter\/fluides-frigorigenes\/r452a\/bouteille-de-gaz-r452a-de-5-kg-avec-une-valve-1-4\/\"]}]},{\"@type\":\"BreadcrumbList\",\"@id\":\"https:\/\/dev.refrigerantboys.com\/fr\/acheter\/fluides-frigorigenes\/r452a\/bouteille-de-gaz-r452a-de-5-kg-avec-une-valve-1-4\/#breadcrumb\",\"itemListElement\":[{\"@type\":\"ListItem\",\"position\":1,\"name\":\"Home\",\"item\":\"https:\/\/dev.refrigerantboys.com\/fr\/\"},{\"@type\":\"ListItem\",\"position\":2,\"name\":\"Boutique\",\"item\":\"https:\/\/dev.refrigerantboys.com\/fr\/boutique\/\"},{\"@type\":\"ListItem\",\"position\":3,\"name\":\"Bouteille de gaz R452A de 5 kg avec une valve 1\/4\"}]},{\"@type\":\"WebSite\",\"@id\":\"https:\/\/dev.refrigerantboys.com\/fr\/#website\",\"url\":\"https:\/\/dev.refrigerantboys.com\/fr\/\",\"name\":\"Refrigerant Boys\",\"description\":\"Vendita gas refrigeranti\",\"potentialAction\":[{\"@type\":\"SearchAction\",\"target\":{\"@type\":\"EntryPoint\",\"urlTemplate\":\"https:\/\/dev.refrigerantboys.com\/fr\/?s={search_term_string}\"},\"query-input\":\"required name=search_term_string\"}],\"inLanguage\":\"fr-FR\"}]}<\/script>\n<!-- \/ Yoast SEO plugin. -->","yoast_head_json":{"title":"Bouteille de gaz R452A de 5 kg avec une valve 1\/4 | Refrigerant Boys","description":"Gaz r\u00e9frig\u00e9rant R452A en bouteille rechargeable de 5 kg homologu\u00e9e T-PED \/ EN 13322-1 Vanne 1\/4\" SAE UN 1078  PRIX INCLUANT LA BOUTEILLE QUI RESTERA VOTRE PROPRI\u00c9T\u00c9  GWP","robots":{"index":"index","follow":"follow","max-snippet":"max-snippet:-1","max-image-preview":"max-image-preview:large","max-video-preview":"max-video-preview:-1"},"canonical":"https:\/\/dev.refrigerantboys.com\/fr\/acheter\/fluides-frigorigenes\/r452a\/bouteille-de-gaz-r452a-de-5-kg-avec-une-valve-1-4\/","og_locale":"fr_FR","og_type":"article","og_title":"Bouteille de gaz R452A de 5 kg avec une valve 1\/4 | Refrigerant Boys","og_description":"Gaz r\u00e9frig\u00e9rant R452A en bouteille rechargeable de 5 kg homologu\u00e9e T-PED \/ EN 13322-1 Vanne 1\/4\" SAE UN 1078  PRIX INCLUANT LA BOUTEILLE QUI RESTERA VOTRE PROPRI\u00c9T\u00c9  GWP","og_url":"https:\/\/dev.refrigerantboys.com\/fr\/acheter\/fluides-frigorigenes\/r452a\/bouteille-de-gaz-r452a-de-5-kg-avec-une-valve-1-4\/","og_site_name":"Refrigerant Boys","article_modified_time":"2024-11-18T13:40:48+00:00","og_image":[{"width":398,"height":722,"url":"https:\/\/dev.refrigerantboys.com\/wp-content\/uploads\/2017\/10\/r452a-5kg-1.png","type":"image\/png"}],"twitter_card":"summary_large_image","twitter_misc":{"Dur\u00e9e de lecture estim\u00e9e":"1 minute"},"schema":{"@context":"https:\/\/schema.org","@graph":[{"@type":"WebPage","@id":"https:\/\/dev.refrigerantboys.com\/fr\/acheter\/fluides-frigorigenes\/r452a\/bouteille-de-gaz-r452a-de-5-kg-avec-une-valve-1-4\/","url":"https:\/\/dev.refrigerantboys.com\/fr\/acheter\/fluides-frigorigenes\/r452a\/bouteille-de-gaz-r452a-de-5-kg-avec-une-valve-1-4\/","name":"Bouteille de gaz R452A de 5 kg avec une valve 1\/4 | Refrigerant Boys","isPartOf":{"@id":"https:\/\/dev.refrigerantboys.com\/fr\/#website"},"datePublished":"2017-10-28T22:51:39+00:00","dateModified":"2024-11-18T13:40:48+00:00","description":"Gaz r\u00e9frig\u00e9rant R452A en bouteille rechargeable de 5 kg homologu\u00e9e T-PED \/ EN 13322-1 Vanne 1\/4\" SAE UN 1078 PRIX INCLUANT LA BOUTEILLE QUI RESTERA VOTRE PROPRI\u00c9T\u00c9 GWP","breadcrumb":{"@id":"https:\/\/dev.refrigerantboys.com\/fr\/acheter\/fluides-frigorigenes\/r452a\/bouteille-de-gaz-r452a-de-5-kg-avec-une-valve-1-4\/#breadcrumb"},"inLanguage":"fr-FR","potentialAction":[{"@type":"ReadAction","target":["https:\/\/dev.refrigerantboys.com\/fr\/acheter\/fluides-frigorigenes\/r452a\/bouteille-de-gaz-r452a-de-5-kg-avec-une-valve-1-4\/"]}]},{"@type":"BreadcrumbList","@id":"https:\/\/dev.refrigerantboys.com\/fr\/acheter\/fluides-frigorigenes\/r452a\/bouteille-de-gaz-r452a-de-5-kg-avec-une-valve-1-4\/#breadcrumb","itemListElement":[{"@type":"ListItem","position":1,"name":"Home","item":"https:\/\/dev.refrigerantboys.com\/fr\/"},{"@type":"ListItem","position":2,"name":"Boutique","item":"https:\/\/dev.refrigerantboys.com\/fr\/boutique\/"},{"@type":"ListItem","position":3,"name":"Bouteille de gaz R452A de 5 kg avec une valve 1\/4"}]},{"@type":"WebSite","@id":"https:\/\/dev.refrigerantboys.com\/fr\/#website","url":"https:\/\/dev.refrigerantboys.com\/fr\/","name":"Refrigerant Boys","description":"Vendita gas refrigeranti","potentialAction":[{"@type":"SearchAction","target":{"@type":"EntryPoint","urlTemplate":"https:\/\/dev.refrigerantboys.com\/fr\/?s={search_term_string}"},"query-input":"required name=search_term_string"}],"inLanguage":"fr-FR"}]}},"_links":{"self":[{"href":"https:\/\/dev.refrigerantboys.com\/fr\/wp-json\/wp\/v2\/product\/2713"}],"collection":[{"href":"https:\/\/dev.refrigerantboys.com\/fr\/wp-json\/wp\/v2\/product"}],"about":[{"href":"https:\/\/dev.refrigerantboys.com\/fr\/wp-json\/wp\/v2\/types\/product"}],"wp:featuredmedia":[{"embeddable":true,"href":"https:\/\/dev.refrigerantboys.com\/fr\/wp-json\/wp\/v2\/media\/68890"}],"wp:attachment":[{"href":"https:\/\/dev.refrigerantboys.com\/fr\/wp-json\/wp\/v2\/media?parent=2713"}],"wp:term":[{"taxonomy":"product_cat","embeddable":true,"href":"https:\/\/dev.refrigerantboys.com\/fr\/wp-json\/wp\/v2\/product_cat?post=2713"},{"taxonomy":"product_tag","embeddable":true,"href":"https:\/\/dev.refrigerantboys.com\/fr\/wp-json\/wp\/v2\/product_tag?post=2713"}],"curies":[{"name":"wp","href":"https:\/\/api.w.org\/{rel}","templated":true}]}}