{"id":2681,"date":"2017-10-28T22:52:19","date_gmt":"2017-10-28T22:52:19","guid":{"rendered":"https:\/\/dev.refrigerantboys.com\/non%20class\u00e9\/kvidaz\/"},"modified":"2023-05-17T11:12:59","modified_gmt":"2023-05-17T09:12:59","slug":"kit-micro-micro-azote-hydrogene-100-lt","status":"publish","type":"product","link":"https:\/\/dev.refrigerantboys.com\/fr\/acheter\/outils\/kit-micro-micro-azote-hydrogene-100-lt\/","title":{"rendered":"Kit de micro-fuites Azote Hydrog\u00e8ne 100 lt"},"content":{"rendered":"<p>Mallette avec kit de micro-fuites, pratique et facile \u00e0 utiliser. Recherche de micro-fuites dans les circuits de r\u00e9frig\u00e9ration &#8211; climatisation &#8211; A\/C de voiture , gr\u00e2ce \u00e0 la tr\u00e8s fine mol\u00e9cule d&#8217;hydrog\u00e8ne .<\/p>\n<ul>\n<li>\n<div>Le technicien doit pressuriser le syst\u00e8me \u00e0 la pression correcte en fonction du type de gaz r\u00e9frig\u00e9rant utilis\u00e9 ; la pression de fonctionnement est affich\u00e9e par le manom\u00e8tre, <span style=\"color: #ff0000;\"><strong>les fuites seront facilement d\u00e9tect\u00e9es en lisant le manom\u00e8tre et le d\u00e9tecteur de fuites.<\/strong><\/span><\/div>\n<div><\/div>\n<\/li>\n<\/ul>\n<p style=\"text-align: left;\">&#8211; Test d&#8217;\u00e9tanch\u00e9it\u00e9 des syst\u00e8mes HVAC et A\/C<br \/>\n&#8211; Contr\u00f4le des fuites de l&#8217;\u00e9vaporateur et du condenseur<br \/>\n&#8211; Nettoyage des syst\u00e8mes HVAC et A\/C<br \/>\n&#8211; Fluxage dans la phase de soudage<br \/>\n&#8211; V\u00e9rification de l&#8217;\u00e9talonnage des manom\u00e8tres \/ pressostats<\/p>\n<div class=\"page\" title=\"Page 1\">\n<div class=\"section\">\n<div class=\"layoutArea\">\n<div class=\"column\"><\/div>\n<\/div>\n<\/div>\n<\/div>\n","protected":false},"excerpt":{"rendered":"<ul>\n<li><strong>Kit avec bouteille d&#8217;une capacit\u00e9 de<span style=\"font-size: 20px;\"> 100 litres<\/span>: 5% d&#8217;hydrog\u00e8ne 95% d&#8217;azote <\/strong><\/li>\n<\/ul>\n","protected":false},"featured_media":68540,"template":"","meta":[],"product_cat":[146],"product_tag":[],"acf":{"ai_note":""},"yoast_head":"<!-- This site is optimized with the Yoast SEO plugin v20.2 - https:\/\/yoast.com\/wordpress\/plugins\/seo\/ -->\n<title>Kit de micro-fuites Azote Hydrog\u00e8ne 100 lt | Refrigerant Boys<\/title>\n<meta name=\"description\" content=\"Kit avec bouteille d&#039;une capacit\u00e9 de 100 litres: 5% d&#039;hydrog\u00e8ne 95% d&#039;azote\" \/>\n<meta name=\"robots\" content=\"index, follow, max-snippet:-1, max-image-preview:large, max-video-preview:-1\" \/>\n<link rel=\"canonical\" href=\"https:\/\/dev.refrigerantboys.com\/fr\/acheter\/outils\/kit-micro-micro-azote-hydrogene-100-lt\/\" \/>\n<meta property=\"og:locale\" content=\"fr_FR\" \/>\n<meta property=\"og:type\" content=\"article\" \/>\n<meta property=\"og:title\" content=\"Kit de micro-fuites Azote Hydrog\u00e8ne 100 lt | Refrigerant Boys\" \/>\n<meta property=\"og:description\" content=\"Kit avec bouteille d&#039;une capacit\u00e9 de 100 litres: 5% d&#039;hydrog\u00e8ne 95% d&#039;azote\" \/>\n<meta property=\"og:url\" content=\"https:\/\/dev.refrigerantboys.com\/fr\/acheter\/outils\/kit-micro-micro-azote-hydrogene-100-lt\/\" \/>\n<meta property=\"og:site_name\" content=\"Refrigerant Boys\" \/>\n<meta property=\"article:modified_time\" content=\"2023-05-17T09:12:59+00:00\" \/>\n<meta property=\"og:image\" content=\"https:\/\/dev.refrigerantboys.com\/wp-content\/uploads\/2017\/10\/KVIDAZ-1-scaled.jpg\" \/>\n\t<meta property=\"og:image:width\" content=\"2422\" \/>\n\t<meta property=\"og:image:height\" content=\"2560\" \/>\n\t<meta property=\"og:image:type\" content=\"image\/jpeg\" \/>\n<meta name=\"twitter:card\" content=\"summary_large_image\" \/>\n<meta name=\"twitter:label1\" content=\"Dur\u00e9e de lecture estim\u00e9e\" \/>\n\t<meta name=\"twitter:data1\" content=\"1 minute\" \/>\n<script type=\"application\/ld+json\" class=\"yoast-schema-graph\">{\"@context\":\"https:\/\/schema.org\",\"@graph\":[{\"@type\":\"WebPage\",\"@id\":\"https:\/\/dev.refrigerantboys.com\/fr\/acheter\/outils\/kit-micro-micro-azote-hydrogene-100-lt\/\",\"url\":\"https:\/\/dev.refrigerantboys.com\/fr\/acheter\/outils\/kit-micro-micro-azote-hydrogene-100-lt\/\",\"name\":\"Kit de micro-fuites Azote Hydrog\u00e8ne 100 lt | Refrigerant Boys\",\"isPartOf\":{\"@id\":\"https:\/\/dev.refrigerantboys.com\/fr\/#website\"},\"datePublished\":\"2017-10-28T22:52:19+00:00\",\"dateModified\":\"2023-05-17T09:12:59+00:00\",\"description\":\"Kit avec bouteille d'une capacit\u00e9 de 100 litres: 5% d'hydrog\u00e8ne 95% d'azote\",\"breadcrumb\":{\"@id\":\"https:\/\/dev.refrigerantboys.com\/fr\/acheter\/outils\/kit-micro-micro-azote-hydrogene-100-lt\/#breadcrumb\"},\"inLanguage\":\"fr-FR\",\"potentialAction\":[{\"@type\":\"ReadAction\",\"target\":[\"https:\/\/dev.refrigerantboys.com\/fr\/acheter\/outils\/kit-micro-micro-azote-hydrogene-100-lt\/\"]}]},{\"@type\":\"BreadcrumbList\",\"@id\":\"https:\/\/dev.refrigerantboys.com\/fr\/acheter\/outils\/kit-micro-micro-azote-hydrogene-100-lt\/#breadcrumb\",\"itemListElement\":[{\"@type\":\"ListItem\",\"position\":1,\"name\":\"Home\",\"item\":\"https:\/\/dev.refrigerantboys.com\/fr\/\"},{\"@type\":\"ListItem\",\"position\":2,\"name\":\"Boutique\",\"item\":\"https:\/\/dev.refrigerantboys.com\/fr\/boutique\/\"},{\"@type\":\"ListItem\",\"position\":3,\"name\":\"Kit de micro-fuites Azote Hydrog\u00e8ne 100 lt\"}]},{\"@type\":\"WebSite\",\"@id\":\"https:\/\/dev.refrigerantboys.com\/fr\/#website\",\"url\":\"https:\/\/dev.refrigerantboys.com\/fr\/\",\"name\":\"Refrigerant Boys\",\"description\":\"Vendita gas refrigeranti\",\"potentialAction\":[{\"@type\":\"SearchAction\",\"target\":{\"@type\":\"EntryPoint\",\"urlTemplate\":\"https:\/\/dev.refrigerantboys.com\/fr\/?s={search_term_string}\"},\"query-input\":\"required name=search_term_string\"}],\"inLanguage\":\"fr-FR\"}]}<\/script>\n<!-- \/ Yoast SEO plugin. -->","yoast_head_json":{"title":"Kit de micro-fuites Azote Hydrog\u00e8ne 100 lt | Refrigerant Boys","description":"Kit avec bouteille d'une capacit\u00e9 de 100 litres: 5% d'hydrog\u00e8ne 95% d'azote","robots":{"index":"index","follow":"follow","max-snippet":"max-snippet:-1","max-image-preview":"max-image-preview:large","max-video-preview":"max-video-preview:-1"},"canonical":"https:\/\/dev.refrigerantboys.com\/fr\/acheter\/outils\/kit-micro-micro-azote-hydrogene-100-lt\/","og_locale":"fr_FR","og_type":"article","og_title":"Kit de micro-fuites Azote Hydrog\u00e8ne 100 lt | Refrigerant Boys","og_description":"Kit avec bouteille d'une capacit\u00e9 de 100 litres: 5% d'hydrog\u00e8ne 95% d'azote","og_url":"https:\/\/dev.refrigerantboys.com\/fr\/acheter\/outils\/kit-micro-micro-azote-hydrogene-100-lt\/","og_site_name":"Refrigerant Boys","article_modified_time":"2023-05-17T09:12:59+00:00","og_image":[{"width":2422,"height":2560,"url":"https:\/\/dev.refrigerantboys.com\/wp-content\/uploads\/2017\/10\/KVIDAZ-1-scaled.jpg","type":"image\/jpeg"}],"twitter_card":"summary_large_image","twitter_misc":{"Dur\u00e9e de lecture estim\u00e9e":"1 minute"},"schema":{"@context":"https:\/\/schema.org","@graph":[{"@type":"WebPage","@id":"https:\/\/dev.refrigerantboys.com\/fr\/acheter\/outils\/kit-micro-micro-azote-hydrogene-100-lt\/","url":"https:\/\/dev.refrigerantboys.com\/fr\/acheter\/outils\/kit-micro-micro-azote-hydrogene-100-lt\/","name":"Kit de micro-fuites Azote Hydrog\u00e8ne 100 lt | Refrigerant Boys","isPartOf":{"@id":"https:\/\/dev.refrigerantboys.com\/fr\/#website"},"datePublished":"2017-10-28T22:52:19+00:00","dateModified":"2023-05-17T09:12:59+00:00","description":"Kit avec bouteille d'une capacit\u00e9 de 100 litres: 5% d'hydrog\u00e8ne 95% d'azote","breadcrumb":{"@id":"https:\/\/dev.refrigerantboys.com\/fr\/acheter\/outils\/kit-micro-micro-azote-hydrogene-100-lt\/#breadcrumb"},"inLanguage":"fr-FR","potentialAction":[{"@type":"ReadAction","target":["https:\/\/dev.refrigerantboys.com\/fr\/acheter\/outils\/kit-micro-micro-azote-hydrogene-100-lt\/"]}]},{"@type":"BreadcrumbList","@id":"https:\/\/dev.refrigerantboys.com\/fr\/acheter\/outils\/kit-micro-micro-azote-hydrogene-100-lt\/#breadcrumb","itemListElement":[{"@type":"ListItem","position":1,"name":"Home","item":"https:\/\/dev.refrigerantboys.com\/fr\/"},{"@type":"ListItem","position":2,"name":"Boutique","item":"https:\/\/dev.refrigerantboys.com\/fr\/boutique\/"},{"@type":"ListItem","position":3,"name":"Kit de micro-fuites Azote Hydrog\u00e8ne 100 lt"}]},{"@type":"WebSite","@id":"https:\/\/dev.refrigerantboys.com\/fr\/#website","url":"https:\/\/dev.refrigerantboys.com\/fr\/","name":"Refrigerant Boys","description":"Vendita gas refrigeranti","potentialAction":[{"@type":"SearchAction","target":{"@type":"EntryPoint","urlTemplate":"https:\/\/dev.refrigerantboys.com\/fr\/?s={search_term_string}"},"query-input":"required name=search_term_string"}],"inLanguage":"fr-FR"}]}},"_links":{"self":[{"href":"https:\/\/dev.refrigerantboys.com\/fr\/wp-json\/wp\/v2\/product\/2681"}],"collection":[{"href":"https:\/\/dev.refrigerantboys.com\/fr\/wp-json\/wp\/v2\/product"}],"about":[{"href":"https:\/\/dev.refrigerantboys.com\/fr\/wp-json\/wp\/v2\/types\/product"}],"wp:featuredmedia":[{"embeddable":true,"href":"https:\/\/dev.refrigerantboys.com\/fr\/wp-json\/wp\/v2\/media\/68540"}],"wp:attachment":[{"href":"https:\/\/dev.refrigerantboys.com\/fr\/wp-json\/wp\/v2\/media?parent=2681"}],"wp:term":[{"taxonomy":"product_cat","embeddable":true,"href":"https:\/\/dev.refrigerantboys.com\/fr\/wp-json\/wp\/v2\/product_cat?post=2681"},{"taxonomy":"product_tag","embeddable":true,"href":"https:\/\/dev.refrigerantboys.com\/fr\/wp-json\/wp\/v2\/product_tag?post=2681"}],"curies":[{"name":"wp","href":"https:\/\/api.w.org\/{rel}","templated":true}]}}