{"id":11587,"date":"2020-07-01T12:30:51","date_gmt":"2020-07-01T12:30:52","guid":{"rendered":"https:\/\/dev.refrigerantboys.com\/?post_type=product&#038;p=11587"},"modified":"2020-07-01T13:19:06","modified_gmt":"2020-07-01T13:19:06","slug":"kit-de-cintrage-de-tubes-a-cliquet-pour-tubes-en-millimetres","status":"publish","type":"product","link":"https:\/\/dev.refrigerantboys.com\/fr\/acheter\/outils\/kit-de-cintrage-de-tubes-a-cliquet-pour-tubes-en-millimetres\/","title":{"rendered":"Kit de cintrage de tubes \u00e0 cliquet pour tubes en millim\u00e8tres"},"content":{"rendered":"<p>Kit de cintrage de tubes \u00e0 cliquet pour tubes en millim\u00e8tres. Tailles: 8, 10, 12, 14, 16, 18, 22 mm.<\/p>\n","protected":false},"excerpt":{"rendered":"<div class=\"product-short-description\">\n<p style=\"text-align: center;\"><span style=\"color: #008000;\"><strong>Code KTPTM<\/strong><\/span><\/p>\n<\/div>\n<div class=\"ywdpd-table-discounts-wrapper\"><\/div>\n<form class=\"cart\" action=\"https:\/\/dev.refrigerantboys.com\/acquista\/attrezzature\/kit-piega-tubi-a-cricchetto-per-tubi-in-millimetri\/\" enctype=\"multipart\/form-data\" method=\"post\">\n<div class=\"quantity buttons_added\" style=\"text-align: center;\"><\/div>\n<\/form>\n","protected":false},"featured_media":22677,"template":"","meta":[],"product_cat":[146],"product_tag":[],"acf":{"ai_note":""},"yoast_head":"<!-- This site is optimized with the Yoast SEO plugin v20.2 - https:\/\/yoast.com\/wordpress\/plugins\/seo\/ -->\n<title>Kit de cintrage de tubes \u00e0 cliquet pour tubes en millim\u00e8tres | Refrigerant Boys<\/title>\n<meta name=\"description\" content=\"Code KTPTM\" \/>\n<meta name=\"robots\" content=\"index, follow, max-snippet:-1, max-image-preview:large, max-video-preview:-1\" \/>\n<link rel=\"canonical\" href=\"https:\/\/dev.refrigerantboys.com\/fr\/acheter\/outils\/kit-de-cintrage-de-tubes-a-cliquet-pour-tubes-en-millimetres\/\" \/>\n<meta property=\"og:locale\" content=\"fr_FR\" \/>\n<meta property=\"og:type\" content=\"article\" \/>\n<meta property=\"og:title\" content=\"Kit de cintrage de tubes \u00e0 cliquet pour tubes en millim\u00e8tres | Refrigerant Boys\" \/>\n<meta property=\"og:description\" content=\"Code KTPTM\" \/>\n<meta property=\"og:url\" content=\"https:\/\/dev.refrigerantboys.com\/fr\/acheter\/outils\/kit-de-cintrage-de-tubes-a-cliquet-pour-tubes-en-millimetres\/\" \/>\n<meta property=\"og:site_name\" content=\"Refrigerant Boys\" \/>\n<meta property=\"article:modified_time\" content=\"2020-07-01T13:19:06+00:00\" \/>\n<meta property=\"og:image\" content=\"https:\/\/dev.refrigerantboys.com\/wp-content\/uploads\/2020\/11\/download-8.jpg\" \/>\n\t<meta property=\"og:image:width\" content=\"225\" \/>\n\t<meta property=\"og:image:height\" content=\"224\" \/>\n\t<meta property=\"og:image:type\" content=\"image\/jpeg\" \/>\n<meta name=\"twitter:card\" content=\"summary_large_image\" \/>\n<script type=\"application\/ld+json\" class=\"yoast-schema-graph\">{\"@context\":\"https:\/\/schema.org\",\"@graph\":[{\"@type\":\"WebPage\",\"@id\":\"https:\/\/dev.refrigerantboys.com\/fr\/acheter\/outils\/kit-de-cintrage-de-tubes-a-cliquet-pour-tubes-en-millimetres\/\",\"url\":\"https:\/\/dev.refrigerantboys.com\/fr\/acheter\/outils\/kit-de-cintrage-de-tubes-a-cliquet-pour-tubes-en-millimetres\/\",\"name\":\"Kit de cintrage de tubes \u00e0 cliquet pour tubes en millim\u00e8tres | Refrigerant Boys\",\"isPartOf\":{\"@id\":\"https:\/\/dev.refrigerantboys.com\/fr\/#website\"},\"datePublished\":\"2020-07-01T12:30:52+00:00\",\"dateModified\":\"2020-07-01T13:19:06+00:00\",\"description\":\"Code KTPTM\",\"breadcrumb\":{\"@id\":\"https:\/\/dev.refrigerantboys.com\/fr\/acheter\/outils\/kit-de-cintrage-de-tubes-a-cliquet-pour-tubes-en-millimetres\/#breadcrumb\"},\"inLanguage\":\"fr-FR\",\"potentialAction\":[{\"@type\":\"ReadAction\",\"target\":[\"https:\/\/dev.refrigerantboys.com\/fr\/acheter\/outils\/kit-de-cintrage-de-tubes-a-cliquet-pour-tubes-en-millimetres\/\"]}]},{\"@type\":\"BreadcrumbList\",\"@id\":\"https:\/\/dev.refrigerantboys.com\/fr\/acheter\/outils\/kit-de-cintrage-de-tubes-a-cliquet-pour-tubes-en-millimetres\/#breadcrumb\",\"itemListElement\":[{\"@type\":\"ListItem\",\"position\":1,\"name\":\"Home\",\"item\":\"https:\/\/dev.refrigerantboys.com\/fr\/\"},{\"@type\":\"ListItem\",\"position\":2,\"name\":\"Boutique\",\"item\":\"https:\/\/dev.refrigerantboys.com\/fr\/boutique\/\"},{\"@type\":\"ListItem\",\"position\":3,\"name\":\"Kit de cintrage de tubes \u00e0 cliquet pour tubes en millim\u00e8tres\"}]},{\"@type\":\"WebSite\",\"@id\":\"https:\/\/dev.refrigerantboys.com\/fr\/#website\",\"url\":\"https:\/\/dev.refrigerantboys.com\/fr\/\",\"name\":\"Refrigerant Boys\",\"description\":\"Vendita gas refrigeranti\",\"potentialAction\":[{\"@type\":\"SearchAction\",\"target\":{\"@type\":\"EntryPoint\",\"urlTemplate\":\"https:\/\/dev.refrigerantboys.com\/fr\/?s={search_term_string}\"},\"query-input\":\"required name=search_term_string\"}],\"inLanguage\":\"fr-FR\"}]}<\/script>\n<!-- \/ Yoast SEO plugin. -->","yoast_head_json":{"title":"Kit de cintrage de tubes \u00e0 cliquet pour tubes en millim\u00e8tres | Refrigerant Boys","description":"Code KTPTM","robots":{"index":"index","follow":"follow","max-snippet":"max-snippet:-1","max-image-preview":"max-image-preview:large","max-video-preview":"max-video-preview:-1"},"canonical":"https:\/\/dev.refrigerantboys.com\/fr\/acheter\/outils\/kit-de-cintrage-de-tubes-a-cliquet-pour-tubes-en-millimetres\/","og_locale":"fr_FR","og_type":"article","og_title":"Kit de cintrage de tubes \u00e0 cliquet pour tubes en millim\u00e8tres | Refrigerant Boys","og_description":"Code KTPTM","og_url":"https:\/\/dev.refrigerantboys.com\/fr\/acheter\/outils\/kit-de-cintrage-de-tubes-a-cliquet-pour-tubes-en-millimetres\/","og_site_name":"Refrigerant Boys","article_modified_time":"2020-07-01T13:19:06+00:00","og_image":[{"width":225,"height":224,"url":"https:\/\/dev.refrigerantboys.com\/wp-content\/uploads\/2020\/11\/download-8.jpg","type":"image\/jpeg"}],"twitter_card":"summary_large_image","schema":{"@context":"https:\/\/schema.org","@graph":[{"@type":"WebPage","@id":"https:\/\/dev.refrigerantboys.com\/fr\/acheter\/outils\/kit-de-cintrage-de-tubes-a-cliquet-pour-tubes-en-millimetres\/","url":"https:\/\/dev.refrigerantboys.com\/fr\/acheter\/outils\/kit-de-cintrage-de-tubes-a-cliquet-pour-tubes-en-millimetres\/","name":"Kit de cintrage de tubes \u00e0 cliquet pour tubes en millim\u00e8tres | Refrigerant Boys","isPartOf":{"@id":"https:\/\/dev.refrigerantboys.com\/fr\/#website"},"datePublished":"2020-07-01T12:30:52+00:00","dateModified":"2020-07-01T13:19:06+00:00","description":"Code KTPTM","breadcrumb":{"@id":"https:\/\/dev.refrigerantboys.com\/fr\/acheter\/outils\/kit-de-cintrage-de-tubes-a-cliquet-pour-tubes-en-millimetres\/#breadcrumb"},"inLanguage":"fr-FR","potentialAction":[{"@type":"ReadAction","target":["https:\/\/dev.refrigerantboys.com\/fr\/acheter\/outils\/kit-de-cintrage-de-tubes-a-cliquet-pour-tubes-en-millimetres\/"]}]},{"@type":"BreadcrumbList","@id":"https:\/\/dev.refrigerantboys.com\/fr\/acheter\/outils\/kit-de-cintrage-de-tubes-a-cliquet-pour-tubes-en-millimetres\/#breadcrumb","itemListElement":[{"@type":"ListItem","position":1,"name":"Home","item":"https:\/\/dev.refrigerantboys.com\/fr\/"},{"@type":"ListItem","position":2,"name":"Boutique","item":"https:\/\/dev.refrigerantboys.com\/fr\/boutique\/"},{"@type":"ListItem","position":3,"name":"Kit de cintrage de tubes \u00e0 cliquet pour tubes en millim\u00e8tres"}]},{"@type":"WebSite","@id":"https:\/\/dev.refrigerantboys.com\/fr\/#website","url":"https:\/\/dev.refrigerantboys.com\/fr\/","name":"Refrigerant Boys","description":"Vendita gas refrigeranti","potentialAction":[{"@type":"SearchAction","target":{"@type":"EntryPoint","urlTemplate":"https:\/\/dev.refrigerantboys.com\/fr\/?s={search_term_string}"},"query-input":"required name=search_term_string"}],"inLanguage":"fr-FR"}]}},"_links":{"self":[{"href":"https:\/\/dev.refrigerantboys.com\/fr\/wp-json\/wp\/v2\/product\/11587"}],"collection":[{"href":"https:\/\/dev.refrigerantboys.com\/fr\/wp-json\/wp\/v2\/product"}],"about":[{"href":"https:\/\/dev.refrigerantboys.com\/fr\/wp-json\/wp\/v2\/types\/product"}],"wp:featuredmedia":[{"embeddable":true,"href":"https:\/\/dev.refrigerantboys.com\/fr\/wp-json\/wp\/v2\/media\/22677"}],"wp:attachment":[{"href":"https:\/\/dev.refrigerantboys.com\/fr\/wp-json\/wp\/v2\/media?parent=11587"}],"wp:term":[{"taxonomy":"product_cat","embeddable":true,"href":"https:\/\/dev.refrigerantboys.com\/fr\/wp-json\/wp\/v2\/product_cat?post=11587"},{"taxonomy":"product_tag","embeddable":true,"href":"https:\/\/dev.refrigerantboys.com\/fr\/wp-json\/wp\/v2\/product_tag?post=11587"}],"curies":[{"name":"wp","href":"https:\/\/api.w.org\/{rel}","templated":true}]}}