{"id":85761,"date":"2025-01-20T18:02:34","date_gmt":"2025-01-20T17:02:36","guid":{"rendered":"https:\/\/dev.refrigerantboys.com\/?post_type=product&#038;p=85761"},"modified":"2025-07-22T00:36:48","modified_gmt":"2025-07-21T22:36:48","slug":"refrigerante-r290-propano-en-cilindro-de-16-kg-valvula-doble-217%e2%80%b3-x-1-14%e2%80%b3-izquierda-un-1978","status":"publish","type":"product","link":"https:\/\/dev.refrigerantboys.com\/es\/compra\/fluidos-refrigerantes\/r290\/refrigerante-r290-propano-en-cilindro-de-16-kg-valvula-doble-217%e2%80%b3-x-1-14%e2%80%b3-izquierda-un-1978\/","title":{"rendered":"Refrigerante R290 (propano) en Cilindro de 16 kg V\u00e1lvula doble 21,7\u2033 x 1\/14\u2033 IZQUIERDA UN 1978"},"content":{"rendered":"<p><span style=\"font-weight: 400;\">Cilindro de 16 kg de refrigerante R290 (propano) <\/span>certificado T-PED \/EN 13322-1. Es un gas inflamable (clase A3) y se utiliza en la refrigeraci\u00f3n comercial y dom\u00e9stica y en el aire acondicionado m\u00f3vil. Es un gas respetuoso con el medio ambiente. Nuestros cilindros est\u00e1n fabricados con materiales duraderos y cumplen las normas de seguridad m\u00e1s estrictas. Conf\u00ede en RefrigerantBoys para su botella de gas R290 y obtendr\u00e1 un producto de calidad superior.<\/p>\n","protected":false},"excerpt":{"rendered":"<p><strong><span style=\"color: #000000;\">Cilindro de 16 kg de gas refrigerante R290 (propano). Producto utilizado en instalaciones comerciales como vitrinas y c\u00e1maras frigor\u00edficas. Es un gas respetuoso con el medio ambiente. T-PED \/EN 13322-1 <span style=\"color: #ff0000;\">V\u00e1lvula doble 21,7\u2033 x 1\/14\u2033 IZQUIERDA<\/span>\u00a0UN 1978\u00a0<\/span><br \/>\n<\/strong><\/p>\n<p class=\"box-excerpt is-small\"><strong><span class=\"hps\">PRECIO INCLUIDA LA CILINDROS QUE SEGUIR\u00c1 SIENDO DE SU PROPIEDAD &#8211; <a href=\"https:\/\/dev.refrigerantboys.com\/ricarica-bombole-gas\/\">RECARGA DE LA CILINDROS<\/a><\/span><br \/>\n<\/strong><\/p>\n<pre><span style=\"color: #99cc00; font-size: 20px;\"><strong>GWP[3]<\/strong><\/span><\/pre>\n","protected":false},"featured_media":86153,"template":"","meta":[],"product_cat":[152,167],"product_tag":[],"acf":{"ai_note":""},"yoast_head":"<!-- This site is optimized with the Yoast SEO plugin v20.2 - https:\/\/yoast.com\/wordpress\/plugins\/seo\/ -->\n<title>Refrigerante R290 (propano) en Cilindro de 16 kg V\u00e1lvula doble 21,7\u2033 x 1\/14\u2033 IZQUIERDA UN 1978 | Refrigerant Boys<\/title>\n<meta name=\"description\" content=\"Cilindro de 16 kg de gas refrigerante R290 (propano). Producto utilizado en instalaciones comerciales como vitrinas y c\u00e1maras frigor\u00edficas. Es un gas respetuoso con el medio ambiente. T-PED \/EN 13322-1 V\u00e1lvula doble 21,7\u2033 x 1\/14\u2033 IZQUIERDA\u00a0UN 1978\u00a0  PRECIO INCLUIDA LA CILINDROS QUE SEGUIR\u00c1 SIENDO DE SU PROPIEDAD - RECARGA DE LA CILINDROS   GWP\" \/>\n<meta name=\"robots\" content=\"index, follow, max-snippet:-1, max-image-preview:large, max-video-preview:-1\" \/>\n<link rel=\"canonical\" href=\"https:\/\/dev.refrigerantboys.com\/es\/compra\/fluidos-refrigerantes\/r290\/refrigerante-r290-propano-en-cilindro-de-16-kg-valvula-doble-217%e2%80%b3-x-1-14%e2%80%b3-izquierda-un-1978\/\" \/>\n<meta property=\"og:locale\" content=\"es_ES\" \/>\n<meta property=\"og:type\" content=\"article\" \/>\n<meta property=\"og:title\" content=\"Refrigerante R290 (propano) en Cilindro de 16 kg V\u00e1lvula doble 21,7\u2033 x 1\/14\u2033 IZQUIERDA UN 1978 | Refrigerant Boys\" \/>\n<meta property=\"og:description\" content=\"Cilindro de 16 kg de gas refrigerante R290 (propano). Producto utilizado en instalaciones comerciales como vitrinas y c\u00e1maras frigor\u00edficas. Es un gas respetuoso con el medio ambiente. T-PED \/EN 13322-1 V\u00e1lvula doble 21,7\u2033 x 1\/14\u2033 IZQUIERDA\u00a0UN 1978\u00a0  PRECIO INCLUIDA LA CILINDROS QUE SEGUIR\u00c1 SIENDO DE SU PROPIEDAD - RECARGA DE LA CILINDROS   GWP\" \/>\n<meta property=\"og:url\" content=\"https:\/\/dev.refrigerantboys.com\/es\/compra\/fluidos-refrigerantes\/r290\/refrigerante-r290-propano-en-cilindro-de-16-kg-valvula-doble-217%e2%80%b3-x-1-14%e2%80%b3-izquierda-un-1978\/\" \/>\n<meta property=\"og:site_name\" content=\"Refrigerant Boys\" \/>\n<meta property=\"article:modified_time\" content=\"2025-07-21T22:36:48+00:00\" \/>\n<meta property=\"og:image\" content=\"https:\/\/dev.refrigerantboys.com\/wp-content\/uploads\/2025\/01\/R290_16kg-1-389x800.png\" \/>\n\t<meta property=\"og:image:width\" content=\"389\" \/>\n\t<meta property=\"og:image:height\" content=\"800\" \/>\n\t<meta property=\"og:image:type\" content=\"image\/png\" \/>\n<meta name=\"twitter:card\" content=\"summary_large_image\" \/>\n<meta name=\"twitter:label1\" content=\"Tiempo de lectura\" \/>\n\t<meta name=\"twitter:data1\" content=\"1 minuto\" \/>\n<script type=\"application\/ld+json\" class=\"yoast-schema-graph\">{\"@context\":\"https:\/\/schema.org\",\"@graph\":[{\"@type\":\"WebPage\",\"@id\":\"https:\/\/dev.refrigerantboys.com\/es\/compra\/fluidos-refrigerantes\/r290\/refrigerante-r290-propano-en-cilindro-de-16-kg-valvula-doble-217%e2%80%b3-x-1-14%e2%80%b3-izquierda-un-1978\/\",\"url\":\"https:\/\/dev.refrigerantboys.com\/es\/compra\/fluidos-refrigerantes\/r290\/refrigerante-r290-propano-en-cilindro-de-16-kg-valvula-doble-217%e2%80%b3-x-1-14%e2%80%b3-izquierda-un-1978\/\",\"name\":\"Refrigerante R290 (propano) en Cilindro de 16 kg V\u00e1lvula doble 21,7\u2033 x 1\/14\u2033 IZQUIERDA UN 1978 | Refrigerant Boys\",\"isPartOf\":{\"@id\":\"https:\/\/dev.refrigerantboys.com\/es\/#website\"},\"datePublished\":\"2025-01-20T17:02:36+00:00\",\"dateModified\":\"2025-07-21T22:36:48+00:00\",\"description\":\"Cilindro de 16 kg de gas refrigerante R290 (propano). Producto utilizado en instalaciones comerciales como vitrinas y c\u00e1maras frigor\u00edficas. Es un gas respetuoso con el medio ambiente. T-PED \/EN 13322-1 V\u00e1lvula doble 21,7\u2033 x 1\/14\u2033 IZQUIERDA\u00a0UN 1978\u00a0 PRECIO INCLUIDA LA CILINDROS QUE SEGUIR\u00c1 SIENDO DE SU PROPIEDAD - RECARGA DE LA CILINDROS GWP\",\"breadcrumb\":{\"@id\":\"https:\/\/dev.refrigerantboys.com\/es\/compra\/fluidos-refrigerantes\/r290\/refrigerante-r290-propano-en-cilindro-de-16-kg-valvula-doble-217%e2%80%b3-x-1-14%e2%80%b3-izquierda-un-1978\/#breadcrumb\"},\"inLanguage\":\"es\",\"potentialAction\":[{\"@type\":\"ReadAction\",\"target\":[\"https:\/\/dev.refrigerantboys.com\/es\/compra\/fluidos-refrigerantes\/r290\/refrigerante-r290-propano-en-cilindro-de-16-kg-valvula-doble-217%e2%80%b3-x-1-14%e2%80%b3-izquierda-un-1978\/\"]}]},{\"@type\":\"BreadcrumbList\",\"@id\":\"https:\/\/dev.refrigerantboys.com\/es\/compra\/fluidos-refrigerantes\/r290\/refrigerante-r290-propano-en-cilindro-de-16-kg-valvula-doble-217%e2%80%b3-x-1-14%e2%80%b3-izquierda-un-1978\/#breadcrumb\",\"itemListElement\":[{\"@type\":\"ListItem\",\"position\":1,\"name\":\"Home\",\"item\":\"https:\/\/dev.refrigerantboys.com\/es\/\"},{\"@type\":\"ListItem\",\"position\":2,\"name\":\"Tienda\",\"item\":\"https:\/\/dev.refrigerantboys.com\/es\/tienda\/\"},{\"@type\":\"ListItem\",\"position\":3,\"name\":\"Refrigerante R290 (propano) en Cilindro de 16 kg V\u00e1lvula doble 21,7\u2033 x 1\/14\u2033 IZQUIERDA UN 1978\"}]},{\"@type\":\"WebSite\",\"@id\":\"https:\/\/dev.refrigerantboys.com\/es\/#website\",\"url\":\"https:\/\/dev.refrigerantboys.com\/es\/\",\"name\":\"Refrigerant Boys\",\"description\":\"Vendita gas refrigeranti\",\"potentialAction\":[{\"@type\":\"SearchAction\",\"target\":{\"@type\":\"EntryPoint\",\"urlTemplate\":\"https:\/\/dev.refrigerantboys.com\/es\/?s={search_term_string}\"},\"query-input\":\"required name=search_term_string\"}],\"inLanguage\":\"es\"}]}<\/script>\n<!-- \/ Yoast SEO plugin. -->","yoast_head_json":{"title":"Refrigerante R290 (propano) en Cilindro de 16 kg V\u00e1lvula doble 21,7\u2033 x 1\/14\u2033 IZQUIERDA UN 1978 | Refrigerant Boys","description":"Cilindro de 16 kg de gas refrigerante R290 (propano). Producto utilizado en instalaciones comerciales como vitrinas y c\u00e1maras frigor\u00edficas. Es un gas respetuoso con el medio ambiente. T-PED \/EN 13322-1 V\u00e1lvula doble 21,7\u2033 x 1\/14\u2033 IZQUIERDA\u00a0UN 1978\u00a0  PRECIO INCLUIDA LA CILINDROS QUE SEGUIR\u00c1 SIENDO DE SU PROPIEDAD - RECARGA DE LA CILINDROS   GWP","robots":{"index":"index","follow":"follow","max-snippet":"max-snippet:-1","max-image-preview":"max-image-preview:large","max-video-preview":"max-video-preview:-1"},"canonical":"https:\/\/dev.refrigerantboys.com\/es\/compra\/fluidos-refrigerantes\/r290\/refrigerante-r290-propano-en-cilindro-de-16-kg-valvula-doble-217%e2%80%b3-x-1-14%e2%80%b3-izquierda-un-1978\/","og_locale":"es_ES","og_type":"article","og_title":"Refrigerante R290 (propano) en Cilindro de 16 kg V\u00e1lvula doble 21,7\u2033 x 1\/14\u2033 IZQUIERDA UN 1978 | Refrigerant Boys","og_description":"Cilindro de 16 kg de gas refrigerante R290 (propano). Producto utilizado en instalaciones comerciales como vitrinas y c\u00e1maras frigor\u00edficas. Es un gas respetuoso con el medio ambiente. T-PED \/EN 13322-1 V\u00e1lvula doble 21,7\u2033 x 1\/14\u2033 IZQUIERDA\u00a0UN 1978\u00a0  PRECIO INCLUIDA LA CILINDROS QUE SEGUIR\u00c1 SIENDO DE SU PROPIEDAD - RECARGA DE LA CILINDROS   GWP","og_url":"https:\/\/dev.refrigerantboys.com\/es\/compra\/fluidos-refrigerantes\/r290\/refrigerante-r290-propano-en-cilindro-de-16-kg-valvula-doble-217%e2%80%b3-x-1-14%e2%80%b3-izquierda-un-1978\/","og_site_name":"Refrigerant Boys","article_modified_time":"2025-07-21T22:36:48+00:00","og_image":[{"width":389,"height":800,"url":"https:\/\/dev.refrigerantboys.com\/wp-content\/uploads\/2025\/01\/R290_16kg-1-389x800.png","type":"image\/png"}],"twitter_card":"summary_large_image","twitter_misc":{"Tiempo de lectura":"1 minuto"},"schema":{"@context":"https:\/\/schema.org","@graph":[{"@type":"WebPage","@id":"https:\/\/dev.refrigerantboys.com\/es\/compra\/fluidos-refrigerantes\/r290\/refrigerante-r290-propano-en-cilindro-de-16-kg-valvula-doble-217%e2%80%b3-x-1-14%e2%80%b3-izquierda-un-1978\/","url":"https:\/\/dev.refrigerantboys.com\/es\/compra\/fluidos-refrigerantes\/r290\/refrigerante-r290-propano-en-cilindro-de-16-kg-valvula-doble-217%e2%80%b3-x-1-14%e2%80%b3-izquierda-un-1978\/","name":"Refrigerante R290 (propano) en Cilindro de 16 kg V\u00e1lvula doble 21,7\u2033 x 1\/14\u2033 IZQUIERDA UN 1978 | Refrigerant Boys","isPartOf":{"@id":"https:\/\/dev.refrigerantboys.com\/es\/#website"},"datePublished":"2025-01-20T17:02:36+00:00","dateModified":"2025-07-21T22:36:48+00:00","description":"Cilindro de 16 kg de gas refrigerante R290 (propano). Producto utilizado en instalaciones comerciales como vitrinas y c\u00e1maras frigor\u00edficas. Es un gas respetuoso con el medio ambiente. T-PED \/EN 13322-1 V\u00e1lvula doble 21,7\u2033 x 1\/14\u2033 IZQUIERDA\u00a0UN 1978\u00a0 PRECIO INCLUIDA LA CILINDROS QUE SEGUIR\u00c1 SIENDO DE SU PROPIEDAD - RECARGA DE LA CILINDROS GWP","breadcrumb":{"@id":"https:\/\/dev.refrigerantboys.com\/es\/compra\/fluidos-refrigerantes\/r290\/refrigerante-r290-propano-en-cilindro-de-16-kg-valvula-doble-217%e2%80%b3-x-1-14%e2%80%b3-izquierda-un-1978\/#breadcrumb"},"inLanguage":"es","potentialAction":[{"@type":"ReadAction","target":["https:\/\/dev.refrigerantboys.com\/es\/compra\/fluidos-refrigerantes\/r290\/refrigerante-r290-propano-en-cilindro-de-16-kg-valvula-doble-217%e2%80%b3-x-1-14%e2%80%b3-izquierda-un-1978\/"]}]},{"@type":"BreadcrumbList","@id":"https:\/\/dev.refrigerantboys.com\/es\/compra\/fluidos-refrigerantes\/r290\/refrigerante-r290-propano-en-cilindro-de-16-kg-valvula-doble-217%e2%80%b3-x-1-14%e2%80%b3-izquierda-un-1978\/#breadcrumb","itemListElement":[{"@type":"ListItem","position":1,"name":"Home","item":"https:\/\/dev.refrigerantboys.com\/es\/"},{"@type":"ListItem","position":2,"name":"Tienda","item":"https:\/\/dev.refrigerantboys.com\/es\/tienda\/"},{"@type":"ListItem","position":3,"name":"Refrigerante R290 (propano) en Cilindro de 16 kg V\u00e1lvula doble 21,7\u2033 x 1\/14\u2033 IZQUIERDA UN 1978"}]},{"@type":"WebSite","@id":"https:\/\/dev.refrigerantboys.com\/es\/#website","url":"https:\/\/dev.refrigerantboys.com\/es\/","name":"Refrigerant Boys","description":"Vendita gas refrigeranti","potentialAction":[{"@type":"SearchAction","target":{"@type":"EntryPoint","urlTemplate":"https:\/\/dev.refrigerantboys.com\/es\/?s={search_term_string}"},"query-input":"required name=search_term_string"}],"inLanguage":"es"}]}},"_links":{"self":[{"href":"https:\/\/dev.refrigerantboys.com\/es\/wp-json\/wp\/v2\/product\/85761"}],"collection":[{"href":"https:\/\/dev.refrigerantboys.com\/es\/wp-json\/wp\/v2\/product"}],"about":[{"href":"https:\/\/dev.refrigerantboys.com\/es\/wp-json\/wp\/v2\/types\/product"}],"wp:featuredmedia":[{"embeddable":true,"href":"https:\/\/dev.refrigerantboys.com\/es\/wp-json\/wp\/v2\/media\/86153"}],"wp:attachment":[{"href":"https:\/\/dev.refrigerantboys.com\/es\/wp-json\/wp\/v2\/media?parent=85761"}],"wp:term":[{"taxonomy":"product_cat","embeddable":true,"href":"https:\/\/dev.refrigerantboys.com\/es\/wp-json\/wp\/v2\/product_cat?post=85761"},{"taxonomy":"product_tag","embeddable":true,"href":"https:\/\/dev.refrigerantboys.com\/es\/wp-json\/wp\/v2\/product_tag?post=85761"}],"curies":[{"name":"wp","href":"https:\/\/api.w.org\/{rel}","templated":true}]}}