{"id":84265,"date":"2024-11-12T10:10:11","date_gmt":"2024-11-12T09:10:12","guid":{"rendered":"https:\/\/dev.refrigerantboys.com\/?post_type=product&#038;p=84265"},"modified":"2025-10-06T11:51:20","modified_gmt":"2025-10-06T09:51:20","slug":"gas-refrigerante-r448a-con-cilindros-de-10-kg-recondicionada-valvula-1-4-sae","status":"publish","type":"product","link":"https:\/\/dev.refrigerantboys.com\/es\/compra\/fluidos-refrigerantes\/r404a\/gas-refrigerante-r448a-con-cilindros-de-10-kg-recondicionada-valvula-1-4-sae\/","title":{"rendered":"Gas refrigerante R448A con cilindros de 10 kg RECONDICIONADA V\u00e1lvula 1\/4 SAE"},"content":{"rendered":"<p>Nuestra bombona de recarga de gas R448A tiene una capacidad de 10 kg con v\u00e1lvula SAE de 1\/4\u2033 para garantizar una conexi\u00f3n segura y fiable a tu sistema de aire acondicionado. El R448A se utiliza habitualmente en una amplia gama de aplicaciones de refrigeraci\u00f3n comercial e industrial a media y baja temperatura. Nuestros cilindros est\u00e1n fabricados con materiales duraderos y cumplen las normas de seguridad m\u00e1s exigentes. Conf\u00eda en RefrigerantBoys para tu bombona de gas R448A y obt\u00e9n un producto de calidad superior. .<\/p>\n<p><span style=\"color: #ff6600;\"><strong>EL NUEVO GAS QUE SUSTITUYE AL R404A<\/strong><\/span><\/p>\n<p><strong>Aplicaciones:<\/strong><\/p>\n<ul>\n<li>Refrigeraci\u00f3n comercial e industrial de expansi\u00f3n directa de media y baja temperatura<\/li>\n<li>Supermercados<\/li>\n<li>Industria alimentaria, qu\u00edmica y farmac\u00e9utica<\/li>\n<li>C\u00e9lulas de refrigeraci\u00f3n<\/li>\n<\/ul>\n<p><u><strong>Aplicaciones:<\/strong><\/u><\/p>\n<p>El R448A se utiliza en sistemas de refrigeraci\u00f3n de expansi\u00f3n directa que funcionan a temperaturas bajas y medias: sistemas de refrigeraci\u00f3n centralizados y c\u00e1maras frigor\u00edficas de supermercados, almacenes frigor\u00edficos, mostradores refrigerados y vitrinas refrigeradas (enchufables).<\/p>\n<p>Es adecuado para instalaciones nuevas y para adaptar instalaciones existentes a R-404A\/R507.<\/p>\n","protected":false},"excerpt":{"rendered":"<p><span style=\"color: #000000;\"><br \/>\n<strong><span style=\"color: #282828;\"><span id=\"result_box\" lang=\"en\"> <\/span>Gas refrigerante R448A en cilindros rellenable<\/span> <span style=\"color: #282828;\">RECONDITIONADA<\/span> 10 kg Aprobada T-PED \/ EN 13322-1 <span style=\"color: #282828;\"> <span style=\"color: #ff0000;\">V\u00e1lvula 1\/4&#8243; SAE<\/span> UN 3163<\/span><\/strong><br \/>\n<\/span><\/p>\n<ul>\n<li><strong><span lang=\"en\"><span title=\"S\u00f3lo es posible el pago en especie y con un plazo de antelaci\u00f3n de unos d\u00edas.\"><span title=\"Las peque\u00f1as cantidades se env\u00edan en contenedores robustos (contenedores an\u00f3nimos), las grandes cantidades se env\u00edan generalmente en EURO-PALLET.\"><span title=\"Por el momento disponemos de una Asistencia eficaz por correo electr\u00f3nico, que garantiza respuestas esaustivas en pocas horas. \"><span title=\"Nous demandons le paiement d\u00e8s que vos bouteilles sont remplies et pr\u00eates pour l'exp\u00e9dition de retour.\"><span id=\"result_box\" lang=\"en\"><span title=\"Ces bouteilles ont \u00e9t\u00e9 nettoy\u00e9es \u00e0 l'int\u00e9rieur, valve et robinet v\u00e9rifi\u00e9s, et remplies avec du gaz neuf.\">Estos cilindros son <span style=\"color: #ff0000;\">RECONDICIONADOS <\/span>(no son nuevos). Se comprobaron las v\u00e1lvulas, se limpiaron los grifos por dentro y se llenaron de gas nuevo. <\/span><span title=\"En el exterior pueden presentar signos de desgaste.\">Externamente pueden presentar signos de desgaste\/ara\u00f1azos.<\/span><\/span><\/span><\/span><\/span><\/span><\/span><\/strong><\/li>\n<\/ul>\n<p><span lang=\"fr\" xml:lang=\"fr\"><strong><br \/>\n<span class=\"hps\">PRECIO INCLUYENDO EL CILINDRO, QUE SEGUIR\u00c1 SIENDO DE TU PROPIEDAD.<\/span><br \/>\n<\/strong><\/span><span style=\"color: #ff0000; font-size: 20px;\"><strong>GWP[1387]<\/strong><br \/>\n<\/span><\/p>\n<h4 style=\"text-align: center;\"><\/h4>\n","protected":false},"featured_media":84271,"template":"","meta":[],"product_cat":[152,134,172],"product_tag":[],"acf":{"ai_note":""},"yoast_head":"<!-- This site is optimized with the Yoast SEO plugin v20.2 - https:\/\/yoast.com\/wordpress\/plugins\/seo\/ -->\n<title>Gas refrigerante R448A con cilindros de 10 kg RECONDICIONADA V\u00e1lvula 1\/4 SAE | Refrigerant Boys<\/title>\n<meta name=\"description\" content=\"Gas refrigerante R448A en cilindros rellenable RECONDITIONADA 10 kg Aprobada T-PED \/ EN 13322-1 V\u00e1lvula 1\/4&quot; SAE UN 3163    Estos cilindros son RECONDICIONADOS (no son nuevos). Se comprobaron las v\u00e1lvulas, se limpiaron los grifos por dentro y se llenaron de gas nuevo. Externamente pueden presentar signos de desgaste\/ara\u00f1azos.   PRECIO INCLUYENDO EL CILINDRO, QUE SEGUIR\u00c1 SIENDO DE TU PROPIEDAD. GWP\" \/>\n<meta name=\"robots\" content=\"index, follow, max-snippet:-1, max-image-preview:large, max-video-preview:-1\" \/>\n<link rel=\"canonical\" href=\"https:\/\/dev.refrigerantboys.com\/es\/compra\/fluidos-refrigerantes\/r404a\/gas-refrigerante-r448a-con-cilindros-de-10-kg-recondicionada-valvula-1-4-sae\/\" \/>\n<meta property=\"og:locale\" content=\"es_ES\" \/>\n<meta property=\"og:type\" content=\"article\" \/>\n<meta property=\"og:title\" content=\"Gas refrigerante R448A con cilindros de 10 kg RECONDICIONADA V\u00e1lvula 1\/4 SAE | Refrigerant Boys\" \/>\n<meta property=\"og:description\" content=\"Gas refrigerante R448A en cilindros rellenable RECONDITIONADA 10 kg Aprobada T-PED \/ EN 13322-1 V\u00e1lvula 1\/4&quot; SAE UN 3163    Estos cilindros son RECONDICIONADOS (no son nuevos). Se comprobaron las v\u00e1lvulas, se limpiaron los grifos por dentro y se llenaron de gas nuevo. Externamente pueden presentar signos de desgaste\/ara\u00f1azos.   PRECIO INCLUYENDO EL CILINDRO, QUE SEGUIR\u00c1 SIENDO DE TU PROPIEDAD. GWP\" \/>\n<meta property=\"og:url\" content=\"https:\/\/dev.refrigerantboys.com\/es\/compra\/fluidos-refrigerantes\/r404a\/gas-refrigerante-r448a-con-cilindros-de-10-kg-recondicionada-valvula-1-4-sae\/\" \/>\n<meta property=\"og:site_name\" content=\"Refrigerant Boys\" \/>\n<meta property=\"article:modified_time\" content=\"2025-10-06T09:51:20+00:00\" \/>\n<meta property=\"og:image\" content=\"https:\/\/dev.refrigerantboys.com\/wp-content\/uploads\/2024\/11\/R448A-10kg-usata.png\" \/>\n\t<meta property=\"og:image:width\" content=\"367\" \/>\n\t<meta property=\"og:image:height\" content=\"720\" \/>\n\t<meta property=\"og:image:type\" content=\"image\/png\" \/>\n<meta name=\"twitter:card\" content=\"summary_large_image\" \/>\n<meta name=\"twitter:label1\" content=\"Tiempo de lectura\" \/>\n\t<meta name=\"twitter:data1\" content=\"1 minuto\" \/>\n<script type=\"application\/ld+json\" class=\"yoast-schema-graph\">{\"@context\":\"https:\/\/schema.org\",\"@graph\":[{\"@type\":\"WebPage\",\"@id\":\"https:\/\/dev.refrigerantboys.com\/es\/compra\/fluidos-refrigerantes\/r404a\/gas-refrigerante-r448a-con-cilindros-de-10-kg-recondicionada-valvula-1-4-sae\/\",\"url\":\"https:\/\/dev.refrigerantboys.com\/es\/compra\/fluidos-refrigerantes\/r404a\/gas-refrigerante-r448a-con-cilindros-de-10-kg-recondicionada-valvula-1-4-sae\/\",\"name\":\"Gas refrigerante R448A con cilindros de 10 kg RECONDICIONADA V\u00e1lvula 1\/4 SAE | Refrigerant Boys\",\"isPartOf\":{\"@id\":\"https:\/\/dev.refrigerantboys.com\/es\/#website\"},\"datePublished\":\"2024-11-12T09:10:12+00:00\",\"dateModified\":\"2025-10-06T09:51:20+00:00\",\"description\":\"Gas refrigerante R448A en cilindros rellenable RECONDITIONADA 10 kg Aprobada T-PED \/ EN 13322-1 V\u00e1lvula 1\/4\\\" SAE UN 3163 Estos cilindros son RECONDICIONADOS (no son nuevos). Se comprobaron las v\u00e1lvulas, se limpiaron los grifos por dentro y se llenaron de gas nuevo. Externamente pueden presentar signos de desgaste\/ara\u00f1azos. PRECIO INCLUYENDO EL CILINDRO, QUE SEGUIR\u00c1 SIENDO DE TU PROPIEDAD. GWP\",\"breadcrumb\":{\"@id\":\"https:\/\/dev.refrigerantboys.com\/es\/compra\/fluidos-refrigerantes\/r404a\/gas-refrigerante-r448a-con-cilindros-de-10-kg-recondicionada-valvula-1-4-sae\/#breadcrumb\"},\"inLanguage\":\"es\",\"potentialAction\":[{\"@type\":\"ReadAction\",\"target\":[\"https:\/\/dev.refrigerantboys.com\/es\/compra\/fluidos-refrigerantes\/r404a\/gas-refrigerante-r448a-con-cilindros-de-10-kg-recondicionada-valvula-1-4-sae\/\"]}]},{\"@type\":\"BreadcrumbList\",\"@id\":\"https:\/\/dev.refrigerantboys.com\/es\/compra\/fluidos-refrigerantes\/r404a\/gas-refrigerante-r448a-con-cilindros-de-10-kg-recondicionada-valvula-1-4-sae\/#breadcrumb\",\"itemListElement\":[{\"@type\":\"ListItem\",\"position\":1,\"name\":\"Home\",\"item\":\"https:\/\/dev.refrigerantboys.com\/es\/\"},{\"@type\":\"ListItem\",\"position\":2,\"name\":\"Tienda\",\"item\":\"https:\/\/dev.refrigerantboys.com\/es\/tienda\/\"},{\"@type\":\"ListItem\",\"position\":3,\"name\":\"Gas refrigerante R448A con cilindros de 10 kg RECONDICIONADA V\u00e1lvula 1\/4 SAE\"}]},{\"@type\":\"WebSite\",\"@id\":\"https:\/\/dev.refrigerantboys.com\/es\/#website\",\"url\":\"https:\/\/dev.refrigerantboys.com\/es\/\",\"name\":\"Refrigerant Boys\",\"description\":\"Vendita gas refrigeranti\",\"potentialAction\":[{\"@type\":\"SearchAction\",\"target\":{\"@type\":\"EntryPoint\",\"urlTemplate\":\"https:\/\/dev.refrigerantboys.com\/es\/?s={search_term_string}\"},\"query-input\":\"required name=search_term_string\"}],\"inLanguage\":\"es\"}]}<\/script>\n<!-- \/ Yoast SEO plugin. -->","yoast_head_json":{"title":"Gas refrigerante R448A con cilindros de 10 kg RECONDICIONADA V\u00e1lvula 1\/4 SAE | Refrigerant Boys","description":"Gas refrigerante R448A en cilindros rellenable RECONDITIONADA 10 kg Aprobada T-PED \/ EN 13322-1 V\u00e1lvula 1\/4\" SAE UN 3163    Estos cilindros son RECONDICIONADOS (no son nuevos). Se comprobaron las v\u00e1lvulas, se limpiaron los grifos por dentro y se llenaron de gas nuevo. Externamente pueden presentar signos de desgaste\/ara\u00f1azos.   PRECIO INCLUYENDO EL CILINDRO, QUE SEGUIR\u00c1 SIENDO DE TU PROPIEDAD. GWP","robots":{"index":"index","follow":"follow","max-snippet":"max-snippet:-1","max-image-preview":"max-image-preview:large","max-video-preview":"max-video-preview:-1"},"canonical":"https:\/\/dev.refrigerantboys.com\/es\/compra\/fluidos-refrigerantes\/r404a\/gas-refrigerante-r448a-con-cilindros-de-10-kg-recondicionada-valvula-1-4-sae\/","og_locale":"es_ES","og_type":"article","og_title":"Gas refrigerante R448A con cilindros de 10 kg RECONDICIONADA V\u00e1lvula 1\/4 SAE | Refrigerant Boys","og_description":"Gas refrigerante R448A en cilindros rellenable RECONDITIONADA 10 kg Aprobada T-PED \/ EN 13322-1 V\u00e1lvula 1\/4\" SAE UN 3163    Estos cilindros son RECONDICIONADOS (no son nuevos). Se comprobaron las v\u00e1lvulas, se limpiaron los grifos por dentro y se llenaron de gas nuevo. Externamente pueden presentar signos de desgaste\/ara\u00f1azos.   PRECIO INCLUYENDO EL CILINDRO, QUE SEGUIR\u00c1 SIENDO DE TU PROPIEDAD. GWP","og_url":"https:\/\/dev.refrigerantboys.com\/es\/compra\/fluidos-refrigerantes\/r404a\/gas-refrigerante-r448a-con-cilindros-de-10-kg-recondicionada-valvula-1-4-sae\/","og_site_name":"Refrigerant Boys","article_modified_time":"2025-10-06T09:51:20+00:00","og_image":[{"width":367,"height":720,"url":"https:\/\/dev.refrigerantboys.com\/wp-content\/uploads\/2024\/11\/R448A-10kg-usata.png","type":"image\/png"}],"twitter_card":"summary_large_image","twitter_misc":{"Tiempo de lectura":"1 minuto"},"schema":{"@context":"https:\/\/schema.org","@graph":[{"@type":"WebPage","@id":"https:\/\/dev.refrigerantboys.com\/es\/compra\/fluidos-refrigerantes\/r404a\/gas-refrigerante-r448a-con-cilindros-de-10-kg-recondicionada-valvula-1-4-sae\/","url":"https:\/\/dev.refrigerantboys.com\/es\/compra\/fluidos-refrigerantes\/r404a\/gas-refrigerante-r448a-con-cilindros-de-10-kg-recondicionada-valvula-1-4-sae\/","name":"Gas refrigerante R448A con cilindros de 10 kg RECONDICIONADA V\u00e1lvula 1\/4 SAE | Refrigerant Boys","isPartOf":{"@id":"https:\/\/dev.refrigerantboys.com\/es\/#website"},"datePublished":"2024-11-12T09:10:12+00:00","dateModified":"2025-10-06T09:51:20+00:00","description":"Gas refrigerante R448A en cilindros rellenable RECONDITIONADA 10 kg Aprobada T-PED \/ EN 13322-1 V\u00e1lvula 1\/4\" SAE UN 3163 Estos cilindros son RECONDICIONADOS (no son nuevos). Se comprobaron las v\u00e1lvulas, se limpiaron los grifos por dentro y se llenaron de gas nuevo. Externamente pueden presentar signos de desgaste\/ara\u00f1azos. PRECIO INCLUYENDO EL CILINDRO, QUE SEGUIR\u00c1 SIENDO DE TU PROPIEDAD. GWP","breadcrumb":{"@id":"https:\/\/dev.refrigerantboys.com\/es\/compra\/fluidos-refrigerantes\/r404a\/gas-refrigerante-r448a-con-cilindros-de-10-kg-recondicionada-valvula-1-4-sae\/#breadcrumb"},"inLanguage":"es","potentialAction":[{"@type":"ReadAction","target":["https:\/\/dev.refrigerantboys.com\/es\/compra\/fluidos-refrigerantes\/r404a\/gas-refrigerante-r448a-con-cilindros-de-10-kg-recondicionada-valvula-1-4-sae\/"]}]},{"@type":"BreadcrumbList","@id":"https:\/\/dev.refrigerantboys.com\/es\/compra\/fluidos-refrigerantes\/r404a\/gas-refrigerante-r448a-con-cilindros-de-10-kg-recondicionada-valvula-1-4-sae\/#breadcrumb","itemListElement":[{"@type":"ListItem","position":1,"name":"Home","item":"https:\/\/dev.refrigerantboys.com\/es\/"},{"@type":"ListItem","position":2,"name":"Tienda","item":"https:\/\/dev.refrigerantboys.com\/es\/tienda\/"},{"@type":"ListItem","position":3,"name":"Gas refrigerante R448A con cilindros de 10 kg RECONDICIONADA V\u00e1lvula 1\/4 SAE"}]},{"@type":"WebSite","@id":"https:\/\/dev.refrigerantboys.com\/es\/#website","url":"https:\/\/dev.refrigerantboys.com\/es\/","name":"Refrigerant Boys","description":"Vendita gas refrigeranti","potentialAction":[{"@type":"SearchAction","target":{"@type":"EntryPoint","urlTemplate":"https:\/\/dev.refrigerantboys.com\/es\/?s={search_term_string}"},"query-input":"required name=search_term_string"}],"inLanguage":"es"}]}},"_links":{"self":[{"href":"https:\/\/dev.refrigerantboys.com\/es\/wp-json\/wp\/v2\/product\/84265"}],"collection":[{"href":"https:\/\/dev.refrigerantboys.com\/es\/wp-json\/wp\/v2\/product"}],"about":[{"href":"https:\/\/dev.refrigerantboys.com\/es\/wp-json\/wp\/v2\/types\/product"}],"wp:featuredmedia":[{"embeddable":true,"href":"https:\/\/dev.refrigerantboys.com\/es\/wp-json\/wp\/v2\/media\/84271"}],"wp:attachment":[{"href":"https:\/\/dev.refrigerantboys.com\/es\/wp-json\/wp\/v2\/media?parent=84265"}],"wp:term":[{"taxonomy":"product_cat","embeddable":true,"href":"https:\/\/dev.refrigerantboys.com\/es\/wp-json\/wp\/v2\/product_cat?post=84265"},{"taxonomy":"product_tag","embeddable":true,"href":"https:\/\/dev.refrigerantboys.com\/es\/wp-json\/wp\/v2\/product_tag?post=84265"}],"curies":[{"name":"wp","href":"https:\/\/api.w.org\/{rel}","templated":true}]}}