{"id":76849,"date":"2024-03-11T12:28:03","date_gmt":"2024-03-11T11:28:04","guid":{"rendered":"https:\/\/dev.refrigerantboys.com\/?post_type=product&#038;p=76849"},"modified":"2024-03-11T12:50:03","modified_gmt":"2024-03-11T11:50:03","slug":"bombola-da-950-grammi-gas-r1234yfvalvola-1-2-acme-sinistro","status":"publish","type":"product","link":"https:\/\/dev.refrigerantboys.com\/es\/compra\/fluidos-refrigerantes\/r1234yf\/bombola-da-950-grammi-gas-r1234yfvalvola-1-2-acme-sinistro\/","title":{"rendered":"Cilindro de 950 gramos R1234YF v\u00e1lvula de gas 1\/2 acme izquierda"},"content":{"rendered":"<p>Nuestra empresa vende gas R1234yf en cilindros de 950 gramos, Refrigerant Boys ofrece una amplia gama de refrigerantes de alta calidad en diferentes tama\u00f1os para satisfacer sus necesidades. El R1234yf es un gas respetuoso con el medio ambiente dise\u00f1ado como sustituto del R134a, utilizado sobre todo en el aire acondicionado de los autom\u00f3viles. Somos conscientes de la importancia de contar con productos fiables que cumplan la normativa vigente, por lo que puede contar con nuestra cilindro de gas R1234yf para obtener un rendimiento \u00f3ptimo y la m\u00e1xima seguridad. Compre hoy mismo su cilindro de gas R1234yf de 950 gramos a Refrigerant Boys y descubra por qu\u00e9 somos la opci\u00f3n preferida de los profesionales.<\/p>\n","protected":false},"excerpt":{"rendered":"<p><span style=\"color: #282828;\"><strong>Gas refrigerante R1234YF en botella de 950 gramos con certificaci\u00f3n T-PED\/EN 13322-1 <\/strong><\/span><span style=\"color: #ff0000;\"><strong>v\u00e1lvula 1\/2 &#8220;acme <\/strong><strong>izquierda<\/strong><\/span><span style=\"color: #282828;\"><strong>ONU 3161<\/strong><\/span><br \/>\n<iframe loading=\"lazy\" title=\"Reproductor de v\u00eddeo YouTube\" src=\"https:\/\/www.youtube.com\/embed\/9b67gkTUURI\" width=\"300\" height=\"200\" frameborder=\"0\" allowfullscreen=\"allowfullscreen\"><\/iframe><\/p>\n<pre><span style=\"color: #339966;\"><strong>GWP[4]<\/strong><\/span><\/pre>\n","protected":false},"featured_media":76860,"template":"","meta":[],"product_cat":[152,174],"product_tag":[],"acf":{"ai_note":""},"yoast_head":"<!-- This site is optimized with the Yoast SEO plugin v20.2 - https:\/\/yoast.com\/wordpress\/plugins\/seo\/ -->\n<title>Cilindro de 950 gramos R1234YF v\u00e1lvula de gas 1\/2 acme izquierda | Refrigerant Boys<\/title>\n<meta name=\"description\" content=\"Gas refrigerante R1234YF en botella de 950 gramos con certificaci\u00f3n T-PED\/EN 13322-1 v\u00e1lvula 1\/2 &quot;acme izquierdaONU 3161  GWP\" \/>\n<meta name=\"robots\" content=\"index, follow, max-snippet:-1, max-image-preview:large, max-video-preview:-1\" \/>\n<link rel=\"canonical\" href=\"https:\/\/dev.refrigerantboys.com\/es\/compra\/fluidos-refrigerantes\/r1234yf\/bombola-da-950-grammi-gas-r1234yfvalvola-1-2-acme-sinistro\/\" \/>\n<meta property=\"og:locale\" content=\"es_ES\" \/>\n<meta property=\"og:type\" content=\"article\" \/>\n<meta property=\"og:title\" content=\"Cilindro de 950 gramos R1234YF v\u00e1lvula de gas 1\/2 acme izquierda | Refrigerant Boys\" \/>\n<meta property=\"og:description\" content=\"Gas refrigerante R1234YF en botella de 950 gramos con certificaci\u00f3n T-PED\/EN 13322-1 v\u00e1lvula 1\/2 &quot;acme izquierdaONU 3161  GWP\" \/>\n<meta property=\"og:url\" content=\"https:\/\/dev.refrigerantboys.com\/es\/compra\/fluidos-refrigerantes\/r1234yf\/bombola-da-950-grammi-gas-r1234yfvalvola-1-2-acme-sinistro\/\" \/>\n<meta property=\"og:site_name\" content=\"Refrigerant Boys\" \/>\n<meta property=\"article:modified_time\" content=\"2024-03-11T11:50:03+00:00\" \/>\n<meta property=\"og:image\" content=\"https:\/\/dev.refrigerantboys.com\/wp-content\/uploads\/2024\/03\/BB1234K095.png\" \/>\n\t<meta property=\"og:image:width\" content=\"332\" \/>\n\t<meta property=\"og:image:height\" content=\"713\" \/>\n\t<meta property=\"og:image:type\" content=\"image\/png\" \/>\n<meta name=\"twitter:card\" content=\"summary_large_image\" \/>\n<meta name=\"twitter:label1\" content=\"Tiempo de lectura\" \/>\n\t<meta name=\"twitter:data1\" content=\"1 minuto\" \/>\n<script type=\"application\/ld+json\" class=\"yoast-schema-graph\">{\"@context\":\"https:\/\/schema.org\",\"@graph\":[{\"@type\":\"WebPage\",\"@id\":\"https:\/\/dev.refrigerantboys.com\/es\/compra\/fluidos-refrigerantes\/r1234yf\/bombola-da-950-grammi-gas-r1234yfvalvola-1-2-acme-sinistro\/\",\"url\":\"https:\/\/dev.refrigerantboys.com\/es\/compra\/fluidos-refrigerantes\/r1234yf\/bombola-da-950-grammi-gas-r1234yfvalvola-1-2-acme-sinistro\/\",\"name\":\"Cilindro de 950 gramos R1234YF v\u00e1lvula de gas 1\/2 acme izquierda | Refrigerant Boys\",\"isPartOf\":{\"@id\":\"https:\/\/dev.refrigerantboys.com\/es\/#website\"},\"datePublished\":\"2024-03-11T11:28:04+00:00\",\"dateModified\":\"2024-03-11T11:50:03+00:00\",\"description\":\"Gas refrigerante R1234YF en botella de 950 gramos con certificaci\u00f3n T-PED\/EN 13322-1 v\u00e1lvula 1\/2 \\\"acme izquierdaONU 3161 GWP\",\"breadcrumb\":{\"@id\":\"https:\/\/dev.refrigerantboys.com\/es\/compra\/fluidos-refrigerantes\/r1234yf\/bombola-da-950-grammi-gas-r1234yfvalvola-1-2-acme-sinistro\/#breadcrumb\"},\"inLanguage\":\"es\",\"potentialAction\":[{\"@type\":\"ReadAction\",\"target\":[\"https:\/\/dev.refrigerantboys.com\/es\/compra\/fluidos-refrigerantes\/r1234yf\/bombola-da-950-grammi-gas-r1234yfvalvola-1-2-acme-sinistro\/\"]}]},{\"@type\":\"BreadcrumbList\",\"@id\":\"https:\/\/dev.refrigerantboys.com\/es\/compra\/fluidos-refrigerantes\/r1234yf\/bombola-da-950-grammi-gas-r1234yfvalvola-1-2-acme-sinistro\/#breadcrumb\",\"itemListElement\":[{\"@type\":\"ListItem\",\"position\":1,\"name\":\"Home\",\"item\":\"https:\/\/dev.refrigerantboys.com\/es\/\"},{\"@type\":\"ListItem\",\"position\":2,\"name\":\"Tienda\",\"item\":\"https:\/\/dev.refrigerantboys.com\/es\/tienda\/\"},{\"@type\":\"ListItem\",\"position\":3,\"name\":\"Cilindro de 950 gramos R1234YF v\u00e1lvula de gas 1\/2 acme izquierda\"}]},{\"@type\":\"WebSite\",\"@id\":\"https:\/\/dev.refrigerantboys.com\/es\/#website\",\"url\":\"https:\/\/dev.refrigerantboys.com\/es\/\",\"name\":\"Refrigerant Boys\",\"description\":\"Vendita gas refrigeranti\",\"potentialAction\":[{\"@type\":\"SearchAction\",\"target\":{\"@type\":\"EntryPoint\",\"urlTemplate\":\"https:\/\/dev.refrigerantboys.com\/es\/?s={search_term_string}\"},\"query-input\":\"required name=search_term_string\"}],\"inLanguage\":\"es\"}]}<\/script>\n<!-- \/ Yoast SEO plugin. -->","yoast_head_json":{"title":"Cilindro de 950 gramos R1234YF v\u00e1lvula de gas 1\/2 acme izquierda | Refrigerant Boys","description":"Gas refrigerante R1234YF en botella de 950 gramos con certificaci\u00f3n T-PED\/EN 13322-1 v\u00e1lvula 1\/2 \"acme izquierdaONU 3161  GWP","robots":{"index":"index","follow":"follow","max-snippet":"max-snippet:-1","max-image-preview":"max-image-preview:large","max-video-preview":"max-video-preview:-1"},"canonical":"https:\/\/dev.refrigerantboys.com\/es\/compra\/fluidos-refrigerantes\/r1234yf\/bombola-da-950-grammi-gas-r1234yfvalvola-1-2-acme-sinistro\/","og_locale":"es_ES","og_type":"article","og_title":"Cilindro de 950 gramos R1234YF v\u00e1lvula de gas 1\/2 acme izquierda | Refrigerant Boys","og_description":"Gas refrigerante R1234YF en botella de 950 gramos con certificaci\u00f3n T-PED\/EN 13322-1 v\u00e1lvula 1\/2 \"acme izquierdaONU 3161  GWP","og_url":"https:\/\/dev.refrigerantboys.com\/es\/compra\/fluidos-refrigerantes\/r1234yf\/bombola-da-950-grammi-gas-r1234yfvalvola-1-2-acme-sinistro\/","og_site_name":"Refrigerant Boys","article_modified_time":"2024-03-11T11:50:03+00:00","og_image":[{"width":332,"height":713,"url":"https:\/\/dev.refrigerantboys.com\/wp-content\/uploads\/2024\/03\/BB1234K095.png","type":"image\/png"}],"twitter_card":"summary_large_image","twitter_misc":{"Tiempo de lectura":"1 minuto"},"schema":{"@context":"https:\/\/schema.org","@graph":[{"@type":"WebPage","@id":"https:\/\/dev.refrigerantboys.com\/es\/compra\/fluidos-refrigerantes\/r1234yf\/bombola-da-950-grammi-gas-r1234yfvalvola-1-2-acme-sinistro\/","url":"https:\/\/dev.refrigerantboys.com\/es\/compra\/fluidos-refrigerantes\/r1234yf\/bombola-da-950-grammi-gas-r1234yfvalvola-1-2-acme-sinistro\/","name":"Cilindro de 950 gramos R1234YF v\u00e1lvula de gas 1\/2 acme izquierda | Refrigerant Boys","isPartOf":{"@id":"https:\/\/dev.refrigerantboys.com\/es\/#website"},"datePublished":"2024-03-11T11:28:04+00:00","dateModified":"2024-03-11T11:50:03+00:00","description":"Gas refrigerante R1234YF en botella de 950 gramos con certificaci\u00f3n T-PED\/EN 13322-1 v\u00e1lvula 1\/2 \"acme izquierdaONU 3161 GWP","breadcrumb":{"@id":"https:\/\/dev.refrigerantboys.com\/es\/compra\/fluidos-refrigerantes\/r1234yf\/bombola-da-950-grammi-gas-r1234yfvalvola-1-2-acme-sinistro\/#breadcrumb"},"inLanguage":"es","potentialAction":[{"@type":"ReadAction","target":["https:\/\/dev.refrigerantboys.com\/es\/compra\/fluidos-refrigerantes\/r1234yf\/bombola-da-950-grammi-gas-r1234yfvalvola-1-2-acme-sinistro\/"]}]},{"@type":"BreadcrumbList","@id":"https:\/\/dev.refrigerantboys.com\/es\/compra\/fluidos-refrigerantes\/r1234yf\/bombola-da-950-grammi-gas-r1234yfvalvola-1-2-acme-sinistro\/#breadcrumb","itemListElement":[{"@type":"ListItem","position":1,"name":"Home","item":"https:\/\/dev.refrigerantboys.com\/es\/"},{"@type":"ListItem","position":2,"name":"Tienda","item":"https:\/\/dev.refrigerantboys.com\/es\/tienda\/"},{"@type":"ListItem","position":3,"name":"Cilindro de 950 gramos R1234YF v\u00e1lvula de gas 1\/2 acme izquierda"}]},{"@type":"WebSite","@id":"https:\/\/dev.refrigerantboys.com\/es\/#website","url":"https:\/\/dev.refrigerantboys.com\/es\/","name":"Refrigerant Boys","description":"Vendita gas refrigeranti","potentialAction":[{"@type":"SearchAction","target":{"@type":"EntryPoint","urlTemplate":"https:\/\/dev.refrigerantboys.com\/es\/?s={search_term_string}"},"query-input":"required name=search_term_string"}],"inLanguage":"es"}]}},"_links":{"self":[{"href":"https:\/\/dev.refrigerantboys.com\/es\/wp-json\/wp\/v2\/product\/76849"}],"collection":[{"href":"https:\/\/dev.refrigerantboys.com\/es\/wp-json\/wp\/v2\/product"}],"about":[{"href":"https:\/\/dev.refrigerantboys.com\/es\/wp-json\/wp\/v2\/types\/product"}],"wp:featuredmedia":[{"embeddable":true,"href":"https:\/\/dev.refrigerantboys.com\/es\/wp-json\/wp\/v2\/media\/76860"}],"wp:attachment":[{"href":"https:\/\/dev.refrigerantboys.com\/es\/wp-json\/wp\/v2\/media?parent=76849"}],"wp:term":[{"taxonomy":"product_cat","embeddable":true,"href":"https:\/\/dev.refrigerantboys.com\/es\/wp-json\/wp\/v2\/product_cat?post=76849"},{"taxonomy":"product_tag","embeddable":true,"href":"https:\/\/dev.refrigerantboys.com\/es\/wp-json\/wp\/v2\/product_tag?post=76849"}],"curies":[{"name":"wp","href":"https:\/\/api.w.org\/{rel}","templated":true}]}}