{"id":69156,"date":"2023-05-29T14:30:49","date_gmt":"2023-05-29T12:30:50","guid":{"rendered":"https:\/\/dev.refrigerantboys.com\/?post_type=product&#038;p=69156"},"modified":"2023-08-01T09:47:04","modified_gmt":"2023-08-01T07:47:04","slug":"manometro-para-cilindros-r32-autorrellenables","status":"publish","type":"product","link":"https:\/\/dev.refrigerantboys.com\/es\/compra\/fluidos-refrigerantes\/r32\/manometro-para-cilindros-r32-autorrellenables\/","title":{"rendered":"Man\u00f3metro para bombonas de R32 autorrellenables"},"content":{"rendered":"<p style=\"text-align: left;\"><strong><span style=\"color: #000000;\">Man\u00f3metro para autodiagn\u00f3stico de gas R32 y kit de recarga de 800 g<\/span><br \/>\n<\/strong><\/p>\n<p>Nuestros man\u00f3metros son instrumentos fiables y precisos dise\u00f1ados para garantizar una medici\u00f3n exacta de la presi\u00f3n de las bombonas de R32 durante las operaciones de recarga. Gracias a su resistencia y durabilidad, nuestros man\u00f3metros son perfectos para uso profesional y resultan ideales tanto para t\u00e9cnicos experimentados como para principiantes. Su practicidad y facilidad de uso los convierten en un accesorio indispensable para todos tus trabajos de aire acondicionado y refrigeraci\u00f3n. Elige los man\u00f3metros para bombonas de R32 autorrellenables de Refrigerant Boys y disfruta de la precisi\u00f3n y fiabilidad de un instrumento de alta calidad para uso profesional.<\/p>\n","protected":false},"excerpt":{"rendered":"<ul>\n<li>Manguera azul con racor de 5\/16<\/li>\n<li>Kit man\u00f3metro 1\/2&#8243; acme izquierda<\/li>\n<\/ul>\n","protected":false},"featured_media":69162,"template":"","meta":[],"product_cat":[152,155],"product_tag":[291],"acf":{"ai_note":""},"yoast_head":"<!-- This site is optimized with the Yoast SEO plugin v20.2 - https:\/\/yoast.com\/wordpress\/plugins\/seo\/ -->\n<title>Man\u00f3metro para bombonas de R32 autorrellenables | Refrigerant Boys<\/title>\n<meta name=\"description\" content=\"Elige los man\u00f3metros para bombonas de R32 autorrellenables de Refrigerant Boys y disfruta de la precisi\u00f3n y fiabilidad de un instrumento de alta calidad para uso profesional.\" \/>\n<meta name=\"robots\" content=\"index, follow, max-snippet:-1, max-image-preview:large, max-video-preview:-1\" \/>\n<link rel=\"canonical\" href=\"https:\/\/dev.refrigerantboys.com\/es\/compra\/fluidos-refrigerantes\/r32\/manometro-para-cilindros-r32-autorrellenables\/\" \/>\n<meta property=\"og:locale\" content=\"es_ES\" \/>\n<meta property=\"og:type\" content=\"article\" \/>\n<meta property=\"og:title\" content=\"Man\u00f3metro para bombonas de R32 autorrellenables | Refrigerant Boys\" \/>\n<meta property=\"og:description\" content=\"Elige los man\u00f3metros para bombonas de R32 autorrellenables de Refrigerant Boys y disfruta de la precisi\u00f3n y fiabilidad de un instrumento de alta calidad para uso profesional.\" \/>\n<meta property=\"og:url\" content=\"https:\/\/dev.refrigerantboys.com\/es\/compra\/fluidos-refrigerantes\/r32\/manometro-para-cilindros-r32-autorrellenables\/\" \/>\n<meta property=\"og:site_name\" content=\"Refrigerant Boys\" \/>\n<meta property=\"article:modified_time\" content=\"2023-08-01T07:47:04+00:00\" \/>\n<meta property=\"og:image\" content=\"https:\/\/dev.refrigerantboys.com\/wp-content\/uploads\/2023\/05\/mk32s.png\" \/>\n\t<meta property=\"og:image:width\" content=\"1134\" \/>\n\t<meta property=\"og:image:height\" content=\"1172\" \/>\n\t<meta property=\"og:image:type\" content=\"image\/png\" \/>\n<meta name=\"twitter:card\" content=\"summary_large_image\" \/>\n<meta name=\"twitter:label1\" content=\"Tiempo de lectura\" \/>\n\t<meta name=\"twitter:data1\" content=\"1 minuto\" \/>\n<script type=\"application\/ld+json\" class=\"yoast-schema-graph\">{\"@context\":\"https:\/\/schema.org\",\"@graph\":[{\"@type\":\"WebPage\",\"@id\":\"https:\/\/dev.refrigerantboys.com\/es\/compra\/fluidos-refrigerantes\/r32\/manometro-para-cilindros-r32-autorrellenables\/\",\"url\":\"https:\/\/dev.refrigerantboys.com\/es\/compra\/fluidos-refrigerantes\/r32\/manometro-para-cilindros-r32-autorrellenables\/\",\"name\":\"Man\u00f3metro para bombonas de R32 autorrellenables | Refrigerant Boys\",\"isPartOf\":{\"@id\":\"https:\/\/dev.refrigerantboys.com\/es\/#website\"},\"datePublished\":\"2023-05-29T12:30:50+00:00\",\"dateModified\":\"2023-08-01T07:47:04+00:00\",\"description\":\"Elige los man\u00f3metros para bombonas de R32 autorrellenables de Refrigerant Boys y disfruta de la precisi\u00f3n y fiabilidad de un instrumento de alta calidad para uso profesional.\",\"breadcrumb\":{\"@id\":\"https:\/\/dev.refrigerantboys.com\/es\/compra\/fluidos-refrigerantes\/r32\/manometro-para-cilindros-r32-autorrellenables\/#breadcrumb\"},\"inLanguage\":\"es\",\"potentialAction\":[{\"@type\":\"ReadAction\",\"target\":[\"https:\/\/dev.refrigerantboys.com\/es\/compra\/fluidos-refrigerantes\/r32\/manometro-para-cilindros-r32-autorrellenables\/\"]}]},{\"@type\":\"BreadcrumbList\",\"@id\":\"https:\/\/dev.refrigerantboys.com\/es\/compra\/fluidos-refrigerantes\/r32\/manometro-para-cilindros-r32-autorrellenables\/#breadcrumb\",\"itemListElement\":[{\"@type\":\"ListItem\",\"position\":1,\"name\":\"Home\",\"item\":\"https:\/\/dev.refrigerantboys.com\/es\/\"},{\"@type\":\"ListItem\",\"position\":2,\"name\":\"Tienda\",\"item\":\"https:\/\/dev.refrigerantboys.com\/es\/tienda\/\"},{\"@type\":\"ListItem\",\"position\":3,\"name\":\"Man\u00f3metro para bombonas de R32 autorrellenables\"}]},{\"@type\":\"WebSite\",\"@id\":\"https:\/\/dev.refrigerantboys.com\/es\/#website\",\"url\":\"https:\/\/dev.refrigerantboys.com\/es\/\",\"name\":\"Refrigerant Boys\",\"description\":\"Vendita gas refrigeranti\",\"potentialAction\":[{\"@type\":\"SearchAction\",\"target\":{\"@type\":\"EntryPoint\",\"urlTemplate\":\"https:\/\/dev.refrigerantboys.com\/es\/?s={search_term_string}\"},\"query-input\":\"required name=search_term_string\"}],\"inLanguage\":\"es\"}]}<\/script>\n<!-- \/ Yoast SEO plugin. -->","yoast_head_json":{"title":"Man\u00f3metro para bombonas de R32 autorrellenables | Refrigerant Boys","description":"Elige los man\u00f3metros para bombonas de R32 autorrellenables de Refrigerant Boys y disfruta de la precisi\u00f3n y fiabilidad de un instrumento de alta calidad para uso profesional.","robots":{"index":"index","follow":"follow","max-snippet":"max-snippet:-1","max-image-preview":"max-image-preview:large","max-video-preview":"max-video-preview:-1"},"canonical":"https:\/\/dev.refrigerantboys.com\/es\/compra\/fluidos-refrigerantes\/r32\/manometro-para-cilindros-r32-autorrellenables\/","og_locale":"es_ES","og_type":"article","og_title":"Man\u00f3metro para bombonas de R32 autorrellenables | Refrigerant Boys","og_description":"Elige los man\u00f3metros para bombonas de R32 autorrellenables de Refrigerant Boys y disfruta de la precisi\u00f3n y fiabilidad de un instrumento de alta calidad para uso profesional.","og_url":"https:\/\/dev.refrigerantboys.com\/es\/compra\/fluidos-refrigerantes\/r32\/manometro-para-cilindros-r32-autorrellenables\/","og_site_name":"Refrigerant Boys","article_modified_time":"2023-08-01T07:47:04+00:00","og_image":[{"width":1134,"height":1172,"url":"https:\/\/dev.refrigerantboys.com\/wp-content\/uploads\/2023\/05\/mk32s.png","type":"image\/png"}],"twitter_card":"summary_large_image","twitter_misc":{"Tiempo de lectura":"1 minuto"},"schema":{"@context":"https:\/\/schema.org","@graph":[{"@type":"WebPage","@id":"https:\/\/dev.refrigerantboys.com\/es\/compra\/fluidos-refrigerantes\/r32\/manometro-para-cilindros-r32-autorrellenables\/","url":"https:\/\/dev.refrigerantboys.com\/es\/compra\/fluidos-refrigerantes\/r32\/manometro-para-cilindros-r32-autorrellenables\/","name":"Man\u00f3metro para bombonas de R32 autorrellenables | Refrigerant Boys","isPartOf":{"@id":"https:\/\/dev.refrigerantboys.com\/es\/#website"},"datePublished":"2023-05-29T12:30:50+00:00","dateModified":"2023-08-01T07:47:04+00:00","description":"Elige los man\u00f3metros para bombonas de R32 autorrellenables de Refrigerant Boys y disfruta de la precisi\u00f3n y fiabilidad de un instrumento de alta calidad para uso profesional.","breadcrumb":{"@id":"https:\/\/dev.refrigerantboys.com\/es\/compra\/fluidos-refrigerantes\/r32\/manometro-para-cilindros-r32-autorrellenables\/#breadcrumb"},"inLanguage":"es","potentialAction":[{"@type":"ReadAction","target":["https:\/\/dev.refrigerantboys.com\/es\/compra\/fluidos-refrigerantes\/r32\/manometro-para-cilindros-r32-autorrellenables\/"]}]},{"@type":"BreadcrumbList","@id":"https:\/\/dev.refrigerantboys.com\/es\/compra\/fluidos-refrigerantes\/r32\/manometro-para-cilindros-r32-autorrellenables\/#breadcrumb","itemListElement":[{"@type":"ListItem","position":1,"name":"Home","item":"https:\/\/dev.refrigerantboys.com\/es\/"},{"@type":"ListItem","position":2,"name":"Tienda","item":"https:\/\/dev.refrigerantboys.com\/es\/tienda\/"},{"@type":"ListItem","position":3,"name":"Man\u00f3metro para bombonas de R32 autorrellenables"}]},{"@type":"WebSite","@id":"https:\/\/dev.refrigerantboys.com\/es\/#website","url":"https:\/\/dev.refrigerantboys.com\/es\/","name":"Refrigerant Boys","description":"Vendita gas refrigeranti","potentialAction":[{"@type":"SearchAction","target":{"@type":"EntryPoint","urlTemplate":"https:\/\/dev.refrigerantboys.com\/es\/?s={search_term_string}"},"query-input":"required name=search_term_string"}],"inLanguage":"es"}]}},"_links":{"self":[{"href":"https:\/\/dev.refrigerantboys.com\/es\/wp-json\/wp\/v2\/product\/69156"}],"collection":[{"href":"https:\/\/dev.refrigerantboys.com\/es\/wp-json\/wp\/v2\/product"}],"about":[{"href":"https:\/\/dev.refrigerantboys.com\/es\/wp-json\/wp\/v2\/types\/product"}],"wp:featuredmedia":[{"embeddable":true,"href":"https:\/\/dev.refrigerantboys.com\/es\/wp-json\/wp\/v2\/media\/69162"}],"wp:attachment":[{"href":"https:\/\/dev.refrigerantboys.com\/es\/wp-json\/wp\/v2\/media?parent=69156"}],"wp:term":[{"taxonomy":"product_cat","embeddable":true,"href":"https:\/\/dev.refrigerantboys.com\/es\/wp-json\/wp\/v2\/product_cat?post=69156"},{"taxonomy":"product_tag","embeddable":true,"href":"https:\/\/dev.refrigerantboys.com\/es\/wp-json\/wp\/v2\/product_tag?post=69156"}],"curies":[{"name":"wp","href":"https:\/\/api.w.org\/{rel}","templated":true}]}}