{"id":64579,"date":"2022-12-06T13:24:59","date_gmt":"2022-12-06T12:25:00","guid":{"rendered":"https:\/\/dev.refrigerantboys.com\/?post_type=product&#038;p=64579"},"modified":"2025-03-17T12:24:59","modified_gmt":"2025-03-17T11:24:59","slug":"cilindro-para-gas-r32-recarga-con-800-g-1-2%e2%80%b3-valvula-acme-izquierda","status":"publish","type":"product","link":"https:\/\/dev.refrigerantboys.com\/es\/compra\/fluidos-refrigerantes\/r32\/cilindro-para-gas-r32-recarga-con-800-g-1-2%e2%80%b3-valvula-acme-izquierda\/","title":{"rendered":"Bombona de RECARGA de gas R32 con 800 g V\u00e1lvula 1\/2\u2033 ACME IZQUIERDA"},"content":{"rendered":"<p>Nuestra bombona de recarga de gas R32 tiene una capacidad de 800 g y una v\u00e1lvula ACME de 1\/2&#8243; para garantizar una conexi\u00f3n segura y fiable a tu sistema de aire acondicionado. El gas R32 se utiliza mucho por su eficiencia energ\u00e9tica y su bajo impacto ambiental, por lo que es importante disponer de una bombona de alta calidad para rellenarla. Nuestras bombonas est\u00e1n fabricadas con materiales duraderos y cumplen las normas de seguridad m\u00e1s estrictas. Conf\u00eda en Refrigerant Boys para tu bombona de gas R32 y disfrutar\u00e1s de un producto de calidad superior.<\/p>\n<p><strong>Aplicaciones:<\/strong><\/p>\n<ul>\n<li>El R32 tiene un rendimiento y una eficiencia energ\u00e9tica equivalentes al R410A.<\/li>\n<li>GWP (Potencial de Calentamiento Global) significativamente menor que el R410A.<\/li>\n<li>No requiere reemplazo de componentes, lubricantes y sellos.<\/li>\n<\/ul>\n<p><span style=\"color: #ff0000;\">El R32 s\u00f3lo se puede utilizar en sistemas nuevos dise\u00f1ados para funcionar con gases ligeramente inflamables (clase A2L)<\/span><\/p>\n<p><span style=\"color: #ff0000;\">El R32 no se puede utilizar como producto de actualizaci\u00f3n para sistemas dise\u00f1ados para funcionar con R410A; Dado que los sistemas R410A no est\u00e1n dise\u00f1ados para funcionar con gases ligeramente inflamables, existe el riesgo de da\u00f1ar el compresor.<\/span><\/p>\n<p><span style=\"color: #ed1c24;\"><strong>UTILICE SOLO CON MAN\u00d3METRO NEVADA<\/strong><\/span><br \/>\n<strong>Es un producto de bajo GWP, utilizado en aires acondicionados\/aires acondicionados de nueva generaci\u00f3n. Naci\u00f3 como reemplazo del gas R410A.<\/strong><\/p>\n","protected":false},"excerpt":{"rendered":"<p><span style=\"color: #000000;\">Cilindros de 800 g de gas refrigerante R32 para RECARGA certificado T-PED \/ EN 13322-1. V\u00e1lvula 1\/2\u2033 ACME IZQUIERDA UN 3252<\/span><\/p>\n<pre><span style=\"color: #ff0000; font-size: 20px;\"><strong>GWP[675]<\/strong><\/span><\/pre>\n<p><iframe loading=\"lazy\" title=\"YouTube video player\" src=\"https:\/\/www.youtube.com\/embed\/PS9l_nqjaQs\" width=\"300\" height=\"215\" frameborder=\"0\" allowfullscreen=\"allowfullscreen\"><\/iframe><\/p>\n","protected":false},"featured_media":64590,"template":"","meta":[],"product_cat":[152,155],"product_tag":[],"acf":{"ai_note":""},"yoast_head":"<!-- This site is optimized with the Yoast SEO plugin v20.2 - https:\/\/yoast.com\/wordpress\/plugins\/seo\/ -->\n<title>Bombona de RECARGA de gas R32 con 800 g V\u00e1lvula 1\/2\u2033 ACME IZQUIERDA | Refrigerant Boys<\/title>\n<meta name=\"description\" content=\"Nuestra bombona de recarga de gas R32 tiene una capacidad de 800 g y una v\u00e1lvula ACME de 1\/2&quot; para garantizar una conexi\u00f3n segura y fiable a tu sistema de aire acondicionado.\" \/>\n<meta name=\"robots\" content=\"index, follow, max-snippet:-1, max-image-preview:large, max-video-preview:-1\" \/>\n<link rel=\"canonical\" href=\"https:\/\/dev.refrigerantboys.com\/es\/compra\/fluidos-refrigerantes\/r32\/cilindro-para-gas-r32-recarga-con-800-g-1-2%e2%80%b3-valvula-acme-izquierda\/\" \/>\n<meta property=\"og:locale\" content=\"es_ES\" \/>\n<meta property=\"og:type\" content=\"article\" \/>\n<meta property=\"og:title\" content=\"Bombona de RECARGA de gas R32 con 800 g V\u00e1lvula 1\/2\u2033 ACME IZQUIERDA | Refrigerant Boys\" \/>\n<meta property=\"og:description\" content=\"Nuestra bombona de recarga de gas R32 tiene una capacidad de 800 g y una v\u00e1lvula ACME de 1\/2&quot; para garantizar una conexi\u00f3n segura y fiable a tu sistema de aire acondicionado.\" \/>\n<meta property=\"og:url\" content=\"https:\/\/dev.refrigerantboys.com\/es\/compra\/fluidos-refrigerantes\/r32\/cilindro-para-gas-r32-recarga-con-800-g-1-2%e2%80%b3-valvula-acme-izquierda\/\" \/>\n<meta property=\"og:site_name\" content=\"Refrigerant Boys\" \/>\n<meta property=\"article:modified_time\" content=\"2025-03-17T11:24:59+00:00\" \/>\n<meta property=\"og:image\" content=\"https:\/\/dev.refrigerantboys.com\/wp-content\/uploads\/2022\/12\/r32-1r-1.png\" \/>\n\t<meta property=\"og:image:width\" content=\"1350\" \/>\n\t<meta property=\"og:image:height\" content=\"3027\" \/>\n\t<meta property=\"og:image:type\" content=\"image\/png\" \/>\n<meta name=\"twitter:card\" content=\"summary_large_image\" \/>\n<meta name=\"twitter:label1\" content=\"Tiempo de lectura\" \/>\n\t<meta name=\"twitter:data1\" content=\"2 minutos\" \/>\n<script type=\"application\/ld+json\" class=\"yoast-schema-graph\">{\"@context\":\"https:\/\/schema.org\",\"@graph\":[{\"@type\":\"WebPage\",\"@id\":\"https:\/\/dev.refrigerantboys.com\/es\/compra\/fluidos-refrigerantes\/r32\/cilindro-para-gas-r32-recarga-con-800-g-1-2%e2%80%b3-valvula-acme-izquierda\/\",\"url\":\"https:\/\/dev.refrigerantboys.com\/es\/compra\/fluidos-refrigerantes\/r32\/cilindro-para-gas-r32-recarga-con-800-g-1-2%e2%80%b3-valvula-acme-izquierda\/\",\"name\":\"Bombona de RECARGA de gas R32 con 800 g V\u00e1lvula 1\/2\u2033 ACME IZQUIERDA | Refrigerant Boys\",\"isPartOf\":{\"@id\":\"https:\/\/dev.refrigerantboys.com\/es\/#website\"},\"datePublished\":\"2022-12-06T12:25:00+00:00\",\"dateModified\":\"2025-03-17T11:24:59+00:00\",\"description\":\"Nuestra bombona de recarga de gas R32 tiene una capacidad de 800 g y una v\u00e1lvula ACME de 1\/2\\\" para garantizar una conexi\u00f3n segura y fiable a tu sistema de aire acondicionado.\",\"breadcrumb\":{\"@id\":\"https:\/\/dev.refrigerantboys.com\/es\/compra\/fluidos-refrigerantes\/r32\/cilindro-para-gas-r32-recarga-con-800-g-1-2%e2%80%b3-valvula-acme-izquierda\/#breadcrumb\"},\"inLanguage\":\"es\",\"potentialAction\":[{\"@type\":\"ReadAction\",\"target\":[\"https:\/\/dev.refrigerantboys.com\/es\/compra\/fluidos-refrigerantes\/r32\/cilindro-para-gas-r32-recarga-con-800-g-1-2%e2%80%b3-valvula-acme-izquierda\/\"]}]},{\"@type\":\"BreadcrumbList\",\"@id\":\"https:\/\/dev.refrigerantboys.com\/es\/compra\/fluidos-refrigerantes\/r32\/cilindro-para-gas-r32-recarga-con-800-g-1-2%e2%80%b3-valvula-acme-izquierda\/#breadcrumb\",\"itemListElement\":[{\"@type\":\"ListItem\",\"position\":1,\"name\":\"Home\",\"item\":\"https:\/\/dev.refrigerantboys.com\/es\/\"},{\"@type\":\"ListItem\",\"position\":2,\"name\":\"Tienda\",\"item\":\"https:\/\/dev.refrigerantboys.com\/es\/tienda\/\"},{\"@type\":\"ListItem\",\"position\":3,\"name\":\"Bombona de RECARGA de gas R32 con 800 g V\u00e1lvula 1\/2\u2033 ACME IZQUIERDA\"}]},{\"@type\":\"WebSite\",\"@id\":\"https:\/\/dev.refrigerantboys.com\/es\/#website\",\"url\":\"https:\/\/dev.refrigerantboys.com\/es\/\",\"name\":\"Refrigerant Boys\",\"description\":\"Vendita gas refrigeranti\",\"potentialAction\":[{\"@type\":\"SearchAction\",\"target\":{\"@type\":\"EntryPoint\",\"urlTemplate\":\"https:\/\/dev.refrigerantboys.com\/es\/?s={search_term_string}\"},\"query-input\":\"required name=search_term_string\"}],\"inLanguage\":\"es\"}]}<\/script>\n<!-- \/ Yoast SEO plugin. -->","yoast_head_json":{"title":"Bombona de RECARGA de gas R32 con 800 g V\u00e1lvula 1\/2\u2033 ACME IZQUIERDA | Refrigerant Boys","description":"Nuestra bombona de recarga de gas R32 tiene una capacidad de 800 g y una v\u00e1lvula ACME de 1\/2\" para garantizar una conexi\u00f3n segura y fiable a tu sistema de aire acondicionado.","robots":{"index":"index","follow":"follow","max-snippet":"max-snippet:-1","max-image-preview":"max-image-preview:large","max-video-preview":"max-video-preview:-1"},"canonical":"https:\/\/dev.refrigerantboys.com\/es\/compra\/fluidos-refrigerantes\/r32\/cilindro-para-gas-r32-recarga-con-800-g-1-2%e2%80%b3-valvula-acme-izquierda\/","og_locale":"es_ES","og_type":"article","og_title":"Bombona de RECARGA de gas R32 con 800 g V\u00e1lvula 1\/2\u2033 ACME IZQUIERDA | Refrigerant Boys","og_description":"Nuestra bombona de recarga de gas R32 tiene una capacidad de 800 g y una v\u00e1lvula ACME de 1\/2\" para garantizar una conexi\u00f3n segura y fiable a tu sistema de aire acondicionado.","og_url":"https:\/\/dev.refrigerantboys.com\/es\/compra\/fluidos-refrigerantes\/r32\/cilindro-para-gas-r32-recarga-con-800-g-1-2%e2%80%b3-valvula-acme-izquierda\/","og_site_name":"Refrigerant Boys","article_modified_time":"2025-03-17T11:24:59+00:00","og_image":[{"width":1350,"height":3027,"url":"https:\/\/dev.refrigerantboys.com\/wp-content\/uploads\/2022\/12\/r32-1r-1.png","type":"image\/png"}],"twitter_card":"summary_large_image","twitter_misc":{"Tiempo de lectura":"2 minutos"},"schema":{"@context":"https:\/\/schema.org","@graph":[{"@type":"WebPage","@id":"https:\/\/dev.refrigerantboys.com\/es\/compra\/fluidos-refrigerantes\/r32\/cilindro-para-gas-r32-recarga-con-800-g-1-2%e2%80%b3-valvula-acme-izquierda\/","url":"https:\/\/dev.refrigerantboys.com\/es\/compra\/fluidos-refrigerantes\/r32\/cilindro-para-gas-r32-recarga-con-800-g-1-2%e2%80%b3-valvula-acme-izquierda\/","name":"Bombona de RECARGA de gas R32 con 800 g V\u00e1lvula 1\/2\u2033 ACME IZQUIERDA | Refrigerant Boys","isPartOf":{"@id":"https:\/\/dev.refrigerantboys.com\/es\/#website"},"datePublished":"2022-12-06T12:25:00+00:00","dateModified":"2025-03-17T11:24:59+00:00","description":"Nuestra bombona de recarga de gas R32 tiene una capacidad de 800 g y una v\u00e1lvula ACME de 1\/2\" para garantizar una conexi\u00f3n segura y fiable a tu sistema de aire acondicionado.","breadcrumb":{"@id":"https:\/\/dev.refrigerantboys.com\/es\/compra\/fluidos-refrigerantes\/r32\/cilindro-para-gas-r32-recarga-con-800-g-1-2%e2%80%b3-valvula-acme-izquierda\/#breadcrumb"},"inLanguage":"es","potentialAction":[{"@type":"ReadAction","target":["https:\/\/dev.refrigerantboys.com\/es\/compra\/fluidos-refrigerantes\/r32\/cilindro-para-gas-r32-recarga-con-800-g-1-2%e2%80%b3-valvula-acme-izquierda\/"]}]},{"@type":"BreadcrumbList","@id":"https:\/\/dev.refrigerantboys.com\/es\/compra\/fluidos-refrigerantes\/r32\/cilindro-para-gas-r32-recarga-con-800-g-1-2%e2%80%b3-valvula-acme-izquierda\/#breadcrumb","itemListElement":[{"@type":"ListItem","position":1,"name":"Home","item":"https:\/\/dev.refrigerantboys.com\/es\/"},{"@type":"ListItem","position":2,"name":"Tienda","item":"https:\/\/dev.refrigerantboys.com\/es\/tienda\/"},{"@type":"ListItem","position":3,"name":"Bombona de RECARGA de gas R32 con 800 g V\u00e1lvula 1\/2\u2033 ACME IZQUIERDA"}]},{"@type":"WebSite","@id":"https:\/\/dev.refrigerantboys.com\/es\/#website","url":"https:\/\/dev.refrigerantboys.com\/es\/","name":"Refrigerant Boys","description":"Vendita gas refrigeranti","potentialAction":[{"@type":"SearchAction","target":{"@type":"EntryPoint","urlTemplate":"https:\/\/dev.refrigerantboys.com\/es\/?s={search_term_string}"},"query-input":"required name=search_term_string"}],"inLanguage":"es"}]}},"_links":{"self":[{"href":"https:\/\/dev.refrigerantboys.com\/es\/wp-json\/wp\/v2\/product\/64579"}],"collection":[{"href":"https:\/\/dev.refrigerantboys.com\/es\/wp-json\/wp\/v2\/product"}],"about":[{"href":"https:\/\/dev.refrigerantboys.com\/es\/wp-json\/wp\/v2\/types\/product"}],"wp:featuredmedia":[{"embeddable":true,"href":"https:\/\/dev.refrigerantboys.com\/es\/wp-json\/wp\/v2\/media\/64590"}],"wp:attachment":[{"href":"https:\/\/dev.refrigerantboys.com\/es\/wp-json\/wp\/v2\/media?parent=64579"}],"wp:term":[{"taxonomy":"product_cat","embeddable":true,"href":"https:\/\/dev.refrigerantboys.com\/es\/wp-json\/wp\/v2\/product_cat?post=64579"},{"taxonomy":"product_tag","embeddable":true,"href":"https:\/\/dev.refrigerantboys.com\/es\/wp-json\/wp\/v2\/product_tag?post=64579"}],"curies":[{"name":"wp","href":"https:\/\/api.w.org\/{rel}","templated":true}]}}