{"id":5310,"date":"2019-04-03T12:52:59","date_gmt":"2019-04-03T12:53:01","guid":{"rendered":"https:\/\/dev.refrigerantboys.com\/?post_type=product&#038;p=5310"},"modified":"2025-03-17T12:16:16","modified_gmt":"2025-03-17T11:16:16","slug":"bombola-con-800-grammi-di-gas-r32-con-manometro-e-tubo-con-attacco-5-16","status":"publish","type":"product","link":"https:\/\/dev.refrigerantboys.com\/es\/compra\/fluidos-refrigerantes\/r32\/bombola-con-800-grammi-di-gas-r32-con-manometro-e-tubo-con-attacco-5-16\/","title":{"rendered":"Botella de 800 gramos de gas R32 con man\u00f3metro y manguera con conexi\u00f3n de 5\/16"},"content":{"rendered":"<p><span style=\"font-weight: 400;\">Nuestro cilindro est\u00e1 cuidadosamente dise\u00f1ado para satisfacer las necesidades de los profesionales de la climatizaci\u00f3n y la refrigeraci\u00f3n. La capacidad de 800 g de gas R32 garantiza un excelente rendimiento y eficiencia energ\u00e9tica. El man\u00f3metro integrado permite controlar con precisi\u00f3n la presi\u00f3n del gas durante el proceso de diagn\u00f3stico y recarga. Adem\u00e1s, el racor SAE de 5\/16\u2033 garantiza una conexi\u00f3n segura y fiable a sus herramientas y equipos. Elija el cilindro man\u00f3metro de Refrigerant Boys para obtener una soluci\u00f3n profesional de alta calidad para sus necesidades de aire acondicionado y refrigeraci\u00f3n.<\/span><\/p>\n<p><strong>Aplicaciones:<\/strong><\/p>\n<ul>\n<li>El R32 tiene un rendimiento y una eficiencia energ\u00e9tica equivalentes al R410A.<\/li>\n<li>GWP (Potencial de Calentamiento Global) significativamente menor que el R410A.<\/li>\n<li>No requiere reemplazo de componentes, lubricantes y sellos.<\/li>\n<\/ul>\n<p><span style=\"color: #ff0000;\">El R32 s\u00f3lo se puede utilizar en sistemas nuevos dise\u00f1ados para funcionar con gases ligeramente inflamables (clase A2L)<\/span><\/p>\n<p><span style=\"color: #ff0000;\">El R32 no se puede utilizar como producto de actualizaci\u00f3n para sistemas dise\u00f1ados para funcionar con R410A; Dado que los sistemas R410A no est\u00e1n dise\u00f1ados para funcionar con gases ligeramente inflamables, existe el riesgo de da\u00f1ar el compresor.<\/span><\/p>\n","protected":false},"excerpt":{"rendered":"<p><b>Cilindro con man\u00f3metro para diagn\u00f3stico y rellenado con 800 gramos de gas R32 Conexi\u00f3n SAE de 5\/16\u2033.<\/b><\/p>\n<pre><span style=\"color: #ff0000; font-size: 20px;\"><strong>GWP[675]<\/strong><\/span><\/pre>\n<p><iframe loading=\"lazy\" title=\"Reproductor de v\u00eddeo YouTube\" src=\"https:\/\/www.youtube.com\/embed\/PS9l_nqjaQs\" width=\"300\" height=\"215\" frameborder=\"0\" allowfullscreen=\"allowfullscreen\"><\/iframe><\/p>\n","protected":false},"featured_media":49626,"template":"","meta":[],"product_cat":[152,155],"product_tag":[],"acf":{"ai_note":""},"yoast_head":"<!-- This site is optimized with the Yoast SEO plugin v20.2 - https:\/\/yoast.com\/wordpress\/plugins\/seo\/ -->\n<title>Botella de 800 gramos de gas R32 con man\u00f3metro y manguera con conexi\u00f3n de 5\/16 | Refrigerant Boys<\/title>\n<meta name=\"description\" content=\"Nuestro cilindro est\u00e1 cuidadosamente dise\u00f1ado para satisfacer las necesidades de los profesionales de la climatizaci\u00f3n y la refrigeraci\u00f3n.\" \/>\n<meta name=\"robots\" content=\"index, follow, max-snippet:-1, max-image-preview:large, max-video-preview:-1\" \/>\n<link rel=\"canonical\" href=\"https:\/\/dev.refrigerantboys.com\/es\/compra\/fluidos-refrigerantes\/r32\/bombola-con-800-grammi-di-gas-r32-con-manometro-e-tubo-con-attacco-5-16\/\" \/>\n<meta property=\"og:locale\" content=\"es_ES\" \/>\n<meta property=\"og:type\" content=\"article\" \/>\n<meta property=\"og:title\" content=\"Botella de 800 gramos de gas R32 con man\u00f3metro y manguera con conexi\u00f3n de 5\/16 | Refrigerant Boys\" \/>\n<meta property=\"og:description\" content=\"Nuestro cilindro est\u00e1 cuidadosamente dise\u00f1ado para satisfacer las necesidades de los profesionales de la climatizaci\u00f3n y la refrigeraci\u00f3n.\" \/>\n<meta property=\"og:url\" content=\"https:\/\/dev.refrigerantboys.com\/es\/compra\/fluidos-refrigerantes\/r32\/bombola-con-800-grammi-di-gas-r32-con-manometro-e-tubo-con-attacco-5-16\/\" \/>\n<meta property=\"og:site_name\" content=\"Refrigerant Boys\" \/>\n<meta property=\"article:modified_time\" content=\"2025-03-17T11:16:16+00:00\" \/>\n<meta property=\"og:image\" content=\"https:\/\/dev.refrigerantboys.com\/wp-content\/uploads\/2019\/04\/r32MP-1kg.png\" \/>\n\t<meta property=\"og:image:width\" content=\"1711\" \/>\n\t<meta property=\"og:image:height\" content=\"2568\" \/>\n\t<meta property=\"og:image:type\" content=\"image\/png\" \/>\n<meta name=\"twitter:card\" content=\"summary_large_image\" \/>\n<meta name=\"twitter:label1\" content=\"Tiempo de lectura\" \/>\n\t<meta name=\"twitter:data1\" content=\"1 minuto\" \/>\n<script type=\"application\/ld+json\" class=\"yoast-schema-graph\">{\"@context\":\"https:\/\/schema.org\",\"@graph\":[{\"@type\":\"WebPage\",\"@id\":\"https:\/\/dev.refrigerantboys.com\/es\/compra\/fluidos-refrigerantes\/r32\/bombola-con-800-grammi-di-gas-r32-con-manometro-e-tubo-con-attacco-5-16\/\",\"url\":\"https:\/\/dev.refrigerantboys.com\/es\/compra\/fluidos-refrigerantes\/r32\/bombola-con-800-grammi-di-gas-r32-con-manometro-e-tubo-con-attacco-5-16\/\",\"name\":\"Botella de 800 gramos de gas R32 con man\u00f3metro y manguera con conexi\u00f3n de 5\/16 | Refrigerant Boys\",\"isPartOf\":{\"@id\":\"https:\/\/dev.refrigerantboys.com\/es\/#website\"},\"datePublished\":\"2019-04-03T12:53:01+00:00\",\"dateModified\":\"2025-03-17T11:16:16+00:00\",\"description\":\"Nuestro cilindro est\u00e1 cuidadosamente dise\u00f1ado para satisfacer las necesidades de los profesionales de la climatizaci\u00f3n y la refrigeraci\u00f3n.\",\"breadcrumb\":{\"@id\":\"https:\/\/dev.refrigerantboys.com\/es\/compra\/fluidos-refrigerantes\/r32\/bombola-con-800-grammi-di-gas-r32-con-manometro-e-tubo-con-attacco-5-16\/#breadcrumb\"},\"inLanguage\":\"es\",\"potentialAction\":[{\"@type\":\"ReadAction\",\"target\":[\"https:\/\/dev.refrigerantboys.com\/es\/compra\/fluidos-refrigerantes\/r32\/bombola-con-800-grammi-di-gas-r32-con-manometro-e-tubo-con-attacco-5-16\/\"]}]},{\"@type\":\"BreadcrumbList\",\"@id\":\"https:\/\/dev.refrigerantboys.com\/es\/compra\/fluidos-refrigerantes\/r32\/bombola-con-800-grammi-di-gas-r32-con-manometro-e-tubo-con-attacco-5-16\/#breadcrumb\",\"itemListElement\":[{\"@type\":\"ListItem\",\"position\":1,\"name\":\"Home\",\"item\":\"https:\/\/dev.refrigerantboys.com\/es\/\"},{\"@type\":\"ListItem\",\"position\":2,\"name\":\"Tienda\",\"item\":\"https:\/\/dev.refrigerantboys.com\/es\/tienda\/\"},{\"@type\":\"ListItem\",\"position\":3,\"name\":\"Botella de 800 gramos de gas R32 con man\u00f3metro y manguera con conexi\u00f3n de 5\/16\"}]},{\"@type\":\"WebSite\",\"@id\":\"https:\/\/dev.refrigerantboys.com\/es\/#website\",\"url\":\"https:\/\/dev.refrigerantboys.com\/es\/\",\"name\":\"Refrigerant Boys\",\"description\":\"Vendita gas refrigeranti\",\"potentialAction\":[{\"@type\":\"SearchAction\",\"target\":{\"@type\":\"EntryPoint\",\"urlTemplate\":\"https:\/\/dev.refrigerantboys.com\/es\/?s={search_term_string}\"},\"query-input\":\"required name=search_term_string\"}],\"inLanguage\":\"es\"}]}<\/script>\n<!-- \/ Yoast SEO plugin. -->","yoast_head_json":{"title":"Botella de 800 gramos de gas R32 con man\u00f3metro y manguera con conexi\u00f3n de 5\/16 | Refrigerant Boys","description":"Nuestro cilindro est\u00e1 cuidadosamente dise\u00f1ado para satisfacer las necesidades de los profesionales de la climatizaci\u00f3n y la refrigeraci\u00f3n.","robots":{"index":"index","follow":"follow","max-snippet":"max-snippet:-1","max-image-preview":"max-image-preview:large","max-video-preview":"max-video-preview:-1"},"canonical":"https:\/\/dev.refrigerantboys.com\/es\/compra\/fluidos-refrigerantes\/r32\/bombola-con-800-grammi-di-gas-r32-con-manometro-e-tubo-con-attacco-5-16\/","og_locale":"es_ES","og_type":"article","og_title":"Botella de 800 gramos de gas R32 con man\u00f3metro y manguera con conexi\u00f3n de 5\/16 | Refrigerant Boys","og_description":"Nuestro cilindro est\u00e1 cuidadosamente dise\u00f1ado para satisfacer las necesidades de los profesionales de la climatizaci\u00f3n y la refrigeraci\u00f3n.","og_url":"https:\/\/dev.refrigerantboys.com\/es\/compra\/fluidos-refrigerantes\/r32\/bombola-con-800-grammi-di-gas-r32-con-manometro-e-tubo-con-attacco-5-16\/","og_site_name":"Refrigerant Boys","article_modified_time":"2025-03-17T11:16:16+00:00","og_image":[{"width":1711,"height":2568,"url":"https:\/\/dev.refrigerantboys.com\/wp-content\/uploads\/2019\/04\/r32MP-1kg.png","type":"image\/png"}],"twitter_card":"summary_large_image","twitter_misc":{"Tiempo de lectura":"1 minuto"},"schema":{"@context":"https:\/\/schema.org","@graph":[{"@type":"WebPage","@id":"https:\/\/dev.refrigerantboys.com\/es\/compra\/fluidos-refrigerantes\/r32\/bombola-con-800-grammi-di-gas-r32-con-manometro-e-tubo-con-attacco-5-16\/","url":"https:\/\/dev.refrigerantboys.com\/es\/compra\/fluidos-refrigerantes\/r32\/bombola-con-800-grammi-di-gas-r32-con-manometro-e-tubo-con-attacco-5-16\/","name":"Botella de 800 gramos de gas R32 con man\u00f3metro y manguera con conexi\u00f3n de 5\/16 | Refrigerant Boys","isPartOf":{"@id":"https:\/\/dev.refrigerantboys.com\/es\/#website"},"datePublished":"2019-04-03T12:53:01+00:00","dateModified":"2025-03-17T11:16:16+00:00","description":"Nuestro cilindro est\u00e1 cuidadosamente dise\u00f1ado para satisfacer las necesidades de los profesionales de la climatizaci\u00f3n y la refrigeraci\u00f3n.","breadcrumb":{"@id":"https:\/\/dev.refrigerantboys.com\/es\/compra\/fluidos-refrigerantes\/r32\/bombola-con-800-grammi-di-gas-r32-con-manometro-e-tubo-con-attacco-5-16\/#breadcrumb"},"inLanguage":"es","potentialAction":[{"@type":"ReadAction","target":["https:\/\/dev.refrigerantboys.com\/es\/compra\/fluidos-refrigerantes\/r32\/bombola-con-800-grammi-di-gas-r32-con-manometro-e-tubo-con-attacco-5-16\/"]}]},{"@type":"BreadcrumbList","@id":"https:\/\/dev.refrigerantboys.com\/es\/compra\/fluidos-refrigerantes\/r32\/bombola-con-800-grammi-di-gas-r32-con-manometro-e-tubo-con-attacco-5-16\/#breadcrumb","itemListElement":[{"@type":"ListItem","position":1,"name":"Home","item":"https:\/\/dev.refrigerantboys.com\/es\/"},{"@type":"ListItem","position":2,"name":"Tienda","item":"https:\/\/dev.refrigerantboys.com\/es\/tienda\/"},{"@type":"ListItem","position":3,"name":"Botella de 800 gramos de gas R32 con man\u00f3metro y manguera con conexi\u00f3n de 5\/16"}]},{"@type":"WebSite","@id":"https:\/\/dev.refrigerantboys.com\/es\/#website","url":"https:\/\/dev.refrigerantboys.com\/es\/","name":"Refrigerant Boys","description":"Vendita gas refrigeranti","potentialAction":[{"@type":"SearchAction","target":{"@type":"EntryPoint","urlTemplate":"https:\/\/dev.refrigerantboys.com\/es\/?s={search_term_string}"},"query-input":"required name=search_term_string"}],"inLanguage":"es"}]}},"_links":{"self":[{"href":"https:\/\/dev.refrigerantboys.com\/es\/wp-json\/wp\/v2\/product\/5310"}],"collection":[{"href":"https:\/\/dev.refrigerantboys.com\/es\/wp-json\/wp\/v2\/product"}],"about":[{"href":"https:\/\/dev.refrigerantboys.com\/es\/wp-json\/wp\/v2\/types\/product"}],"wp:featuredmedia":[{"embeddable":true,"href":"https:\/\/dev.refrigerantboys.com\/es\/wp-json\/wp\/v2\/media\/49626"}],"wp:attachment":[{"href":"https:\/\/dev.refrigerantboys.com\/es\/wp-json\/wp\/v2\/media?parent=5310"}],"wp:term":[{"taxonomy":"product_cat","embeddable":true,"href":"https:\/\/dev.refrigerantboys.com\/es\/wp-json\/wp\/v2\/product_cat?post=5310"},{"taxonomy":"product_tag","embeddable":true,"href":"https:\/\/dev.refrigerantboys.com\/es\/wp-json\/wp\/v2\/product_tag?post=5310"}],"curies":[{"name":"wp","href":"https:\/\/api.w.org\/{rel}","templated":true}]}}