{"id":3908,"date":"2018-11-23T09:16:19","date_gmt":"2018-11-23T09:16:22","guid":{"rendered":"https:\/\/dev.refrigerantboys.com\/?post_type=product&#038;p=3908"},"modified":"2024-11-18T12:07:24","modified_gmt":"2024-11-18T11:07:24","slug":"cilindro-r407h-rellenable-de-35-kg-de-valvula-21-7-x-1-14","status":"publish","type":"product","link":"https:\/\/dev.refrigerantboys.com\/es\/compra\/fluidos-refrigerantes\/r407h\/cilindro-r407h-rellenable-de-35-kg-de-valvula-21-7-x-1-14\/","title":{"rendered":"Cilindro R407H rellenable de 35 kg de v\u00e1lvula 21.7 &#8220;x 1\/14"},"content":{"rendered":"<p>Nuestra bombona de recarga de gas R407H tiene una capacidad de 35 kg con v\u00e1lvula 21.7 &#8220;x 1\/14 para garantizar una conexi\u00f3n segura y fiable a tu sistema de aire acondicionado. El R407H se utiliza habitualmente en una amplia gama de aplicaciones de refrigeraci\u00f3n comercial e industrial a media y baja temperatura. Nuestros cilindros est\u00e1n fabricados con materiales duraderos y cumplen las normas de seguridad m\u00e1s exigentes. Conf\u00eda en RefrigerantBoys para tu bombona de gas R407H y obt\u00e9n un producto de calidad superior. .<\/p>\n<p><span style=\"color: #ff6600;\"><strong>EL NUEVO GAS QUE SUSTITUYE AL R404A<\/strong><\/span><\/p>\n<p><strong>Aplicaciones:<\/strong><\/p>\n<ul>\n<li>Refrigeraci\u00f3n comercial e industrial de expansi\u00f3n directa de media y baja temperatura<\/li>\n<li>Supermercados<\/li>\n<li>Industria alimentaria, qu\u00edmica y farmac\u00e9utica<\/li>\n<li>C\u00e9lulas de refrigeraci\u00f3n<\/li>\n<\/ul>\n","protected":false},"excerpt":{"rendered":"<p><span style=\"color: #000000;\"><strong>Gas refrigerante R407H en bombona rellenable de 35 kg homologada T-PED \/ EN 13322-1 <span style=\"color: #ff0000;\">V\u00e1lvula\u00a021.7 &#8220;x 1\/14&#8221; SAE<\/span> UN 3163<\/strong><\/span><\/p>\n<p><span lang=\"fr\"><strong><span class=\"hps\">EL PRECIO INCLUYE LA BOTELLA, QUE SEGUIR\u00c1 SIENDO DE TU PROPIEDAD<\/span><\/strong><\/span><\/p>\n<p><span style=\"color: #ff0000; font-size: 20px;\"><strong>GWP[1495]<\/strong><\/span><\/p>\n","protected":false},"featured_media":68814,"template":"","meta":[],"product_cat":[152,135],"product_tag":[],"acf":{"ai_note":""},"yoast_head":"<!-- This site is optimized with the Yoast SEO plugin v20.2 - https:\/\/yoast.com\/wordpress\/plugins\/seo\/ -->\n<title>Cilindro R407H rellenable de 35 kg de v\u00e1lvula 21.7 &quot;x 1\/14 | Refrigerant Boys<\/title>\n<meta name=\"description\" content=\"Gas refrigerante R407H en bombona rellenable de 35 kg homologada T-PED \/ EN 13322-1 V\u00e1lvula\u00a021.7 &quot;x 1\/14&quot; SAE UN 3163  EL PRECIO INCLUYE LA BOTELLA, QUE SEGUIR\u00c1 SIENDO DE TU PROPIEDAD  GWP\" \/>\n<meta name=\"robots\" content=\"index, follow, max-snippet:-1, max-image-preview:large, max-video-preview:-1\" \/>\n<link rel=\"canonical\" href=\"https:\/\/dev.refrigerantboys.com\/es\/compra\/fluidos-refrigerantes\/r407h\/cilindro-r407h-rellenable-de-35-kg-de-valvula-21-7-x-1-14\/\" \/>\n<meta property=\"og:locale\" content=\"es_ES\" \/>\n<meta property=\"og:type\" content=\"article\" \/>\n<meta property=\"og:title\" content=\"Cilindro R407H rellenable de 35 kg de v\u00e1lvula 21.7 &quot;x 1\/14 | Refrigerant Boys\" \/>\n<meta property=\"og:description\" content=\"Gas refrigerante R407H en bombona rellenable de 35 kg homologada T-PED \/ EN 13322-1 V\u00e1lvula\u00a021.7 &quot;x 1\/14&quot; SAE UN 3163  EL PRECIO INCLUYE LA BOTELLA, QUE SEGUIR\u00c1 SIENDO DE TU PROPIEDAD  GWP\" \/>\n<meta property=\"og:url\" content=\"https:\/\/dev.refrigerantboys.com\/es\/compra\/fluidos-refrigerantes\/r407h\/cilindro-r407h-rellenable-de-35-kg-de-valvula-21-7-x-1-14\/\" \/>\n<meta property=\"og:site_name\" content=\"Refrigerant Boys\" \/>\n<meta property=\"article:modified_time\" content=\"2024-11-18T11:07:24+00:00\" \/>\n<meta property=\"og:image\" content=\"https:\/\/dev.refrigerantboys.com\/wp-content\/uploads\/2018\/11\/r407h-35kg-2.png\" \/>\n\t<meta property=\"og:image:width\" content=\"213\" \/>\n\t<meta property=\"og:image:height\" content=\"446\" \/>\n\t<meta property=\"og:image:type\" content=\"image\/png\" \/>\n<meta name=\"twitter:card\" content=\"summary_large_image\" \/>\n<meta name=\"twitter:label1\" content=\"Tiempo de lectura\" \/>\n\t<meta name=\"twitter:data1\" content=\"1 minuto\" \/>\n<script type=\"application\/ld+json\" class=\"yoast-schema-graph\">{\"@context\":\"https:\/\/schema.org\",\"@graph\":[{\"@type\":\"WebPage\",\"@id\":\"https:\/\/dev.refrigerantboys.com\/es\/compra\/fluidos-refrigerantes\/r407h\/cilindro-r407h-rellenable-de-35-kg-de-valvula-21-7-x-1-14\/\",\"url\":\"https:\/\/dev.refrigerantboys.com\/es\/compra\/fluidos-refrigerantes\/r407h\/cilindro-r407h-rellenable-de-35-kg-de-valvula-21-7-x-1-14\/\",\"name\":\"Cilindro R407H rellenable de 35 kg de v\u00e1lvula 21.7 \\\"x 1\/14 | Refrigerant Boys\",\"isPartOf\":{\"@id\":\"https:\/\/dev.refrigerantboys.com\/es\/#website\"},\"datePublished\":\"2018-11-23T09:16:22+00:00\",\"dateModified\":\"2024-11-18T11:07:24+00:00\",\"description\":\"Gas refrigerante R407H en bombona rellenable de 35 kg homologada T-PED \/ EN 13322-1 V\u00e1lvula\u00a021.7 \\\"x 1\/14\\\" SAE UN 3163 EL PRECIO INCLUYE LA BOTELLA, QUE SEGUIR\u00c1 SIENDO DE TU PROPIEDAD GWP\",\"breadcrumb\":{\"@id\":\"https:\/\/dev.refrigerantboys.com\/es\/compra\/fluidos-refrigerantes\/r407h\/cilindro-r407h-rellenable-de-35-kg-de-valvula-21-7-x-1-14\/#breadcrumb\"},\"inLanguage\":\"es\",\"potentialAction\":[{\"@type\":\"ReadAction\",\"target\":[\"https:\/\/dev.refrigerantboys.com\/es\/compra\/fluidos-refrigerantes\/r407h\/cilindro-r407h-rellenable-de-35-kg-de-valvula-21-7-x-1-14\/\"]}]},{\"@type\":\"BreadcrumbList\",\"@id\":\"https:\/\/dev.refrigerantboys.com\/es\/compra\/fluidos-refrigerantes\/r407h\/cilindro-r407h-rellenable-de-35-kg-de-valvula-21-7-x-1-14\/#breadcrumb\",\"itemListElement\":[{\"@type\":\"ListItem\",\"position\":1,\"name\":\"Home\",\"item\":\"https:\/\/dev.refrigerantboys.com\/es\/\"},{\"@type\":\"ListItem\",\"position\":2,\"name\":\"Tienda\",\"item\":\"https:\/\/dev.refrigerantboys.com\/es\/tienda\/\"},{\"@type\":\"ListItem\",\"position\":3,\"name\":\"Cilindro R407H rellenable de 35 kg de v\u00e1lvula 21.7 &#8220;x 1\/14\"}]},{\"@type\":\"WebSite\",\"@id\":\"https:\/\/dev.refrigerantboys.com\/es\/#website\",\"url\":\"https:\/\/dev.refrigerantboys.com\/es\/\",\"name\":\"Refrigerant Boys\",\"description\":\"Vendita gas refrigeranti\",\"potentialAction\":[{\"@type\":\"SearchAction\",\"target\":{\"@type\":\"EntryPoint\",\"urlTemplate\":\"https:\/\/dev.refrigerantboys.com\/es\/?s={search_term_string}\"},\"query-input\":\"required name=search_term_string\"}],\"inLanguage\":\"es\"}]}<\/script>\n<!-- \/ Yoast SEO plugin. -->","yoast_head_json":{"title":"Cilindro R407H rellenable de 35 kg de v\u00e1lvula 21.7 \"x 1\/14 | Refrigerant Boys","description":"Gas refrigerante R407H en bombona rellenable de 35 kg homologada T-PED \/ EN 13322-1 V\u00e1lvula\u00a021.7 \"x 1\/14\" SAE UN 3163  EL PRECIO INCLUYE LA BOTELLA, QUE SEGUIR\u00c1 SIENDO DE TU PROPIEDAD  GWP","robots":{"index":"index","follow":"follow","max-snippet":"max-snippet:-1","max-image-preview":"max-image-preview:large","max-video-preview":"max-video-preview:-1"},"canonical":"https:\/\/dev.refrigerantboys.com\/es\/compra\/fluidos-refrigerantes\/r407h\/cilindro-r407h-rellenable-de-35-kg-de-valvula-21-7-x-1-14\/","og_locale":"es_ES","og_type":"article","og_title":"Cilindro R407H rellenable de 35 kg de v\u00e1lvula 21.7 \"x 1\/14 | Refrigerant Boys","og_description":"Gas refrigerante R407H en bombona rellenable de 35 kg homologada T-PED \/ EN 13322-1 V\u00e1lvula\u00a021.7 \"x 1\/14\" SAE UN 3163  EL PRECIO INCLUYE LA BOTELLA, QUE SEGUIR\u00c1 SIENDO DE TU PROPIEDAD  GWP","og_url":"https:\/\/dev.refrigerantboys.com\/es\/compra\/fluidos-refrigerantes\/r407h\/cilindro-r407h-rellenable-de-35-kg-de-valvula-21-7-x-1-14\/","og_site_name":"Refrigerant Boys","article_modified_time":"2024-11-18T11:07:24+00:00","og_image":[{"width":213,"height":446,"url":"https:\/\/dev.refrigerantboys.com\/wp-content\/uploads\/2018\/11\/r407h-35kg-2.png","type":"image\/png"}],"twitter_card":"summary_large_image","twitter_misc":{"Tiempo de lectura":"1 minuto"},"schema":{"@context":"https:\/\/schema.org","@graph":[{"@type":"WebPage","@id":"https:\/\/dev.refrigerantboys.com\/es\/compra\/fluidos-refrigerantes\/r407h\/cilindro-r407h-rellenable-de-35-kg-de-valvula-21-7-x-1-14\/","url":"https:\/\/dev.refrigerantboys.com\/es\/compra\/fluidos-refrigerantes\/r407h\/cilindro-r407h-rellenable-de-35-kg-de-valvula-21-7-x-1-14\/","name":"Cilindro R407H rellenable de 35 kg de v\u00e1lvula 21.7 \"x 1\/14 | Refrigerant Boys","isPartOf":{"@id":"https:\/\/dev.refrigerantboys.com\/es\/#website"},"datePublished":"2018-11-23T09:16:22+00:00","dateModified":"2024-11-18T11:07:24+00:00","description":"Gas refrigerante R407H en bombona rellenable de 35 kg homologada T-PED \/ EN 13322-1 V\u00e1lvula\u00a021.7 \"x 1\/14\" SAE UN 3163 EL PRECIO INCLUYE LA BOTELLA, QUE SEGUIR\u00c1 SIENDO DE TU PROPIEDAD GWP","breadcrumb":{"@id":"https:\/\/dev.refrigerantboys.com\/es\/compra\/fluidos-refrigerantes\/r407h\/cilindro-r407h-rellenable-de-35-kg-de-valvula-21-7-x-1-14\/#breadcrumb"},"inLanguage":"es","potentialAction":[{"@type":"ReadAction","target":["https:\/\/dev.refrigerantboys.com\/es\/compra\/fluidos-refrigerantes\/r407h\/cilindro-r407h-rellenable-de-35-kg-de-valvula-21-7-x-1-14\/"]}]},{"@type":"BreadcrumbList","@id":"https:\/\/dev.refrigerantboys.com\/es\/compra\/fluidos-refrigerantes\/r407h\/cilindro-r407h-rellenable-de-35-kg-de-valvula-21-7-x-1-14\/#breadcrumb","itemListElement":[{"@type":"ListItem","position":1,"name":"Home","item":"https:\/\/dev.refrigerantboys.com\/es\/"},{"@type":"ListItem","position":2,"name":"Tienda","item":"https:\/\/dev.refrigerantboys.com\/es\/tienda\/"},{"@type":"ListItem","position":3,"name":"Cilindro R407H rellenable de 35 kg de v\u00e1lvula 21.7 &#8220;x 1\/14"}]},{"@type":"WebSite","@id":"https:\/\/dev.refrigerantboys.com\/es\/#website","url":"https:\/\/dev.refrigerantboys.com\/es\/","name":"Refrigerant Boys","description":"Vendita gas refrigeranti","potentialAction":[{"@type":"SearchAction","target":{"@type":"EntryPoint","urlTemplate":"https:\/\/dev.refrigerantboys.com\/es\/?s={search_term_string}"},"query-input":"required name=search_term_string"}],"inLanguage":"es"}]}},"_links":{"self":[{"href":"https:\/\/dev.refrigerantboys.com\/es\/wp-json\/wp\/v2\/product\/3908"}],"collection":[{"href":"https:\/\/dev.refrigerantboys.com\/es\/wp-json\/wp\/v2\/product"}],"about":[{"href":"https:\/\/dev.refrigerantboys.com\/es\/wp-json\/wp\/v2\/types\/product"}],"wp:featuredmedia":[{"embeddable":true,"href":"https:\/\/dev.refrigerantboys.com\/es\/wp-json\/wp\/v2\/media\/68814"}],"wp:attachment":[{"href":"https:\/\/dev.refrigerantboys.com\/es\/wp-json\/wp\/v2\/media?parent=3908"}],"wp:term":[{"taxonomy":"product_cat","embeddable":true,"href":"https:\/\/dev.refrigerantboys.com\/es\/wp-json\/wp\/v2\/product_cat?post=3908"},{"taxonomy":"product_tag","embeddable":true,"href":"https:\/\/dev.refrigerantboys.com\/es\/wp-json\/wp\/v2\/product_tag?post=3908"}],"curies":[{"name":"wp","href":"https:\/\/api.w.org\/{rel}","templated":true}]}}