{"id":3508,"date":"2018-10-12T14:46:58","date_gmt":"2018-10-12T14:46:58","guid":{"rendered":"https:\/\/dev.refrigerantboys.com\/sin%20categorizar\/botella-de-r449a-5-kg-2\/"},"modified":"2025-05-21T11:47:18","modified_gmt":"2025-05-21T09:47:18","slug":"bombola-di-r449a-con-10-kg-di-gas-valvola-1-4","status":"publish","type":"product","link":"https:\/\/dev.refrigerantboys.com\/es\/compra\/fluidos-refrigerantes\/r404a\/bombola-di-r449a-con-10-kg-di-gas-valvola-1-4\/","title":{"rendered":"Cilindro de R449A con v\u00e1lvula de gas de 10 kg 1\/4"},"content":{"rendered":"<p>Nuestra bombona de recarga de gas R449A tiene una capacidad de 10 kg con v\u00e1lvula SAE de 1\/4\u2033 para garantizar una conexi\u00f3n segura y fiable a tu sistema de aire acondicionado. El R449A se utiliza habitualmente en una amplia gama de aplicaciones de refrigeraci\u00f3n comercial e industrial a media y baja temperatura. Nuestros cilindros est\u00e1n fabricados con materiales duraderos y cumplen las normas de seguridad m\u00e1s estrictas. Conf\u00eda en RefrigerantBoys para tu bombona de gas R449A y obt\u00e9n un producto de calidad superior. .<\/p>\n<p><span style=\"color: #ff6600;\"><strong>EL NUEVO GAS QUE SUSTITUYE AL R404A<\/strong><\/span><\/p>\n<p><strong><u>Aplicaciones:<\/u><\/strong><\/p>\n<p>El R449A se utiliza en sistemas de refrigeraci\u00f3n de expansi\u00f3n directa que funcionan a temperaturas bajas y medias: sistemas de refrigeraci\u00f3n centralizados y c\u00e1maras frigor\u00edficas de supermercados, almacenes frigor\u00edficos, mostradores refrigerados y vitrinas refrigeradas (enchufables).<\/p>\n<p>Es adecuado para instalaciones nuevas y para adaptar instalaciones existentes a R-404A\/R507.<\/p>\n","protected":false},"excerpt":{"rendered":"<p><span style=\"color: #000000;\"><strong>Gas refrigerante R449A en bombona rellenable de 10 kg homologada T-PED \/ EN 13322-1 <span style=\"color: #ff0000;\">V\u00e1lvula 1\/4&#8243; SAE<\/span> UN 3163<\/strong><\/span><\/p>\n<p><span lang=\"fr\"><strong><span class=\"hps\">EL PRECIO INCLUYE LA BOTELLA, QUE SEGUIR\u00c1 SIENDO DE TU PROPIEDAD<\/span><\/strong><\/span><\/p>\n<p><span style=\"color: #ff0000; font-size: 20px;\"><strong>GWP[1397]<\/strong><\/span><\/p>\n<h4 style=\"text-align: center;\"><\/h4>\n","protected":false},"featured_media":68872,"template":"","meta":[],"product_cat":[152,134,219],"product_tag":[],"acf":{"ai_note":""},"yoast_head":"<!-- This site is optimized with the Yoast SEO plugin v20.2 - https:\/\/yoast.com\/wordpress\/plugins\/seo\/ -->\n<title>Cilindro de R449A con v\u00e1lvula de gas de 10 kg 1\/4 | Refrigerant Boys<\/title>\n<meta name=\"description\" content=\"Gas refrigerante R449A en bombona rellenable de 10 kg homologada T-PED \/ EN 13322-1 V\u00e1lvula 1\/4&quot; SAE UN 3163  EL PRECIO INCLUYE LA BOTELLA, QUE SEGUIR\u00c1 SIENDO DE TU PROPIEDAD  GWP\" \/>\n<meta name=\"robots\" content=\"index, follow, max-snippet:-1, max-image-preview:large, max-video-preview:-1\" \/>\n<link rel=\"canonical\" href=\"https:\/\/dev.refrigerantboys.com\/es\/compra\/fluidos-refrigerantes\/r404a\/bombola-di-r449a-con-10-kg-di-gas-valvola-1-4\/\" \/>\n<meta property=\"og:locale\" content=\"es_ES\" \/>\n<meta property=\"og:type\" content=\"article\" \/>\n<meta property=\"og:title\" content=\"Cilindro de R449A con v\u00e1lvula de gas de 10 kg 1\/4 | Refrigerant Boys\" \/>\n<meta property=\"og:description\" content=\"Gas refrigerante R449A en bombona rellenable de 10 kg homologada T-PED \/ EN 13322-1 V\u00e1lvula 1\/4&quot; SAE UN 3163  EL PRECIO INCLUYE LA BOTELLA, QUE SEGUIR\u00c1 SIENDO DE TU PROPIEDAD  GWP\" \/>\n<meta property=\"og:url\" content=\"https:\/\/dev.refrigerantboys.com\/es\/compra\/fluidos-refrigerantes\/r404a\/bombola-di-r449a-con-10-kg-di-gas-valvola-1-4\/\" \/>\n<meta property=\"og:site_name\" content=\"Refrigerant Boys\" \/>\n<meta property=\"article:modified_time\" content=\"2025-05-21T09:47:18+00:00\" \/>\n<meta property=\"og:image\" content=\"https:\/\/dev.refrigerantboys.com\/wp-content\/uploads\/2018\/10\/r449a-10kg-1.png\" \/>\n\t<meta property=\"og:image:width\" content=\"366\" \/>\n\t<meta property=\"og:image:height\" content=\"708\" \/>\n\t<meta property=\"og:image:type\" content=\"image\/png\" \/>\n<meta name=\"twitter:card\" content=\"summary_large_image\" \/>\n<meta name=\"twitter:label1\" content=\"Tiempo de lectura\" \/>\n\t<meta name=\"twitter:data1\" content=\"1 minuto\" \/>\n<script type=\"application\/ld+json\" class=\"yoast-schema-graph\">{\"@context\":\"https:\/\/schema.org\",\"@graph\":[{\"@type\":\"WebPage\",\"@id\":\"https:\/\/dev.refrigerantboys.com\/es\/compra\/fluidos-refrigerantes\/r404a\/bombola-di-r449a-con-10-kg-di-gas-valvola-1-4\/\",\"url\":\"https:\/\/dev.refrigerantboys.com\/es\/compra\/fluidos-refrigerantes\/r404a\/bombola-di-r449a-con-10-kg-di-gas-valvola-1-4\/\",\"name\":\"Cilindro de R449A con v\u00e1lvula de gas de 10 kg 1\/4 | Refrigerant Boys\",\"isPartOf\":{\"@id\":\"https:\/\/dev.refrigerantboys.com\/es\/#website\"},\"datePublished\":\"2018-10-12T14:46:58+00:00\",\"dateModified\":\"2025-05-21T09:47:18+00:00\",\"description\":\"Gas refrigerante R449A en bombona rellenable de 10 kg homologada T-PED \/ EN 13322-1 V\u00e1lvula 1\/4\\\" SAE UN 3163 EL PRECIO INCLUYE LA BOTELLA, QUE SEGUIR\u00c1 SIENDO DE TU PROPIEDAD GWP\",\"breadcrumb\":{\"@id\":\"https:\/\/dev.refrigerantboys.com\/es\/compra\/fluidos-refrigerantes\/r404a\/bombola-di-r449a-con-10-kg-di-gas-valvola-1-4\/#breadcrumb\"},\"inLanguage\":\"es\",\"potentialAction\":[{\"@type\":\"ReadAction\",\"target\":[\"https:\/\/dev.refrigerantboys.com\/es\/compra\/fluidos-refrigerantes\/r404a\/bombola-di-r449a-con-10-kg-di-gas-valvola-1-4\/\"]}]},{\"@type\":\"BreadcrumbList\",\"@id\":\"https:\/\/dev.refrigerantboys.com\/es\/compra\/fluidos-refrigerantes\/r404a\/bombola-di-r449a-con-10-kg-di-gas-valvola-1-4\/#breadcrumb\",\"itemListElement\":[{\"@type\":\"ListItem\",\"position\":1,\"name\":\"Home\",\"item\":\"https:\/\/dev.refrigerantboys.com\/es\/\"},{\"@type\":\"ListItem\",\"position\":2,\"name\":\"Tienda\",\"item\":\"https:\/\/dev.refrigerantboys.com\/es\/tienda\/\"},{\"@type\":\"ListItem\",\"position\":3,\"name\":\"Cilindro de R449A con v\u00e1lvula de gas de 10 kg 1\/4\"}]},{\"@type\":\"WebSite\",\"@id\":\"https:\/\/dev.refrigerantboys.com\/es\/#website\",\"url\":\"https:\/\/dev.refrigerantboys.com\/es\/\",\"name\":\"Refrigerant Boys\",\"description\":\"Vendita gas refrigeranti\",\"potentialAction\":[{\"@type\":\"SearchAction\",\"target\":{\"@type\":\"EntryPoint\",\"urlTemplate\":\"https:\/\/dev.refrigerantboys.com\/es\/?s={search_term_string}\"},\"query-input\":\"required name=search_term_string\"}],\"inLanguage\":\"es\"}]}<\/script>\n<!-- \/ Yoast SEO plugin. -->","yoast_head_json":{"title":"Cilindro de R449A con v\u00e1lvula de gas de 10 kg 1\/4 | Refrigerant Boys","description":"Gas refrigerante R449A en bombona rellenable de 10 kg homologada T-PED \/ EN 13322-1 V\u00e1lvula 1\/4\" SAE UN 3163  EL PRECIO INCLUYE LA BOTELLA, QUE SEGUIR\u00c1 SIENDO DE TU PROPIEDAD  GWP","robots":{"index":"index","follow":"follow","max-snippet":"max-snippet:-1","max-image-preview":"max-image-preview:large","max-video-preview":"max-video-preview:-1"},"canonical":"https:\/\/dev.refrigerantboys.com\/es\/compra\/fluidos-refrigerantes\/r404a\/bombola-di-r449a-con-10-kg-di-gas-valvola-1-4\/","og_locale":"es_ES","og_type":"article","og_title":"Cilindro de R449A con v\u00e1lvula de gas de 10 kg 1\/4 | Refrigerant Boys","og_description":"Gas refrigerante R449A en bombona rellenable de 10 kg homologada T-PED \/ EN 13322-1 V\u00e1lvula 1\/4\" SAE UN 3163  EL PRECIO INCLUYE LA BOTELLA, QUE SEGUIR\u00c1 SIENDO DE TU PROPIEDAD  GWP","og_url":"https:\/\/dev.refrigerantboys.com\/es\/compra\/fluidos-refrigerantes\/r404a\/bombola-di-r449a-con-10-kg-di-gas-valvola-1-4\/","og_site_name":"Refrigerant Boys","article_modified_time":"2025-05-21T09:47:18+00:00","og_image":[{"width":366,"height":708,"url":"https:\/\/dev.refrigerantboys.com\/wp-content\/uploads\/2018\/10\/r449a-10kg-1.png","type":"image\/png"}],"twitter_card":"summary_large_image","twitter_misc":{"Tiempo de lectura":"1 minuto"},"schema":{"@context":"https:\/\/schema.org","@graph":[{"@type":"WebPage","@id":"https:\/\/dev.refrigerantboys.com\/es\/compra\/fluidos-refrigerantes\/r404a\/bombola-di-r449a-con-10-kg-di-gas-valvola-1-4\/","url":"https:\/\/dev.refrigerantboys.com\/es\/compra\/fluidos-refrigerantes\/r404a\/bombola-di-r449a-con-10-kg-di-gas-valvola-1-4\/","name":"Cilindro de R449A con v\u00e1lvula de gas de 10 kg 1\/4 | Refrigerant Boys","isPartOf":{"@id":"https:\/\/dev.refrigerantboys.com\/es\/#website"},"datePublished":"2018-10-12T14:46:58+00:00","dateModified":"2025-05-21T09:47:18+00:00","description":"Gas refrigerante R449A en bombona rellenable de 10 kg homologada T-PED \/ EN 13322-1 V\u00e1lvula 1\/4\" SAE UN 3163 EL PRECIO INCLUYE LA BOTELLA, QUE SEGUIR\u00c1 SIENDO DE TU PROPIEDAD GWP","breadcrumb":{"@id":"https:\/\/dev.refrigerantboys.com\/es\/compra\/fluidos-refrigerantes\/r404a\/bombola-di-r449a-con-10-kg-di-gas-valvola-1-4\/#breadcrumb"},"inLanguage":"es","potentialAction":[{"@type":"ReadAction","target":["https:\/\/dev.refrigerantboys.com\/es\/compra\/fluidos-refrigerantes\/r404a\/bombola-di-r449a-con-10-kg-di-gas-valvola-1-4\/"]}]},{"@type":"BreadcrumbList","@id":"https:\/\/dev.refrigerantboys.com\/es\/compra\/fluidos-refrigerantes\/r404a\/bombola-di-r449a-con-10-kg-di-gas-valvola-1-4\/#breadcrumb","itemListElement":[{"@type":"ListItem","position":1,"name":"Home","item":"https:\/\/dev.refrigerantboys.com\/es\/"},{"@type":"ListItem","position":2,"name":"Tienda","item":"https:\/\/dev.refrigerantboys.com\/es\/tienda\/"},{"@type":"ListItem","position":3,"name":"Cilindro de R449A con v\u00e1lvula de gas de 10 kg 1\/4"}]},{"@type":"WebSite","@id":"https:\/\/dev.refrigerantboys.com\/es\/#website","url":"https:\/\/dev.refrigerantboys.com\/es\/","name":"Refrigerant Boys","description":"Vendita gas refrigeranti","potentialAction":[{"@type":"SearchAction","target":{"@type":"EntryPoint","urlTemplate":"https:\/\/dev.refrigerantboys.com\/es\/?s={search_term_string}"},"query-input":"required name=search_term_string"}],"inLanguage":"es"}]}},"_links":{"self":[{"href":"https:\/\/dev.refrigerantboys.com\/es\/wp-json\/wp\/v2\/product\/3508"}],"collection":[{"href":"https:\/\/dev.refrigerantboys.com\/es\/wp-json\/wp\/v2\/product"}],"about":[{"href":"https:\/\/dev.refrigerantboys.com\/es\/wp-json\/wp\/v2\/types\/product"}],"wp:featuredmedia":[{"embeddable":true,"href":"https:\/\/dev.refrigerantboys.com\/es\/wp-json\/wp\/v2\/media\/68872"}],"wp:attachment":[{"href":"https:\/\/dev.refrigerantboys.com\/es\/wp-json\/wp\/v2\/media?parent=3508"}],"wp:term":[{"taxonomy":"product_cat","embeddable":true,"href":"https:\/\/dev.refrigerantboys.com\/es\/wp-json\/wp\/v2\/product_cat?post=3508"},{"taxonomy":"product_tag","embeddable":true,"href":"https:\/\/dev.refrigerantboys.com\/es\/wp-json\/wp\/v2\/product_tag?post=3508"}],"curies":[{"name":"wp","href":"https:\/\/api.w.org\/{rel}","templated":true}]}}