{"id":3066,"date":"2017-10-28T22:44:17","date_gmt":"2017-10-28T22:44:17","guid":{"rendered":"https:\/\/dev.refrigerantboys.com\/sin%20categorizar\/bomboletta-r290-370gr\/"},"modified":"2024-01-17T13:36:07","modified_gmt":"2024-01-17T12:36:07","slug":"gas-refrigerante-r290-da-370-grammi-valvola-1-2-acme-sinistra","status":"publish","type":"product","link":"https:\/\/dev.refrigerantboys.com\/es\/compra\/fluidos-refrigerantes\/r290\/gas-refrigerante-r290-da-370-grammi-valvola-1-2-acme-sinistra\/","title":{"rendered":"Gas refrigerante R290 &#8211; 370 gramos v\u00e1lvula 1\/2 ACME IZQUIERDA"},"content":{"rendered":"<p><span style=\"font-weight: 400;\"><span style=\"color: #000000;\">Cilindro <\/span>de 370 gramos de refrigerante R290 (propano <\/span>) con certificaci\u00f3n T-PED \/EN 13322-1. Es un gas inflamable (clase A3) y se utiliza en la refrigeraci\u00f3n comercial y dom\u00e9stica y en el aire acondicionado m\u00f3vil. Es un gas respetuoso con el medio ambiente. Nuestras <span style=\"font-weight: 400;\"><span style=\"color: #000000;\">Cilindro <\/span><\/span>est\u00e1n fabricadas con materiales duraderos y cumplen las normas de seguridad m\u00e1s estrictas. Conf\u00ede en RefrigerantBoys para su botella de gas R290 y obtendr\u00e1 un producto de calidad superior. (v\u00e1lvula 1\/2&#8243; acme izquierda) ONU 1978<\/p>\n","protected":false},"excerpt":{"rendered":"<p><strong><span style=\"color: #000000;\">Cilindro de 370 gramos de gas refrigerante R290 certificado T-PED \/ EN 13322-1. Se trata de un producto de bajo GWP, utilizado en aires acondicionados\/climatizadores de nueva generaci\u00f3n. <span style=\"color: #ed1c24;\">V\u00e1lvula 1\/2&#8243; ACME IZQUIERDA <\/span><\/span>ONU 1978<\/strong><\/p>\n<pre><span style=\"color: #99cc00; font-size: 20px;\"><strong>GWP[3]<\/strong><\/span><\/pre>\n","protected":false},"featured_media":49947,"template":"","meta":[],"product_cat":[152,167],"product_tag":[],"acf":{"ai_note":""},"yoast_head":"<!-- This site is optimized with the Yoast SEO plugin v20.2 - https:\/\/yoast.com\/wordpress\/plugins\/seo\/ -->\n<title>Gas refrigerante R290 - 370 gramos v\u00e1lvula 1\/2 ACME IZQUIERDA | Refrigerant Boys<\/title>\n<meta name=\"description\" content=\"Cilindro de 370 gramos de gas refrigerante R290 certificado T-PED \/ EN 13322-1. Se trata de un producto de bajo GWP, utilizado en aires acondicionados\/climatizadores de nueva generaci\u00f3n. V\u00e1lvula 1\/2&quot; ACME IZQUIERDA ONU 1978 GWP\" \/>\n<meta name=\"robots\" content=\"index, follow, max-snippet:-1, max-image-preview:large, max-video-preview:-1\" \/>\n<link rel=\"canonical\" href=\"https:\/\/dev.refrigerantboys.com\/es\/compra\/fluidos-refrigerantes\/r290\/gas-refrigerante-r290-da-370-grammi-valvola-1-2-acme-sinistra\/\" \/>\n<meta property=\"og:locale\" content=\"es_ES\" \/>\n<meta property=\"og:type\" content=\"article\" \/>\n<meta property=\"og:title\" content=\"Gas refrigerante R290 - 370 gramos v\u00e1lvula 1\/2 ACME IZQUIERDA | Refrigerant Boys\" \/>\n<meta property=\"og:description\" content=\"Cilindro de 370 gramos de gas refrigerante R290 certificado T-PED \/ EN 13322-1. Se trata de un producto de bajo GWP, utilizado en aires acondicionados\/climatizadores de nueva generaci\u00f3n. V\u00e1lvula 1\/2&quot; ACME IZQUIERDA ONU 1978 GWP\" \/>\n<meta property=\"og:url\" content=\"https:\/\/dev.refrigerantboys.com\/es\/compra\/fluidos-refrigerantes\/r290\/gas-refrigerante-r290-da-370-grammi-valvola-1-2-acme-sinistra\/\" \/>\n<meta property=\"og:site_name\" content=\"Refrigerant Boys\" \/>\n<meta property=\"article:modified_time\" content=\"2024-01-17T12:36:07+00:00\" \/>\n<meta property=\"og:image\" content=\"https:\/\/dev.refrigerantboys.com\/wp-content\/uploads\/2017\/10\/r290-1kg.png\" \/>\n\t<meta property=\"og:image:width\" content=\"332\" \/>\n\t<meta property=\"og:image:height\" content=\"800\" \/>\n\t<meta property=\"og:image:type\" content=\"image\/png\" \/>\n<meta name=\"twitter:card\" content=\"summary_large_image\" \/>\n<meta name=\"twitter:label1\" content=\"Tiempo de lectura\" \/>\n\t<meta name=\"twitter:data1\" content=\"1 minuto\" \/>\n<script type=\"application\/ld+json\" class=\"yoast-schema-graph\">{\"@context\":\"https:\/\/schema.org\",\"@graph\":[{\"@type\":\"WebPage\",\"@id\":\"https:\/\/dev.refrigerantboys.com\/es\/compra\/fluidos-refrigerantes\/r290\/gas-refrigerante-r290-da-370-grammi-valvola-1-2-acme-sinistra\/\",\"url\":\"https:\/\/dev.refrigerantboys.com\/es\/compra\/fluidos-refrigerantes\/r290\/gas-refrigerante-r290-da-370-grammi-valvola-1-2-acme-sinistra\/\",\"name\":\"Gas refrigerante R290 - 370 gramos v\u00e1lvula 1\/2 ACME IZQUIERDA | Refrigerant Boys\",\"isPartOf\":{\"@id\":\"https:\/\/dev.refrigerantboys.com\/es\/#website\"},\"datePublished\":\"2017-10-28T22:44:17+00:00\",\"dateModified\":\"2024-01-17T12:36:07+00:00\",\"description\":\"Cilindro de 370 gramos de gas refrigerante R290 certificado T-PED \/ EN 13322-1. Se trata de un producto de bajo GWP, utilizado en aires acondicionados\/climatizadores de nueva generaci\u00f3n. V\u00e1lvula 1\/2\\\" ACME IZQUIERDA ONU 1978 GWP\",\"breadcrumb\":{\"@id\":\"https:\/\/dev.refrigerantboys.com\/es\/compra\/fluidos-refrigerantes\/r290\/gas-refrigerante-r290-da-370-grammi-valvola-1-2-acme-sinistra\/#breadcrumb\"},\"inLanguage\":\"es\",\"potentialAction\":[{\"@type\":\"ReadAction\",\"target\":[\"https:\/\/dev.refrigerantboys.com\/es\/compra\/fluidos-refrigerantes\/r290\/gas-refrigerante-r290-da-370-grammi-valvola-1-2-acme-sinistra\/\"]}]},{\"@type\":\"BreadcrumbList\",\"@id\":\"https:\/\/dev.refrigerantboys.com\/es\/compra\/fluidos-refrigerantes\/r290\/gas-refrigerante-r290-da-370-grammi-valvola-1-2-acme-sinistra\/#breadcrumb\",\"itemListElement\":[{\"@type\":\"ListItem\",\"position\":1,\"name\":\"Home\",\"item\":\"https:\/\/dev.refrigerantboys.com\/es\/\"},{\"@type\":\"ListItem\",\"position\":2,\"name\":\"Tienda\",\"item\":\"https:\/\/dev.refrigerantboys.com\/es\/tienda\/\"},{\"@type\":\"ListItem\",\"position\":3,\"name\":\"Gas refrigerante R290 &#8211; 370 gramos v\u00e1lvula 1\/2 ACME IZQUIERDA\"}]},{\"@type\":\"WebSite\",\"@id\":\"https:\/\/dev.refrigerantboys.com\/es\/#website\",\"url\":\"https:\/\/dev.refrigerantboys.com\/es\/\",\"name\":\"Refrigerant Boys\",\"description\":\"Vendita gas refrigeranti\",\"potentialAction\":[{\"@type\":\"SearchAction\",\"target\":{\"@type\":\"EntryPoint\",\"urlTemplate\":\"https:\/\/dev.refrigerantboys.com\/es\/?s={search_term_string}\"},\"query-input\":\"required name=search_term_string\"}],\"inLanguage\":\"es\"}]}<\/script>\n<!-- \/ Yoast SEO plugin. -->","yoast_head_json":{"title":"Gas refrigerante R290 - 370 gramos v\u00e1lvula 1\/2 ACME IZQUIERDA | Refrigerant Boys","description":"Cilindro de 370 gramos de gas refrigerante R290 certificado T-PED \/ EN 13322-1. Se trata de un producto de bajo GWP, utilizado en aires acondicionados\/climatizadores de nueva generaci\u00f3n. V\u00e1lvula 1\/2\" ACME IZQUIERDA ONU 1978 GWP","robots":{"index":"index","follow":"follow","max-snippet":"max-snippet:-1","max-image-preview":"max-image-preview:large","max-video-preview":"max-video-preview:-1"},"canonical":"https:\/\/dev.refrigerantboys.com\/es\/compra\/fluidos-refrigerantes\/r290\/gas-refrigerante-r290-da-370-grammi-valvola-1-2-acme-sinistra\/","og_locale":"es_ES","og_type":"article","og_title":"Gas refrigerante R290 - 370 gramos v\u00e1lvula 1\/2 ACME IZQUIERDA | Refrigerant Boys","og_description":"Cilindro de 370 gramos de gas refrigerante R290 certificado T-PED \/ EN 13322-1. Se trata de un producto de bajo GWP, utilizado en aires acondicionados\/climatizadores de nueva generaci\u00f3n. V\u00e1lvula 1\/2\" ACME IZQUIERDA ONU 1978 GWP","og_url":"https:\/\/dev.refrigerantboys.com\/es\/compra\/fluidos-refrigerantes\/r290\/gas-refrigerante-r290-da-370-grammi-valvola-1-2-acme-sinistra\/","og_site_name":"Refrigerant Boys","article_modified_time":"2024-01-17T12:36:07+00:00","og_image":[{"url":"https:\/\/dev.refrigerantboys.com\/wp-content\/uploads\/2017\/10\/r290-1kg.png","width":332,"height":800,"type":"image\/png"}],"twitter_card":"summary_large_image","twitter_misc":{"Tiempo de lectura":"1 minuto"},"schema":{"@context":"https:\/\/schema.org","@graph":[{"@type":"WebPage","@id":"https:\/\/dev.refrigerantboys.com\/es\/compra\/fluidos-refrigerantes\/r290\/gas-refrigerante-r290-da-370-grammi-valvola-1-2-acme-sinistra\/","url":"https:\/\/dev.refrigerantboys.com\/es\/compra\/fluidos-refrigerantes\/r290\/gas-refrigerante-r290-da-370-grammi-valvola-1-2-acme-sinistra\/","name":"Gas refrigerante R290 - 370 gramos v\u00e1lvula 1\/2 ACME IZQUIERDA | Refrigerant Boys","isPartOf":{"@id":"https:\/\/dev.refrigerantboys.com\/es\/#website"},"datePublished":"2017-10-28T22:44:17+00:00","dateModified":"2024-01-17T12:36:07+00:00","description":"Cilindro de 370 gramos de gas refrigerante R290 certificado T-PED \/ EN 13322-1. Se trata de un producto de bajo GWP, utilizado en aires acondicionados\/climatizadores de nueva generaci\u00f3n. V\u00e1lvula 1\/2\" ACME IZQUIERDA ONU 1978 GWP","breadcrumb":{"@id":"https:\/\/dev.refrigerantboys.com\/es\/compra\/fluidos-refrigerantes\/r290\/gas-refrigerante-r290-da-370-grammi-valvola-1-2-acme-sinistra\/#breadcrumb"},"inLanguage":"es","potentialAction":[{"@type":"ReadAction","target":["https:\/\/dev.refrigerantboys.com\/es\/compra\/fluidos-refrigerantes\/r290\/gas-refrigerante-r290-da-370-grammi-valvola-1-2-acme-sinistra\/"]}]},{"@type":"BreadcrumbList","@id":"https:\/\/dev.refrigerantboys.com\/es\/compra\/fluidos-refrigerantes\/r290\/gas-refrigerante-r290-da-370-grammi-valvola-1-2-acme-sinistra\/#breadcrumb","itemListElement":[{"@type":"ListItem","position":1,"name":"Home","item":"https:\/\/dev.refrigerantboys.com\/es\/"},{"@type":"ListItem","position":2,"name":"Tienda","item":"https:\/\/dev.refrigerantboys.com\/es\/tienda\/"},{"@type":"ListItem","position":3,"name":"Gas refrigerante R290 &#8211; 370 gramos v\u00e1lvula 1\/2 ACME IZQUIERDA"}]},{"@type":"WebSite","@id":"https:\/\/dev.refrigerantboys.com\/es\/#website","url":"https:\/\/dev.refrigerantboys.com\/es\/","name":"Refrigerant Boys","description":"Vendita gas refrigeranti","potentialAction":[{"@type":"SearchAction","target":{"@type":"EntryPoint","urlTemplate":"https:\/\/dev.refrigerantboys.com\/es\/?s={search_term_string}"},"query-input":"required name=search_term_string"}],"inLanguage":"es"}]}},"_links":{"self":[{"href":"https:\/\/dev.refrigerantboys.com\/es\/wp-json\/wp\/v2\/product\/3066"}],"collection":[{"href":"https:\/\/dev.refrigerantboys.com\/es\/wp-json\/wp\/v2\/product"}],"about":[{"href":"https:\/\/dev.refrigerantboys.com\/es\/wp-json\/wp\/v2\/types\/product"}],"wp:featuredmedia":[{"embeddable":true,"href":"https:\/\/dev.refrigerantboys.com\/es\/wp-json\/wp\/v2\/media\/49947"}],"wp:attachment":[{"href":"https:\/\/dev.refrigerantboys.com\/es\/wp-json\/wp\/v2\/media?parent=3066"}],"wp:term":[{"taxonomy":"product_cat","embeddable":true,"href":"https:\/\/dev.refrigerantboys.com\/es\/wp-json\/wp\/v2\/product_cat?post=3066"},{"taxonomy":"product_tag","embeddable":true,"href":"https:\/\/dev.refrigerantboys.com\/es\/wp-json\/wp\/v2\/product_tag?post=3066"}],"curies":[{"name":"wp","href":"https:\/\/api.w.org\/{rel}","templated":true}]}}