{"id":2955,"date":"2017-10-28T22:46:39","date_gmt":"2017-10-28T22:46:39","guid":{"rendered":"https:\/\/dev.refrigerantboys.com\/sin%20categorizar\/r134a-900gr-ac-auto\/"},"modified":"2024-01-13T15:53:24","modified_gmt":"2024-01-13T14:53:24","slug":"recharging-r134a-with-900-grams-for-diagnosis-and-recharging-systems-a-c-auto-valve-1-2-acme","status":"publish","type":"product","link":"https:\/\/dev.refrigerantboys.com\/es\/compra\/fluidos-refrigerantes\/r134a\/recharging-r134a-with-900-grams-for-diagnosis-and-recharging-systems-a-c-auto-valve-1-2-acme\/","title":{"rendered":"RECARGA R134a con 900 gramos para el diagn\u00f3stico y la recarga de sistemas de aire acondicionado de autom\u00f3viles v\u00e1lvula 1\/2 Acme"},"content":{"rendered":"<p><span style=\"color: #282828;\">Nuestro cilindro de recarga de gas R134a tiene una capacidad de 900 gramos con v\u00e1lvula SAE de 1\/2\u2033 para garantizar una conexi\u00f3n segura y fiable a su sistema de aire acondicionado. Nuestros cilindros est\u00e1n fabricados con materiales duraderos y cumplen las normas de seguridad m\u00e1s estrictas. Conf\u00ede en RefrigerantBoys para su cilindro de gas R134a y obtenga un producto de calidad superior.<\/span><\/p>\n","protected":false},"excerpt":{"rendered":"<p><span style=\"color: #282828;\"><strong>Gas refrigerante R134a en cilindros T-PED \/ EN 13322-1 de 900 gramos con v\u00e1lvula ACME de 1\/2\u2033 <span style=\"color: #ff0000;\">USABLE S\u00d3LO CON MAN\u00d3METRO NEVADA<\/span> para diagn\u00f3stico y recarga de sistemas de a\/c de autom\u00f3viles. ONU 3159<\/strong><\/span><\/p>\n<p><span style=\"color: #ff0000; font-size: 20px;\"><strong> GWP[1430]<\/strong><\/span><\/p>\n","protected":false},"featured_media":49446,"template":"","meta":[],"product_cat":[152,166],"product_tag":[],"acf":{"ai_note":""},"yoast_head":"<!-- This site is optimized with the Yoast SEO plugin v20.2 - https:\/\/yoast.com\/wordpress\/plugins\/seo\/ -->\n<title>RECARGA R134a con 900 gramos para el diagn\u00f3stico y la recarga de sistemas de aire acondicionado de autom\u00f3viles v\u00e1lvula 1\/2 Acme | Refrigerant Boys<\/title>\n<meta name=\"description\" content=\"Gas refrigerante R134a en cilindros T-PED \/ EN 13322-1 de 900 gramos con v\u00e1lvula ACME de 1\/2\u2033 USABLE S\u00d3LO CON MAN\u00d3METRO NEVADA para diagn\u00f3stico y recarga de sistemas de a\/c de autom\u00f3viles. ONU 3159   GWP\" \/>\n<meta name=\"robots\" content=\"index, follow, max-snippet:-1, max-image-preview:large, max-video-preview:-1\" \/>\n<link rel=\"canonical\" href=\"https:\/\/dev.refrigerantboys.com\/es\/compra\/fluidos-refrigerantes\/r134a\/recharging-r134a-with-900-grams-for-diagnosis-and-recharging-systems-a-c-auto-valve-1-2-acme\/\" \/>\n<meta property=\"og:locale\" content=\"es_ES\" \/>\n<meta property=\"og:type\" content=\"article\" \/>\n<meta property=\"og:title\" content=\"RECARGA R134a con 900 gramos para el diagn\u00f3stico y la recarga de sistemas de aire acondicionado de autom\u00f3viles v\u00e1lvula 1\/2 Acme | Refrigerant Boys\" \/>\n<meta property=\"og:description\" content=\"Gas refrigerante R134a en cilindros T-PED \/ EN 13322-1 de 900 gramos con v\u00e1lvula ACME de 1\/2\u2033 USABLE S\u00d3LO CON MAN\u00d3METRO NEVADA para diagn\u00f3stico y recarga de sistemas de a\/c de autom\u00f3viles. ONU 3159   GWP\" \/>\n<meta property=\"og:url\" content=\"https:\/\/dev.refrigerantboys.com\/es\/compra\/fluidos-refrigerantes\/r134a\/recharging-r134a-with-900-grams-for-diagnosis-and-recharging-systems-a-c-auto-valve-1-2-acme\/\" \/>\n<meta property=\"og:site_name\" content=\"Refrigerant Boys\" \/>\n<meta property=\"article:modified_time\" content=\"2024-01-13T14:53:24+00:00\" \/>\n<meta property=\"og:image\" content=\"https:\/\/dev.refrigerantboys.com\/wp-content\/uploads\/2017\/10\/r134-1kgR-278x800.png\" \/>\n\t<meta property=\"og:image:width\" content=\"278\" \/>\n\t<meta property=\"og:image:height\" content=\"800\" \/>\n\t<meta property=\"og:image:type\" content=\"image\/png\" \/>\n<meta name=\"twitter:card\" content=\"summary_large_image\" \/>\n<meta name=\"twitter:label1\" content=\"Tiempo de lectura\" \/>\n\t<meta name=\"twitter:data1\" content=\"1 minuto\" \/>\n<script type=\"application\/ld+json\" class=\"yoast-schema-graph\">{\"@context\":\"https:\/\/schema.org\",\"@graph\":[{\"@type\":\"WebPage\",\"@id\":\"https:\/\/dev.refrigerantboys.com\/es\/compra\/fluidos-refrigerantes\/r134a\/recharging-r134a-with-900-grams-for-diagnosis-and-recharging-systems-a-c-auto-valve-1-2-acme\/\",\"url\":\"https:\/\/dev.refrigerantboys.com\/es\/compra\/fluidos-refrigerantes\/r134a\/recharging-r134a-with-900-grams-for-diagnosis-and-recharging-systems-a-c-auto-valve-1-2-acme\/\",\"name\":\"RECARGA R134a con 900 gramos para el diagn\u00f3stico y la recarga de sistemas de aire acondicionado de autom\u00f3viles v\u00e1lvula 1\/2 Acme | Refrigerant Boys\",\"isPartOf\":{\"@id\":\"https:\/\/dev.refrigerantboys.com\/es\/#website\"},\"datePublished\":\"2017-10-28T22:46:39+00:00\",\"dateModified\":\"2024-01-13T14:53:24+00:00\",\"description\":\"Gas refrigerante R134a en cilindros T-PED \/ EN 13322-1 de 900 gramos con v\u00e1lvula ACME de 1\/2\u2033 USABLE S\u00d3LO CON MAN\u00d3METRO NEVADA para diagn\u00f3stico y recarga de sistemas de a\/c de autom\u00f3viles. ONU 3159 GWP\",\"breadcrumb\":{\"@id\":\"https:\/\/dev.refrigerantboys.com\/es\/compra\/fluidos-refrigerantes\/r134a\/recharging-r134a-with-900-grams-for-diagnosis-and-recharging-systems-a-c-auto-valve-1-2-acme\/#breadcrumb\"},\"inLanguage\":\"es\",\"potentialAction\":[{\"@type\":\"ReadAction\",\"target\":[\"https:\/\/dev.refrigerantboys.com\/es\/compra\/fluidos-refrigerantes\/r134a\/recharging-r134a-with-900-grams-for-diagnosis-and-recharging-systems-a-c-auto-valve-1-2-acme\/\"]}]},{\"@type\":\"BreadcrumbList\",\"@id\":\"https:\/\/dev.refrigerantboys.com\/es\/compra\/fluidos-refrigerantes\/r134a\/recharging-r134a-with-900-grams-for-diagnosis-and-recharging-systems-a-c-auto-valve-1-2-acme\/#breadcrumb\",\"itemListElement\":[{\"@type\":\"ListItem\",\"position\":1,\"name\":\"Home\",\"item\":\"https:\/\/dev.refrigerantboys.com\/es\/\"},{\"@type\":\"ListItem\",\"position\":2,\"name\":\"Tienda\",\"item\":\"https:\/\/dev.refrigerantboys.com\/es\/tienda\/\"},{\"@type\":\"ListItem\",\"position\":3,\"name\":\"RECARGA R134a con 900 gramos para el diagn\u00f3stico y la recarga de sistemas de aire acondicionado de autom\u00f3viles v\u00e1lvula 1\/2 Acme\"}]},{\"@type\":\"WebSite\",\"@id\":\"https:\/\/dev.refrigerantboys.com\/es\/#website\",\"url\":\"https:\/\/dev.refrigerantboys.com\/es\/\",\"name\":\"Refrigerant Boys\",\"description\":\"Vendita gas refrigeranti\",\"potentialAction\":[{\"@type\":\"SearchAction\",\"target\":{\"@type\":\"EntryPoint\",\"urlTemplate\":\"https:\/\/dev.refrigerantboys.com\/es\/?s={search_term_string}\"},\"query-input\":\"required name=search_term_string\"}],\"inLanguage\":\"es\"}]}<\/script>\n<!-- \/ Yoast SEO plugin. -->","yoast_head_json":{"title":"RECARGA R134a con 900 gramos para el diagn\u00f3stico y la recarga de sistemas de aire acondicionado de autom\u00f3viles v\u00e1lvula 1\/2 Acme | Refrigerant Boys","description":"Gas refrigerante R134a en cilindros T-PED \/ EN 13322-1 de 900 gramos con v\u00e1lvula ACME de 1\/2\u2033 USABLE S\u00d3LO CON MAN\u00d3METRO NEVADA para diagn\u00f3stico y recarga de sistemas de a\/c de autom\u00f3viles. ONU 3159   GWP","robots":{"index":"index","follow":"follow","max-snippet":"max-snippet:-1","max-image-preview":"max-image-preview:large","max-video-preview":"max-video-preview:-1"},"canonical":"https:\/\/dev.refrigerantboys.com\/es\/compra\/fluidos-refrigerantes\/r134a\/recharging-r134a-with-900-grams-for-diagnosis-and-recharging-systems-a-c-auto-valve-1-2-acme\/","og_locale":"es_ES","og_type":"article","og_title":"RECARGA R134a con 900 gramos para el diagn\u00f3stico y la recarga de sistemas de aire acondicionado de autom\u00f3viles v\u00e1lvula 1\/2 Acme | Refrigerant Boys","og_description":"Gas refrigerante R134a en cilindros T-PED \/ EN 13322-1 de 900 gramos con v\u00e1lvula ACME de 1\/2\u2033 USABLE S\u00d3LO CON MAN\u00d3METRO NEVADA para diagn\u00f3stico y recarga de sistemas de a\/c de autom\u00f3viles. ONU 3159   GWP","og_url":"https:\/\/dev.refrigerantboys.com\/es\/compra\/fluidos-refrigerantes\/r134a\/recharging-r134a-with-900-grams-for-diagnosis-and-recharging-systems-a-c-auto-valve-1-2-acme\/","og_site_name":"Refrigerant Boys","article_modified_time":"2024-01-13T14:53:24+00:00","og_image":[{"width":278,"height":800,"url":"https:\/\/dev.refrigerantboys.com\/wp-content\/uploads\/2017\/10\/r134-1kgR-278x800.png","type":"image\/png"}],"twitter_card":"summary_large_image","twitter_misc":{"Tiempo de lectura":"1 minuto"},"schema":{"@context":"https:\/\/schema.org","@graph":[{"@type":"WebPage","@id":"https:\/\/dev.refrigerantboys.com\/es\/compra\/fluidos-refrigerantes\/r134a\/recharging-r134a-with-900-grams-for-diagnosis-and-recharging-systems-a-c-auto-valve-1-2-acme\/","url":"https:\/\/dev.refrigerantboys.com\/es\/compra\/fluidos-refrigerantes\/r134a\/recharging-r134a-with-900-grams-for-diagnosis-and-recharging-systems-a-c-auto-valve-1-2-acme\/","name":"RECARGA R134a con 900 gramos para el diagn\u00f3stico y la recarga de sistemas de aire acondicionado de autom\u00f3viles v\u00e1lvula 1\/2 Acme | Refrigerant Boys","isPartOf":{"@id":"https:\/\/dev.refrigerantboys.com\/es\/#website"},"datePublished":"2017-10-28T22:46:39+00:00","dateModified":"2024-01-13T14:53:24+00:00","description":"Gas refrigerante R134a en cilindros T-PED \/ EN 13322-1 de 900 gramos con v\u00e1lvula ACME de 1\/2\u2033 USABLE S\u00d3LO CON MAN\u00d3METRO NEVADA para diagn\u00f3stico y recarga de sistemas de a\/c de autom\u00f3viles. ONU 3159 GWP","breadcrumb":{"@id":"https:\/\/dev.refrigerantboys.com\/es\/compra\/fluidos-refrigerantes\/r134a\/recharging-r134a-with-900-grams-for-diagnosis-and-recharging-systems-a-c-auto-valve-1-2-acme\/#breadcrumb"},"inLanguage":"es","potentialAction":[{"@type":"ReadAction","target":["https:\/\/dev.refrigerantboys.com\/es\/compra\/fluidos-refrigerantes\/r134a\/recharging-r134a-with-900-grams-for-diagnosis-and-recharging-systems-a-c-auto-valve-1-2-acme\/"]}]},{"@type":"BreadcrumbList","@id":"https:\/\/dev.refrigerantboys.com\/es\/compra\/fluidos-refrigerantes\/r134a\/recharging-r134a-with-900-grams-for-diagnosis-and-recharging-systems-a-c-auto-valve-1-2-acme\/#breadcrumb","itemListElement":[{"@type":"ListItem","position":1,"name":"Home","item":"https:\/\/dev.refrigerantboys.com\/es\/"},{"@type":"ListItem","position":2,"name":"Tienda","item":"https:\/\/dev.refrigerantboys.com\/es\/tienda\/"},{"@type":"ListItem","position":3,"name":"RECARGA R134a con 900 gramos para el diagn\u00f3stico y la recarga de sistemas de aire acondicionado de autom\u00f3viles v\u00e1lvula 1\/2 Acme"}]},{"@type":"WebSite","@id":"https:\/\/dev.refrigerantboys.com\/es\/#website","url":"https:\/\/dev.refrigerantboys.com\/es\/","name":"Refrigerant Boys","description":"Vendita gas refrigeranti","potentialAction":[{"@type":"SearchAction","target":{"@type":"EntryPoint","urlTemplate":"https:\/\/dev.refrigerantboys.com\/es\/?s={search_term_string}"},"query-input":"required name=search_term_string"}],"inLanguage":"es"}]}},"_links":{"self":[{"href":"https:\/\/dev.refrigerantboys.com\/es\/wp-json\/wp\/v2\/product\/2955"}],"collection":[{"href":"https:\/\/dev.refrigerantboys.com\/es\/wp-json\/wp\/v2\/product"}],"about":[{"href":"https:\/\/dev.refrigerantboys.com\/es\/wp-json\/wp\/v2\/types\/product"}],"wp:featuredmedia":[{"embeddable":true,"href":"https:\/\/dev.refrigerantboys.com\/es\/wp-json\/wp\/v2\/media\/49446"}],"wp:attachment":[{"href":"https:\/\/dev.refrigerantboys.com\/es\/wp-json\/wp\/v2\/media?parent=2955"}],"wp:term":[{"taxonomy":"product_cat","embeddable":true,"href":"https:\/\/dev.refrigerantboys.com\/es\/wp-json\/wp\/v2\/product_cat?post=2955"},{"taxonomy":"product_tag","embeddable":true,"href":"https:\/\/dev.refrigerantboys.com\/es\/wp-json\/wp\/v2\/product_tag?post=2955"}],"curies":[{"name":"wp","href":"https:\/\/api.w.org\/{rel}","templated":true}]}}