{"id":2901,"date":"2017-10-28T22:48:35","date_gmt":"2017-10-28T22:48:35","guid":{"rendered":"https:\/\/dev.refrigerantboys.com\/sin%20categorizar\/r32-800-gr-valvola5-16-sae\/"},"modified":"2025-03-17T12:37:39","modified_gmt":"2025-03-17T11:37:39","slug":"cilindro-de-gas-r32-9-kg-valvula-21-7-x-1-14-izquierda","status":"publish","type":"product","link":"https:\/\/dev.refrigerantboys.com\/es\/compra\/fluidos-refrigerantes\/r32\/cilindro-de-gas-r32-9-kg-valvula-21-7-x-1-14-izquierda\/","title":{"rendered":"Bombona de gas R32 con 9 kg (V\u00e1lvula W21,7\u00d71\/14\u2033)"},"content":{"rendered":"<p>Refrigerant Boys ofrece una amplia gama de refrigerantes de alta calidad para satisfacer todas tus necesidades. Nuestra bombona de gas R32 de 9 kg es ideal para su uso en sistemas de aire acondicionado y bombas de calor, ya que ofrece una eficiencia energ\u00e9tica superior y un impacto medioambiental reducido. Somos conscientes de la importancia de contar con productos fiables que cumplan la normativa vigente, por lo que puedes contar con nuestra bombona de gas R32 para obtener un rendimiento \u00f3ptimo y la m\u00e1xima seguridad. Hazte hoy mismo con tu bombona de gas R32 de 9 kg de Refrigerant Boys y descubre por qu\u00e9 somos la opci\u00f3n preferida de los profesionales del sector.<\/p>\n<p><strong>Aplicaciones:<\/strong><\/p>\n<ul>\n<li>El R32 tiene un rendimiento y una eficiencia energ\u00e9tica equivalentes al R410A.<\/li>\n<li>GWP (Potencial de Calentamiento Global) significativamente menor que el R410A.<\/li>\n<li>No requiere reemplazo de componentes, lubricantes y sellos.<\/li>\n<\/ul>\n<p><span style=\"color: #ff0000;\">El R32 s\u00f3lo se puede utilizar en sistemas nuevos dise\u00f1ados para funcionar con gases ligeramente inflamables (clase A2L)<\/span><\/p>\n<p><span style=\"color: #ff0000;\">El R32 no se puede utilizar como producto de actualizaci\u00f3n para sistemas dise\u00f1ados para funcionar con R410A; Dado que los sistemas R410A no est\u00e1n dise\u00f1ados para funcionar con gases ligeramente inflamables, existe el riesgo de da\u00f1ar el compresor.<\/span><\/p>\n<p><strong>PRECIO CON BOMBONA INCLUIDA, QUE PASAR\u00c1 A SER DE TU PROPIEDAD<\/strong><\/p>\n","protected":false},"excerpt":{"rendered":"<p><span style=\"color: #000000;\"><strong>Refrigerante R32 a 9 kg T-DEP EN 13322-1 cilindro recargable\u00a0 nace como una alternativa al gas R410A utilizado por los principales fabricantes de aparatos de aire acondicionado y ayuda a ahorrar energ\u00eda y \u2018bajo impacto ambiental UN 3252 <span style=\"color: #ed1c24;\">V\u00e1lvula 21.7 \u201cx 1\/14\u201d IZQUIERDA<\/span><\/strong><\/span><\/p>\n<pre><span style=\"color: #ff0000; font-size: 20px;\"><strong>GWP[675]<\/strong><\/span><\/pre>\n","protected":false},"featured_media":68912,"template":"","meta":[],"product_cat":[152,155],"product_tag":[],"acf":{"ai_note":""},"yoast_head":"<!-- This site is optimized with the Yoast SEO plugin v20.2 - https:\/\/yoast.com\/wordpress\/plugins\/seo\/ -->\n<title>Bombona de gas R32 con 9 kg (V\u00e1lvula W21,7\u00d71\/14\u2033) | Refrigerant Boys<\/title>\n<meta name=\"description\" content=\"\u00a1Si est\u00e1s buscando una bombona de gas R32 con una capacidad de 9 kg, est\u00e1s en el lugar adecuado! Refrigerant Boys ofrece una amplia gama de refrigerantes de alta calidad para satisfacer todas tus necesidades.\" \/>\n<meta name=\"robots\" content=\"index, follow, max-snippet:-1, max-image-preview:large, max-video-preview:-1\" \/>\n<link rel=\"canonical\" href=\"https:\/\/dev.refrigerantboys.com\/es\/compra\/fluidos-refrigerantes\/r32\/cilindro-de-gas-r32-9-kg-valvula-21-7-x-1-14-izquierda\/\" \/>\n<meta property=\"og:locale\" content=\"es_ES\" \/>\n<meta property=\"og:type\" content=\"article\" \/>\n<meta property=\"og:title\" content=\"Bombona de gas R32 con 9 kg (V\u00e1lvula W21,7\u00d71\/14\u2033) | Refrigerant Boys\" \/>\n<meta property=\"og:description\" content=\"\u00a1Si est\u00e1s buscando una bombona de gas R32 con una capacidad de 9 kg, est\u00e1s en el lugar adecuado! Refrigerant Boys ofrece una amplia gama de refrigerantes de alta calidad para satisfacer todas tus necesidades.\" \/>\n<meta property=\"og:url\" content=\"https:\/\/dev.refrigerantboys.com\/es\/compra\/fluidos-refrigerantes\/r32\/cilindro-de-gas-r32-9-kg-valvula-21-7-x-1-14-izquierda\/\" \/>\n<meta property=\"og:site_name\" content=\"Refrigerant Boys\" \/>\n<meta property=\"article:modified_time\" content=\"2025-03-17T11:37:39+00:00\" \/>\n<meta property=\"og:image\" content=\"https:\/\/dev.refrigerantboys.com\/wp-content\/uploads\/2017\/10\/r32-9kg-4.png\" \/>\n\t<meta property=\"og:image:width\" content=\"344\" \/>\n\t<meta property=\"og:image:height\" content=\"664\" \/>\n\t<meta property=\"og:image:type\" content=\"image\/png\" \/>\n<meta name=\"twitter:card\" content=\"summary_large_image\" \/>\n<meta name=\"twitter:label1\" content=\"Tiempo de lectura\" \/>\n\t<meta name=\"twitter:data1\" content=\"2 minutos\" \/>\n<script type=\"application\/ld+json\" class=\"yoast-schema-graph\">{\"@context\":\"https:\/\/schema.org\",\"@graph\":[{\"@type\":\"WebPage\",\"@id\":\"https:\/\/dev.refrigerantboys.com\/es\/compra\/fluidos-refrigerantes\/r32\/cilindro-de-gas-r32-9-kg-valvula-21-7-x-1-14-izquierda\/\",\"url\":\"https:\/\/dev.refrigerantboys.com\/es\/compra\/fluidos-refrigerantes\/r32\/cilindro-de-gas-r32-9-kg-valvula-21-7-x-1-14-izquierda\/\",\"name\":\"Bombona de gas R32 con 9 kg (V\u00e1lvula W21,7\u00d71\/14\u2033) | Refrigerant Boys\",\"isPartOf\":{\"@id\":\"https:\/\/dev.refrigerantboys.com\/es\/#website\"},\"datePublished\":\"2017-10-28T22:48:35+00:00\",\"dateModified\":\"2025-03-17T11:37:39+00:00\",\"description\":\"\u00a1Si est\u00e1s buscando una bombona de gas R32 con una capacidad de 9 kg, est\u00e1s en el lugar adecuado! Refrigerant Boys ofrece una amplia gama de refrigerantes de alta calidad para satisfacer todas tus necesidades.\",\"breadcrumb\":{\"@id\":\"https:\/\/dev.refrigerantboys.com\/es\/compra\/fluidos-refrigerantes\/r32\/cilindro-de-gas-r32-9-kg-valvula-21-7-x-1-14-izquierda\/#breadcrumb\"},\"inLanguage\":\"es\",\"potentialAction\":[{\"@type\":\"ReadAction\",\"target\":[\"https:\/\/dev.refrigerantboys.com\/es\/compra\/fluidos-refrigerantes\/r32\/cilindro-de-gas-r32-9-kg-valvula-21-7-x-1-14-izquierda\/\"]}]},{\"@type\":\"BreadcrumbList\",\"@id\":\"https:\/\/dev.refrigerantboys.com\/es\/compra\/fluidos-refrigerantes\/r32\/cilindro-de-gas-r32-9-kg-valvula-21-7-x-1-14-izquierda\/#breadcrumb\",\"itemListElement\":[{\"@type\":\"ListItem\",\"position\":1,\"name\":\"Home\",\"item\":\"https:\/\/dev.refrigerantboys.com\/es\/\"},{\"@type\":\"ListItem\",\"position\":2,\"name\":\"Tienda\",\"item\":\"https:\/\/dev.refrigerantboys.com\/es\/tienda\/\"},{\"@type\":\"ListItem\",\"position\":3,\"name\":\"Bombona de gas R32 con 9 kg (V\u00e1lvula W21,7\u00d71\/14\u2033)\"}]},{\"@type\":\"WebSite\",\"@id\":\"https:\/\/dev.refrigerantboys.com\/es\/#website\",\"url\":\"https:\/\/dev.refrigerantboys.com\/es\/\",\"name\":\"Refrigerant Boys\",\"description\":\"Vendita gas refrigeranti\",\"potentialAction\":[{\"@type\":\"SearchAction\",\"target\":{\"@type\":\"EntryPoint\",\"urlTemplate\":\"https:\/\/dev.refrigerantboys.com\/es\/?s={search_term_string}\"},\"query-input\":\"required name=search_term_string\"}],\"inLanguage\":\"es\"}]}<\/script>\n<!-- \/ Yoast SEO plugin. -->","yoast_head_json":{"title":"Bombona de gas R32 con 9 kg (V\u00e1lvula W21,7\u00d71\/14\u2033) | Refrigerant Boys","description":"\u00a1Si est\u00e1s buscando una bombona de gas R32 con una capacidad de 9 kg, est\u00e1s en el lugar adecuado! Refrigerant Boys ofrece una amplia gama de refrigerantes de alta calidad para satisfacer todas tus necesidades.","robots":{"index":"index","follow":"follow","max-snippet":"max-snippet:-1","max-image-preview":"max-image-preview:large","max-video-preview":"max-video-preview:-1"},"canonical":"https:\/\/dev.refrigerantboys.com\/es\/compra\/fluidos-refrigerantes\/r32\/cilindro-de-gas-r32-9-kg-valvula-21-7-x-1-14-izquierda\/","og_locale":"es_ES","og_type":"article","og_title":"Bombona de gas R32 con 9 kg (V\u00e1lvula W21,7\u00d71\/14\u2033) | Refrigerant Boys","og_description":"\u00a1Si est\u00e1s buscando una bombona de gas R32 con una capacidad de 9 kg, est\u00e1s en el lugar adecuado! Refrigerant Boys ofrece una amplia gama de refrigerantes de alta calidad para satisfacer todas tus necesidades.","og_url":"https:\/\/dev.refrigerantboys.com\/es\/compra\/fluidos-refrigerantes\/r32\/cilindro-de-gas-r32-9-kg-valvula-21-7-x-1-14-izquierda\/","og_site_name":"Refrigerant Boys","article_modified_time":"2025-03-17T11:37:39+00:00","og_image":[{"width":344,"height":664,"url":"https:\/\/dev.refrigerantboys.com\/wp-content\/uploads\/2017\/10\/r32-9kg-4.png","type":"image\/png"}],"twitter_card":"summary_large_image","twitter_misc":{"Tiempo de lectura":"2 minutos"},"schema":{"@context":"https:\/\/schema.org","@graph":[{"@type":"WebPage","@id":"https:\/\/dev.refrigerantboys.com\/es\/compra\/fluidos-refrigerantes\/r32\/cilindro-de-gas-r32-9-kg-valvula-21-7-x-1-14-izquierda\/","url":"https:\/\/dev.refrigerantboys.com\/es\/compra\/fluidos-refrigerantes\/r32\/cilindro-de-gas-r32-9-kg-valvula-21-7-x-1-14-izquierda\/","name":"Bombona de gas R32 con 9 kg (V\u00e1lvula W21,7\u00d71\/14\u2033) | Refrigerant Boys","isPartOf":{"@id":"https:\/\/dev.refrigerantboys.com\/es\/#website"},"datePublished":"2017-10-28T22:48:35+00:00","dateModified":"2025-03-17T11:37:39+00:00","description":"\u00a1Si est\u00e1s buscando una bombona de gas R32 con una capacidad de 9 kg, est\u00e1s en el lugar adecuado! Refrigerant Boys ofrece una amplia gama de refrigerantes de alta calidad para satisfacer todas tus necesidades.","breadcrumb":{"@id":"https:\/\/dev.refrigerantboys.com\/es\/compra\/fluidos-refrigerantes\/r32\/cilindro-de-gas-r32-9-kg-valvula-21-7-x-1-14-izquierda\/#breadcrumb"},"inLanguage":"es","potentialAction":[{"@type":"ReadAction","target":["https:\/\/dev.refrigerantboys.com\/es\/compra\/fluidos-refrigerantes\/r32\/cilindro-de-gas-r32-9-kg-valvula-21-7-x-1-14-izquierda\/"]}]},{"@type":"BreadcrumbList","@id":"https:\/\/dev.refrigerantboys.com\/es\/compra\/fluidos-refrigerantes\/r32\/cilindro-de-gas-r32-9-kg-valvula-21-7-x-1-14-izquierda\/#breadcrumb","itemListElement":[{"@type":"ListItem","position":1,"name":"Home","item":"https:\/\/dev.refrigerantboys.com\/es\/"},{"@type":"ListItem","position":2,"name":"Tienda","item":"https:\/\/dev.refrigerantboys.com\/es\/tienda\/"},{"@type":"ListItem","position":3,"name":"Bombona de gas R32 con 9 kg (V\u00e1lvula W21,7\u00d71\/14\u2033)"}]},{"@type":"WebSite","@id":"https:\/\/dev.refrigerantboys.com\/es\/#website","url":"https:\/\/dev.refrigerantboys.com\/es\/","name":"Refrigerant Boys","description":"Vendita gas refrigeranti","potentialAction":[{"@type":"SearchAction","target":{"@type":"EntryPoint","urlTemplate":"https:\/\/dev.refrigerantboys.com\/es\/?s={search_term_string}"},"query-input":"required name=search_term_string"}],"inLanguage":"es"}]}},"_links":{"self":[{"href":"https:\/\/dev.refrigerantboys.com\/es\/wp-json\/wp\/v2\/product\/2901"}],"collection":[{"href":"https:\/\/dev.refrigerantboys.com\/es\/wp-json\/wp\/v2\/product"}],"about":[{"href":"https:\/\/dev.refrigerantboys.com\/es\/wp-json\/wp\/v2\/types\/product"}],"wp:featuredmedia":[{"embeddable":true,"href":"https:\/\/dev.refrigerantboys.com\/es\/wp-json\/wp\/v2\/media\/68912"}],"wp:attachment":[{"href":"https:\/\/dev.refrigerantboys.com\/es\/wp-json\/wp\/v2\/media?parent=2901"}],"wp:term":[{"taxonomy":"product_cat","embeddable":true,"href":"https:\/\/dev.refrigerantboys.com\/es\/wp-json\/wp\/v2\/product_cat?post=2901"},{"taxonomy":"product_tag","embeddable":true,"href":"https:\/\/dev.refrigerantboys.com\/es\/wp-json\/wp\/v2\/product_tag?post=2901"}],"curies":[{"name":"wp","href":"https:\/\/api.w.org\/{rel}","templated":true}]}}