{"id":2688,"date":"2017-10-28T22:52:16","date_gmt":"2017-10-28T22:52:16","guid":{"rendered":"https:\/\/dev.refrigerantboys.com\/sin%20categorizar\/bb448k10\/"},"modified":"2024-11-18T12:51:15","modified_gmt":"2024-11-18T11:51:15","slug":"gas-refrigerante-r448a-con-10-kg-valvola-1-4-sae","status":"publish","type":"product","link":"https:\/\/dev.refrigerantboys.com\/es\/compra\/fluidos-refrigerantes\/r404a\/gas-refrigerante-r448a-con-10-kg-valvola-1-4-sae\/","title":{"rendered":"Gas refrigerante R448A con v\u00e1lvula de 10 kg 1\/4 SAE"},"content":{"rendered":"<p>Nuestra bombona de recarga de gas R448A tiene una capacidad de 10 kg con v\u00e1lvula SAE de 1\/4\u2033 para garantizar una conexi\u00f3n segura y fiable a tu sistema de aire acondicionado. El R448A se utiliza habitualmente en una amplia gama de aplicaciones de refrigeraci\u00f3n comercial e industrial a media y baja temperatura. Nuestros cilindros est\u00e1n fabricados con materiales duraderos y cumplen las normas de seguridad m\u00e1s exigentes. Conf\u00eda en RefrigerantBoys para tu bombona de gas R448A y obt\u00e9n un producto de calidad superior. .<\/p>\n<p><span style=\"color: #ff6600;\"><strong>EL NUEVO GAS QUE SUSTITUYE AL R404A<\/strong><\/span><\/p>\n<p><strong>Aplicaciones:<\/strong><\/p>\n<ul>\n<li>Refrigeraci\u00f3n comercial e industrial de expansi\u00f3n directa de media y baja temperatura<\/li>\n<li>Supermercados<\/li>\n<li>Industria alimentaria, qu\u00edmica y farmac\u00e9utica<\/li>\n<li>C\u00e9lulas de refrigeraci\u00f3n<\/li>\n<\/ul>\n<p><u><strong>Aplicaciones:<\/strong><\/u><\/p>\n<p>El R448A se utiliza en sistemas de refrigeraci\u00f3n de expansi\u00f3n directa que funcionan a temperaturas bajas y medias: sistemas de refrigeraci\u00f3n centralizados y c\u00e1maras frigor\u00edficas de supermercados, almacenes frigor\u00edficos, mostradores refrigerados y vitrinas refrigeradas (enchufables).<\/p>\n","protected":false},"excerpt":{"rendered":"<p><span style=\"color: #000000;\"><strong>Gas refrigerante R448A en cilindros rellenable de 10 kg homologada T-PED \/ EN 13322-1 <span style=\"color: #ff0000;\">V\u00e1lvula 1\/4&#8243; SAE<\/span> UN 3163<\/strong><\/span><\/p>\n<p><span lang=\"fr\"><strong><span class=\"hps\">EL PRECIO INCLUYE LA BOTELLA, QUE SEGUIR\u00c1 SIENDO DE TU PROPIEDAD<\/span><\/strong><\/span><\/p>\n<p><span style=\"color: #ff0000; font-size: 20px;\"><strong>GWP[1387]<\/strong><\/span><\/p>\n<h4 style=\"text-align: center;\"><\/h4>\n","protected":false},"featured_media":68862,"template":"","meta":[],"product_cat":[152,134,172],"product_tag":[],"acf":{"ai_note":""},"yoast_head":"<!-- This site is optimized with the Yoast SEO plugin v20.2 - https:\/\/yoast.com\/wordpress\/plugins\/seo\/ -->\n<title>Gas refrigerante R448A con v\u00e1lvula de 10 kg 1\/4 SAE | Refrigerant Boys<\/title>\n<meta name=\"description\" content=\"Gas refrigerante R448A en cilindros rellenable de 10 kg homologada T-PED \/ EN 13322-1 V\u00e1lvula 1\/4&quot; SAE UN 3163  EL PRECIO INCLUYE LA BOTELLA, QUE SEGUIR\u00c1 SIENDO DE TU PROPIEDAD  GWP\" \/>\n<meta name=\"robots\" content=\"index, follow, max-snippet:-1, max-image-preview:large, max-video-preview:-1\" \/>\n<link rel=\"canonical\" href=\"https:\/\/dev.refrigerantboys.com\/es\/compra\/fluidos-refrigerantes\/r404a\/gas-refrigerante-r448a-con-10-kg-valvola-1-4-sae\/\" \/>\n<meta property=\"og:locale\" content=\"es_ES\" \/>\n<meta property=\"og:type\" content=\"article\" \/>\n<meta property=\"og:title\" content=\"Gas refrigerante R448A con v\u00e1lvula de 10 kg 1\/4 SAE | Refrigerant Boys\" \/>\n<meta property=\"og:description\" content=\"Gas refrigerante R448A en cilindros rellenable de 10 kg homologada T-PED \/ EN 13322-1 V\u00e1lvula 1\/4&quot; SAE UN 3163  EL PRECIO INCLUYE LA BOTELLA, QUE SEGUIR\u00c1 SIENDO DE TU PROPIEDAD  GWP\" \/>\n<meta property=\"og:url\" content=\"https:\/\/dev.refrigerantboys.com\/es\/compra\/fluidos-refrigerantes\/r404a\/gas-refrigerante-r448a-con-10-kg-valvola-1-4-sae\/\" \/>\n<meta property=\"og:site_name\" content=\"Refrigerant Boys\" \/>\n<meta property=\"article:modified_time\" content=\"2024-11-18T11:51:15+00:00\" \/>\n<meta property=\"og:image\" content=\"https:\/\/dev.refrigerantboys.com\/wp-content\/uploads\/2017\/10\/r448a-10kg-1.png\" \/>\n\t<meta property=\"og:image:width\" content=\"398\" \/>\n\t<meta property=\"og:image:height\" content=\"722\" \/>\n\t<meta property=\"og:image:type\" content=\"image\/png\" \/>\n<meta name=\"twitter:card\" content=\"summary_large_image\" \/>\n<meta name=\"twitter:label1\" content=\"Tiempo de lectura\" \/>\n\t<meta name=\"twitter:data1\" content=\"1 minuto\" \/>\n<script type=\"application\/ld+json\" class=\"yoast-schema-graph\">{\"@context\":\"https:\/\/schema.org\",\"@graph\":[{\"@type\":\"WebPage\",\"@id\":\"https:\/\/dev.refrigerantboys.com\/es\/compra\/fluidos-refrigerantes\/r404a\/gas-refrigerante-r448a-con-10-kg-valvola-1-4-sae\/\",\"url\":\"https:\/\/dev.refrigerantboys.com\/es\/compra\/fluidos-refrigerantes\/r404a\/gas-refrigerante-r448a-con-10-kg-valvola-1-4-sae\/\",\"name\":\"Gas refrigerante R448A con v\u00e1lvula de 10 kg 1\/4 SAE | Refrigerant Boys\",\"isPartOf\":{\"@id\":\"https:\/\/dev.refrigerantboys.com\/es\/#website\"},\"datePublished\":\"2017-10-28T22:52:16+00:00\",\"dateModified\":\"2024-11-18T11:51:15+00:00\",\"description\":\"Gas refrigerante R448A en cilindros rellenable de 10 kg homologada T-PED \/ EN 13322-1 V\u00e1lvula 1\/4\\\" SAE UN 3163 EL PRECIO INCLUYE LA BOTELLA, QUE SEGUIR\u00c1 SIENDO DE TU PROPIEDAD GWP\",\"breadcrumb\":{\"@id\":\"https:\/\/dev.refrigerantboys.com\/es\/compra\/fluidos-refrigerantes\/r404a\/gas-refrigerante-r448a-con-10-kg-valvola-1-4-sae\/#breadcrumb\"},\"inLanguage\":\"es\",\"potentialAction\":[{\"@type\":\"ReadAction\",\"target\":[\"https:\/\/dev.refrigerantboys.com\/es\/compra\/fluidos-refrigerantes\/r404a\/gas-refrigerante-r448a-con-10-kg-valvola-1-4-sae\/\"]}]},{\"@type\":\"BreadcrumbList\",\"@id\":\"https:\/\/dev.refrigerantboys.com\/es\/compra\/fluidos-refrigerantes\/r404a\/gas-refrigerante-r448a-con-10-kg-valvola-1-4-sae\/#breadcrumb\",\"itemListElement\":[{\"@type\":\"ListItem\",\"position\":1,\"name\":\"Home\",\"item\":\"https:\/\/dev.refrigerantboys.com\/es\/\"},{\"@type\":\"ListItem\",\"position\":2,\"name\":\"Tienda\",\"item\":\"https:\/\/dev.refrigerantboys.com\/es\/tienda\/\"},{\"@type\":\"ListItem\",\"position\":3,\"name\":\"Gas refrigerante R448A con v\u00e1lvula de 10 kg 1\/4 SAE\"}]},{\"@type\":\"WebSite\",\"@id\":\"https:\/\/dev.refrigerantboys.com\/es\/#website\",\"url\":\"https:\/\/dev.refrigerantboys.com\/es\/\",\"name\":\"Refrigerant Boys\",\"description\":\"Vendita gas refrigeranti\",\"potentialAction\":[{\"@type\":\"SearchAction\",\"target\":{\"@type\":\"EntryPoint\",\"urlTemplate\":\"https:\/\/dev.refrigerantboys.com\/es\/?s={search_term_string}\"},\"query-input\":\"required name=search_term_string\"}],\"inLanguage\":\"es\"}]}<\/script>\n<!-- \/ Yoast SEO plugin. -->","yoast_head_json":{"title":"Gas refrigerante R448A con v\u00e1lvula de 10 kg 1\/4 SAE | Refrigerant Boys","description":"Gas refrigerante R448A en cilindros rellenable de 10 kg homologada T-PED \/ EN 13322-1 V\u00e1lvula 1\/4\" SAE UN 3163  EL PRECIO INCLUYE LA BOTELLA, QUE SEGUIR\u00c1 SIENDO DE TU PROPIEDAD  GWP","robots":{"index":"index","follow":"follow","max-snippet":"max-snippet:-1","max-image-preview":"max-image-preview:large","max-video-preview":"max-video-preview:-1"},"canonical":"https:\/\/dev.refrigerantboys.com\/es\/compra\/fluidos-refrigerantes\/r404a\/gas-refrigerante-r448a-con-10-kg-valvola-1-4-sae\/","og_locale":"es_ES","og_type":"article","og_title":"Gas refrigerante R448A con v\u00e1lvula de 10 kg 1\/4 SAE | Refrigerant Boys","og_description":"Gas refrigerante R448A en cilindros rellenable de 10 kg homologada T-PED \/ EN 13322-1 V\u00e1lvula 1\/4\" SAE UN 3163  EL PRECIO INCLUYE LA BOTELLA, QUE SEGUIR\u00c1 SIENDO DE TU PROPIEDAD  GWP","og_url":"https:\/\/dev.refrigerantboys.com\/es\/compra\/fluidos-refrigerantes\/r404a\/gas-refrigerante-r448a-con-10-kg-valvola-1-4-sae\/","og_site_name":"Refrigerant Boys","article_modified_time":"2024-11-18T11:51:15+00:00","og_image":[{"width":398,"height":722,"url":"https:\/\/dev.refrigerantboys.com\/wp-content\/uploads\/2017\/10\/r448a-10kg-1.png","type":"image\/png"}],"twitter_card":"summary_large_image","twitter_misc":{"Tiempo de lectura":"1 minuto"},"schema":{"@context":"https:\/\/schema.org","@graph":[{"@type":"WebPage","@id":"https:\/\/dev.refrigerantboys.com\/es\/compra\/fluidos-refrigerantes\/r404a\/gas-refrigerante-r448a-con-10-kg-valvola-1-4-sae\/","url":"https:\/\/dev.refrigerantboys.com\/es\/compra\/fluidos-refrigerantes\/r404a\/gas-refrigerante-r448a-con-10-kg-valvola-1-4-sae\/","name":"Gas refrigerante R448A con v\u00e1lvula de 10 kg 1\/4 SAE | Refrigerant Boys","isPartOf":{"@id":"https:\/\/dev.refrigerantboys.com\/es\/#website"},"datePublished":"2017-10-28T22:52:16+00:00","dateModified":"2024-11-18T11:51:15+00:00","description":"Gas refrigerante R448A en cilindros rellenable de 10 kg homologada T-PED \/ EN 13322-1 V\u00e1lvula 1\/4\" SAE UN 3163 EL PRECIO INCLUYE LA BOTELLA, QUE SEGUIR\u00c1 SIENDO DE TU PROPIEDAD GWP","breadcrumb":{"@id":"https:\/\/dev.refrigerantboys.com\/es\/compra\/fluidos-refrigerantes\/r404a\/gas-refrigerante-r448a-con-10-kg-valvola-1-4-sae\/#breadcrumb"},"inLanguage":"es","potentialAction":[{"@type":"ReadAction","target":["https:\/\/dev.refrigerantboys.com\/es\/compra\/fluidos-refrigerantes\/r404a\/gas-refrigerante-r448a-con-10-kg-valvola-1-4-sae\/"]}]},{"@type":"BreadcrumbList","@id":"https:\/\/dev.refrigerantboys.com\/es\/compra\/fluidos-refrigerantes\/r404a\/gas-refrigerante-r448a-con-10-kg-valvola-1-4-sae\/#breadcrumb","itemListElement":[{"@type":"ListItem","position":1,"name":"Home","item":"https:\/\/dev.refrigerantboys.com\/es\/"},{"@type":"ListItem","position":2,"name":"Tienda","item":"https:\/\/dev.refrigerantboys.com\/es\/tienda\/"},{"@type":"ListItem","position":3,"name":"Gas refrigerante R448A con v\u00e1lvula de 10 kg 1\/4 SAE"}]},{"@type":"WebSite","@id":"https:\/\/dev.refrigerantboys.com\/es\/#website","url":"https:\/\/dev.refrigerantboys.com\/es\/","name":"Refrigerant Boys","description":"Vendita gas refrigeranti","potentialAction":[{"@type":"SearchAction","target":{"@type":"EntryPoint","urlTemplate":"https:\/\/dev.refrigerantboys.com\/es\/?s={search_term_string}"},"query-input":"required name=search_term_string"}],"inLanguage":"es"}]}},"_links":{"self":[{"href":"https:\/\/dev.refrigerantboys.com\/es\/wp-json\/wp\/v2\/product\/2688"}],"collection":[{"href":"https:\/\/dev.refrigerantboys.com\/es\/wp-json\/wp\/v2\/product"}],"about":[{"href":"https:\/\/dev.refrigerantboys.com\/es\/wp-json\/wp\/v2\/types\/product"}],"wp:featuredmedia":[{"embeddable":true,"href":"https:\/\/dev.refrigerantboys.com\/es\/wp-json\/wp\/v2\/media\/68862"}],"wp:attachment":[{"href":"https:\/\/dev.refrigerantboys.com\/es\/wp-json\/wp\/v2\/media?parent=2688"}],"wp:term":[{"taxonomy":"product_cat","embeddable":true,"href":"https:\/\/dev.refrigerantboys.com\/es\/wp-json\/wp\/v2\/product_cat?post=2688"},{"taxonomy":"product_tag","embeddable":true,"href":"https:\/\/dev.refrigerantboys.com\/es\/wp-json\/wp\/v2\/product_tag?post=2688"}],"curies":[{"name":"wp","href":"https:\/\/api.w.org\/{rel}","templated":true}]}}