{"id":84307,"date":"2024-11-12T11:59:41","date_gmt":"2024-11-12T10:59:42","guid":{"rendered":"https:\/\/dev.refrigerantboys.com\/?post_type=product&#038;p=84307"},"modified":"2025-07-07T12:06:24","modified_gmt":"2025-07-07T10:06:24","slug":"gas-refrigerant-r452a-with-10-kg-in-bottle-reconditioned-valve-1-4-sae","status":"publish","type":"product","link":"https:\/\/dev.refrigerantboys.com\/en\/buy\/refrigerant-fluids\/r404a\/gas-refrigerant-r452a-with-10-kg-in-bottle-reconditioned-valve-1-4-sae\/","title":{"rendered":"Refrigerant Gas R452A with 10 kg in cylinder RECONDITIONED valve 1\/4 SAE"},"content":{"rendered":"<p>Our R452A gas refill cylinder has a 10 kg capacity with 1\/4\u2033 SAE valve to ensure a safe and reliable connection to your air conditioning system. R452A is commonly used in a wide range of applications in commercial and industrial refrigeration at medium and low type temperatures. Our cylinders are made of durable materials that meet the highest safety standards. Rely on RefrigerantBoys for your R452A gas refill cylinder and get a superior product. .<\/p>\n<p><span style=\"color: #ff6600;\"><strong>THE NEW GAS THAT REPLACES R404A<\/strong><\/span><\/p>\n<p><strong><u>Applications:<\/u><\/strong><\/p>\n<p>R452A is used in refrigerated transport with medium- and low-temperature direct expansion systems (refrigerated containers, refrigerated vans, trucks and trailers); it is also suitable for retrofitting commercial and industrial direct expansion refrigeration systems operating in low and medium temperatures.<\/p>\n","protected":false},"excerpt":{"rendered":"<p><span style=\"color: #000000;\"><br \/>\n<strong>Refrigerant gas R452A in refillable cylinder <span style=\"color: #282828;\">RECONDITIONED<span id=\"result_box\" lang=\"en\"> <\/span><\/span> 10 kg approved T-PED \/ EN 13322-1 <span style=\"color: #ff0000;\">Valve 1\/4&#8243; SAE<\/span> UN 1078<\/strong><br \/>\n<\/span><\/p>\n<ul>\n<li><strong><span lang=\"en\"><span title=\"Il est possibile seulement le paiement en esp\u00e8ces et en ayant avertit quelques jours avant du mat\u00e9riel que vous avez besoin.\"><span title=\"Le petites quantit\u00e9s sont envoy\u00e9es dans des boites robustes (colis anonymes), les grandes quantit\u00e9s sont g\u00e9n\u00e9ralement envoy\u00e9es sur EURO-PALLET.\"><span title=\"Pour le moment nous avons une Assistance efficace par e-mail, qui garantie des r\u00e9ponses esaustive en quelques heures ouvrables. \"><span title=\"Nous demandons le paiement d\u00e8s que vos bouteilles sont remplies et pr\u00eates pour l'exp\u00e9dition de retour.\"><span id=\"result_box\" lang=\"en\"><span title=\"Ces bouteilles ont \u00e9t\u00e9 nettoy\u00e9es \u00e0 l'int\u00e9rieur, valve et robinet v\u00e9rifi\u00e9s, et remplies avec du gaz neuf.\">These cylinders are <span style=\"color: #ff0000;\">RECONDITIONED <\/span>(they are not new). Valves the taps were checked and reclaimed inside and filled with new gas. <\/span><span title=\"Ext\u00e9rieurement elles peuvent presenter des signes d'usure.\">Externally they may show signs of wear\/scratches.<\/span><\/span><\/span><\/span><\/span><\/span><\/span><\/strong><\/li>\n<\/ul>\n<p><span lang=\"fr\" xml:lang=\"fr\"><strong><br \/>\n<span class=\"hps\">PRICE INCLUDING CYLINDER WHICH WILL REMAIN YOUR PROPERTY-<\/span><br \/>\n<\/strong><\/span><span style=\"color: #ff0000; font-size: 20px;\"><strong>GWP[2141]<\/strong><br \/>\n<\/span><\/p>\n<h4 style=\"text-align: center;\"><\/h4>\n","protected":false},"featured_media":84311,"template":"","meta":[],"product_cat":[176,178,209],"product_tag":[],"acf":{"ai_note":""},"yoast_head":"<!-- This site is optimized with the Yoast SEO plugin v20.2 - https:\/\/yoast.com\/wordpress\/plugins\/seo\/ -->\n<title>Refrigerant Gas R452A with 10 kg in cylinder RECONDITIONED valve 1\/4 SAE | Refrigerant Boys<\/title>\n<meta name=\"description\" content=\"Refrigerant gas R452A in refillable cylinder RECONDITIONED 10 kg approved T-PED \/ EN 13322-1 Valve 1\/4&quot; SAE UN 1078    These cylinders are RECONDITIONED (they are not new). Valves the taps were checked and reclaimed inside and filled with new gas. Externally they may show signs of wear\/scratches.   PRICE INCLUDING CYLINDER WHICH WILL REMAIN YOUR PROPERTY- GWP\" \/>\n<meta name=\"robots\" content=\"index, follow, max-snippet:-1, max-image-preview:large, max-video-preview:-1\" \/>\n<link rel=\"canonical\" href=\"https:\/\/dev.refrigerantboys.com\/en\/buy\/refrigerant-fluids\/r404a\/gas-refrigerant-r452a-with-10-kg-in-bottle-reconditioned-valve-1-4-sae\/\" \/>\n<meta property=\"og:locale\" content=\"en_US\" \/>\n<meta property=\"og:type\" content=\"article\" \/>\n<meta property=\"og:title\" content=\"Refrigerant Gas R452A with 10 kg in cylinder RECONDITIONED valve 1\/4 SAE | Refrigerant Boys\" \/>\n<meta property=\"og:description\" content=\"Refrigerant gas R452A in refillable cylinder RECONDITIONED 10 kg approved T-PED \/ EN 13322-1 Valve 1\/4&quot; SAE UN 1078    These cylinders are RECONDITIONED (they are not new). Valves the taps were checked and reclaimed inside and filled with new gas. Externally they may show signs of wear\/scratches.   PRICE INCLUDING CYLINDER WHICH WILL REMAIN YOUR PROPERTY- GWP\" \/>\n<meta property=\"og:url\" content=\"https:\/\/dev.refrigerantboys.com\/en\/buy\/refrigerant-fluids\/r404a\/gas-refrigerant-r452a-with-10-kg-in-bottle-reconditioned-valve-1-4-sae\/\" \/>\n<meta property=\"og:site_name\" content=\"Refrigerant Boys\" \/>\n<meta property=\"article:modified_time\" content=\"2025-07-07T10:06:24+00:00\" \/>\n<meta property=\"og:image\" content=\"https:\/\/dev.refrigerantboys.com\/wp-content\/uploads\/2024\/11\/R452A-10-kg-usata.png\" \/>\n\t<meta property=\"og:image:width\" content=\"367\" \/>\n\t<meta property=\"og:image:height\" content=\"720\" \/>\n\t<meta property=\"og:image:type\" content=\"image\/png\" \/>\n<meta name=\"twitter:card\" content=\"summary_large_image\" \/>\n<meta name=\"twitter:label1\" content=\"Est. reading time\" \/>\n\t<meta name=\"twitter:data1\" content=\"1 minute\" \/>\n<script type=\"application\/ld+json\" class=\"yoast-schema-graph\">{\"@context\":\"https:\/\/schema.org\",\"@graph\":[{\"@type\":\"WebPage\",\"@id\":\"https:\/\/dev.refrigerantboys.com\/en\/buy\/refrigerant-fluids\/r404a\/gas-refrigerant-r452a-with-10-kg-in-bottle-reconditioned-valve-1-4-sae\/\",\"url\":\"https:\/\/dev.refrigerantboys.com\/en\/buy\/refrigerant-fluids\/r404a\/gas-refrigerant-r452a-with-10-kg-in-bottle-reconditioned-valve-1-4-sae\/\",\"name\":\"Refrigerant Gas R452A with 10 kg in cylinder RECONDITIONED valve 1\/4 SAE | Refrigerant Boys\",\"isPartOf\":{\"@id\":\"https:\/\/dev.refrigerantboys.com\/en\/#website\"},\"datePublished\":\"2024-11-12T10:59:42+00:00\",\"dateModified\":\"2025-07-07T10:06:24+00:00\",\"description\":\"Refrigerant gas R452A in refillable cylinder RECONDITIONED 10 kg approved T-PED \/ EN 13322-1 Valve 1\/4\\\" SAE UN 1078 These cylinders are RECONDITIONED (they are not new). Valves the taps were checked and reclaimed inside and filled with new gas. Externally they may show signs of wear\/scratches. PRICE INCLUDING CYLINDER WHICH WILL REMAIN YOUR PROPERTY- GWP\",\"breadcrumb\":{\"@id\":\"https:\/\/dev.refrigerantboys.com\/en\/buy\/refrigerant-fluids\/r404a\/gas-refrigerant-r452a-with-10-kg-in-bottle-reconditioned-valve-1-4-sae\/#breadcrumb\"},\"inLanguage\":\"en-US\",\"potentialAction\":[{\"@type\":\"ReadAction\",\"target\":[\"https:\/\/dev.refrigerantboys.com\/en\/buy\/refrigerant-fluids\/r404a\/gas-refrigerant-r452a-with-10-kg-in-bottle-reconditioned-valve-1-4-sae\/\"]}]},{\"@type\":\"BreadcrumbList\",\"@id\":\"https:\/\/dev.refrigerantboys.com\/en\/buy\/refrigerant-fluids\/r404a\/gas-refrigerant-r452a-with-10-kg-in-bottle-reconditioned-valve-1-4-sae\/#breadcrumb\",\"itemListElement\":[{\"@type\":\"ListItem\",\"position\":1,\"name\":\"Home\",\"item\":\"https:\/\/dev.refrigerantboys.com\/en\/\"},{\"@type\":\"ListItem\",\"position\":2,\"name\":\"Shop\",\"item\":\"https:\/\/dev.refrigerantboys.com\/en\/store\/\"},{\"@type\":\"ListItem\",\"position\":3,\"name\":\"Refrigerant Gas R452A with 10 kg in cylinder RECONDITIONED valve 1\/4 SAE\"}]},{\"@type\":\"WebSite\",\"@id\":\"https:\/\/dev.refrigerantboys.com\/en\/#website\",\"url\":\"https:\/\/dev.refrigerantboys.com\/en\/\",\"name\":\"Refrigerant Boys\",\"description\":\"Vendita gas refrigeranti\",\"potentialAction\":[{\"@type\":\"SearchAction\",\"target\":{\"@type\":\"EntryPoint\",\"urlTemplate\":\"https:\/\/dev.refrigerantboys.com\/en\/?s={search_term_string}\"},\"query-input\":\"required name=search_term_string\"}],\"inLanguage\":\"en-US\"}]}<\/script>\n<!-- \/ Yoast SEO plugin. -->","yoast_head_json":{"title":"Refrigerant Gas R452A with 10 kg in cylinder RECONDITIONED valve 1\/4 SAE | Refrigerant Boys","description":"Refrigerant gas R452A in refillable cylinder RECONDITIONED 10 kg approved T-PED \/ EN 13322-1 Valve 1\/4\" SAE UN 1078    These cylinders are RECONDITIONED (they are not new). Valves the taps were checked and reclaimed inside and filled with new gas. Externally they may show signs of wear\/scratches.   PRICE INCLUDING CYLINDER WHICH WILL REMAIN YOUR PROPERTY- GWP","robots":{"index":"index","follow":"follow","max-snippet":"max-snippet:-1","max-image-preview":"max-image-preview:large","max-video-preview":"max-video-preview:-1"},"canonical":"https:\/\/dev.refrigerantboys.com\/en\/buy\/refrigerant-fluids\/r404a\/gas-refrigerant-r452a-with-10-kg-in-bottle-reconditioned-valve-1-4-sae\/","og_locale":"en_US","og_type":"article","og_title":"Refrigerant Gas R452A with 10 kg in cylinder RECONDITIONED valve 1\/4 SAE | Refrigerant Boys","og_description":"Refrigerant gas R452A in refillable cylinder RECONDITIONED 10 kg approved T-PED \/ EN 13322-1 Valve 1\/4\" SAE UN 1078    These cylinders are RECONDITIONED (they are not new). Valves the taps were checked and reclaimed inside and filled with new gas. Externally they may show signs of wear\/scratches.   PRICE INCLUDING CYLINDER WHICH WILL REMAIN YOUR PROPERTY- GWP","og_url":"https:\/\/dev.refrigerantboys.com\/en\/buy\/refrigerant-fluids\/r404a\/gas-refrigerant-r452a-with-10-kg-in-bottle-reconditioned-valve-1-4-sae\/","og_site_name":"Refrigerant Boys","article_modified_time":"2025-07-07T10:06:24+00:00","og_image":[{"width":367,"height":720,"url":"https:\/\/dev.refrigerantboys.com\/wp-content\/uploads\/2024\/11\/R452A-10-kg-usata.png","type":"image\/png"}],"twitter_card":"summary_large_image","twitter_misc":{"Est. reading time":"1 minute"},"schema":{"@context":"https:\/\/schema.org","@graph":[{"@type":"WebPage","@id":"https:\/\/dev.refrigerantboys.com\/en\/buy\/refrigerant-fluids\/r404a\/gas-refrigerant-r452a-with-10-kg-in-bottle-reconditioned-valve-1-4-sae\/","url":"https:\/\/dev.refrigerantboys.com\/en\/buy\/refrigerant-fluids\/r404a\/gas-refrigerant-r452a-with-10-kg-in-bottle-reconditioned-valve-1-4-sae\/","name":"Refrigerant Gas R452A with 10 kg in cylinder RECONDITIONED valve 1\/4 SAE | Refrigerant Boys","isPartOf":{"@id":"https:\/\/dev.refrigerantboys.com\/en\/#website"},"datePublished":"2024-11-12T10:59:42+00:00","dateModified":"2025-07-07T10:06:24+00:00","description":"Refrigerant gas R452A in refillable cylinder RECONDITIONED 10 kg approved T-PED \/ EN 13322-1 Valve 1\/4\" SAE UN 1078 These cylinders are RECONDITIONED (they are not new). Valves the taps were checked and reclaimed inside and filled with new gas. Externally they may show signs of wear\/scratches. PRICE INCLUDING CYLINDER WHICH WILL REMAIN YOUR PROPERTY- GWP","breadcrumb":{"@id":"https:\/\/dev.refrigerantboys.com\/en\/buy\/refrigerant-fluids\/r404a\/gas-refrigerant-r452a-with-10-kg-in-bottle-reconditioned-valve-1-4-sae\/#breadcrumb"},"inLanguage":"en-US","potentialAction":[{"@type":"ReadAction","target":["https:\/\/dev.refrigerantboys.com\/en\/buy\/refrigerant-fluids\/r404a\/gas-refrigerant-r452a-with-10-kg-in-bottle-reconditioned-valve-1-4-sae\/"]}]},{"@type":"BreadcrumbList","@id":"https:\/\/dev.refrigerantboys.com\/en\/buy\/refrigerant-fluids\/r404a\/gas-refrigerant-r452a-with-10-kg-in-bottle-reconditioned-valve-1-4-sae\/#breadcrumb","itemListElement":[{"@type":"ListItem","position":1,"name":"Home","item":"https:\/\/dev.refrigerantboys.com\/en\/"},{"@type":"ListItem","position":2,"name":"Shop","item":"https:\/\/dev.refrigerantboys.com\/en\/store\/"},{"@type":"ListItem","position":3,"name":"Refrigerant Gas R452A with 10 kg in cylinder RECONDITIONED valve 1\/4 SAE"}]},{"@type":"WebSite","@id":"https:\/\/dev.refrigerantboys.com\/en\/#website","url":"https:\/\/dev.refrigerantboys.com\/en\/","name":"Refrigerant Boys","description":"Vendita gas refrigeranti","potentialAction":[{"@type":"SearchAction","target":{"@type":"EntryPoint","urlTemplate":"https:\/\/dev.refrigerantboys.com\/en\/?s={search_term_string}"},"query-input":"required name=search_term_string"}],"inLanguage":"en-US"}]}},"_links":{"self":[{"href":"https:\/\/dev.refrigerantboys.com\/en\/wp-json\/wp\/v2\/product\/84307"}],"collection":[{"href":"https:\/\/dev.refrigerantboys.com\/en\/wp-json\/wp\/v2\/product"}],"about":[{"href":"https:\/\/dev.refrigerantboys.com\/en\/wp-json\/wp\/v2\/types\/product"}],"wp:featuredmedia":[{"embeddable":true,"href":"https:\/\/dev.refrigerantboys.com\/en\/wp-json\/wp\/v2\/media\/84311"}],"wp:attachment":[{"href":"https:\/\/dev.refrigerantboys.com\/en\/wp-json\/wp\/v2\/media?parent=84307"}],"wp:term":[{"taxonomy":"product_cat","embeddable":true,"href":"https:\/\/dev.refrigerantboys.com\/en\/wp-json\/wp\/v2\/product_cat?post=84307"},{"taxonomy":"product_tag","embeddable":true,"href":"https:\/\/dev.refrigerantboys.com\/en\/wp-json\/wp\/v2\/product_tag?post=84307"}],"curies":[{"name":"wp","href":"https:\/\/api.w.org\/{rel}","templated":true}]}}