{"id":77062,"date":"2024-03-19T11:26:44","date_gmt":"2024-03-19T10:26:45","guid":{"rendered":"https:\/\/dev.refrigerantboys.com\/?post_type=product&#038;p=77062"},"modified":"2025-11-03T19:04:59","modified_gmt":"2025-11-03T18:04:59","slug":"bombola-ricondizionata-gas-r32-9-kg-valvola-w217x1-14-sx","status":"publish","type":"product","link":"https:\/\/dev.refrigerantboys.com\/en\/buy\/refrigerant-fluids\/r32\/bombola-ricondizionata-gas-r32-9-kg-valvola-w217x1-14-sx\/","title":{"rendered":"Gas R32 in clylinder RECONDITIONED 9 kg Valve W21.7\u00d71\/14 SX"},"content":{"rendered":"<p><span style=\"font-weight: 400;\">If you are looking for an R32 gas cylinder with a capacity of 9 kg, you are in the right place! Refrigerant Boys offers a wide range of high-quality refrigerants to meet your needs. Our 9 kg R32 gas cylinder is ideal for use in air conditioning systems and heat pumps, offering superior energy efficiency and reduced environmental impact. We understand the importance of having reliable products that comply with current regulations, so you can count on our R32 gas cylinder to ensure optimal performance and maximum safety. Buy your 9 kg R32 gas cylinder from Refrigerant Boys today and find out why we are the preferred choice of industry professionals.<\/span><\/p>\n<p><strong>Applications:<\/strong><\/p>\n<ul>\n<li>R32 has equivalent performance and energy efficiency compared to R410A.<\/li>\n<li>Significantly lower GWP (Global Warming Potential) compared to R410A.<\/li>\n<li>Does not require replacement of components, lubricants and seals.<\/li>\n<\/ul>\n<p><span style=\"color: #ff0000;\">R32 can only be used in new systems designed to work with mildly flammable gases (class A2L)<\/span><\/p>\n<p><span style=\"color: #ff0000;\">R32 cannot be used as a retrofit product for systems designed to work with R410A; R410A systems are not designed to work with mildly flammable gases, therefore with the risk of damaging the compressor.<\/span><\/p>\n","protected":false},"excerpt":{"rendered":"<p><strong>Cylinder refillable that is T-PED \/ EN 13322-1 certified<span style=\"color: #282828;\"><span style=\"color: #ff0000;\"> RECONDITIONED<\/span><\/span> R32 9-kg. Created as an alternative to R410A gas. Used by major air conditioner manufacturers. Low environmental impact UN 3252. <span style=\"color: #ff0000;\">Valve 21.7\u2033 x 1\/14 LEFT<\/span><\/strong><\/p>\n<ul>\n<li><strong><span lang=\"en\"><span title=\"Il est possibile seulement le paiement en esp\u00e8ces et en ayant avertit quelques jours avant du mat\u00e9riel que vous avez besoin.\"><span title=\"Le petites quantit\u00e9s sont envoy\u00e9es dans des boites robustes (colis anonymes), les grandes quantit\u00e9s sont g\u00e9n\u00e9ralement envoy\u00e9es sur EURO-PALLET.\"><span title=\"Pour le moment nous avons une Assistance efficace par e-mail, qui garantie des r\u00e9ponses esaustive en quelques heures ouvrables. \"><span title=\"Nous demandons le paiement d\u00e8s que vos bouteilles sont remplies et pr\u00eates pour l'exp\u00e9dition de retour.\"><span id=\"result_box\" lang=\"en\"><span title=\"Ces bouteilles ont \u00e9t\u00e9 nettoy\u00e9es \u00e0 l'int\u00e9rieur, valve et robinet v\u00e9rifi\u00e9s, et remplies avec du gaz neuf.\">These cylinders are <span style=\"color: #ff0000;\">RECONDITIONED <\/span>(they are not new). Valves the taps were checked and reclaimed inside and filled with new gas. <\/span><span title=\"Ext\u00e9rieurement elles peuvent presenter des signes d'usure.\">Externally they may show signs of wear\/scratches.<\/span><\/span><\/span><\/span><\/span><\/span><\/span><\/strong><\/li>\n<\/ul>\n<p><strong><br \/>\n<span class=\"hps\">PRICE INCLUDING CYLINDER WHICH WILL REMAIN YOUR PROPERTY <\/span><\/strong><strong><span class=\"hps\"><a href=\"https:\/\/dev.refrigerantboys.com\/en\/refrigerant-gas-refill-for-cylinders\/\">CYLINDER REFILLING<\/a><br \/>\n<\/span><br \/>\n<\/strong><\/p>\n<pre><span style=\"color: #ff0000; font-size: 20px;\"><strong>GWP[675]<\/strong><\/span><\/pre>\n","protected":false},"featured_media":77074,"template":"","meta":[],"product_cat":[153,209],"product_tag":[],"acf":{"ai_note":""},"yoast_head":"<!-- This site is optimized with the Yoast SEO plugin v20.2 - https:\/\/yoast.com\/wordpress\/plugins\/seo\/ -->\n<title>Gas R32 in clylinder RECONDITIONED 9 kg Valve W21.7\u00d71\/14 SX | Refrigerant Boys<\/title>\n<meta name=\"description\" content=\"If you are looking for an R32 gas cylinder with a capacity of 9 kg, you are in the right place! Refrigerant Boys offers a wide range of high-quality refrigerants to meet your needs.\" \/>\n<meta name=\"robots\" content=\"index, follow, max-snippet:-1, max-image-preview:large, max-video-preview:-1\" \/>\n<link rel=\"canonical\" href=\"https:\/\/dev.refrigerantboys.com\/en\/buy\/refrigerant-fluids\/r32\/bombola-ricondizionata-gas-r32-9-kg-valvola-w217x1-14-sx\/\" \/>\n<meta property=\"og:locale\" content=\"en_US\" \/>\n<meta property=\"og:type\" content=\"article\" \/>\n<meta property=\"og:title\" content=\"Gas R32 in clylinder RECONDITIONED 9 kg Valve W21.7\u00d71\/14 SX | Refrigerant Boys\" \/>\n<meta property=\"og:description\" content=\"If you are looking for an R32 gas cylinder with a capacity of 9 kg, you are in the right place! Refrigerant Boys offers a wide range of high-quality refrigerants to meet your needs.\" \/>\n<meta property=\"og:url\" content=\"https:\/\/dev.refrigerantboys.com\/en\/buy\/refrigerant-fluids\/r32\/bombola-ricondizionata-gas-r32-9-kg-valvola-w217x1-14-sx\/\" \/>\n<meta property=\"og:site_name\" content=\"Refrigerant Boys\" \/>\n<meta property=\"article:modified_time\" content=\"2025-11-03T18:04:59+00:00\" \/>\n<meta property=\"og:image\" content=\"https:\/\/dev.refrigerantboys.com\/wp-content\/uploads\/2024\/03\/BB32K9U-1.png\" \/>\n\t<meta property=\"og:image:width\" content=\"330\" \/>\n\t<meta property=\"og:image:height\" content=\"664\" \/>\n\t<meta property=\"og:image:type\" content=\"image\/png\" \/>\n<meta name=\"twitter:card\" content=\"summary_large_image\" \/>\n<meta name=\"twitter:label1\" content=\"Est. reading time\" \/>\n\t<meta name=\"twitter:data1\" content=\"2 minutes\" \/>\n<script type=\"application\/ld+json\" class=\"yoast-schema-graph\">{\"@context\":\"https:\/\/schema.org\",\"@graph\":[{\"@type\":\"WebPage\",\"@id\":\"https:\/\/dev.refrigerantboys.com\/en\/buy\/refrigerant-fluids\/r32\/bombola-ricondizionata-gas-r32-9-kg-valvola-w217x1-14-sx\/\",\"url\":\"https:\/\/dev.refrigerantboys.com\/en\/buy\/refrigerant-fluids\/r32\/bombola-ricondizionata-gas-r32-9-kg-valvola-w217x1-14-sx\/\",\"name\":\"Gas R32 in clylinder RECONDITIONED 9 kg Valve W21.7\u00d71\/14 SX | Refrigerant Boys\",\"isPartOf\":{\"@id\":\"https:\/\/dev.refrigerantboys.com\/en\/#website\"},\"datePublished\":\"2024-03-19T10:26:45+00:00\",\"dateModified\":\"2025-11-03T18:04:59+00:00\",\"description\":\"If you are looking for an R32 gas cylinder with a capacity of 9 kg, you are in the right place! Refrigerant Boys offers a wide range of high-quality refrigerants to meet your needs.\",\"breadcrumb\":{\"@id\":\"https:\/\/dev.refrigerantboys.com\/en\/buy\/refrigerant-fluids\/r32\/bombola-ricondizionata-gas-r32-9-kg-valvola-w217x1-14-sx\/#breadcrumb\"},\"inLanguage\":\"en-US\",\"potentialAction\":[{\"@type\":\"ReadAction\",\"target\":[\"https:\/\/dev.refrigerantboys.com\/en\/buy\/refrigerant-fluids\/r32\/bombola-ricondizionata-gas-r32-9-kg-valvola-w217x1-14-sx\/\"]}]},{\"@type\":\"BreadcrumbList\",\"@id\":\"https:\/\/dev.refrigerantboys.com\/en\/buy\/refrigerant-fluids\/r32\/bombola-ricondizionata-gas-r32-9-kg-valvola-w217x1-14-sx\/#breadcrumb\",\"itemListElement\":[{\"@type\":\"ListItem\",\"position\":1,\"name\":\"Home\",\"item\":\"https:\/\/dev.refrigerantboys.com\/en\/\"},{\"@type\":\"ListItem\",\"position\":2,\"name\":\"Shop\",\"item\":\"https:\/\/dev.refrigerantboys.com\/en\/store\/\"},{\"@type\":\"ListItem\",\"position\":3,\"name\":\"Gas R32 in clylinder RECONDITIONED 9 kg Valve W21.7\u00d71\/14 SX\"}]},{\"@type\":\"WebSite\",\"@id\":\"https:\/\/dev.refrigerantboys.com\/en\/#website\",\"url\":\"https:\/\/dev.refrigerantboys.com\/en\/\",\"name\":\"Refrigerant Boys\",\"description\":\"Vendita gas refrigeranti\",\"potentialAction\":[{\"@type\":\"SearchAction\",\"target\":{\"@type\":\"EntryPoint\",\"urlTemplate\":\"https:\/\/dev.refrigerantboys.com\/en\/?s={search_term_string}\"},\"query-input\":\"required name=search_term_string\"}],\"inLanguage\":\"en-US\"}]}<\/script>\n<!-- \/ Yoast SEO plugin. -->","yoast_head_json":{"title":"Gas R32 in clylinder RECONDITIONED 9 kg Valve W21.7\u00d71\/14 SX | Refrigerant Boys","description":"If you are looking for an R32 gas cylinder with a capacity of 9 kg, you are in the right place! Refrigerant Boys offers a wide range of high-quality refrigerants to meet your needs.","robots":{"index":"index","follow":"follow","max-snippet":"max-snippet:-1","max-image-preview":"max-image-preview:large","max-video-preview":"max-video-preview:-1"},"canonical":"https:\/\/dev.refrigerantboys.com\/en\/buy\/refrigerant-fluids\/r32\/bombola-ricondizionata-gas-r32-9-kg-valvola-w217x1-14-sx\/","og_locale":"en_US","og_type":"article","og_title":"Gas R32 in clylinder RECONDITIONED 9 kg Valve W21.7\u00d71\/14 SX | Refrigerant Boys","og_description":"If you are looking for an R32 gas cylinder with a capacity of 9 kg, you are in the right place! Refrigerant Boys offers a wide range of high-quality refrigerants to meet your needs.","og_url":"https:\/\/dev.refrigerantboys.com\/en\/buy\/refrigerant-fluids\/r32\/bombola-ricondizionata-gas-r32-9-kg-valvola-w217x1-14-sx\/","og_site_name":"Refrigerant Boys","article_modified_time":"2025-11-03T18:04:59+00:00","og_image":[{"width":330,"height":664,"url":"https:\/\/dev.refrigerantboys.com\/wp-content\/uploads\/2024\/03\/BB32K9U-1.png","type":"image\/png"}],"twitter_card":"summary_large_image","twitter_misc":{"Est. reading time":"2 minutes"},"schema":{"@context":"https:\/\/schema.org","@graph":[{"@type":"WebPage","@id":"https:\/\/dev.refrigerantboys.com\/en\/buy\/refrigerant-fluids\/r32\/bombola-ricondizionata-gas-r32-9-kg-valvola-w217x1-14-sx\/","url":"https:\/\/dev.refrigerantboys.com\/en\/buy\/refrigerant-fluids\/r32\/bombola-ricondizionata-gas-r32-9-kg-valvola-w217x1-14-sx\/","name":"Gas R32 in clylinder RECONDITIONED 9 kg Valve W21.7\u00d71\/14 SX | Refrigerant Boys","isPartOf":{"@id":"https:\/\/dev.refrigerantboys.com\/en\/#website"},"datePublished":"2024-03-19T10:26:45+00:00","dateModified":"2025-11-03T18:04:59+00:00","description":"If you are looking for an R32 gas cylinder with a capacity of 9 kg, you are in the right place! Refrigerant Boys offers a wide range of high-quality refrigerants to meet your needs.","breadcrumb":{"@id":"https:\/\/dev.refrigerantboys.com\/en\/buy\/refrigerant-fluids\/r32\/bombola-ricondizionata-gas-r32-9-kg-valvola-w217x1-14-sx\/#breadcrumb"},"inLanguage":"en-US","potentialAction":[{"@type":"ReadAction","target":["https:\/\/dev.refrigerantboys.com\/en\/buy\/refrigerant-fluids\/r32\/bombola-ricondizionata-gas-r32-9-kg-valvola-w217x1-14-sx\/"]}]},{"@type":"BreadcrumbList","@id":"https:\/\/dev.refrigerantboys.com\/en\/buy\/refrigerant-fluids\/r32\/bombola-ricondizionata-gas-r32-9-kg-valvola-w217x1-14-sx\/#breadcrumb","itemListElement":[{"@type":"ListItem","position":1,"name":"Home","item":"https:\/\/dev.refrigerantboys.com\/en\/"},{"@type":"ListItem","position":2,"name":"Shop","item":"https:\/\/dev.refrigerantboys.com\/en\/store\/"},{"@type":"ListItem","position":3,"name":"Gas R32 in clylinder RECONDITIONED 9 kg Valve W21.7\u00d71\/14 SX"}]},{"@type":"WebSite","@id":"https:\/\/dev.refrigerantboys.com\/en\/#website","url":"https:\/\/dev.refrigerantboys.com\/en\/","name":"Refrigerant Boys","description":"Vendita gas refrigeranti","potentialAction":[{"@type":"SearchAction","target":{"@type":"EntryPoint","urlTemplate":"https:\/\/dev.refrigerantboys.com\/en\/?s={search_term_string}"},"query-input":"required name=search_term_string"}],"inLanguage":"en-US"}]}},"_links":{"self":[{"href":"https:\/\/dev.refrigerantboys.com\/en\/wp-json\/wp\/v2\/product\/77062"}],"collection":[{"href":"https:\/\/dev.refrigerantboys.com\/en\/wp-json\/wp\/v2\/product"}],"about":[{"href":"https:\/\/dev.refrigerantboys.com\/en\/wp-json\/wp\/v2\/types\/product"}],"wp:featuredmedia":[{"embeddable":true,"href":"https:\/\/dev.refrigerantboys.com\/en\/wp-json\/wp\/v2\/media\/77074"}],"wp:attachment":[{"href":"https:\/\/dev.refrigerantboys.com\/en\/wp-json\/wp\/v2\/media?parent=77062"}],"wp:term":[{"taxonomy":"product_cat","embeddable":true,"href":"https:\/\/dev.refrigerantboys.com\/en\/wp-json\/wp\/v2\/product_cat?post=77062"},{"taxonomy":"product_tag","embeddable":true,"href":"https:\/\/dev.refrigerantboys.com\/en\/wp-json\/wp\/v2\/product_tag?post=77062"}],"curies":[{"name":"wp","href":"https:\/\/api.w.org\/{rel}","templated":true}]}}