{"id":52237,"date":"2022-02-24T15:27:44","date_gmt":"2022-02-24T14:27:45","guid":{"rendered":"https:\/\/dev.refrigerantboys.com\/?post_type=product&#038;p=52237"},"modified":"2025-10-24T08:29:21","modified_gmt":"2025-10-24T06:29:21","slug":"gas-coolant-r134a-in-bottle-refrigerant-with-12-kg-valve-1-4","status":"publish","type":"product","link":"https:\/\/dev.refrigerantboys.com\/en\/buy\/refrigerant-fluids\/r134a\/gas-coolant-r134a-in-bottle-refrigerant-with-12-kg-valve-1-4\/","title":{"rendered":"Refrigerant Gas R134a in cylinder RECONDITIONED with 12 kg valve 1\/4"},"content":{"rendered":"<p>If you are looking for an R134a gas cylinder with a capacity of 12 kg, you are in the right place! Refrigerant Boys offers a wide range of high-quality refrigerants to meet your needs. Our 12 kg R134a gas cylinder is ideal for use in residential and commercial refrigeration and automotive systems, offering similar energy efficiency to older HCFC. We understand the importance of having reliable products that comply with current regulations, so you can count on our R134a gas cylinder to provide optimal performance and maximum safety. Buy your 12-pound R134a gas cylinder from Refrigerant Boys today and find out why we are the preferred choice of industry professionals.<\/p>\n","protected":false},"excerpt":{"rendered":"<p><span style=\"color: #282828;\"><strong>RECONDITIONED refillable cylinder<span id=\"result_box\" lang=\"en\"> <\/span>R134a 12 kg T-PED \/ EN 13322-1 Valve 1\/4&#8243; SAE UN 3159<\/strong><\/span><\/p>\n<ul>\n<li><strong><span lang=\"en\"><span title=\"Il est possibile seulement le paiement en esp\u00e8ces et en ayant avertit quelques jours avant du mat\u00e9riel que vous avez besoin.\"><span title=\"Le petites quantit\u00e9s sont envoy\u00e9es dans des boites robustes (colis anonymes), les grandes quantit\u00e9s sont g\u00e9n\u00e9ralement envoy\u00e9es sur EURO-PALLET.\"><span title=\"Pour le moment nous avons une Assistance efficace par e-mail, qui garantie des r\u00e9ponses esaustive en quelques heures ouvrables. \"><span title=\"Nous demandons le paiement d\u00e8s que vos bouteilles sont remplies et pr\u00eates pour l'exp\u00e9dition de retour.\"><span id=\"result_box\" lang=\"en\"><span title=\"Ces bouteilles ont \u00e9t\u00e9 nettoy\u00e9es \u00e0 l'int\u00e9rieur, valve et robinet v\u00e9rifi\u00e9s, et remplies avec du gaz neuf.\">These cylinders are <span style=\"color: #ff0000;\">RECONDITIONED <\/span>(they are not new). Valves the taps were checked and reclaimed inside and filled with new gas. <\/span><span title=\"Ext\u00e9rieurement elles peuvent presenter des signes d'usure.\">Externally they may show signs of wear\/scratches.<\/span><\/span><\/span><\/span><\/span><\/span><\/span><\/strong><\/li>\n<\/ul>\n<p><strong><span class=\"hps\">PRICE INCLUDING CYLINDER WHICH WILL REMAIN YOUR PROPERTY <a href=\"https:\/\/dev.refrigerantboys.com\/en\/refrigerant-gas-refill-for-cylinders\/\">REFILL CYLINDERS<\/a><\/span><\/strong><\/p>\n<pre><span style=\"color: #ff0000; font-size: 20px;\"><strong>GWP[1430]<\/strong><\/span><\/pre>\n","protected":false},"featured_media":68696,"template":"","meta":[],"product_cat":[143,209],"product_tag":[],"acf":{"ai_note":""},"yoast_head":"<!-- This site is optimized with the Yoast SEO plugin v20.2 - https:\/\/yoast.com\/wordpress\/plugins\/seo\/ -->\n<title>Refrigerant Gas R134a in cylinder RECONDITIONED with 12 kg valve 1\/4 | Refrigerant Boys<\/title>\n<meta name=\"description\" content=\"RECONDITIONED refillable cylinder R134a 12 kg T-PED \/ EN 13322-1 Valve 1\/4&quot; SAE UN 3159   These cylinders are RECONDITIONED (they are not new). Valves the taps were checked and reclaimed inside and filled with new gas. Externally they may show signs of wear\/scratches.  PRICE INCLUDING CYLINDER WHICH WILL REMAIN YOUR PROPERTY REFILL CYLINDERS GWP\" \/>\n<meta name=\"robots\" content=\"index, follow, max-snippet:-1, max-image-preview:large, max-video-preview:-1\" \/>\n<link rel=\"canonical\" href=\"https:\/\/dev.refrigerantboys.com\/en\/buy\/refrigerant-fluids\/r134a\/gas-coolant-r134a-in-bottle-refrigerant-with-12-kg-valve-1-4\/\" \/>\n<meta property=\"og:locale\" content=\"en_US\" \/>\n<meta property=\"og:type\" content=\"article\" \/>\n<meta property=\"og:title\" content=\"Refrigerant Gas R134a in cylinder RECONDITIONED with 12 kg valve 1\/4 | Refrigerant Boys\" \/>\n<meta property=\"og:description\" content=\"RECONDITIONED refillable cylinder R134a 12 kg T-PED \/ EN 13322-1 Valve 1\/4&quot; SAE UN 3159   These cylinders are RECONDITIONED (they are not new). Valves the taps were checked and reclaimed inside and filled with new gas. Externally they may show signs of wear\/scratches.  PRICE INCLUDING CYLINDER WHICH WILL REMAIN YOUR PROPERTY REFILL CYLINDERS GWP\" \/>\n<meta property=\"og:url\" content=\"https:\/\/dev.refrigerantboys.com\/en\/buy\/refrigerant-fluids\/r134a\/gas-coolant-r134a-in-bottle-refrigerant-with-12-kg-valve-1-4\/\" \/>\n<meta property=\"og:site_name\" content=\"Refrigerant Boys\" \/>\n<meta property=\"article:modified_time\" content=\"2025-10-24T06:29:21+00:00\" \/>\n<meta property=\"og:image\" content=\"https:\/\/dev.refrigerantboys.com\/wp-content\/uploads\/2022\/02\/r134a-12kgu-300x590-1.png\" \/>\n\t<meta property=\"og:image:width\" content=\"382\" \/>\n\t<meta property=\"og:image:height\" content=\"642\" \/>\n\t<meta property=\"og:image:type\" content=\"image\/png\" \/>\n<meta name=\"twitter:card\" content=\"summary_large_image\" \/>\n<meta name=\"twitter:label1\" content=\"Est. reading time\" \/>\n\t<meta name=\"twitter:data1\" content=\"1 minute\" \/>\n<script type=\"application\/ld+json\" class=\"yoast-schema-graph\">{\"@context\":\"https:\/\/schema.org\",\"@graph\":[{\"@type\":\"WebPage\",\"@id\":\"https:\/\/dev.refrigerantboys.com\/en\/buy\/refrigerant-fluids\/r134a\/gas-coolant-r134a-in-bottle-refrigerant-with-12-kg-valve-1-4\/\",\"url\":\"https:\/\/dev.refrigerantboys.com\/en\/buy\/refrigerant-fluids\/r134a\/gas-coolant-r134a-in-bottle-refrigerant-with-12-kg-valve-1-4\/\",\"name\":\"Refrigerant Gas R134a in cylinder RECONDITIONED with 12 kg valve 1\/4 | Refrigerant Boys\",\"isPartOf\":{\"@id\":\"https:\/\/dev.refrigerantboys.com\/en\/#website\"},\"datePublished\":\"2022-02-24T14:27:45+00:00\",\"dateModified\":\"2025-10-24T06:29:21+00:00\",\"description\":\"RECONDITIONED refillable cylinder R134a 12 kg T-PED \/ EN 13322-1 Valve 1\/4\\\" SAE UN 3159 These cylinders are RECONDITIONED (they are not new). Valves the taps were checked and reclaimed inside and filled with new gas. Externally they may show signs of wear\/scratches. PRICE INCLUDING CYLINDER WHICH WILL REMAIN YOUR PROPERTY REFILL CYLINDERS GWP\",\"breadcrumb\":{\"@id\":\"https:\/\/dev.refrigerantboys.com\/en\/buy\/refrigerant-fluids\/r134a\/gas-coolant-r134a-in-bottle-refrigerant-with-12-kg-valve-1-4\/#breadcrumb\"},\"inLanguage\":\"en-US\",\"potentialAction\":[{\"@type\":\"ReadAction\",\"target\":[\"https:\/\/dev.refrigerantboys.com\/en\/buy\/refrigerant-fluids\/r134a\/gas-coolant-r134a-in-bottle-refrigerant-with-12-kg-valve-1-4\/\"]}]},{\"@type\":\"BreadcrumbList\",\"@id\":\"https:\/\/dev.refrigerantboys.com\/en\/buy\/refrigerant-fluids\/r134a\/gas-coolant-r134a-in-bottle-refrigerant-with-12-kg-valve-1-4\/#breadcrumb\",\"itemListElement\":[{\"@type\":\"ListItem\",\"position\":1,\"name\":\"Home\",\"item\":\"https:\/\/dev.refrigerantboys.com\/en\/\"},{\"@type\":\"ListItem\",\"position\":2,\"name\":\"Shop\",\"item\":\"https:\/\/dev.refrigerantboys.com\/en\/store\/\"},{\"@type\":\"ListItem\",\"position\":3,\"name\":\"Refrigerant Gas R134a in cylinder RECONDITIONED with 12 kg valve 1\/4\"}]},{\"@type\":\"WebSite\",\"@id\":\"https:\/\/dev.refrigerantboys.com\/en\/#website\",\"url\":\"https:\/\/dev.refrigerantboys.com\/en\/\",\"name\":\"Refrigerant Boys\",\"description\":\"Vendita gas refrigeranti\",\"potentialAction\":[{\"@type\":\"SearchAction\",\"target\":{\"@type\":\"EntryPoint\",\"urlTemplate\":\"https:\/\/dev.refrigerantboys.com\/en\/?s={search_term_string}\"},\"query-input\":\"required name=search_term_string\"}],\"inLanguage\":\"en-US\"}]}<\/script>\n<!-- \/ Yoast SEO plugin. -->","yoast_head_json":{"title":"Refrigerant Gas R134a in cylinder RECONDITIONED with 12 kg valve 1\/4 | Refrigerant Boys","description":"RECONDITIONED refillable cylinder R134a 12 kg T-PED \/ EN 13322-1 Valve 1\/4\" SAE UN 3159   These cylinders are RECONDITIONED (they are not new). Valves the taps were checked and reclaimed inside and filled with new gas. Externally they may show signs of wear\/scratches.  PRICE INCLUDING CYLINDER WHICH WILL REMAIN YOUR PROPERTY REFILL CYLINDERS GWP","robots":{"index":"index","follow":"follow","max-snippet":"max-snippet:-1","max-image-preview":"max-image-preview:large","max-video-preview":"max-video-preview:-1"},"canonical":"https:\/\/dev.refrigerantboys.com\/en\/buy\/refrigerant-fluids\/r134a\/gas-coolant-r134a-in-bottle-refrigerant-with-12-kg-valve-1-4\/","og_locale":"en_US","og_type":"article","og_title":"Refrigerant Gas R134a in cylinder RECONDITIONED with 12 kg valve 1\/4 | Refrigerant Boys","og_description":"RECONDITIONED refillable cylinder R134a 12 kg T-PED \/ EN 13322-1 Valve 1\/4\" SAE UN 3159   These cylinders are RECONDITIONED (they are not new). Valves the taps were checked and reclaimed inside and filled with new gas. Externally they may show signs of wear\/scratches.  PRICE INCLUDING CYLINDER WHICH WILL REMAIN YOUR PROPERTY REFILL CYLINDERS GWP","og_url":"https:\/\/dev.refrigerantboys.com\/en\/buy\/refrigerant-fluids\/r134a\/gas-coolant-r134a-in-bottle-refrigerant-with-12-kg-valve-1-4\/","og_site_name":"Refrigerant Boys","article_modified_time":"2025-10-24T06:29:21+00:00","og_image":[{"width":382,"height":642,"url":"https:\/\/dev.refrigerantboys.com\/wp-content\/uploads\/2022\/02\/r134a-12kgu-300x590-1.png","type":"image\/png"}],"twitter_card":"summary_large_image","twitter_misc":{"Est. reading time":"1 minute"},"schema":{"@context":"https:\/\/schema.org","@graph":[{"@type":"WebPage","@id":"https:\/\/dev.refrigerantboys.com\/en\/buy\/refrigerant-fluids\/r134a\/gas-coolant-r134a-in-bottle-refrigerant-with-12-kg-valve-1-4\/","url":"https:\/\/dev.refrigerantboys.com\/en\/buy\/refrigerant-fluids\/r134a\/gas-coolant-r134a-in-bottle-refrigerant-with-12-kg-valve-1-4\/","name":"Refrigerant Gas R134a in cylinder RECONDITIONED with 12 kg valve 1\/4 | Refrigerant Boys","isPartOf":{"@id":"https:\/\/dev.refrigerantboys.com\/en\/#website"},"datePublished":"2022-02-24T14:27:45+00:00","dateModified":"2025-10-24T06:29:21+00:00","description":"RECONDITIONED refillable cylinder R134a 12 kg T-PED \/ EN 13322-1 Valve 1\/4\" SAE UN 3159 These cylinders are RECONDITIONED (they are not new). Valves the taps were checked and reclaimed inside and filled with new gas. Externally they may show signs of wear\/scratches. PRICE INCLUDING CYLINDER WHICH WILL REMAIN YOUR PROPERTY REFILL CYLINDERS GWP","breadcrumb":{"@id":"https:\/\/dev.refrigerantboys.com\/en\/buy\/refrigerant-fluids\/r134a\/gas-coolant-r134a-in-bottle-refrigerant-with-12-kg-valve-1-4\/#breadcrumb"},"inLanguage":"en-US","potentialAction":[{"@type":"ReadAction","target":["https:\/\/dev.refrigerantboys.com\/en\/buy\/refrigerant-fluids\/r134a\/gas-coolant-r134a-in-bottle-refrigerant-with-12-kg-valve-1-4\/"]}]},{"@type":"BreadcrumbList","@id":"https:\/\/dev.refrigerantboys.com\/en\/buy\/refrigerant-fluids\/r134a\/gas-coolant-r134a-in-bottle-refrigerant-with-12-kg-valve-1-4\/#breadcrumb","itemListElement":[{"@type":"ListItem","position":1,"name":"Home","item":"https:\/\/dev.refrigerantboys.com\/en\/"},{"@type":"ListItem","position":2,"name":"Shop","item":"https:\/\/dev.refrigerantboys.com\/en\/store\/"},{"@type":"ListItem","position":3,"name":"Refrigerant Gas R134a in cylinder RECONDITIONED with 12 kg valve 1\/4"}]},{"@type":"WebSite","@id":"https:\/\/dev.refrigerantboys.com\/en\/#website","url":"https:\/\/dev.refrigerantboys.com\/en\/","name":"Refrigerant Boys","description":"Vendita gas refrigeranti","potentialAction":[{"@type":"SearchAction","target":{"@type":"EntryPoint","urlTemplate":"https:\/\/dev.refrigerantboys.com\/en\/?s={search_term_string}"},"query-input":"required name=search_term_string"}],"inLanguage":"en-US"}]}},"_links":{"self":[{"href":"https:\/\/dev.refrigerantboys.com\/en\/wp-json\/wp\/v2\/product\/52237"}],"collection":[{"href":"https:\/\/dev.refrigerantboys.com\/en\/wp-json\/wp\/v2\/product"}],"about":[{"href":"https:\/\/dev.refrigerantboys.com\/en\/wp-json\/wp\/v2\/types\/product"}],"wp:featuredmedia":[{"embeddable":true,"href":"https:\/\/dev.refrigerantboys.com\/en\/wp-json\/wp\/v2\/media\/68696"}],"wp:attachment":[{"href":"https:\/\/dev.refrigerantboys.com\/en\/wp-json\/wp\/v2\/media?parent=52237"}],"wp:term":[{"taxonomy":"product_cat","embeddable":true,"href":"https:\/\/dev.refrigerantboys.com\/en\/wp-json\/wp\/v2\/product_cat?post=52237"},{"taxonomy":"product_tag","embeddable":true,"href":"https:\/\/dev.refrigerantboys.com\/en\/wp-json\/wp\/v2\/product_tag?post=52237"}],"curies":[{"name":"wp","href":"https:\/\/api.w.org\/{rel}","templated":true}]}}