{"id":85772,"date":"2025-01-20T18:30:24","date_gmt":"2025-01-20T17:30:25","guid":{"rendered":"https:\/\/dev.refrigerantboys.com\/?post_type=product&#038;p=85772"},"modified":"2025-02-03T14:43:11","modified_gmt":"2025-02-03T13:43:11","slug":"kaeltemittel-r290-propan-in-25-kg-flasche-ventil-217%e2%80%b3-x-1-14%e2%80%b3left","status":"publish","type":"product","link":"https:\/\/dev.refrigerantboys.com\/de\/kaufen\/kaeltemittelgase\/r290\/kaeltemittel-r290-propan-in-25-kg-flasche-ventil-217%e2%80%b3-x-1-14%e2%80%b3left\/","title":{"rendered":"K\u00e4ltemittel R290 (Propan) in 25 kg Flasche ventil 21,7\u2033 x 1\/14\u2033LEFT"},"content":{"rendered":"<p>K\u00e4ltemittel R290 (Propan) in 25 kg<span style=\"font-weight: 400;\">\u00a0<\/span>, Flasche zertifiziert nach T-PED \/EN 13322-1. Es ist ein brennbares Gas (Klasse A3) und wird in der gewerblichen und h\u00e4uslichen K\u00fchlung sowie in mobilen Klimaanlagen verwendet. Es ist ein umweltfreundliches Gas. Unsere Zylinder sind aus langlebigen Materialien gefertigt und entsprechen den h\u00f6chsten Sicherheitsstandards. Verlassen Sie sich bei Ihrer R290-Gasflasche auf RefrigerantBoys und erhalten Sie ein erstklassiges Produkt.<\/p>\n","protected":false},"excerpt":{"rendered":"<p><strong><span style=\"color: #000000;\">K\u00e4ltemittel R290 (Propan) Flasche in 25 kg. Das Produkt wird in gewerblichen Einrichtungen wie Schauk\u00e4sten und K\u00fchlr\u00e4umen verwendet. Es ist ein umweltfreundliches Gas. T-PED \/EN 13322-1 <span style=\"color: #ff0000;\">ventil 21,7\u2033 x 1\/14\u2033 LINKS <span style=\"color: #000000;\">UN 1978<\/span><\/span><\/span><br \/>\n<\/strong><\/p>\n<p class=\"box-excerpt is-small\"><strong><br \/>\n<span class=\"hps\">PREIS EINSCHLIESSLICH DER FLASCHE, DIE IHR EIGENTUM BLEIBT &#8211; <a href=\"https:\/\/dev.refrigerantboys.com\/ricarica-bombole-gas\/\">NACHF\u00dcLLEN DER FLASCHE<\/a><\/span><br \/>\n<\/strong><\/p>\n<pre><span style=\"color: #99cc00; font-size: 20px;\"><strong>GWP[3]<\/strong><\/span><\/pre>\n","protected":false},"featured_media":86157,"template":"","meta":[],"product_cat":[232,235],"product_tag":[],"acf":{"ai_note":""},"yoast_head":"<!-- This site is optimized with the Yoast SEO plugin v20.2 - https:\/\/yoast.com\/wordpress\/plugins\/seo\/ -->\n<title>K\u00e4ltemittel R290 (Propan) in 25 kg Flasche ventil 21,7\u2033 x 1\/14\u2033LEFT | Refrigerant Boys<\/title>\n<meta name=\"description\" content=\"K\u00e4ltemittel R290 (Propan) Flasche in 25 kg. Das Produkt wird in gewerblichen Einrichtungen wie Schauk\u00e4sten und K\u00fchlr\u00e4umen verwendet. Es ist ein umweltfreundliches Gas. T-PED \/EN 13322-1 ventil 21,7\u2033 x 1\/14\u2033 LINKS UN 1978   PREIS EINSCHLIESSLICH DER FLASCHE, DIE IHR EIGENTUM BLEIBT - NACHF\u00dcLLEN DER FLASCHE   GWP\" \/>\n<meta name=\"robots\" content=\"index, follow, max-snippet:-1, max-image-preview:large, max-video-preview:-1\" \/>\n<link rel=\"canonical\" href=\"https:\/\/dev.refrigerantboys.com\/de\/kaufen\/kaeltemittelgase\/r290\/kaeltemittel-r290-propan-in-25-kg-flasche-ventil-217%e2%80%b3-x-1-14%e2%80%b3left\/\" \/>\n<meta property=\"og:locale\" content=\"de_DE\" \/>\n<meta property=\"og:type\" content=\"article\" \/>\n<meta property=\"og:title\" content=\"K\u00e4ltemittel R290 (Propan) in 25 kg Flasche ventil 21,7\u2033 x 1\/14\u2033LEFT | Refrigerant Boys\" \/>\n<meta property=\"og:description\" content=\"K\u00e4ltemittel R290 (Propan) Flasche in 25 kg. Das Produkt wird in gewerblichen Einrichtungen wie Schauk\u00e4sten und K\u00fchlr\u00e4umen verwendet. Es ist ein umweltfreundliches Gas. T-PED \/EN 13322-1 ventil 21,7\u2033 x 1\/14\u2033 LINKS UN 1978   PREIS EINSCHLIESSLICH DER FLASCHE, DIE IHR EIGENTUM BLEIBT - NACHF\u00dcLLEN DER FLASCHE   GWP\" \/>\n<meta property=\"og:url\" content=\"https:\/\/dev.refrigerantboys.com\/de\/kaufen\/kaeltemittelgase\/r290\/kaeltemittel-r290-propan-in-25-kg-flasche-ventil-217%e2%80%b3-x-1-14%e2%80%b3left\/\" \/>\n<meta property=\"og:site_name\" content=\"Refrigerant Boys\" \/>\n<meta property=\"article:modified_time\" content=\"2025-02-03T13:43:11+00:00\" \/>\n<meta property=\"og:image\" content=\"https:\/\/dev.refrigerantboys.com\/wp-content\/uploads\/2025\/01\/R290_25kg-1.png\" \/>\n\t<meta property=\"og:image:width\" content=\"546\" \/>\n\t<meta property=\"og:image:height\" content=\"1143\" \/>\n\t<meta property=\"og:image:type\" content=\"image\/png\" \/>\n<meta name=\"twitter:card\" content=\"summary_large_image\" \/>\n<meta name=\"twitter:label1\" content=\"Gesch\u00e4tzte Lesezeit\" \/>\n\t<meta name=\"twitter:data1\" content=\"1\u00a0Minute\" \/>\n<script type=\"application\/ld+json\" class=\"yoast-schema-graph\">{\"@context\":\"https:\/\/schema.org\",\"@graph\":[{\"@type\":\"WebPage\",\"@id\":\"https:\/\/dev.refrigerantboys.com\/de\/kaufen\/kaeltemittelgase\/r290\/kaeltemittel-r290-propan-in-25-kg-flasche-ventil-217%e2%80%b3-x-1-14%e2%80%b3left\/\",\"url\":\"https:\/\/dev.refrigerantboys.com\/de\/kaufen\/kaeltemittelgase\/r290\/kaeltemittel-r290-propan-in-25-kg-flasche-ventil-217%e2%80%b3-x-1-14%e2%80%b3left\/\",\"name\":\"K\u00e4ltemittel R290 (Propan) in 25 kg Flasche ventil 21,7\u2033 x 1\/14\u2033LEFT | Refrigerant Boys\",\"isPartOf\":{\"@id\":\"https:\/\/dev.refrigerantboys.com\/de\/#website\"},\"datePublished\":\"2025-01-20T17:30:25+00:00\",\"dateModified\":\"2025-02-03T13:43:11+00:00\",\"description\":\"K\u00e4ltemittel R290 (Propan) Flasche in 25 kg. Das Produkt wird in gewerblichen Einrichtungen wie Schauk\u00e4sten und K\u00fchlr\u00e4umen verwendet. Es ist ein umweltfreundliches Gas. T-PED \/EN 13322-1 ventil 21,7\u2033 x 1\/14\u2033 LINKS UN 1978 PREIS EINSCHLIESSLICH DER FLASCHE, DIE IHR EIGENTUM BLEIBT - NACHF\u00dcLLEN DER FLASCHE GWP\",\"breadcrumb\":{\"@id\":\"https:\/\/dev.refrigerantboys.com\/de\/kaufen\/kaeltemittelgase\/r290\/kaeltemittel-r290-propan-in-25-kg-flasche-ventil-217%e2%80%b3-x-1-14%e2%80%b3left\/#breadcrumb\"},\"inLanguage\":\"de\",\"potentialAction\":[{\"@type\":\"ReadAction\",\"target\":[\"https:\/\/dev.refrigerantboys.com\/de\/kaufen\/kaeltemittelgase\/r290\/kaeltemittel-r290-propan-in-25-kg-flasche-ventil-217%e2%80%b3-x-1-14%e2%80%b3left\/\"]}]},{\"@type\":\"BreadcrumbList\",\"@id\":\"https:\/\/dev.refrigerantboys.com\/de\/kaufen\/kaeltemittelgase\/r290\/kaeltemittel-r290-propan-in-25-kg-flasche-ventil-217%e2%80%b3-x-1-14%e2%80%b3left\/#breadcrumb\",\"itemListElement\":[{\"@type\":\"ListItem\",\"position\":1,\"name\":\"Home\",\"item\":\"https:\/\/dev.refrigerantboys.com\/de\/\"},{\"@type\":\"ListItem\",\"position\":2,\"name\":\"Gesch\u00e4ft\",\"item\":\"https:\/\/dev.refrigerantboys.com\/de\/geschaeft\/\"},{\"@type\":\"ListItem\",\"position\":3,\"name\":\"K\u00e4ltemittel R290 (Propan) in 25 kg Flasche ventil 21,7\u2033 x 1\/14\u2033LEFT\"}]},{\"@type\":\"WebSite\",\"@id\":\"https:\/\/dev.refrigerantboys.com\/de\/#website\",\"url\":\"https:\/\/dev.refrigerantboys.com\/de\/\",\"name\":\"Refrigerant Boys\",\"description\":\"Vendita gas refrigeranti\",\"potentialAction\":[{\"@type\":\"SearchAction\",\"target\":{\"@type\":\"EntryPoint\",\"urlTemplate\":\"https:\/\/dev.refrigerantboys.com\/de\/?s={search_term_string}\"},\"query-input\":\"required name=search_term_string\"}],\"inLanguage\":\"de\"}]}<\/script>\n<!-- \/ Yoast SEO plugin. -->","yoast_head_json":{"title":"K\u00e4ltemittel R290 (Propan) in 25 kg Flasche ventil 21,7\u2033 x 1\/14\u2033LEFT | Refrigerant Boys","description":"K\u00e4ltemittel R290 (Propan) Flasche in 25 kg. Das Produkt wird in gewerblichen Einrichtungen wie Schauk\u00e4sten und K\u00fchlr\u00e4umen verwendet. Es ist ein umweltfreundliches Gas. T-PED \/EN 13322-1 ventil 21,7\u2033 x 1\/14\u2033 LINKS UN 1978   PREIS EINSCHLIESSLICH DER FLASCHE, DIE IHR EIGENTUM BLEIBT - NACHF\u00dcLLEN DER FLASCHE   GWP","robots":{"index":"index","follow":"follow","max-snippet":"max-snippet:-1","max-image-preview":"max-image-preview:large","max-video-preview":"max-video-preview:-1"},"canonical":"https:\/\/dev.refrigerantboys.com\/de\/kaufen\/kaeltemittelgase\/r290\/kaeltemittel-r290-propan-in-25-kg-flasche-ventil-217%e2%80%b3-x-1-14%e2%80%b3left\/","og_locale":"de_DE","og_type":"article","og_title":"K\u00e4ltemittel R290 (Propan) in 25 kg Flasche ventil 21,7\u2033 x 1\/14\u2033LEFT | Refrigerant Boys","og_description":"K\u00e4ltemittel R290 (Propan) Flasche in 25 kg. Das Produkt wird in gewerblichen Einrichtungen wie Schauk\u00e4sten und K\u00fchlr\u00e4umen verwendet. Es ist ein umweltfreundliches Gas. T-PED \/EN 13322-1 ventil 21,7\u2033 x 1\/14\u2033 LINKS UN 1978   PREIS EINSCHLIESSLICH DER FLASCHE, DIE IHR EIGENTUM BLEIBT - NACHF\u00dcLLEN DER FLASCHE   GWP","og_url":"https:\/\/dev.refrigerantboys.com\/de\/kaufen\/kaeltemittelgase\/r290\/kaeltemittel-r290-propan-in-25-kg-flasche-ventil-217%e2%80%b3-x-1-14%e2%80%b3left\/","og_site_name":"Refrigerant Boys","article_modified_time":"2025-02-03T13:43:11+00:00","og_image":[{"width":546,"height":1143,"url":"https:\/\/dev.refrigerantboys.com\/wp-content\/uploads\/2025\/01\/R290_25kg-1.png","type":"image\/png"}],"twitter_card":"summary_large_image","twitter_misc":{"Gesch\u00e4tzte Lesezeit":"1\u00a0Minute"},"schema":{"@context":"https:\/\/schema.org","@graph":[{"@type":"WebPage","@id":"https:\/\/dev.refrigerantboys.com\/de\/kaufen\/kaeltemittelgase\/r290\/kaeltemittel-r290-propan-in-25-kg-flasche-ventil-217%e2%80%b3-x-1-14%e2%80%b3left\/","url":"https:\/\/dev.refrigerantboys.com\/de\/kaufen\/kaeltemittelgase\/r290\/kaeltemittel-r290-propan-in-25-kg-flasche-ventil-217%e2%80%b3-x-1-14%e2%80%b3left\/","name":"K\u00e4ltemittel R290 (Propan) in 25 kg Flasche ventil 21,7\u2033 x 1\/14\u2033LEFT | Refrigerant Boys","isPartOf":{"@id":"https:\/\/dev.refrigerantboys.com\/de\/#website"},"datePublished":"2025-01-20T17:30:25+00:00","dateModified":"2025-02-03T13:43:11+00:00","description":"K\u00e4ltemittel R290 (Propan) Flasche in 25 kg. Das Produkt wird in gewerblichen Einrichtungen wie Schauk\u00e4sten und K\u00fchlr\u00e4umen verwendet. Es ist ein umweltfreundliches Gas. T-PED \/EN 13322-1 ventil 21,7\u2033 x 1\/14\u2033 LINKS UN 1978 PREIS EINSCHLIESSLICH DER FLASCHE, DIE IHR EIGENTUM BLEIBT - NACHF\u00dcLLEN DER FLASCHE GWP","breadcrumb":{"@id":"https:\/\/dev.refrigerantboys.com\/de\/kaufen\/kaeltemittelgase\/r290\/kaeltemittel-r290-propan-in-25-kg-flasche-ventil-217%e2%80%b3-x-1-14%e2%80%b3left\/#breadcrumb"},"inLanguage":"de","potentialAction":[{"@type":"ReadAction","target":["https:\/\/dev.refrigerantboys.com\/de\/kaufen\/kaeltemittelgase\/r290\/kaeltemittel-r290-propan-in-25-kg-flasche-ventil-217%e2%80%b3-x-1-14%e2%80%b3left\/"]}]},{"@type":"BreadcrumbList","@id":"https:\/\/dev.refrigerantboys.com\/de\/kaufen\/kaeltemittelgase\/r290\/kaeltemittel-r290-propan-in-25-kg-flasche-ventil-217%e2%80%b3-x-1-14%e2%80%b3left\/#breadcrumb","itemListElement":[{"@type":"ListItem","position":1,"name":"Home","item":"https:\/\/dev.refrigerantboys.com\/de\/"},{"@type":"ListItem","position":2,"name":"Gesch\u00e4ft","item":"https:\/\/dev.refrigerantboys.com\/de\/geschaeft\/"},{"@type":"ListItem","position":3,"name":"K\u00e4ltemittel R290 (Propan) in 25 kg Flasche ventil 21,7\u2033 x 1\/14\u2033LEFT"}]},{"@type":"WebSite","@id":"https:\/\/dev.refrigerantboys.com\/de\/#website","url":"https:\/\/dev.refrigerantboys.com\/de\/","name":"Refrigerant Boys","description":"Vendita gas refrigeranti","potentialAction":[{"@type":"SearchAction","target":{"@type":"EntryPoint","urlTemplate":"https:\/\/dev.refrigerantboys.com\/de\/?s={search_term_string}"},"query-input":"required name=search_term_string"}],"inLanguage":"de"}]}},"_links":{"self":[{"href":"https:\/\/dev.refrigerantboys.com\/de\/wp-json\/wp\/v2\/product\/85772"}],"collection":[{"href":"https:\/\/dev.refrigerantboys.com\/de\/wp-json\/wp\/v2\/product"}],"about":[{"href":"https:\/\/dev.refrigerantboys.com\/de\/wp-json\/wp\/v2\/types\/product"}],"wp:featuredmedia":[{"embeddable":true,"href":"https:\/\/dev.refrigerantboys.com\/de\/wp-json\/wp\/v2\/media\/86157"}],"wp:attachment":[{"href":"https:\/\/dev.refrigerantboys.com\/de\/wp-json\/wp\/v2\/media?parent=85772"}],"wp:term":[{"taxonomy":"product_cat","embeddable":true,"href":"https:\/\/dev.refrigerantboys.com\/de\/wp-json\/wp\/v2\/product_cat?post=85772"},{"taxonomy":"product_tag","embeddable":true,"href":"https:\/\/dev.refrigerantboys.com\/de\/wp-json\/wp\/v2\/product_tag?post=85772"}],"curies":[{"name":"wp","href":"https:\/\/api.w.org\/{rel}","templated":true}]}}