{"id":84306,"date":"2024-11-12T11:59:41","date_gmt":"2024-11-12T10:59:41","guid":{"rendered":"https:\/\/dev.refrigerantboys.com\/?post_type=product&#038;p=84306"},"modified":"2025-07-04T10:19:37","modified_gmt":"2025-07-04T08:19:37","slug":"gas-kuhlschrank-r452a-mit-10-kg-in-flasche-kuhlventil-1-4-sae","status":"publish","type":"product","link":"https:\/\/dev.refrigerantboys.com\/de\/kaufen\/kaeltemittelgase\/r404a\/gas-kuhlschrank-r452a-mit-10-kg-in-flasche-kuhlventil-1-4-sae\/","title":{"rendered":"K\u00e4ltemittelgas R452A mit 10 kg in einem Zylinder RECONDITIONED Ventil 1\/4 SAE"},"content":{"rendered":"<p>Unsere R452A Gasnachf\u00fcllflasche hat eine Kapazit\u00e4t von 10 kg mit 1\/4\u2033 SAE-Ventil, um einen sicheren und zuverl\u00e4ssigen Anschluss an Ihre Klimaanlage zu gew\u00e4hrleisten. R452A wird \u00fcblicherweise in einer Vielzahl von Anwendungen in der gewerblichen und industriellen K\u00fchlung bei mittleren und niedrigen Temperaturen verwendet. Unsere Gasflaschen sind aus langlebigen Materialien gefertigt und erf\u00fcllen die h\u00f6chsten Sicherheitsstandards. Verlassen Sie sich bei Ihrer R452A-Gasflasche auf RefrigerantBoys und erhalten Sie ein hochwertiges Produkt. .<\/p>\n<p><span style=\"color: #ff6600;\"><strong>DAS NEUE GAS, DAS R404A REPLACES<\/strong><\/span><\/p>\n<p><strong><u>Anwendungen:<\/u><\/strong><\/p>\n<p>R452A wird im K\u00fchltransport mit Direktexpansionssystemen bei mittleren und niedrigen Temperaturen eingesetzt (K\u00fchlcontainer, K\u00fchltransporter, Lastwagen und Anh\u00e4nger); es eignet sich auch zur Nachr\u00fcstung von gewerblichen und industriellen Direktexpansions-K\u00e4ltesystemen, die bei niedrigen und mittleren Temperaturen arbeiten.<\/p>\n","protected":false},"excerpt":{"rendered":"<p><span style=\"color: #000000;\"><br \/>\n<strong> <span style=\"color: #282828;\"><span id=\"result_box\" lang=\"en\"> <\/span>K\u00e4ltemittelgas R452A in<\/span> <span style=\"color: #282828;\">wiederbef\u00fcllbarer<\/span> Flasche <span style=\"color: #282828;\">RECONDITIONED<\/span> 10 kg T-PED \/ EN 13322-1 zugelassen <span style=\"color: #282828;\"> <span style=\"color: #ff0000;\">Ventil 1\/4&#8243; SAE<\/span> UN 1078<\/span><\/strong><br \/>\n<\/span><\/p>\n<ul>\n<li><strong><span lang=\"en\"><span title=\"Es ist nur m\u00f6glich, die Zahlung in Form von Einzelzahlungen zu leisten, wenn Sie die von Ihnen ben\u00f6tigte Ware ein paar Stunden im Voraus erhalten haben.\"><span title=\"Kleine Mengen werden in robusten Boards (anonyme Colis) versandt, gro\u00dfe Mengen werden in der Regel per EURO-PALLET versandt.\"><span title=\"Im Moment verf\u00fcgen wir \u00fcber eine effiziente E-Mail-Hilfe, die eine schnelle Antwort innerhalb weniger Stunden garantiert. \"><span title=\"Nous demandons le paiement d\u00e8s que vos bouteilles sont remplies et pr\u00eates pour l'exp\u00e9dition de retour.\"><span id=\"result_box\" lang=\"en\"><span title=\"Die Bouteillen wurden innen gereinigt, die Ventile und das Rohrsystem \u00fcberpr\u00fcft und mit neuem Gas gef\u00fcllt.\">Diese Zylinder sind <span style=\"color: #ff0000;\">RECONDITIONIERT <\/span>(sie sind nicht neu). Die Ventile wurden \u00fcberpr\u00fcft, die H\u00e4hne innen gereinigt und mit neuem Gas gef\u00fcllt. <\/span><span title=\"Au\u00dferdem k\u00f6nnen sie Abnutzungserscheinungen aufweisen.\">\u00c4u\u00dferlich k\u00f6nnen sie Anzeichen von Abnutzung\/Kratzern aufweisen.<\/span><\/span><\/span><\/span><\/span><\/span><\/span><\/strong><\/li>\n<\/ul>\n<p><span lang=\"fr\" xml:lang=\"fr\"><strong><br \/>\n<span class=\"hps\">PREIS EINSCHLIESSLICH DES ZYLINDERS, DER IHR EIGENTUM BLEIBEN WIRD.<\/span><br \/>\n<\/strong><\/span><span style=\"color: #ff0000; font-size: 20px;\"><strong>GWP[2141]<\/strong><br \/>\n<\/span><\/p>\n<h4 style=\"text-align: center;\"><\/h4>\n","protected":false},"featured_media":84313,"template":"","meta":[],"product_cat":[232,237,244],"product_tag":[],"acf":{"ai_note":""},"yoast_head":"<!-- This site is optimized with the Yoast SEO plugin v20.2 - https:\/\/yoast.com\/wordpress\/plugins\/seo\/ -->\n<title>K\u00e4ltemittelgas R452A mit 10 kg in einem Zylinder RECONDITIONED Ventil 1\/4 SAE | Refrigerant Boys<\/title>\n<meta name=\"description\" content=\"K\u00e4ltemittelgas R452A in wiederbef\u00fcllbarer Flasche RECONDITIONED 10 kg T-PED \/ EN 13322-1 zugelassen Ventil 1\/4&quot; SAE UN 1078    Diese Zylinder sind RECONDITIONIERT (sie sind nicht neu). Die Ventile wurden \u00fcberpr\u00fcft, die H\u00e4hne innen gereinigt und mit neuem Gas gef\u00fcllt. \u00c4u\u00dferlich k\u00f6nnen sie Anzeichen von Abnutzung\/Kratzern aufweisen.   PREIS EINSCHLIESSLICH DES ZYLINDERS, DER IHR EIGENTUM BLEIBEN WIRD. GWP\" \/>\n<meta name=\"robots\" content=\"index, follow, max-snippet:-1, max-image-preview:large, max-video-preview:-1\" \/>\n<link rel=\"canonical\" href=\"https:\/\/dev.refrigerantboys.com\/de\/kaufen\/kaeltemittelgase\/r404a\/gas-kuhlschrank-r452a-mit-10-kg-in-flasche-kuhlventil-1-4-sae\/\" \/>\n<meta property=\"og:locale\" content=\"de_DE\" \/>\n<meta property=\"og:type\" content=\"article\" \/>\n<meta property=\"og:title\" content=\"K\u00e4ltemittelgas R452A mit 10 kg in einem Zylinder RECONDITIONED Ventil 1\/4 SAE | Refrigerant Boys\" \/>\n<meta property=\"og:description\" content=\"K\u00e4ltemittelgas R452A in wiederbef\u00fcllbarer Flasche RECONDITIONED 10 kg T-PED \/ EN 13322-1 zugelassen Ventil 1\/4&quot; SAE UN 1078    Diese Zylinder sind RECONDITIONIERT (sie sind nicht neu). Die Ventile wurden \u00fcberpr\u00fcft, die H\u00e4hne innen gereinigt und mit neuem Gas gef\u00fcllt. \u00c4u\u00dferlich k\u00f6nnen sie Anzeichen von Abnutzung\/Kratzern aufweisen.   PREIS EINSCHLIESSLICH DES ZYLINDERS, DER IHR EIGENTUM BLEIBEN WIRD. GWP\" \/>\n<meta property=\"og:url\" content=\"https:\/\/dev.refrigerantboys.com\/de\/kaufen\/kaeltemittelgase\/r404a\/gas-kuhlschrank-r452a-mit-10-kg-in-flasche-kuhlventil-1-4-sae\/\" \/>\n<meta property=\"og:site_name\" content=\"Refrigerant Boys\" \/>\n<meta property=\"article:modified_time\" content=\"2025-07-04T08:19:37+00:00\" \/>\n<meta property=\"og:image\" content=\"https:\/\/dev.refrigerantboys.com\/wp-content\/uploads\/2024\/11\/R452A-10-kg-usata.png\" \/>\n\t<meta property=\"og:image:width\" content=\"367\" \/>\n\t<meta property=\"og:image:height\" content=\"720\" \/>\n\t<meta property=\"og:image:type\" content=\"image\/png\" \/>\n<meta name=\"twitter:card\" content=\"summary_large_image\" \/>\n<meta name=\"twitter:label1\" content=\"Gesch\u00e4tzte Lesezeit\" \/>\n\t<meta name=\"twitter:data1\" content=\"1\u00a0Minute\" \/>\n<script type=\"application\/ld+json\" class=\"yoast-schema-graph\">{\"@context\":\"https:\/\/schema.org\",\"@graph\":[{\"@type\":\"WebPage\",\"@id\":\"https:\/\/dev.refrigerantboys.com\/de\/kaufen\/kaeltemittelgase\/r404a\/gas-kuhlschrank-r452a-mit-10-kg-in-flasche-kuhlventil-1-4-sae\/\",\"url\":\"https:\/\/dev.refrigerantboys.com\/de\/kaufen\/kaeltemittelgase\/r404a\/gas-kuhlschrank-r452a-mit-10-kg-in-flasche-kuhlventil-1-4-sae\/\",\"name\":\"K\u00e4ltemittelgas R452A mit 10 kg in einem Zylinder RECONDITIONED Ventil 1\/4 SAE | Refrigerant Boys\",\"isPartOf\":{\"@id\":\"https:\/\/dev.refrigerantboys.com\/de\/#website\"},\"datePublished\":\"2024-11-12T10:59:41+00:00\",\"dateModified\":\"2025-07-04T08:19:37+00:00\",\"description\":\"K\u00e4ltemittelgas R452A in wiederbef\u00fcllbarer Flasche RECONDITIONED 10 kg T-PED \/ EN 13322-1 zugelassen Ventil 1\/4\\\" SAE UN 1078 Diese Zylinder sind RECONDITIONIERT (sie sind nicht neu). Die Ventile wurden \u00fcberpr\u00fcft, die H\u00e4hne innen gereinigt und mit neuem Gas gef\u00fcllt. \u00c4u\u00dferlich k\u00f6nnen sie Anzeichen von Abnutzung\/Kratzern aufweisen. PREIS EINSCHLIESSLICH DES ZYLINDERS, DER IHR EIGENTUM BLEIBEN WIRD. GWP\",\"breadcrumb\":{\"@id\":\"https:\/\/dev.refrigerantboys.com\/de\/kaufen\/kaeltemittelgase\/r404a\/gas-kuhlschrank-r452a-mit-10-kg-in-flasche-kuhlventil-1-4-sae\/#breadcrumb\"},\"inLanguage\":\"de\",\"potentialAction\":[{\"@type\":\"ReadAction\",\"target\":[\"https:\/\/dev.refrigerantboys.com\/de\/kaufen\/kaeltemittelgase\/r404a\/gas-kuhlschrank-r452a-mit-10-kg-in-flasche-kuhlventil-1-4-sae\/\"]}]},{\"@type\":\"BreadcrumbList\",\"@id\":\"https:\/\/dev.refrigerantboys.com\/de\/kaufen\/kaeltemittelgase\/r404a\/gas-kuhlschrank-r452a-mit-10-kg-in-flasche-kuhlventil-1-4-sae\/#breadcrumb\",\"itemListElement\":[{\"@type\":\"ListItem\",\"position\":1,\"name\":\"Home\",\"item\":\"https:\/\/dev.refrigerantboys.com\/de\/\"},{\"@type\":\"ListItem\",\"position\":2,\"name\":\"Gesch\u00e4ft\",\"item\":\"https:\/\/dev.refrigerantboys.com\/de\/geschaeft\/\"},{\"@type\":\"ListItem\",\"position\":3,\"name\":\"K\u00e4ltemittelgas R452A mit 10 kg in einem Zylinder RECONDITIONED Ventil 1\/4 SAE\"}]},{\"@type\":\"WebSite\",\"@id\":\"https:\/\/dev.refrigerantboys.com\/de\/#website\",\"url\":\"https:\/\/dev.refrigerantboys.com\/de\/\",\"name\":\"Refrigerant Boys\",\"description\":\"Vendita gas refrigeranti\",\"potentialAction\":[{\"@type\":\"SearchAction\",\"target\":{\"@type\":\"EntryPoint\",\"urlTemplate\":\"https:\/\/dev.refrigerantboys.com\/de\/?s={search_term_string}\"},\"query-input\":\"required name=search_term_string\"}],\"inLanguage\":\"de\"}]}<\/script>\n<!-- \/ Yoast SEO plugin. -->","yoast_head_json":{"title":"K\u00e4ltemittelgas R452A mit 10 kg in einem Zylinder RECONDITIONED Ventil 1\/4 SAE | Refrigerant Boys","description":"K\u00e4ltemittelgas R452A in wiederbef\u00fcllbarer Flasche RECONDITIONED 10 kg T-PED \/ EN 13322-1 zugelassen Ventil 1\/4\" SAE UN 1078    Diese Zylinder sind RECONDITIONIERT (sie sind nicht neu). Die Ventile wurden \u00fcberpr\u00fcft, die H\u00e4hne innen gereinigt und mit neuem Gas gef\u00fcllt. \u00c4u\u00dferlich k\u00f6nnen sie Anzeichen von Abnutzung\/Kratzern aufweisen.   PREIS EINSCHLIESSLICH DES ZYLINDERS, DER IHR EIGENTUM BLEIBEN WIRD. GWP","robots":{"index":"index","follow":"follow","max-snippet":"max-snippet:-1","max-image-preview":"max-image-preview:large","max-video-preview":"max-video-preview:-1"},"canonical":"https:\/\/dev.refrigerantboys.com\/de\/kaufen\/kaeltemittelgase\/r404a\/gas-kuhlschrank-r452a-mit-10-kg-in-flasche-kuhlventil-1-4-sae\/","og_locale":"de_DE","og_type":"article","og_title":"K\u00e4ltemittelgas R452A mit 10 kg in einem Zylinder RECONDITIONED Ventil 1\/4 SAE | Refrigerant Boys","og_description":"K\u00e4ltemittelgas R452A in wiederbef\u00fcllbarer Flasche RECONDITIONED 10 kg T-PED \/ EN 13322-1 zugelassen Ventil 1\/4\" SAE UN 1078    Diese Zylinder sind RECONDITIONIERT (sie sind nicht neu). Die Ventile wurden \u00fcberpr\u00fcft, die H\u00e4hne innen gereinigt und mit neuem Gas gef\u00fcllt. \u00c4u\u00dferlich k\u00f6nnen sie Anzeichen von Abnutzung\/Kratzern aufweisen.   PREIS EINSCHLIESSLICH DES ZYLINDERS, DER IHR EIGENTUM BLEIBEN WIRD. GWP","og_url":"https:\/\/dev.refrigerantboys.com\/de\/kaufen\/kaeltemittelgase\/r404a\/gas-kuhlschrank-r452a-mit-10-kg-in-flasche-kuhlventil-1-4-sae\/","og_site_name":"Refrigerant Boys","article_modified_time":"2025-07-04T08:19:37+00:00","og_image":[{"width":367,"height":720,"url":"https:\/\/dev.refrigerantboys.com\/wp-content\/uploads\/2024\/11\/R452A-10-kg-usata.png","type":"image\/png"}],"twitter_card":"summary_large_image","twitter_misc":{"Gesch\u00e4tzte Lesezeit":"1\u00a0Minute"},"schema":{"@context":"https:\/\/schema.org","@graph":[{"@type":"WebPage","@id":"https:\/\/dev.refrigerantboys.com\/de\/kaufen\/kaeltemittelgase\/r404a\/gas-kuhlschrank-r452a-mit-10-kg-in-flasche-kuhlventil-1-4-sae\/","url":"https:\/\/dev.refrigerantboys.com\/de\/kaufen\/kaeltemittelgase\/r404a\/gas-kuhlschrank-r452a-mit-10-kg-in-flasche-kuhlventil-1-4-sae\/","name":"K\u00e4ltemittelgas R452A mit 10 kg in einem Zylinder RECONDITIONED Ventil 1\/4 SAE | Refrigerant Boys","isPartOf":{"@id":"https:\/\/dev.refrigerantboys.com\/de\/#website"},"datePublished":"2024-11-12T10:59:41+00:00","dateModified":"2025-07-04T08:19:37+00:00","description":"K\u00e4ltemittelgas R452A in wiederbef\u00fcllbarer Flasche RECONDITIONED 10 kg T-PED \/ EN 13322-1 zugelassen Ventil 1\/4\" SAE UN 1078 Diese Zylinder sind RECONDITIONIERT (sie sind nicht neu). Die Ventile wurden \u00fcberpr\u00fcft, die H\u00e4hne innen gereinigt und mit neuem Gas gef\u00fcllt. \u00c4u\u00dferlich k\u00f6nnen sie Anzeichen von Abnutzung\/Kratzern aufweisen. PREIS EINSCHLIESSLICH DES ZYLINDERS, DER IHR EIGENTUM BLEIBEN WIRD. GWP","breadcrumb":{"@id":"https:\/\/dev.refrigerantboys.com\/de\/kaufen\/kaeltemittelgase\/r404a\/gas-kuhlschrank-r452a-mit-10-kg-in-flasche-kuhlventil-1-4-sae\/#breadcrumb"},"inLanguage":"de","potentialAction":[{"@type":"ReadAction","target":["https:\/\/dev.refrigerantboys.com\/de\/kaufen\/kaeltemittelgase\/r404a\/gas-kuhlschrank-r452a-mit-10-kg-in-flasche-kuhlventil-1-4-sae\/"]}]},{"@type":"BreadcrumbList","@id":"https:\/\/dev.refrigerantboys.com\/de\/kaufen\/kaeltemittelgase\/r404a\/gas-kuhlschrank-r452a-mit-10-kg-in-flasche-kuhlventil-1-4-sae\/#breadcrumb","itemListElement":[{"@type":"ListItem","position":1,"name":"Home","item":"https:\/\/dev.refrigerantboys.com\/de\/"},{"@type":"ListItem","position":2,"name":"Gesch\u00e4ft","item":"https:\/\/dev.refrigerantboys.com\/de\/geschaeft\/"},{"@type":"ListItem","position":3,"name":"K\u00e4ltemittelgas R452A mit 10 kg in einem Zylinder RECONDITIONED Ventil 1\/4 SAE"}]},{"@type":"WebSite","@id":"https:\/\/dev.refrigerantboys.com\/de\/#website","url":"https:\/\/dev.refrigerantboys.com\/de\/","name":"Refrigerant Boys","description":"Vendita gas refrigeranti","potentialAction":[{"@type":"SearchAction","target":{"@type":"EntryPoint","urlTemplate":"https:\/\/dev.refrigerantboys.com\/de\/?s={search_term_string}"},"query-input":"required name=search_term_string"}],"inLanguage":"de"}]}},"_links":{"self":[{"href":"https:\/\/dev.refrigerantboys.com\/de\/wp-json\/wp\/v2\/product\/84306"}],"collection":[{"href":"https:\/\/dev.refrigerantboys.com\/de\/wp-json\/wp\/v2\/product"}],"about":[{"href":"https:\/\/dev.refrigerantboys.com\/de\/wp-json\/wp\/v2\/types\/product"}],"wp:featuredmedia":[{"embeddable":true,"href":"https:\/\/dev.refrigerantboys.com\/de\/wp-json\/wp\/v2\/media\/84313"}],"wp:attachment":[{"href":"https:\/\/dev.refrigerantboys.com\/de\/wp-json\/wp\/v2\/media?parent=84306"}],"wp:term":[{"taxonomy":"product_cat","embeddable":true,"href":"https:\/\/dev.refrigerantboys.com\/de\/wp-json\/wp\/v2\/product_cat?post=84306"},{"taxonomy":"product_tag","embeddable":true,"href":"https:\/\/dev.refrigerantboys.com\/de\/wp-json\/wp\/v2\/product_tag?post=84306"}],"curies":[{"name":"wp","href":"https:\/\/api.w.org\/{rel}","templated":true}]}}