{"id":83350,"date":"2024-09-26T17:19:55","date_gmt":"2024-09-26T15:19:55","guid":{"rendered":"https:\/\/dev.refrigerantboys.com\/?post_type=product&#038;p=83350"},"modified":"2025-02-28T17:10:50","modified_gmt":"2025-02-28T16:10:50","slug":"bombola-di-gas-r427a-da-10-kg-valvola-1-4","status":"publish","type":"product","link":"https:\/\/dev.refrigerantboys.com\/de\/kaufen\/kaeltemittelgase\/r427a\/bombola-di-gas-r427a-da-10-kg-valvola-1-4\/","title":{"rendered":"10 kg R427A Gasflasche (1\/4&#8243; Ventil)"},"content":{"rendered":"<p>Wenn Sie auf der Suche nach einer R427A-Gasflasche mit einem Fassungsverm\u00f6gen von 10 kg sind, sind Sie hier genau richtig!<br \/>\nRefrigerant Boys bietet eine gro\u00dfe Auswahl an hochwertigen K\u00e4ltemitteln f\u00fcr Ihren Bedarf. <strong>Das 10 kg fassende R427A-Gas ist ein HFKW, das sich sehr \u00e4hnlich wie R-22 verh\u00e4lt und f\u00fcr die Umr\u00fcstung bestehender R22-K\u00e4ltesysteme auf Nieder- und Mitteltemperaturk\u00e4lte verwendet werden kann. In Klimaanlagen ben\u00f6tigt das System lediglich einen \u00d6lwechsel mit einem POE-Schmiermittel<\/strong>.<br \/>\nWir wissen, wie wichtig zuverl\u00e4ssige Produkte sind, die den geltenden Vorschriften entsprechen. Daher k\u00f6nnen Sie sich auf unsere R427A-Gasflaschen verlassen, um optimale Leistung und maximale Sicherheit zu gew\u00e4hrleisten.<br \/>\nKaufen Sie Ihre 10kg R427A-Gasflasche noch heute bei Refrigerant Boys und finden Sie heraus, warum wir die bevorzugte Wahl von Branchenprofis sind.<\/p>\n","protected":false},"excerpt":{"rendered":"<p><strong>K\u00e4ltemittelgas R427A in 10 kg T-PED \/ EN 13322-1 zugelassener wiederbef\u00fcllbarer Flasche (1\/4\u2033 SAE Ventil) UN1078<\/strong><\/p>\n<p><strong><span class=\"hps\">PREIS INKLUSIVE FLASCHE WIEDERAUFLADBARE FLASCHE<\/span><\/strong><\/p>\n<p><span style=\"color: #ff0000; font-size: 20px;\"><strong>GWP[2138]<\/strong><\/span><\/p>\n<p class=\"box-excerpt is-small\">\n","protected":false},"featured_media":83357,"template":"","meta":[],"product_cat":[232,241],"product_tag":[],"acf":{"ai_note":""},"yoast_head":"<!-- This site is optimized with the Yoast SEO plugin v20.2 - https:\/\/yoast.com\/wordpress\/plugins\/seo\/ -->\n<title>10 kg R427A Gasflasche (1\/4&quot; Ventil) | Refrigerant Boys<\/title>\n<meta name=\"description\" content=\"K\u00e4ltemittelgas R427A in 10 kg T-PED \/ EN 13322-1 zugelassener wiederbef\u00fcllbarer Flasche (1\/4\u2033 SAE Ventil) UN1078  PREIS INKLUSIVE FLASCHE WIEDERAUFLADBARE FLASCHE  GWP\" \/>\n<meta name=\"robots\" content=\"index, follow, max-snippet:-1, max-image-preview:large, max-video-preview:-1\" \/>\n<link rel=\"canonical\" href=\"https:\/\/dev.refrigerantboys.com\/de\/kaufen\/kaeltemittelgase\/r427a\/bombola-di-gas-r427a-da-10-kg-valvola-1-4\/\" \/>\n<meta property=\"og:locale\" content=\"de_DE\" \/>\n<meta property=\"og:type\" content=\"article\" \/>\n<meta property=\"og:title\" content=\"10 kg R427A Gasflasche (1\/4&quot; Ventil) | Refrigerant Boys\" \/>\n<meta property=\"og:description\" content=\"K\u00e4ltemittelgas R427A in 10 kg T-PED \/ EN 13322-1 zugelassener wiederbef\u00fcllbarer Flasche (1\/4\u2033 SAE Ventil) UN1078  PREIS INKLUSIVE FLASCHE WIEDERAUFLADBARE FLASCHE  GWP\" \/>\n<meta property=\"og:url\" content=\"https:\/\/dev.refrigerantboys.com\/de\/kaufen\/kaeltemittelgase\/r427a\/bombola-di-gas-r427a-da-10-kg-valvola-1-4\/\" \/>\n<meta property=\"og:site_name\" content=\"Refrigerant Boys\" \/>\n<meta property=\"article:modified_time\" content=\"2025-02-28T16:10:50+00:00\" \/>\n<meta property=\"og:image\" content=\"https:\/\/dev.refrigerantboys.com\/wp-content\/uploads\/2024\/09\/R427-10-1KG.png\" \/>\n\t<meta property=\"og:image:width\" content=\"349\" \/>\n\t<meta property=\"og:image:height\" content=\"686\" \/>\n\t<meta property=\"og:image:type\" content=\"image\/png\" \/>\n<meta name=\"twitter:card\" content=\"summary_large_image\" \/>\n<meta name=\"twitter:label1\" content=\"Gesch\u00e4tzte Lesezeit\" \/>\n\t<meta name=\"twitter:data1\" content=\"1\u00a0Minute\" \/>\n<script type=\"application\/ld+json\" class=\"yoast-schema-graph\">{\"@context\":\"https:\/\/schema.org\",\"@graph\":[{\"@type\":\"WebPage\",\"@id\":\"https:\/\/dev.refrigerantboys.com\/de\/kaufen\/kaeltemittelgase\/r427a\/bombola-di-gas-r427a-da-10-kg-valvola-1-4\/\",\"url\":\"https:\/\/dev.refrigerantboys.com\/de\/kaufen\/kaeltemittelgase\/r427a\/bombola-di-gas-r427a-da-10-kg-valvola-1-4\/\",\"name\":\"10 kg R427A Gasflasche (1\/4\\\" Ventil) | Refrigerant Boys\",\"isPartOf\":{\"@id\":\"https:\/\/dev.refrigerantboys.com\/de\/#website\"},\"datePublished\":\"2024-09-26T15:19:55+00:00\",\"dateModified\":\"2025-02-28T16:10:50+00:00\",\"description\":\"K\u00e4ltemittelgas R427A in 10 kg T-PED \/ EN 13322-1 zugelassener wiederbef\u00fcllbarer Flasche (1\/4\u2033 SAE Ventil) UN1078 PREIS INKLUSIVE FLASCHE WIEDERAUFLADBARE FLASCHE GWP\",\"breadcrumb\":{\"@id\":\"https:\/\/dev.refrigerantboys.com\/de\/kaufen\/kaeltemittelgase\/r427a\/bombola-di-gas-r427a-da-10-kg-valvola-1-4\/#breadcrumb\"},\"inLanguage\":\"de\",\"potentialAction\":[{\"@type\":\"ReadAction\",\"target\":[\"https:\/\/dev.refrigerantboys.com\/de\/kaufen\/kaeltemittelgase\/r427a\/bombola-di-gas-r427a-da-10-kg-valvola-1-4\/\"]}]},{\"@type\":\"BreadcrumbList\",\"@id\":\"https:\/\/dev.refrigerantboys.com\/de\/kaufen\/kaeltemittelgase\/r427a\/bombola-di-gas-r427a-da-10-kg-valvola-1-4\/#breadcrumb\",\"itemListElement\":[{\"@type\":\"ListItem\",\"position\":1,\"name\":\"Home\",\"item\":\"https:\/\/dev.refrigerantboys.com\/de\/\"},{\"@type\":\"ListItem\",\"position\":2,\"name\":\"Gesch\u00e4ft\",\"item\":\"https:\/\/dev.refrigerantboys.com\/de\/geschaeft\/\"},{\"@type\":\"ListItem\",\"position\":3,\"name\":\"10 kg R427A Gasflasche (1\/4&#8243; Ventil)\"}]},{\"@type\":\"WebSite\",\"@id\":\"https:\/\/dev.refrigerantboys.com\/de\/#website\",\"url\":\"https:\/\/dev.refrigerantboys.com\/de\/\",\"name\":\"Refrigerant Boys\",\"description\":\"Vendita gas refrigeranti\",\"potentialAction\":[{\"@type\":\"SearchAction\",\"target\":{\"@type\":\"EntryPoint\",\"urlTemplate\":\"https:\/\/dev.refrigerantboys.com\/de\/?s={search_term_string}\"},\"query-input\":\"required name=search_term_string\"}],\"inLanguage\":\"de\"}]}<\/script>\n<!-- \/ Yoast SEO plugin. -->","yoast_head_json":{"title":"10 kg R427A Gasflasche (1\/4\" Ventil) | Refrigerant Boys","description":"K\u00e4ltemittelgas R427A in 10 kg T-PED \/ EN 13322-1 zugelassener wiederbef\u00fcllbarer Flasche (1\/4\u2033 SAE Ventil) UN1078  PREIS INKLUSIVE FLASCHE WIEDERAUFLADBARE FLASCHE  GWP","robots":{"index":"index","follow":"follow","max-snippet":"max-snippet:-1","max-image-preview":"max-image-preview:large","max-video-preview":"max-video-preview:-1"},"canonical":"https:\/\/dev.refrigerantboys.com\/de\/kaufen\/kaeltemittelgase\/r427a\/bombola-di-gas-r427a-da-10-kg-valvola-1-4\/","og_locale":"de_DE","og_type":"article","og_title":"10 kg R427A Gasflasche (1\/4\" Ventil) | Refrigerant Boys","og_description":"K\u00e4ltemittelgas R427A in 10 kg T-PED \/ EN 13322-1 zugelassener wiederbef\u00fcllbarer Flasche (1\/4\u2033 SAE Ventil) UN1078  PREIS INKLUSIVE FLASCHE WIEDERAUFLADBARE FLASCHE  GWP","og_url":"https:\/\/dev.refrigerantboys.com\/de\/kaufen\/kaeltemittelgase\/r427a\/bombola-di-gas-r427a-da-10-kg-valvola-1-4\/","og_site_name":"Refrigerant Boys","article_modified_time":"2025-02-28T16:10:50+00:00","og_image":[{"width":349,"height":686,"url":"https:\/\/dev.refrigerantboys.com\/wp-content\/uploads\/2024\/09\/R427-10-1KG.png","type":"image\/png"}],"twitter_card":"summary_large_image","twitter_misc":{"Gesch\u00e4tzte Lesezeit":"1\u00a0Minute"},"schema":{"@context":"https:\/\/schema.org","@graph":[{"@type":"WebPage","@id":"https:\/\/dev.refrigerantboys.com\/de\/kaufen\/kaeltemittelgase\/r427a\/bombola-di-gas-r427a-da-10-kg-valvola-1-4\/","url":"https:\/\/dev.refrigerantboys.com\/de\/kaufen\/kaeltemittelgase\/r427a\/bombola-di-gas-r427a-da-10-kg-valvola-1-4\/","name":"10 kg R427A Gasflasche (1\/4\" Ventil) | Refrigerant Boys","isPartOf":{"@id":"https:\/\/dev.refrigerantboys.com\/de\/#website"},"datePublished":"2024-09-26T15:19:55+00:00","dateModified":"2025-02-28T16:10:50+00:00","description":"K\u00e4ltemittelgas R427A in 10 kg T-PED \/ EN 13322-1 zugelassener wiederbef\u00fcllbarer Flasche (1\/4\u2033 SAE Ventil) UN1078 PREIS INKLUSIVE FLASCHE WIEDERAUFLADBARE FLASCHE GWP","breadcrumb":{"@id":"https:\/\/dev.refrigerantboys.com\/de\/kaufen\/kaeltemittelgase\/r427a\/bombola-di-gas-r427a-da-10-kg-valvola-1-4\/#breadcrumb"},"inLanguage":"de","potentialAction":[{"@type":"ReadAction","target":["https:\/\/dev.refrigerantboys.com\/de\/kaufen\/kaeltemittelgase\/r427a\/bombola-di-gas-r427a-da-10-kg-valvola-1-4\/"]}]},{"@type":"BreadcrumbList","@id":"https:\/\/dev.refrigerantboys.com\/de\/kaufen\/kaeltemittelgase\/r427a\/bombola-di-gas-r427a-da-10-kg-valvola-1-4\/#breadcrumb","itemListElement":[{"@type":"ListItem","position":1,"name":"Home","item":"https:\/\/dev.refrigerantboys.com\/de\/"},{"@type":"ListItem","position":2,"name":"Gesch\u00e4ft","item":"https:\/\/dev.refrigerantboys.com\/de\/geschaeft\/"},{"@type":"ListItem","position":3,"name":"10 kg R427A Gasflasche (1\/4&#8243; Ventil)"}]},{"@type":"WebSite","@id":"https:\/\/dev.refrigerantboys.com\/de\/#website","url":"https:\/\/dev.refrigerantboys.com\/de\/","name":"Refrigerant Boys","description":"Vendita gas refrigeranti","potentialAction":[{"@type":"SearchAction","target":{"@type":"EntryPoint","urlTemplate":"https:\/\/dev.refrigerantboys.com\/de\/?s={search_term_string}"},"query-input":"required name=search_term_string"}],"inLanguage":"de"}]}},"_links":{"self":[{"href":"https:\/\/dev.refrigerantboys.com\/de\/wp-json\/wp\/v2\/product\/83350"}],"collection":[{"href":"https:\/\/dev.refrigerantboys.com\/de\/wp-json\/wp\/v2\/product"}],"about":[{"href":"https:\/\/dev.refrigerantboys.com\/de\/wp-json\/wp\/v2\/types\/product"}],"wp:featuredmedia":[{"embeddable":true,"href":"https:\/\/dev.refrigerantboys.com\/de\/wp-json\/wp\/v2\/media\/83357"}],"wp:attachment":[{"href":"https:\/\/dev.refrigerantboys.com\/de\/wp-json\/wp\/v2\/media?parent=83350"}],"wp:term":[{"taxonomy":"product_cat","embeddable":true,"href":"https:\/\/dev.refrigerantboys.com\/de\/wp-json\/wp\/v2\/product_cat?post=83350"},{"taxonomy":"product_tag","embeddable":true,"href":"https:\/\/dev.refrigerantboys.com\/de\/wp-json\/wp\/v2\/product_tag?post=83350"}],"curies":[{"name":"wp","href":"https:\/\/api.w.org\/{rel}","templated":true}]}}