{"id":77065,"date":"2024-03-19T11:26:44","date_gmt":"2024-03-19T10:26:46","guid":{"rendered":"https:\/\/dev.refrigerantboys.com\/?post_type=product&#038;p=77065"},"modified":"2025-11-25T13:41:22","modified_gmt":"2025-11-25T12:41:22","slug":"bombola-ricondizionata-gas-r32-9-kg-valvola-w217x1-14-sx","status":"publish","type":"product","link":"https:\/\/dev.refrigerantboys.com\/de\/kaufen\/kaeltemittelgase\/r32\/bombola-ricondizionata-gas-r32-9-kg-valvola-w217x1-14-sx\/","title":{"rendered":"RECONDITIONED Gasflasche R32 9 kg Ventil W21.7\u00d71\/14 SX"},"content":{"rendered":"<p><span style=\"font-weight: 400;\">Wenn Sie auf der Suche nach einer R32-Gasflasche mit einem Fassungsverm\u00f6gen von 9 kg sind, sind Sie hier genau richtig! Refrigerant Boys bietet eine gro\u00dfe Auswahl an hochwertigen K\u00e4ltemitteln, die Ihren Anforderungen entsprechen. Unsere 9 kg schwere R32-Gasflasche ist ideal f\u00fcr den Einsatz in Klimaanlagen und W\u00e4rmepumpen und bietet eine hervorragende Energieeffizienz und eine geringere Umweltbelastung. Wir wissen, wie wichtig zuverl\u00e4ssige Produkte sind, die den geltenden Vorschriften entsprechen. Deshalb k\u00f6nnen Sie sich darauf verlassen, dass unsere R32-Gasflaschen optimale Leistung und maximale Sicherheit bieten. Kaufen Sie noch heute Ihre 9 kg R32-Gasflasche bei Refrigerant Boys und finden Sie heraus, warum wir die bevorzugte Wahl von Profis sind.<\/span><\/p>\n<p><strong>Anwendungen:<\/strong><\/p>\n<ul>\n<li>R32 weist im Vergleich zu R410A eine gleichwertige Leistung und Energieeffizienz auf.<\/li>\n<li>GWP (Global Warming Potential) deutlich niedriger als R410A.<\/li>\n<li>Der Austausch von Komponenten, Schmiermitteln und Dichtungen ist nicht erforderlich.<\/li>\n<\/ul>\n<p><span style=\"color: #ff0000;\">R32 kann nur in neuen Systemen verwendet werden, die f\u00fcr den Betrieb mit leicht entflammbaren Gasen (Klasse A2L) ausgelegt sind.<\/span><\/p>\n<p><span style=\"color: #ff0000;\">R32 kann nicht als Nachr\u00fcstprodukt f\u00fcr Systeme verwendet werden, die f\u00fcr den Betrieb mit R410A ausgelegt sind. Da R410A-Systeme nicht f\u00fcr den Betrieb mit leicht entflammbaren Gasen ausgelegt sind, besteht die Gefahr einer Besch\u00e4digung des Kompressors.<\/span><\/p>\n<p>&nbsp;<\/p>\n","protected":false},"excerpt":{"rendered":"<p><strong><span style=\"color: #282828;\"><span style=\"color: #ff0000;\">Flasche RECONDITIONED<\/span><\/span> R32 9 kg nachf\u00fcllbar und T-PED \/ EN 13322-1 zertifiziert. Entwickelt als Alternative zu R410A-Gas. Wird von gro\u00dfen Klimaanlagenherstellern verwendet. Geringe Umweltbelastung UN 3252. <span style=\"color: #ff0000;\">Ventil 21,7\u2033 x 1\/14 LINKS<\/span><\/strong><\/p>\n<ul>\n<li><strong><span lang=\"en\"><span title=\"Es ist nur m\u00f6glich, die Zahlung in Form von Einzelzahlungen zu leisten, wenn Sie die von Ihnen ben\u00f6tigte Ware ein paar Stunden im Voraus erhalten haben.\"><span title=\"Kleine Mengen werden in robusten Boards (anonyme Colis) versandt, gro\u00dfe Mengen werden in der Regel per EURO-PALLET versandt.\"><span title=\"Im Moment verf\u00fcgen wir \u00fcber eine effiziente E-Mail-Hilfe, die eine schnelle Antwort innerhalb weniger Stunden garantiert. \"><span title=\"Nous demandons le paiement d\u00e8s que vos bouteilles sont remplies et pr\u00eates pour l'exp\u00e9dition de retour.\"><span id=\"result_box\" lang=\"en\"><span title=\"Die Bouteillen wurden innen gereinigt, die Ventile und das Rohrsystem \u00fcberpr\u00fcft und mit neuem Gas gef\u00fcllt.\">Diese Zylinder sind <span style=\"color: #ff0000;\">RECONDITIONIERT <\/span>(sie sind nicht neu). Die Ventile wurden \u00fcberpr\u00fcft, die H\u00e4hne innen gereinigt und mit neuem Gas gef\u00fcllt. <\/span><span title=\"Au\u00dferdem k\u00f6nnen sie Abnutzungserscheinungen aufweisen.\">\u00c4u\u00dferlich k\u00f6nnen sie Anzeichen von Abnutzung\/Kratzern aufweisen.<\/span><\/span><\/span><\/span><\/span><\/span><\/span><\/strong><\/li>\n<\/ul>\n<p><strong><br \/>\n<span class=\"hps\">PREIS INKLUSIVE FLASCHE, DIE IHR EIGENTUM BLEIBT <\/span><\/strong><strong><span class=\"hps\"><a href=\"https:\/\/dev.refrigerantboys.com\/es\/recarga-botellas\/\">NACHF\u00dcLLEN DER FLASCHE<\/a><br \/>\n<\/span><br \/>\n<\/strong><\/p>\n<pre><span style=\"color: #ff0000; font-size: 20px;\"><strong>GWP[675]<\/strong><\/span><\/pre>\n","protected":false},"featured_media":77076,"template":"","meta":[],"product_cat":[232,234],"product_tag":[],"acf":{"ai_note":""},"yoast_head":"<!-- This site is optimized with the Yoast SEO plugin v20.2 - https:\/\/yoast.com\/wordpress\/plugins\/seo\/ -->\n<title>RECONDITIONED Gasflasche R32 9 kg Ventil W21.7\u00d71\/14 SX | Refrigerant Boys<\/title>\n<meta name=\"description\" content=\"Wenn Sie auf der Suche nach einer R32-Gasflasche mit einem Fassungsverm\u00f6gen von 9 kg sind, sind Sie hier genau richtig! Refrigerant Boys bietet eine gro\u00dfe Auswahl an hochwertigen K\u00e4ltemitteln, die Ihren Anforderungen entsprechen.\" \/>\n<meta name=\"robots\" content=\"index, follow, max-snippet:-1, max-image-preview:large, max-video-preview:-1\" \/>\n<link rel=\"canonical\" href=\"https:\/\/dev.refrigerantboys.com\/de\/kaufen\/kaeltemittelgase\/r32\/bombola-ricondizionata-gas-r32-9-kg-valvola-w217x1-14-sx\/\" \/>\n<meta property=\"og:locale\" content=\"de_DE\" \/>\n<meta property=\"og:type\" content=\"article\" \/>\n<meta property=\"og:title\" content=\"RECONDITIONED Gasflasche R32 9 kg Ventil W21.7\u00d71\/14 SX | Refrigerant Boys\" \/>\n<meta property=\"og:description\" content=\"Wenn Sie auf der Suche nach einer R32-Gasflasche mit einem Fassungsverm\u00f6gen von 9 kg sind, sind Sie hier genau richtig! Refrigerant Boys bietet eine gro\u00dfe Auswahl an hochwertigen K\u00e4ltemitteln, die Ihren Anforderungen entsprechen.\" \/>\n<meta property=\"og:url\" content=\"https:\/\/dev.refrigerantboys.com\/de\/kaufen\/kaeltemittelgase\/r32\/bombola-ricondizionata-gas-r32-9-kg-valvola-w217x1-14-sx\/\" \/>\n<meta property=\"og:site_name\" content=\"Refrigerant Boys\" \/>\n<meta property=\"article:modified_time\" content=\"2025-11-25T12:41:22+00:00\" \/>\n<meta property=\"og:image\" content=\"https:\/\/dev.refrigerantboys.com\/wp-content\/uploads\/2024\/03\/BB32K9U-1.png\" \/>\n\t<meta property=\"og:image:width\" content=\"330\" \/>\n\t<meta property=\"og:image:height\" content=\"664\" \/>\n\t<meta property=\"og:image:type\" content=\"image\/png\" \/>\n<meta name=\"twitter:card\" content=\"summary_large_image\" \/>\n<meta name=\"twitter:label1\" content=\"Gesch\u00e4tzte Lesezeit\" \/>\n\t<meta name=\"twitter:data1\" content=\"2\u00a0Minuten\" \/>\n<script type=\"application\/ld+json\" class=\"yoast-schema-graph\">{\"@context\":\"https:\/\/schema.org\",\"@graph\":[{\"@type\":\"WebPage\",\"@id\":\"https:\/\/dev.refrigerantboys.com\/de\/kaufen\/kaeltemittelgase\/r32\/bombola-ricondizionata-gas-r32-9-kg-valvola-w217x1-14-sx\/\",\"url\":\"https:\/\/dev.refrigerantboys.com\/de\/kaufen\/kaeltemittelgase\/r32\/bombola-ricondizionata-gas-r32-9-kg-valvola-w217x1-14-sx\/\",\"name\":\"RECONDITIONED Gasflasche R32 9 kg Ventil W21.7\u00d71\/14 SX | Refrigerant Boys\",\"isPartOf\":{\"@id\":\"https:\/\/dev.refrigerantboys.com\/de\/#website\"},\"datePublished\":\"2024-03-19T10:26:46+00:00\",\"dateModified\":\"2025-11-25T12:41:22+00:00\",\"description\":\"Wenn Sie auf der Suche nach einer R32-Gasflasche mit einem Fassungsverm\u00f6gen von 9 kg sind, sind Sie hier genau richtig! Refrigerant Boys bietet eine gro\u00dfe Auswahl an hochwertigen K\u00e4ltemitteln, die Ihren Anforderungen entsprechen.\",\"breadcrumb\":{\"@id\":\"https:\/\/dev.refrigerantboys.com\/de\/kaufen\/kaeltemittelgase\/r32\/bombola-ricondizionata-gas-r32-9-kg-valvola-w217x1-14-sx\/#breadcrumb\"},\"inLanguage\":\"de\",\"potentialAction\":[{\"@type\":\"ReadAction\",\"target\":[\"https:\/\/dev.refrigerantboys.com\/de\/kaufen\/kaeltemittelgase\/r32\/bombola-ricondizionata-gas-r32-9-kg-valvola-w217x1-14-sx\/\"]}]},{\"@type\":\"BreadcrumbList\",\"@id\":\"https:\/\/dev.refrigerantboys.com\/de\/kaufen\/kaeltemittelgase\/r32\/bombola-ricondizionata-gas-r32-9-kg-valvola-w217x1-14-sx\/#breadcrumb\",\"itemListElement\":[{\"@type\":\"ListItem\",\"position\":1,\"name\":\"Home\",\"item\":\"https:\/\/dev.refrigerantboys.com\/de\/\"},{\"@type\":\"ListItem\",\"position\":2,\"name\":\"Gesch\u00e4ft\",\"item\":\"https:\/\/dev.refrigerantboys.com\/de\/geschaeft\/\"},{\"@type\":\"ListItem\",\"position\":3,\"name\":\"RECONDITIONED Gasflasche R32 9 kg Ventil W21.7\u00d71\/14 SX\"}]},{\"@type\":\"WebSite\",\"@id\":\"https:\/\/dev.refrigerantboys.com\/de\/#website\",\"url\":\"https:\/\/dev.refrigerantboys.com\/de\/\",\"name\":\"Refrigerant Boys\",\"description\":\"Vendita gas refrigeranti\",\"potentialAction\":[{\"@type\":\"SearchAction\",\"target\":{\"@type\":\"EntryPoint\",\"urlTemplate\":\"https:\/\/dev.refrigerantboys.com\/de\/?s={search_term_string}\"},\"query-input\":\"required name=search_term_string\"}],\"inLanguage\":\"de\"}]}<\/script>\n<!-- \/ Yoast SEO plugin. -->","yoast_head_json":{"title":"RECONDITIONED Gasflasche R32 9 kg Ventil W21.7\u00d71\/14 SX | Refrigerant Boys","description":"Wenn Sie auf der Suche nach einer R32-Gasflasche mit einem Fassungsverm\u00f6gen von 9 kg sind, sind Sie hier genau richtig! Refrigerant Boys bietet eine gro\u00dfe Auswahl an hochwertigen K\u00e4ltemitteln, die Ihren Anforderungen entsprechen.","robots":{"index":"index","follow":"follow","max-snippet":"max-snippet:-1","max-image-preview":"max-image-preview:large","max-video-preview":"max-video-preview:-1"},"canonical":"https:\/\/dev.refrigerantboys.com\/de\/kaufen\/kaeltemittelgase\/r32\/bombola-ricondizionata-gas-r32-9-kg-valvola-w217x1-14-sx\/","og_locale":"de_DE","og_type":"article","og_title":"RECONDITIONED Gasflasche R32 9 kg Ventil W21.7\u00d71\/14 SX | Refrigerant Boys","og_description":"Wenn Sie auf der Suche nach einer R32-Gasflasche mit einem Fassungsverm\u00f6gen von 9 kg sind, sind Sie hier genau richtig! Refrigerant Boys bietet eine gro\u00dfe Auswahl an hochwertigen K\u00e4ltemitteln, die Ihren Anforderungen entsprechen.","og_url":"https:\/\/dev.refrigerantboys.com\/de\/kaufen\/kaeltemittelgase\/r32\/bombola-ricondizionata-gas-r32-9-kg-valvola-w217x1-14-sx\/","og_site_name":"Refrigerant Boys","article_modified_time":"2025-11-25T12:41:22+00:00","og_image":[{"width":330,"height":664,"url":"https:\/\/dev.refrigerantboys.com\/wp-content\/uploads\/2024\/03\/BB32K9U-1.png","type":"image\/png"}],"twitter_card":"summary_large_image","twitter_misc":{"Gesch\u00e4tzte Lesezeit":"2\u00a0Minuten"},"schema":{"@context":"https:\/\/schema.org","@graph":[{"@type":"WebPage","@id":"https:\/\/dev.refrigerantboys.com\/de\/kaufen\/kaeltemittelgase\/r32\/bombola-ricondizionata-gas-r32-9-kg-valvola-w217x1-14-sx\/","url":"https:\/\/dev.refrigerantboys.com\/de\/kaufen\/kaeltemittelgase\/r32\/bombola-ricondizionata-gas-r32-9-kg-valvola-w217x1-14-sx\/","name":"RECONDITIONED Gasflasche R32 9 kg Ventil W21.7\u00d71\/14 SX | Refrigerant Boys","isPartOf":{"@id":"https:\/\/dev.refrigerantboys.com\/de\/#website"},"datePublished":"2024-03-19T10:26:46+00:00","dateModified":"2025-11-25T12:41:22+00:00","description":"Wenn Sie auf der Suche nach einer R32-Gasflasche mit einem Fassungsverm\u00f6gen von 9 kg sind, sind Sie hier genau richtig! Refrigerant Boys bietet eine gro\u00dfe Auswahl an hochwertigen K\u00e4ltemitteln, die Ihren Anforderungen entsprechen.","breadcrumb":{"@id":"https:\/\/dev.refrigerantboys.com\/de\/kaufen\/kaeltemittelgase\/r32\/bombola-ricondizionata-gas-r32-9-kg-valvola-w217x1-14-sx\/#breadcrumb"},"inLanguage":"de","potentialAction":[{"@type":"ReadAction","target":["https:\/\/dev.refrigerantboys.com\/de\/kaufen\/kaeltemittelgase\/r32\/bombola-ricondizionata-gas-r32-9-kg-valvola-w217x1-14-sx\/"]}]},{"@type":"BreadcrumbList","@id":"https:\/\/dev.refrigerantboys.com\/de\/kaufen\/kaeltemittelgase\/r32\/bombola-ricondizionata-gas-r32-9-kg-valvola-w217x1-14-sx\/#breadcrumb","itemListElement":[{"@type":"ListItem","position":1,"name":"Home","item":"https:\/\/dev.refrigerantboys.com\/de\/"},{"@type":"ListItem","position":2,"name":"Gesch\u00e4ft","item":"https:\/\/dev.refrigerantboys.com\/de\/geschaeft\/"},{"@type":"ListItem","position":3,"name":"RECONDITIONED Gasflasche R32 9 kg Ventil W21.7\u00d71\/14 SX"}]},{"@type":"WebSite","@id":"https:\/\/dev.refrigerantboys.com\/de\/#website","url":"https:\/\/dev.refrigerantboys.com\/de\/","name":"Refrigerant Boys","description":"Vendita gas refrigeranti","potentialAction":[{"@type":"SearchAction","target":{"@type":"EntryPoint","urlTemplate":"https:\/\/dev.refrigerantboys.com\/de\/?s={search_term_string}"},"query-input":"required name=search_term_string"}],"inLanguage":"de"}]}},"_links":{"self":[{"href":"https:\/\/dev.refrigerantboys.com\/de\/wp-json\/wp\/v2\/product\/77065"}],"collection":[{"href":"https:\/\/dev.refrigerantboys.com\/de\/wp-json\/wp\/v2\/product"}],"about":[{"href":"https:\/\/dev.refrigerantboys.com\/de\/wp-json\/wp\/v2\/types\/product"}],"wp:featuredmedia":[{"embeddable":true,"href":"https:\/\/dev.refrigerantboys.com\/de\/wp-json\/wp\/v2\/media\/77076"}],"wp:attachment":[{"href":"https:\/\/dev.refrigerantboys.com\/de\/wp-json\/wp\/v2\/media?parent=77065"}],"wp:term":[{"taxonomy":"product_cat","embeddable":true,"href":"https:\/\/dev.refrigerantboys.com\/de\/wp-json\/wp\/v2\/product_cat?post=77065"},{"taxonomy":"product_tag","embeddable":true,"href":"https:\/\/dev.refrigerantboys.com\/de\/wp-json\/wp\/v2\/product_tag?post=77065"}],"curies":[{"name":"wp","href":"https:\/\/api.w.org\/{rel}","templated":true}]}}