{"id":76505,"date":"2024-02-21T12:52:07","date_gmt":"2024-02-21T11:52:08","guid":{"rendered":"https:\/\/dev.refrigerantboys.com\/?post_type=product&#038;p=76505"},"modified":"2025-03-17T11:07:04","modified_gmt":"2025-03-17T10:07:04","slug":"bombola-con-10-kg-di-gas-r513a-valvola-1-4-sae","status":"publish","type":"product","link":"https:\/\/dev.refrigerantboys.com\/de\/kaufen\/kaeltemittelgase\/r134a\/bombola-con-10-kg-di-gas-r513a-valvola-1-4-sae\/","title":{"rendered":"Gasflasche mit 10 kg R513A-Gasventil 1\/4 SAE"},"content":{"rendered":"<p>Wenn Sie eine <strong>R513A-Gasflasche<\/strong> suchen <span style=\"color: #339966;\"><strong>(GWP 572) <\/strong><\/span>mit einem Fassungsverm\u00f6gen von 10 kg suchen, sind Sie hier genau richtig! Refrigerant Boys bietet eine gro\u00dfe Auswahl an hochwertigen K\u00e4ltemitteln, die Ihren Anforderungen entsprechen. Unsere 10-kg-Gasflasche mit <strong>R513A<\/strong> ist ideal f\u00fcr den Einsatz in Wohn- und Gewerbek\u00e4lteanlagen, zentrifugalen Wasserk\u00fchlmaschinen (Chillern) und Mitteltemperaturkreisl\u00e4ufen mit \u00e4hnlichen Eigenschaften und Leistungen, jedoch mit einem deutlich niedrigeren Treibhauspotenzial als <span style=\"color: #ff0000;\"><strong>R134a (GWP 1.430)<\/strong> <\/span>. Wir wissen, wie wichtig zuverl\u00e4ssige Produkte sind, die den geltenden Vorschriften entsprechen. Deshalb k\u00f6nnen Sie sich darauf verlassen, dass unsere R513A-Gasflaschen optimale Leistung und maximale Sicherheit bieten. Kaufen Sie noch heute Ihre 10 kg R513A-Gasflasche bei Refrigerant Boys und finden Sie heraus, warum wir die bevorzugte Wahl von Profis sind.<\/p>\n","protected":false},"excerpt":{"rendered":"<p style=\"text-align: center;\"><span style=\"color: #ff0000;\"><strong>Die alternative L\u00f6sung mit niedrigem Treibhausgasverbrauch <u>in der gewerblichen und industriellen K\u00fchlung<\/u><\/strong><br \/>\n<\/span><\/p>\n<p><strong>K\u00e4ltemittelgas R513A in 10 kg T-PED \/ EN 13322-1 zugelassener nachf\u00fcllbarer Flasche Ventil 1\/4\u2033 SAE) UN 1078<\/strong><\/p>\n<p><strong><span class=\"hps\">PREIS EINSCHLIESSLICH DER FLASCHE, DIE IHR EIGENTUM BLEIBT &#8211; <a href=\"https:\/\/dev.refrigerantboys.com\/de\/wiederbefuellung-von-kaeltemittelgasflaschen\/\">NACHF\u00dcLLEN DER FLASCHE<\/a><\/span><br \/>\n<\/strong><\/p>\n<p><span style=\"color: #ff0000; font-size: 20px;\"><br \/>\n<strong> GWP[572]<\/strong><br \/>\n<\/span><\/p>\n","protected":false},"featured_media":76533,"template":"","meta":[],"product_cat":[232,231,367],"product_tag":[],"acf":{"ai_note":""},"yoast_head":"<!-- This site is optimized with the Yoast SEO plugin v20.2 - https:\/\/yoast.com\/wordpress\/plugins\/seo\/ -->\n<title>Gasflasche mit 10 kg R513A-Gasventil 1\/4 SAE | Refrigerant Boys<\/title>\n<meta name=\"description\" content=\"Die alternative L\u00f6sung mit niedrigem Treibhausgasverbrauch in der gewerblichen und industriellen K\u00fchlung  K\u00e4ltemittelgas R513A in 10 kg T-PED \/ EN 13322-1 zugelassener nachf\u00fcllbarer Flasche Ventil 1\/4\u2033 SAE) UN 1078  PREIS EINSCHLIESSLICH DER FLASCHE, DIE IHR EIGENTUM BLEIBT - NACHF\u00dcLLEN DER FLASCHE     GWP\" \/>\n<meta name=\"robots\" content=\"index, follow, max-snippet:-1, max-image-preview:large, max-video-preview:-1\" \/>\n<link rel=\"canonical\" href=\"https:\/\/dev.refrigerantboys.com\/de\/kaufen\/kaeltemittelgase\/r134a\/bombola-con-10-kg-di-gas-r513a-valvola-1-4-sae\/\" \/>\n<meta property=\"og:locale\" content=\"de_DE\" \/>\n<meta property=\"og:type\" content=\"article\" \/>\n<meta property=\"og:title\" content=\"Gasflasche mit 10 kg R513A-Gasventil 1\/4 SAE | Refrigerant Boys\" \/>\n<meta property=\"og:description\" content=\"Die alternative L\u00f6sung mit niedrigem Treibhausgasverbrauch in der gewerblichen und industriellen K\u00fchlung  K\u00e4ltemittelgas R513A in 10 kg T-PED \/ EN 13322-1 zugelassener nachf\u00fcllbarer Flasche Ventil 1\/4\u2033 SAE) UN 1078  PREIS EINSCHLIESSLICH DER FLASCHE, DIE IHR EIGENTUM BLEIBT - NACHF\u00dcLLEN DER FLASCHE     GWP\" \/>\n<meta property=\"og:url\" content=\"https:\/\/dev.refrigerantboys.com\/de\/kaufen\/kaeltemittelgase\/r134a\/bombola-con-10-kg-di-gas-r513a-valvola-1-4-sae\/\" \/>\n<meta property=\"og:site_name\" content=\"Refrigerant Boys\" \/>\n<meta property=\"article:modified_time\" content=\"2025-03-17T10:07:04+00:00\" \/>\n<meta property=\"og:image\" content=\"https:\/\/dev.refrigerantboys.com\/wp-content\/uploads\/2024\/02\/R513A-3.png\" \/>\n\t<meta property=\"og:image:width\" content=\"329\" \/>\n\t<meta property=\"og:image:height\" content=\"445\" \/>\n\t<meta property=\"og:image:type\" content=\"image\/png\" \/>\n<meta name=\"twitter:card\" content=\"summary_large_image\" \/>\n<meta name=\"twitter:label1\" content=\"Gesch\u00e4tzte Lesezeit\" \/>\n\t<meta name=\"twitter:data1\" content=\"1\u00a0Minute\" \/>\n<script type=\"application\/ld+json\" class=\"yoast-schema-graph\">{\"@context\":\"https:\/\/schema.org\",\"@graph\":[{\"@type\":\"WebPage\",\"@id\":\"https:\/\/dev.refrigerantboys.com\/de\/kaufen\/kaeltemittelgase\/r134a\/bombola-con-10-kg-di-gas-r513a-valvola-1-4-sae\/\",\"url\":\"https:\/\/dev.refrigerantboys.com\/de\/kaufen\/kaeltemittelgase\/r134a\/bombola-con-10-kg-di-gas-r513a-valvola-1-4-sae\/\",\"name\":\"Gasflasche mit 10 kg R513A-Gasventil 1\/4 SAE | Refrigerant Boys\",\"isPartOf\":{\"@id\":\"https:\/\/dev.refrigerantboys.com\/de\/#website\"},\"datePublished\":\"2024-02-21T11:52:08+00:00\",\"dateModified\":\"2025-03-17T10:07:04+00:00\",\"description\":\"Die alternative L\u00f6sung mit niedrigem Treibhausgasverbrauch in der gewerblichen und industriellen K\u00fchlung K\u00e4ltemittelgas R513A in 10 kg T-PED \/ EN 13322-1 zugelassener nachf\u00fcllbarer Flasche Ventil 1\/4\u2033 SAE) UN 1078 PREIS EINSCHLIESSLICH DER FLASCHE, DIE IHR EIGENTUM BLEIBT - NACHF\u00dcLLEN DER FLASCHE GWP\",\"breadcrumb\":{\"@id\":\"https:\/\/dev.refrigerantboys.com\/de\/kaufen\/kaeltemittelgase\/r134a\/bombola-con-10-kg-di-gas-r513a-valvola-1-4-sae\/#breadcrumb\"},\"inLanguage\":\"de\",\"potentialAction\":[{\"@type\":\"ReadAction\",\"target\":[\"https:\/\/dev.refrigerantboys.com\/de\/kaufen\/kaeltemittelgase\/r134a\/bombola-con-10-kg-di-gas-r513a-valvola-1-4-sae\/\"]}]},{\"@type\":\"BreadcrumbList\",\"@id\":\"https:\/\/dev.refrigerantboys.com\/de\/kaufen\/kaeltemittelgase\/r134a\/bombola-con-10-kg-di-gas-r513a-valvola-1-4-sae\/#breadcrumb\",\"itemListElement\":[{\"@type\":\"ListItem\",\"position\":1,\"name\":\"Home\",\"item\":\"https:\/\/dev.refrigerantboys.com\/de\/\"},{\"@type\":\"ListItem\",\"position\":2,\"name\":\"Gesch\u00e4ft\",\"item\":\"https:\/\/dev.refrigerantboys.com\/de\/geschaeft\/\"},{\"@type\":\"ListItem\",\"position\":3,\"name\":\"Gasflasche mit 10 kg R513A-Gasventil 1\/4 SAE\"}]},{\"@type\":\"WebSite\",\"@id\":\"https:\/\/dev.refrigerantboys.com\/de\/#website\",\"url\":\"https:\/\/dev.refrigerantboys.com\/de\/\",\"name\":\"Refrigerant Boys\",\"description\":\"Vendita gas refrigeranti\",\"potentialAction\":[{\"@type\":\"SearchAction\",\"target\":{\"@type\":\"EntryPoint\",\"urlTemplate\":\"https:\/\/dev.refrigerantboys.com\/de\/?s={search_term_string}\"},\"query-input\":\"required name=search_term_string\"}],\"inLanguage\":\"de\"}]}<\/script>\n<!-- \/ Yoast SEO plugin. -->","yoast_head_json":{"title":"Gasflasche mit 10 kg R513A-Gasventil 1\/4 SAE | Refrigerant Boys","description":"Die alternative L\u00f6sung mit niedrigem Treibhausgasverbrauch in der gewerblichen und industriellen K\u00fchlung  K\u00e4ltemittelgas R513A in 10 kg T-PED \/ EN 13322-1 zugelassener nachf\u00fcllbarer Flasche Ventil 1\/4\u2033 SAE) UN 1078  PREIS EINSCHLIESSLICH DER FLASCHE, DIE IHR EIGENTUM BLEIBT - NACHF\u00dcLLEN DER FLASCHE     GWP","robots":{"index":"index","follow":"follow","max-snippet":"max-snippet:-1","max-image-preview":"max-image-preview:large","max-video-preview":"max-video-preview:-1"},"canonical":"https:\/\/dev.refrigerantboys.com\/de\/kaufen\/kaeltemittelgase\/r134a\/bombola-con-10-kg-di-gas-r513a-valvola-1-4-sae\/","og_locale":"de_DE","og_type":"article","og_title":"Gasflasche mit 10 kg R513A-Gasventil 1\/4 SAE | Refrigerant Boys","og_description":"Die alternative L\u00f6sung mit niedrigem Treibhausgasverbrauch in der gewerblichen und industriellen K\u00fchlung  K\u00e4ltemittelgas R513A in 10 kg T-PED \/ EN 13322-1 zugelassener nachf\u00fcllbarer Flasche Ventil 1\/4\u2033 SAE) UN 1078  PREIS EINSCHLIESSLICH DER FLASCHE, DIE IHR EIGENTUM BLEIBT - NACHF\u00dcLLEN DER FLASCHE     GWP","og_url":"https:\/\/dev.refrigerantboys.com\/de\/kaufen\/kaeltemittelgase\/r134a\/bombola-con-10-kg-di-gas-r513a-valvola-1-4-sae\/","og_site_name":"Refrigerant Boys","article_modified_time":"2025-03-17T10:07:04+00:00","og_image":[{"width":329,"height":445,"url":"https:\/\/dev.refrigerantboys.com\/wp-content\/uploads\/2024\/02\/R513A-3.png","type":"image\/png"}],"twitter_card":"summary_large_image","twitter_misc":{"Gesch\u00e4tzte Lesezeit":"1\u00a0Minute"},"schema":{"@context":"https:\/\/schema.org","@graph":[{"@type":"WebPage","@id":"https:\/\/dev.refrigerantboys.com\/de\/kaufen\/kaeltemittelgase\/r134a\/bombola-con-10-kg-di-gas-r513a-valvola-1-4-sae\/","url":"https:\/\/dev.refrigerantboys.com\/de\/kaufen\/kaeltemittelgase\/r134a\/bombola-con-10-kg-di-gas-r513a-valvola-1-4-sae\/","name":"Gasflasche mit 10 kg R513A-Gasventil 1\/4 SAE | Refrigerant Boys","isPartOf":{"@id":"https:\/\/dev.refrigerantboys.com\/de\/#website"},"datePublished":"2024-02-21T11:52:08+00:00","dateModified":"2025-03-17T10:07:04+00:00","description":"Die alternative L\u00f6sung mit niedrigem Treibhausgasverbrauch in der gewerblichen und industriellen K\u00fchlung K\u00e4ltemittelgas R513A in 10 kg T-PED \/ EN 13322-1 zugelassener nachf\u00fcllbarer Flasche Ventil 1\/4\u2033 SAE) UN 1078 PREIS EINSCHLIESSLICH DER FLASCHE, DIE IHR EIGENTUM BLEIBT - NACHF\u00dcLLEN DER FLASCHE GWP","breadcrumb":{"@id":"https:\/\/dev.refrigerantboys.com\/de\/kaufen\/kaeltemittelgase\/r134a\/bombola-con-10-kg-di-gas-r513a-valvola-1-4-sae\/#breadcrumb"},"inLanguage":"de","potentialAction":[{"@type":"ReadAction","target":["https:\/\/dev.refrigerantboys.com\/de\/kaufen\/kaeltemittelgase\/r134a\/bombola-con-10-kg-di-gas-r513a-valvola-1-4-sae\/"]}]},{"@type":"BreadcrumbList","@id":"https:\/\/dev.refrigerantboys.com\/de\/kaufen\/kaeltemittelgase\/r134a\/bombola-con-10-kg-di-gas-r513a-valvola-1-4-sae\/#breadcrumb","itemListElement":[{"@type":"ListItem","position":1,"name":"Home","item":"https:\/\/dev.refrigerantboys.com\/de\/"},{"@type":"ListItem","position":2,"name":"Gesch\u00e4ft","item":"https:\/\/dev.refrigerantboys.com\/de\/geschaeft\/"},{"@type":"ListItem","position":3,"name":"Gasflasche mit 10 kg R513A-Gasventil 1\/4 SAE"}]},{"@type":"WebSite","@id":"https:\/\/dev.refrigerantboys.com\/de\/#website","url":"https:\/\/dev.refrigerantboys.com\/de\/","name":"Refrigerant Boys","description":"Vendita gas refrigeranti","potentialAction":[{"@type":"SearchAction","target":{"@type":"EntryPoint","urlTemplate":"https:\/\/dev.refrigerantboys.com\/de\/?s={search_term_string}"},"query-input":"required name=search_term_string"}],"inLanguage":"de"}]}},"_links":{"self":[{"href":"https:\/\/dev.refrigerantboys.com\/de\/wp-json\/wp\/v2\/product\/76505"}],"collection":[{"href":"https:\/\/dev.refrigerantboys.com\/de\/wp-json\/wp\/v2\/product"}],"about":[{"href":"https:\/\/dev.refrigerantboys.com\/de\/wp-json\/wp\/v2\/types\/product"}],"wp:featuredmedia":[{"embeddable":true,"href":"https:\/\/dev.refrigerantboys.com\/de\/wp-json\/wp\/v2\/media\/76533"}],"wp:attachment":[{"href":"https:\/\/dev.refrigerantboys.com\/de\/wp-json\/wp\/v2\/media?parent=76505"}],"wp:term":[{"taxonomy":"product_cat","embeddable":true,"href":"https:\/\/dev.refrigerantboys.com\/de\/wp-json\/wp\/v2\/product_cat?post=76505"},{"taxonomy":"product_tag","embeddable":true,"href":"https:\/\/dev.refrigerantboys.com\/de\/wp-json\/wp\/v2\/product_tag?post=76505"}],"curies":[{"name":"wp","href":"https:\/\/api.w.org\/{rel}","templated":true}]}}