{"id":68322,"date":"2023-05-10T11:15:18","date_gmt":"2023-05-10T09:15:18","guid":{"rendered":"https:\/\/dev.refrigerantboys.com\/?post_type=product&#038;p=68322"},"modified":"2023-05-23T14:52:05","modified_gmt":"2023-05-23T12:52:05","slug":"gas-refrigerante-r456a-in-bombola-con-5-kg-valvola-1-4","status":"publish","type":"product","link":"https:\/\/dev.refrigerantboys.com\/de\/kaufen\/kaeltemittelgase\/r134a\/gas-refrigerante-r456a-in-bombola-con-5-kg-valvola-1-4\/","title":{"rendered":"K\u00e4ltemittelgas R456A in Flasche mit 5 kg 1\/4 Ventil"},"content":{"rendered":"<p><img decoding=\"async\" loading=\"lazy\" class=\"alignnone wp-image-68248\" src=\"https:\/\/dev.refrigerantboys.com\/wp-content\/uploads\/2023\/04\/FOTO-R456-800x344.png\" alt=\"\" width=\"693\" height=\"298\" srcset=\"https:\/\/dev.refrigerantboys.com\/wp-content\/uploads\/2023\/04\/FOTO-R456-640x275.png 640w, https:\/\/dev.refrigerantboys.com\/wp-content\/uploads\/2023\/04\/FOTO-R456-400x172.png 400w, https:\/\/dev.refrigerantboys.com\/wp-content\/uploads\/2023\/04\/FOTO-R456-600x258.png 600w\" sizes=\"(max-width: 693px) 100vw, 693px\" \/><\/p>\n<p><a href=\"https:\/\/dev.refrigerantboys.com\/wp-content\/uploads\/2023\/04\/KLEA-R-456A-SERVICE-EQUIP-CONVERSION-GUIDE.pdf\">LEA-R-456A-SERVICE-EQUIP-UMBAU-LEITFADEN<\/a><\/p>\n<p><a href=\"https:\/\/dev.refrigerantboys.com\/wp-content\/uploads\/2023\/04\/KLEA-R-456A-VEHICLE-CONVERSION-GUIDE.pdf\">KLEA-R-456A-FAHRZEUG-UMBAU-LEITFADEN<\/a><\/p>\n<p><a href=\"https:\/\/dev.refrigerantboys.com\/wp-content\/uploads\/2023\/04\/KLEA-R-456A-VEHICLE-SERVICE-GUIDE.pdf\">KLEA-R-456A-FAHRZEUG-SERVICE-LEITFADEN<\/a><\/p>\n<p><a href=\"https:\/\/dev.refrigerantboys.com\/wp-content\/uploads\/2023\/04\/Texa-Certification.pdf\">Texa ZERTIFIZIERUNG<\/a><\/p>\n<p><a href=\"https:\/\/dev.refrigerantboys.com\/wp-content\/uploads\/2023\/04\/Klea-456A_ITALIAN_SDS-2.pdf\">Klea 456A_ITALIEN_SDS<\/a><\/p>\n","protected":false},"excerpt":{"rendered":"<p style=\"text-align: center;\"><span style=\"color: #ff0000;\"><strong>Die alternative L\u00f6sung f\u00fcr den Bereich der Fahrzeugklimatisierung<\/strong><\/span><\/p>\n<p><span style=\"color: #282828;\"><strong>Nachf\u00fcllbarer K\u00e4ltemittelzylinder R456A 5 kg T-PED \/ EN 13322-1 f\u00fcr Wartung \/ Fahrzeugbef\u00fcllung (Ventil 1\/4&#8243; SAE) <\/strong><\/span><\/p>\n<p>R456A mit einem *<span style=\"color: #339966;\"><strong>GWP 687<\/strong><\/span>* macht dieses neue K\u00e4ltemittelgas zu einer wichtigen Alternative zu R134a *<span style=\"color: #ff0000;\"><strong>GWP 1.430<\/strong><\/span>* im <strong>Automobilsektor<\/strong> verwendet<\/p>\n<ul>\n<li>Erfordert keine \u00d6lwechsel oder andere Modifikationen<\/li>\n<li>Es kann zus\u00e4tzlich zur bestehenden R134a-Ladung aufgeladen werden.<\/li>\n<li>\u00dcber 50%ige Reduzierung des GWP<\/li>\n<li>Nicht entflammbar<\/li>\n<\/ul>\n<p><span style=\"color: #339966;\"><strong><span class=\"hps\">PREIS EINSCHLIESSLICH ZYLINDER, DER IHR EIGENTUM BLEIBT<\/span><\/strong><\/span><\/p>\n<h4 style=\"text-align: center;\"><\/h4>\n","protected":false},"featured_media":68723,"template":"","meta":[],"product_cat":[232,231,322],"product_tag":[],"acf":{"ai_note":""},"yoast_head":"<!-- This site is optimized with the Yoast SEO plugin v20.2 - https:\/\/yoast.com\/wordpress\/plugins\/seo\/ -->\n<title>K\u00e4ltemittelgas R456A in Flasche mit 5 kg 1\/4 Ventil | Refrigerant Boys<\/title>\n<meta name=\"description\" content=\"Die alternative L\u00f6sung f\u00fcr den Bereich der Fahrzeugklimatisierung Nachf\u00fcllbarer K\u00e4ltemittelzylinder R456A 5 kg T-PED \/ EN 13322-1 f\u00fcr Wartung \/ Fahrzeugbef\u00fcllung (Ventil 1\/4&quot; SAE)   R456A mit einem *GWP 687* macht dieses neue K\u00e4ltemittelgas zu einer wichtigen Alternative zu R134a *GWP 1.430* im Automobilsektor verwendet   Erfordert keine \u00d6lwechsel oder andere Modifikationen  Es kann zus\u00e4tzlich zur bestehenden R134a-Ladung aufgeladen werden.  \u00dcber 50%ige Reduzierung des GWP  Nicht entflammbar  PREIS EINSCHLIESSLICH ZYLINDER, DER IHR EIGENTUM BLEIBT\" \/>\n<meta name=\"robots\" content=\"index, follow, max-snippet:-1, max-image-preview:large, max-video-preview:-1\" \/>\n<link rel=\"canonical\" href=\"https:\/\/dev.refrigerantboys.com\/de\/kaufen\/kaeltemittelgase\/r134a\/gas-refrigerante-r456a-in-bombola-con-5-kg-valvola-1-4\/\" \/>\n<meta property=\"og:locale\" content=\"de_DE\" \/>\n<meta property=\"og:type\" content=\"article\" \/>\n<meta property=\"og:title\" content=\"K\u00e4ltemittelgas R456A in Flasche mit 5 kg 1\/4 Ventil | Refrigerant Boys\" \/>\n<meta property=\"og:description\" content=\"Die alternative L\u00f6sung f\u00fcr den Bereich der Fahrzeugklimatisierung Nachf\u00fcllbarer K\u00e4ltemittelzylinder R456A 5 kg T-PED \/ EN 13322-1 f\u00fcr Wartung \/ Fahrzeugbef\u00fcllung (Ventil 1\/4&quot; SAE)   R456A mit einem *GWP 687* macht dieses neue K\u00e4ltemittelgas zu einer wichtigen Alternative zu R134a *GWP 1.430* im Automobilsektor verwendet   Erfordert keine \u00d6lwechsel oder andere Modifikationen  Es kann zus\u00e4tzlich zur bestehenden R134a-Ladung aufgeladen werden.  \u00dcber 50%ige Reduzierung des GWP  Nicht entflammbar  PREIS EINSCHLIESSLICH ZYLINDER, DER IHR EIGENTUM BLEIBT\" \/>\n<meta property=\"og:url\" content=\"https:\/\/dev.refrigerantboys.com\/de\/kaufen\/kaeltemittelgase\/r134a\/gas-refrigerante-r456a-in-bombola-con-5-kg-valvola-1-4\/\" \/>\n<meta property=\"og:site_name\" content=\"Refrigerant Boys\" \/>\n<meta property=\"article:modified_time\" content=\"2023-05-23T12:52:05+00:00\" \/>\n<meta property=\"og:image\" content=\"https:\/\/dev.refrigerantboys.com\/wp-content\/uploads\/2023\/05\/R456A-5kg-300x344-1.png\" \/>\n\t<meta property=\"og:image:width\" content=\"304\" \/>\n\t<meta property=\"og:image:height\" content=\"349\" \/>\n\t<meta property=\"og:image:type\" content=\"image\/png\" \/>\n<meta name=\"twitter:card\" content=\"summary_large_image\" \/>\n<meta name=\"twitter:label1\" content=\"Gesch\u00e4tzte Lesezeit\" \/>\n\t<meta name=\"twitter:data1\" content=\"1\u00a0Minute\" \/>\n<script type=\"application\/ld+json\" class=\"yoast-schema-graph\">{\"@context\":\"https:\/\/schema.org\",\"@graph\":[{\"@type\":\"WebPage\",\"@id\":\"https:\/\/dev.refrigerantboys.com\/de\/kaufen\/kaeltemittelgase\/r134a\/gas-refrigerante-r456a-in-bombola-con-5-kg-valvola-1-4\/\",\"url\":\"https:\/\/dev.refrigerantboys.com\/de\/kaufen\/kaeltemittelgase\/r134a\/gas-refrigerante-r456a-in-bombola-con-5-kg-valvola-1-4\/\",\"name\":\"K\u00e4ltemittelgas R456A in Flasche mit 5 kg 1\/4 Ventil | Refrigerant Boys\",\"isPartOf\":{\"@id\":\"https:\/\/dev.refrigerantboys.com\/de\/#website\"},\"datePublished\":\"2023-05-10T09:15:18+00:00\",\"dateModified\":\"2023-05-23T12:52:05+00:00\",\"description\":\"Die alternative L\u00f6sung f\u00fcr den Bereich der Fahrzeugklimatisierung Nachf\u00fcllbarer K\u00e4ltemittelzylinder R456A 5 kg T-PED \/ EN 13322-1 f\u00fcr Wartung \/ Fahrzeugbef\u00fcllung (Ventil 1\/4\\\" SAE) R456A mit einem *GWP 687* macht dieses neue K\u00e4ltemittelgas zu einer wichtigen Alternative zu R134a *GWP 1.430* im Automobilsektor verwendet Erfordert keine \u00d6lwechsel oder andere Modifikationen Es kann zus\u00e4tzlich zur bestehenden R134a-Ladung aufgeladen werden. \u00dcber 50%ige Reduzierung des GWP Nicht entflammbar PREIS EINSCHLIESSLICH ZYLINDER, DER IHR EIGENTUM BLEIBT\",\"breadcrumb\":{\"@id\":\"https:\/\/dev.refrigerantboys.com\/de\/kaufen\/kaeltemittelgase\/r134a\/gas-refrigerante-r456a-in-bombola-con-5-kg-valvola-1-4\/#breadcrumb\"},\"inLanguage\":\"de\",\"potentialAction\":[{\"@type\":\"ReadAction\",\"target\":[\"https:\/\/dev.refrigerantboys.com\/de\/kaufen\/kaeltemittelgase\/r134a\/gas-refrigerante-r456a-in-bombola-con-5-kg-valvola-1-4\/\"]}]},{\"@type\":\"BreadcrumbList\",\"@id\":\"https:\/\/dev.refrigerantboys.com\/de\/kaufen\/kaeltemittelgase\/r134a\/gas-refrigerante-r456a-in-bombola-con-5-kg-valvola-1-4\/#breadcrumb\",\"itemListElement\":[{\"@type\":\"ListItem\",\"position\":1,\"name\":\"Home\",\"item\":\"https:\/\/dev.refrigerantboys.com\/de\/\"},{\"@type\":\"ListItem\",\"position\":2,\"name\":\"Gesch\u00e4ft\",\"item\":\"https:\/\/dev.refrigerantboys.com\/de\/geschaeft\/\"},{\"@type\":\"ListItem\",\"position\":3,\"name\":\"K\u00e4ltemittelgas R456A in Flasche mit 5 kg 1\/4 Ventil\"}]},{\"@type\":\"WebSite\",\"@id\":\"https:\/\/dev.refrigerantboys.com\/de\/#website\",\"url\":\"https:\/\/dev.refrigerantboys.com\/de\/\",\"name\":\"Refrigerant Boys\",\"description\":\"Vendita gas refrigeranti\",\"potentialAction\":[{\"@type\":\"SearchAction\",\"target\":{\"@type\":\"EntryPoint\",\"urlTemplate\":\"https:\/\/dev.refrigerantboys.com\/de\/?s={search_term_string}\"},\"query-input\":\"required name=search_term_string\"}],\"inLanguage\":\"de\"}]}<\/script>\n<!-- \/ Yoast SEO plugin. -->","yoast_head_json":{"title":"K\u00e4ltemittelgas R456A in Flasche mit 5 kg 1\/4 Ventil | Refrigerant Boys","description":"Die alternative L\u00f6sung f\u00fcr den Bereich der Fahrzeugklimatisierung Nachf\u00fcllbarer K\u00e4ltemittelzylinder R456A 5 kg T-PED \/ EN 13322-1 f\u00fcr Wartung \/ Fahrzeugbef\u00fcllung (Ventil 1\/4\" SAE)   R456A mit einem *GWP 687* macht dieses neue K\u00e4ltemittelgas zu einer wichtigen Alternative zu R134a *GWP 1.430* im Automobilsektor verwendet   Erfordert keine \u00d6lwechsel oder andere Modifikationen  Es kann zus\u00e4tzlich zur bestehenden R134a-Ladung aufgeladen werden.  \u00dcber 50%ige Reduzierung des GWP  Nicht entflammbar  PREIS EINSCHLIESSLICH ZYLINDER, DER IHR EIGENTUM BLEIBT","robots":{"index":"index","follow":"follow","max-snippet":"max-snippet:-1","max-image-preview":"max-image-preview:large","max-video-preview":"max-video-preview:-1"},"canonical":"https:\/\/dev.refrigerantboys.com\/de\/kaufen\/kaeltemittelgase\/r134a\/gas-refrigerante-r456a-in-bombola-con-5-kg-valvola-1-4\/","og_locale":"de_DE","og_type":"article","og_title":"K\u00e4ltemittelgas R456A in Flasche mit 5 kg 1\/4 Ventil | Refrigerant Boys","og_description":"Die alternative L\u00f6sung f\u00fcr den Bereich der Fahrzeugklimatisierung Nachf\u00fcllbarer K\u00e4ltemittelzylinder R456A 5 kg T-PED \/ EN 13322-1 f\u00fcr Wartung \/ Fahrzeugbef\u00fcllung (Ventil 1\/4\" SAE)   R456A mit einem *GWP 687* macht dieses neue K\u00e4ltemittelgas zu einer wichtigen Alternative zu R134a *GWP 1.430* im Automobilsektor verwendet   Erfordert keine \u00d6lwechsel oder andere Modifikationen  Es kann zus\u00e4tzlich zur bestehenden R134a-Ladung aufgeladen werden.  \u00dcber 50%ige Reduzierung des GWP  Nicht entflammbar  PREIS EINSCHLIESSLICH ZYLINDER, DER IHR EIGENTUM BLEIBT","og_url":"https:\/\/dev.refrigerantboys.com\/de\/kaufen\/kaeltemittelgase\/r134a\/gas-refrigerante-r456a-in-bombola-con-5-kg-valvola-1-4\/","og_site_name":"Refrigerant Boys","article_modified_time":"2023-05-23T12:52:05+00:00","og_image":[{"width":304,"height":349,"url":"https:\/\/dev.refrigerantboys.com\/wp-content\/uploads\/2023\/05\/R456A-5kg-300x344-1.png","type":"image\/png"}],"twitter_card":"summary_large_image","twitter_misc":{"Gesch\u00e4tzte Lesezeit":"1\u00a0Minute"},"schema":{"@context":"https:\/\/schema.org","@graph":[{"@type":"WebPage","@id":"https:\/\/dev.refrigerantboys.com\/de\/kaufen\/kaeltemittelgase\/r134a\/gas-refrigerante-r456a-in-bombola-con-5-kg-valvola-1-4\/","url":"https:\/\/dev.refrigerantboys.com\/de\/kaufen\/kaeltemittelgase\/r134a\/gas-refrigerante-r456a-in-bombola-con-5-kg-valvola-1-4\/","name":"K\u00e4ltemittelgas R456A in Flasche mit 5 kg 1\/4 Ventil | Refrigerant Boys","isPartOf":{"@id":"https:\/\/dev.refrigerantboys.com\/de\/#website"},"datePublished":"2023-05-10T09:15:18+00:00","dateModified":"2023-05-23T12:52:05+00:00","description":"Die alternative L\u00f6sung f\u00fcr den Bereich der Fahrzeugklimatisierung Nachf\u00fcllbarer K\u00e4ltemittelzylinder R456A 5 kg T-PED \/ EN 13322-1 f\u00fcr Wartung \/ Fahrzeugbef\u00fcllung (Ventil 1\/4\" SAE) R456A mit einem *GWP 687* macht dieses neue K\u00e4ltemittelgas zu einer wichtigen Alternative zu R134a *GWP 1.430* im Automobilsektor verwendet Erfordert keine \u00d6lwechsel oder andere Modifikationen Es kann zus\u00e4tzlich zur bestehenden R134a-Ladung aufgeladen werden. \u00dcber 50%ige Reduzierung des GWP Nicht entflammbar PREIS EINSCHLIESSLICH ZYLINDER, DER IHR EIGENTUM BLEIBT","breadcrumb":{"@id":"https:\/\/dev.refrigerantboys.com\/de\/kaufen\/kaeltemittelgase\/r134a\/gas-refrigerante-r456a-in-bombola-con-5-kg-valvola-1-4\/#breadcrumb"},"inLanguage":"de","potentialAction":[{"@type":"ReadAction","target":["https:\/\/dev.refrigerantboys.com\/de\/kaufen\/kaeltemittelgase\/r134a\/gas-refrigerante-r456a-in-bombola-con-5-kg-valvola-1-4\/"]}]},{"@type":"BreadcrumbList","@id":"https:\/\/dev.refrigerantboys.com\/de\/kaufen\/kaeltemittelgase\/r134a\/gas-refrigerante-r456a-in-bombola-con-5-kg-valvola-1-4\/#breadcrumb","itemListElement":[{"@type":"ListItem","position":1,"name":"Home","item":"https:\/\/dev.refrigerantboys.com\/de\/"},{"@type":"ListItem","position":2,"name":"Gesch\u00e4ft","item":"https:\/\/dev.refrigerantboys.com\/de\/geschaeft\/"},{"@type":"ListItem","position":3,"name":"K\u00e4ltemittelgas R456A in Flasche mit 5 kg 1\/4 Ventil"}]},{"@type":"WebSite","@id":"https:\/\/dev.refrigerantboys.com\/de\/#website","url":"https:\/\/dev.refrigerantboys.com\/de\/","name":"Refrigerant Boys","description":"Vendita gas refrigeranti","potentialAction":[{"@type":"SearchAction","target":{"@type":"EntryPoint","urlTemplate":"https:\/\/dev.refrigerantboys.com\/de\/?s={search_term_string}"},"query-input":"required name=search_term_string"}],"inLanguage":"de"}]}},"_links":{"self":[{"href":"https:\/\/dev.refrigerantboys.com\/de\/wp-json\/wp\/v2\/product\/68322"}],"collection":[{"href":"https:\/\/dev.refrigerantboys.com\/de\/wp-json\/wp\/v2\/product"}],"about":[{"href":"https:\/\/dev.refrigerantboys.com\/de\/wp-json\/wp\/v2\/types\/product"}],"wp:featuredmedia":[{"embeddable":true,"href":"https:\/\/dev.refrigerantboys.com\/de\/wp-json\/wp\/v2\/media\/68723"}],"wp:attachment":[{"href":"https:\/\/dev.refrigerantboys.com\/de\/wp-json\/wp\/v2\/media?parent=68322"}],"wp:term":[{"taxonomy":"product_cat","embeddable":true,"href":"https:\/\/dev.refrigerantboys.com\/de\/wp-json\/wp\/v2\/product_cat?post=68322"},{"taxonomy":"product_tag","embeddable":true,"href":"https:\/\/dev.refrigerantboys.com\/de\/wp-json\/wp\/v2\/product_tag?post=68322"}],"curies":[{"name":"wp","href":"https:\/\/api.w.org\/{rel}","templated":true}]}}