{"id":64577,"date":"2022-12-06T13:24:59","date_gmt":"2022-12-06T12:24:59","guid":{"rendered":"https:\/\/dev.refrigerantboys.com\/?post_type=product&#038;p=64577"},"modified":"2025-03-17T12:24:32","modified_gmt":"2025-03-17T11:24:32","slug":"zylinder-fuer-gas-r32-nachfuellung-mit-800-g-1-2%e2%80%b3-acme-links-ventil","status":"publish","type":"product","link":"https:\/\/dev.refrigerantboys.com\/de\/kaufen\/kaeltemittelgase\/r32\/zylinder-fuer-gas-r32-nachfuellung-mit-800-g-1-2%e2%80%b3-acme-links-ventil\/","title":{"rendered":"NACHF\u00dcLL-Flasche f\u00fcr R32-Gas mit 800 g 1\/2\u2033 ACME LINKS-Ventil"},"content":{"rendered":"<p>Unsere R32-Gasnachf\u00fcllflasche verf\u00fcgt \u00fcber ein Fassungsverm\u00f6gen von 800 g und ein 1\/2-Zoll-ACME-Ventil, um eine sichere und zuverl\u00e4ssige Verbindung zu Ihrer Klimaanlage zu gew\u00e4hrleisten. R32-Gas wird aufgrund seiner Energieeffizienz und geringen Umweltbelastung h\u00e4ufig verwendet, und es ist wichtig, eine hochwertige Flasche zum Nachf\u00fcllen zu haben. Unsere Zylinder bestehen aus widerstandsf\u00e4higen Materialien und entsprechen den h\u00f6chsten Sicherheitsstandards. Vertrauen Sie Refrigerant Boys f\u00fcr Ihre R32-Gasnachf\u00fcllflasche und erhalten Sie ein Produkt von h\u00f6chster Qualit\u00e4t.<\/p>\n<p><strong>Anwendungen:<\/strong><\/p>\n<ul>\n<li>R32 weist im Vergleich zu R410A eine gleichwertige Leistung und Energieeffizienz auf.<\/li>\n<li>GWP (Global Warming Potential) deutlich niedriger als R410A.<\/li>\n<li>Der Austausch von Komponenten, Schmiermitteln und Dichtungen ist nicht erforderlich.<\/li>\n<\/ul>\n<p><span style=\"color: #ff0000;\">R32 kann nur in neuen Systemen verwendet werden, die f\u00fcr den Betrieb mit leicht entflammbaren Gasen (Klasse A2L) ausgelegt sind.<\/span><\/p>\n<p><span style=\"color: #ff0000;\">R32 kann nicht als Nachr\u00fcstprodukt f\u00fcr Systeme verwendet werden, die f\u00fcr den Betrieb mit R410A ausgelegt sind. Da R410A-Systeme nicht f\u00fcr den Betrieb mit leicht entflammbaren Gasen ausgelegt sind, besteht die Gefahr einer Besch\u00e4digung des Kompressors.<\/span><\/p>\n<p><span style=\"color: #ff0000;\"><strong>NUR MIT MANOMETER VON NEVADA VERWENDEN<\/strong><\/span><br \/>\n<strong>Es ist ein Produkt mit niedrigem GWP, das in Klimaanlagen \/ Klimaanlagen der neuen Generation verwendet wird. Es wurde als Ersatz f\u00fcr R410A-Gas geboren.<\/strong><\/p>\n","protected":false},"excerpt":{"rendered":"<p><span style=\"color: #000000;\">K\u00e4ltemittelgas R32 800-g-Zylinder zum REFILL-zertifizierten T-PED \/ EN 13322-1. Ventil 1\/2\u2033 ACME LINKS UN 3252<\/span><\/p>\n<pre><span style=\"color: #ff0000; font-size: 20px;\"><strong>GWP[675]<\/strong><\/span><\/pre>\n<p><iframe loading=\"lazy\" title=\"YouTube video player\" src=\"https:\/\/www.youtube.com\/embed\/PS9l_nqjaQs\" width=\"300\" height=\"215\" frameborder=\"0\" allowfullscreen=\"allowfullscreen\"><\/iframe><\/p>\n","protected":false},"featured_media":64589,"template":"","meta":[],"product_cat":[232,234],"product_tag":[],"acf":{"ai_note":""},"yoast_head":"<!-- This site is optimized with the Yoast SEO plugin v20.2 - https:\/\/yoast.com\/wordpress\/plugins\/seo\/ -->\n<title>NACHF\u00dcLL-Flasche f\u00fcr R32-Gas mit 800 g 1\/2\u2033 ACME LINKS-Ventil | Refrigerant Boys<\/title>\n<meta name=\"description\" content=\"Unsere R32-Gasnachf\u00fcllflasche verf\u00fcgt \u00fcber ein Fassungsverm\u00f6gen von 800 g und ein 1\/2-Zoll-ACME-Ventil, um eine sichere und zuverl\u00e4ssige Verbindung zu Ihrer Klimaanlage zu gew\u00e4hrleisten.\" \/>\n<meta name=\"robots\" content=\"index, follow, max-snippet:-1, max-image-preview:large, max-video-preview:-1\" \/>\n<link rel=\"canonical\" href=\"https:\/\/dev.refrigerantboys.com\/de\/kaufen\/kaeltemittelgase\/r32\/zylinder-fuer-gas-r32-nachfuellung-mit-800-g-1-2%e2%80%b3-acme-links-ventil\/\" \/>\n<meta property=\"og:locale\" content=\"de_DE\" \/>\n<meta property=\"og:type\" content=\"article\" \/>\n<meta property=\"og:title\" content=\"NACHF\u00dcLL-Flasche f\u00fcr R32-Gas mit 800 g 1\/2\u2033 ACME LINKS-Ventil | Refrigerant Boys\" \/>\n<meta property=\"og:description\" content=\"Unsere R32-Gasnachf\u00fcllflasche verf\u00fcgt \u00fcber ein Fassungsverm\u00f6gen von 800 g und ein 1\/2-Zoll-ACME-Ventil, um eine sichere und zuverl\u00e4ssige Verbindung zu Ihrer Klimaanlage zu gew\u00e4hrleisten.\" \/>\n<meta property=\"og:url\" content=\"https:\/\/dev.refrigerantboys.com\/de\/kaufen\/kaeltemittelgase\/r32\/zylinder-fuer-gas-r32-nachfuellung-mit-800-g-1-2%e2%80%b3-acme-links-ventil\/\" \/>\n<meta property=\"og:site_name\" content=\"Refrigerant Boys\" \/>\n<meta property=\"article:modified_time\" content=\"2025-03-17T11:24:32+00:00\" \/>\n<meta property=\"og:image\" content=\"https:\/\/dev.refrigerantboys.com\/wp-content\/uploads\/2022\/12\/r32-1r-1.png\" \/>\n\t<meta property=\"og:image:width\" content=\"1350\" \/>\n\t<meta property=\"og:image:height\" content=\"3027\" \/>\n\t<meta property=\"og:image:type\" content=\"image\/png\" \/>\n<meta name=\"twitter:card\" content=\"summary_large_image\" \/>\n<meta name=\"twitter:label1\" content=\"Gesch\u00e4tzte Lesezeit\" \/>\n\t<meta name=\"twitter:data1\" content=\"1\u00a0Minute\" \/>\n<script type=\"application\/ld+json\" class=\"yoast-schema-graph\">{\"@context\":\"https:\/\/schema.org\",\"@graph\":[{\"@type\":\"WebPage\",\"@id\":\"https:\/\/dev.refrigerantboys.com\/de\/kaufen\/kaeltemittelgase\/r32\/zylinder-fuer-gas-r32-nachfuellung-mit-800-g-1-2%e2%80%b3-acme-links-ventil\/\",\"url\":\"https:\/\/dev.refrigerantboys.com\/de\/kaufen\/kaeltemittelgase\/r32\/zylinder-fuer-gas-r32-nachfuellung-mit-800-g-1-2%e2%80%b3-acme-links-ventil\/\",\"name\":\"NACHF\u00dcLL-Flasche f\u00fcr R32-Gas mit 800 g 1\/2\u2033 ACME LINKS-Ventil | Refrigerant Boys\",\"isPartOf\":{\"@id\":\"https:\/\/dev.refrigerantboys.com\/de\/#website\"},\"datePublished\":\"2022-12-06T12:24:59+00:00\",\"dateModified\":\"2025-03-17T11:24:32+00:00\",\"description\":\"Unsere R32-Gasnachf\u00fcllflasche verf\u00fcgt \u00fcber ein Fassungsverm\u00f6gen von 800 g und ein 1\/2-Zoll-ACME-Ventil, um eine sichere und zuverl\u00e4ssige Verbindung zu Ihrer Klimaanlage zu gew\u00e4hrleisten.\",\"breadcrumb\":{\"@id\":\"https:\/\/dev.refrigerantboys.com\/de\/kaufen\/kaeltemittelgase\/r32\/zylinder-fuer-gas-r32-nachfuellung-mit-800-g-1-2%e2%80%b3-acme-links-ventil\/#breadcrumb\"},\"inLanguage\":\"de\",\"potentialAction\":[{\"@type\":\"ReadAction\",\"target\":[\"https:\/\/dev.refrigerantboys.com\/de\/kaufen\/kaeltemittelgase\/r32\/zylinder-fuer-gas-r32-nachfuellung-mit-800-g-1-2%e2%80%b3-acme-links-ventil\/\"]}]},{\"@type\":\"BreadcrumbList\",\"@id\":\"https:\/\/dev.refrigerantboys.com\/de\/kaufen\/kaeltemittelgase\/r32\/zylinder-fuer-gas-r32-nachfuellung-mit-800-g-1-2%e2%80%b3-acme-links-ventil\/#breadcrumb\",\"itemListElement\":[{\"@type\":\"ListItem\",\"position\":1,\"name\":\"Home\",\"item\":\"https:\/\/dev.refrigerantboys.com\/de\/\"},{\"@type\":\"ListItem\",\"position\":2,\"name\":\"Gesch\u00e4ft\",\"item\":\"https:\/\/dev.refrigerantboys.com\/de\/geschaeft\/\"},{\"@type\":\"ListItem\",\"position\":3,\"name\":\"NACHF\u00dcLL-Flasche f\u00fcr R32-Gas mit 800 g 1\/2\u2033 ACME LINKS-Ventil\"}]},{\"@type\":\"WebSite\",\"@id\":\"https:\/\/dev.refrigerantboys.com\/de\/#website\",\"url\":\"https:\/\/dev.refrigerantboys.com\/de\/\",\"name\":\"Refrigerant Boys\",\"description\":\"Vendita gas refrigeranti\",\"potentialAction\":[{\"@type\":\"SearchAction\",\"target\":{\"@type\":\"EntryPoint\",\"urlTemplate\":\"https:\/\/dev.refrigerantboys.com\/de\/?s={search_term_string}\"},\"query-input\":\"required name=search_term_string\"}],\"inLanguage\":\"de\"}]}<\/script>\n<!-- \/ Yoast SEO plugin. -->","yoast_head_json":{"title":"NACHF\u00dcLL-Flasche f\u00fcr R32-Gas mit 800 g 1\/2\u2033 ACME LINKS-Ventil | Refrigerant Boys","description":"Unsere R32-Gasnachf\u00fcllflasche verf\u00fcgt \u00fcber ein Fassungsverm\u00f6gen von 800 g und ein 1\/2-Zoll-ACME-Ventil, um eine sichere und zuverl\u00e4ssige Verbindung zu Ihrer Klimaanlage zu gew\u00e4hrleisten.","robots":{"index":"index","follow":"follow","max-snippet":"max-snippet:-1","max-image-preview":"max-image-preview:large","max-video-preview":"max-video-preview:-1"},"canonical":"https:\/\/dev.refrigerantboys.com\/de\/kaufen\/kaeltemittelgase\/r32\/zylinder-fuer-gas-r32-nachfuellung-mit-800-g-1-2%e2%80%b3-acme-links-ventil\/","og_locale":"de_DE","og_type":"article","og_title":"NACHF\u00dcLL-Flasche f\u00fcr R32-Gas mit 800 g 1\/2\u2033 ACME LINKS-Ventil | Refrigerant Boys","og_description":"Unsere R32-Gasnachf\u00fcllflasche verf\u00fcgt \u00fcber ein Fassungsverm\u00f6gen von 800 g und ein 1\/2-Zoll-ACME-Ventil, um eine sichere und zuverl\u00e4ssige Verbindung zu Ihrer Klimaanlage zu gew\u00e4hrleisten.","og_url":"https:\/\/dev.refrigerantboys.com\/de\/kaufen\/kaeltemittelgase\/r32\/zylinder-fuer-gas-r32-nachfuellung-mit-800-g-1-2%e2%80%b3-acme-links-ventil\/","og_site_name":"Refrigerant Boys","article_modified_time":"2025-03-17T11:24:32+00:00","og_image":[{"width":1350,"height":3027,"url":"https:\/\/dev.refrigerantboys.com\/wp-content\/uploads\/2022\/12\/r32-1r-1.png","type":"image\/png"}],"twitter_card":"summary_large_image","twitter_misc":{"Gesch\u00e4tzte Lesezeit":"1\u00a0Minute"},"schema":{"@context":"https:\/\/schema.org","@graph":[{"@type":"WebPage","@id":"https:\/\/dev.refrigerantboys.com\/de\/kaufen\/kaeltemittelgase\/r32\/zylinder-fuer-gas-r32-nachfuellung-mit-800-g-1-2%e2%80%b3-acme-links-ventil\/","url":"https:\/\/dev.refrigerantboys.com\/de\/kaufen\/kaeltemittelgase\/r32\/zylinder-fuer-gas-r32-nachfuellung-mit-800-g-1-2%e2%80%b3-acme-links-ventil\/","name":"NACHF\u00dcLL-Flasche f\u00fcr R32-Gas mit 800 g 1\/2\u2033 ACME LINKS-Ventil | Refrigerant Boys","isPartOf":{"@id":"https:\/\/dev.refrigerantboys.com\/de\/#website"},"datePublished":"2022-12-06T12:24:59+00:00","dateModified":"2025-03-17T11:24:32+00:00","description":"Unsere R32-Gasnachf\u00fcllflasche verf\u00fcgt \u00fcber ein Fassungsverm\u00f6gen von 800 g und ein 1\/2-Zoll-ACME-Ventil, um eine sichere und zuverl\u00e4ssige Verbindung zu Ihrer Klimaanlage zu gew\u00e4hrleisten.","breadcrumb":{"@id":"https:\/\/dev.refrigerantboys.com\/de\/kaufen\/kaeltemittelgase\/r32\/zylinder-fuer-gas-r32-nachfuellung-mit-800-g-1-2%e2%80%b3-acme-links-ventil\/#breadcrumb"},"inLanguage":"de","potentialAction":[{"@type":"ReadAction","target":["https:\/\/dev.refrigerantboys.com\/de\/kaufen\/kaeltemittelgase\/r32\/zylinder-fuer-gas-r32-nachfuellung-mit-800-g-1-2%e2%80%b3-acme-links-ventil\/"]}]},{"@type":"BreadcrumbList","@id":"https:\/\/dev.refrigerantboys.com\/de\/kaufen\/kaeltemittelgase\/r32\/zylinder-fuer-gas-r32-nachfuellung-mit-800-g-1-2%e2%80%b3-acme-links-ventil\/#breadcrumb","itemListElement":[{"@type":"ListItem","position":1,"name":"Home","item":"https:\/\/dev.refrigerantboys.com\/de\/"},{"@type":"ListItem","position":2,"name":"Gesch\u00e4ft","item":"https:\/\/dev.refrigerantboys.com\/de\/geschaeft\/"},{"@type":"ListItem","position":3,"name":"NACHF\u00dcLL-Flasche f\u00fcr R32-Gas mit 800 g 1\/2\u2033 ACME LINKS-Ventil"}]},{"@type":"WebSite","@id":"https:\/\/dev.refrigerantboys.com\/de\/#website","url":"https:\/\/dev.refrigerantboys.com\/de\/","name":"Refrigerant Boys","description":"Vendita gas refrigeranti","potentialAction":[{"@type":"SearchAction","target":{"@type":"EntryPoint","urlTemplate":"https:\/\/dev.refrigerantboys.com\/de\/?s={search_term_string}"},"query-input":"required name=search_term_string"}],"inLanguage":"de"}]}},"_links":{"self":[{"href":"https:\/\/dev.refrigerantboys.com\/de\/wp-json\/wp\/v2\/product\/64577"}],"collection":[{"href":"https:\/\/dev.refrigerantboys.com\/de\/wp-json\/wp\/v2\/product"}],"about":[{"href":"https:\/\/dev.refrigerantboys.com\/de\/wp-json\/wp\/v2\/types\/product"}],"wp:featuredmedia":[{"embeddable":true,"href":"https:\/\/dev.refrigerantboys.com\/de\/wp-json\/wp\/v2\/media\/64589"}],"wp:attachment":[{"href":"https:\/\/dev.refrigerantboys.com\/de\/wp-json\/wp\/v2\/media?parent=64577"}],"wp:term":[{"taxonomy":"product_cat","embeddable":true,"href":"https:\/\/dev.refrigerantboys.com\/de\/wp-json\/wp\/v2\/product_cat?post=64577"},{"taxonomy":"product_tag","embeddable":true,"href":"https:\/\/dev.refrigerantboys.com\/de\/wp-json\/wp\/v2\/product_tag?post=64577"}],"curies":[{"name":"wp","href":"https:\/\/api.w.org\/{rel}","templated":true}]}}