{"id":5308,"date":"2019-04-03T12:52:59","date_gmt":"2019-04-03T12:53:00","guid":{"rendered":"https:\/\/dev.refrigerantboys.com\/?post_type=product&#038;p=5308"},"modified":"2025-03-17T12:15:18","modified_gmt":"2025-03-17T11:15:18","slug":"bombola-con-800-grammi-di-gas-r32-con-manometro-e-tubo-con-attacco-5-16","status":"publish","type":"product","link":"https:\/\/dev.refrigerantboys.com\/de\/kaufen\/kaeltemittelgase\/r32\/bombola-con-800-grammi-di-gas-r32-con-manometro-e-tubo-con-attacco-5-16\/","title":{"rendered":"800-Gramm-Flasche mit R32-Gas, Manometer und Schlauch mit 5\/16&#8243;-Anschluss"},"content":{"rendered":"<p><span style=\"font-weight: 400;\">Unser Zylinder ist sorgf\u00e4ltig auf die Bed\u00fcrfnisse von Fachleuten der Klima- und K\u00e4ltetechnik abgestimmt. Die 800 g Fassungsverm\u00f6gen von R32-Gas garantieren eine hervorragende Leistung und Energieeffizienz. Das integrierte Manometer erm\u00f6glicht eine genaue \u00dcberwachung des Gasdrucks w\u00e4hrend der Diagnose und des Aufladevorgangs. Dar\u00fcber hinaus gew\u00e4hrleistet das 5\/16\u2033 SAE-Fitting eine sichere und zuverl\u00e4ssige Verbindung zu Ihren Werkzeugen und Ger\u00e4ten. Entscheiden Sie sich f\u00fcr die Manometerflasche von Refrigerant Boys, wenn Sie eine hochwertige und professionelle L\u00f6sung f\u00fcr Ihre Klima- und K\u00e4ltetechnik ben\u00f6tigen.<\/span><\/p>\n<p><strong>Anwendungen:<\/strong><\/p>\n<ul>\n<li>R32 weist im Vergleich zu R410A eine gleichwertige Leistung und Energieeffizienz auf.<\/li>\n<li>GWP (Global Warming Potential) deutlich niedriger als R410A.<\/li>\n<li>Der Austausch von Komponenten, Schmiermitteln und Dichtungen ist nicht erforderlich.<\/li>\n<\/ul>\n<p><span style=\"color: #ff0000;\">R32 kann nur in neuen Systemen verwendet werden, die f\u00fcr den Betrieb mit leicht entflammbaren Gasen (Klasse A2L) ausgelegt sind.<\/span><\/p>\n<p><span style=\"color: #ff0000;\">R32 kann nicht als Nachr\u00fcstprodukt f\u00fcr Systeme verwendet werden, die f\u00fcr den Betrieb mit R410A ausgelegt sind. Da R410A-Systeme nicht f\u00fcr den Betrieb mit leicht entflammbaren Gasen ausgelegt sind, besteht die Gefahr einer Besch\u00e4digung des Kompressors.<\/span><\/p>\n","protected":false},"excerpt":{"rendered":"<p><b>Flasche mit Manometer zur Diagnose und zum Nachf\u00fcllen mit 800 Gramm R32-Gas 5\/16\u2033 SAE-Anschluss<\/b><\/p>\n<pre><span style=\"color: #ff0000; font-size: 20px;\"><strong>GWP[675]<\/strong><\/span><\/pre>\n<p><iframe loading=\"lazy\" title=\"YouTube-Video-Player\" src=\"https:\/\/www.youtube.com\/embed\/PS9l_nqjaQs\" width=\"300\" height=\"215\" frameborder=\"0\" allowfullscreen=\"allowfullscreen\"><\/iframe><\/p>\n","protected":false},"featured_media":49625,"template":"","meta":[],"product_cat":[232,234],"product_tag":[],"acf":{"ai_note":""},"yoast_head":"<!-- This site is optimized with the Yoast SEO plugin v20.2 - https:\/\/yoast.com\/wordpress\/plugins\/seo\/ -->\n<title>800-Gramm-Flasche mit R32-Gas, Manometer und Schlauch mit 5\/16&quot;-Anschluss | Refrigerant Boys<\/title>\n<meta name=\"description\" content=\"Unser Zylinder ist sorgf\u00e4ltig auf die Bed\u00fcrfnisse von Fachleuten der Klima- und K\u00e4ltetechnik abgestimmt.\" \/>\n<meta name=\"robots\" content=\"index, follow, max-snippet:-1, max-image-preview:large, max-video-preview:-1\" \/>\n<link rel=\"canonical\" href=\"https:\/\/dev.refrigerantboys.com\/de\/kaufen\/kaeltemittelgase\/r32\/bombola-con-800-grammi-di-gas-r32-con-manometro-e-tubo-con-attacco-5-16\/\" \/>\n<meta property=\"og:locale\" content=\"de_DE\" \/>\n<meta property=\"og:type\" content=\"article\" \/>\n<meta property=\"og:title\" content=\"800-Gramm-Flasche mit R32-Gas, Manometer und Schlauch mit 5\/16&quot;-Anschluss | Refrigerant Boys\" \/>\n<meta property=\"og:description\" content=\"Unser Zylinder ist sorgf\u00e4ltig auf die Bed\u00fcrfnisse von Fachleuten der Klima- und K\u00e4ltetechnik abgestimmt.\" \/>\n<meta property=\"og:url\" content=\"https:\/\/dev.refrigerantboys.com\/de\/kaufen\/kaeltemittelgase\/r32\/bombola-con-800-grammi-di-gas-r32-con-manometro-e-tubo-con-attacco-5-16\/\" \/>\n<meta property=\"og:site_name\" content=\"Refrigerant Boys\" \/>\n<meta property=\"article:modified_time\" content=\"2025-03-17T11:15:18+00:00\" \/>\n<meta property=\"og:image\" content=\"https:\/\/dev.refrigerantboys.com\/wp-content\/uploads\/2019\/04\/r32MP-1kg.png\" \/>\n\t<meta property=\"og:image:width\" content=\"1711\" \/>\n\t<meta property=\"og:image:height\" content=\"2568\" \/>\n\t<meta property=\"og:image:type\" content=\"image\/png\" \/>\n<meta name=\"twitter:card\" content=\"summary_large_image\" \/>\n<meta name=\"twitter:label1\" content=\"Gesch\u00e4tzte Lesezeit\" \/>\n\t<meta name=\"twitter:data1\" content=\"1\u00a0Minute\" \/>\n<script type=\"application\/ld+json\" class=\"yoast-schema-graph\">{\"@context\":\"https:\/\/schema.org\",\"@graph\":[{\"@type\":\"WebPage\",\"@id\":\"https:\/\/dev.refrigerantboys.com\/de\/kaufen\/kaeltemittelgase\/r32\/bombola-con-800-grammi-di-gas-r32-con-manometro-e-tubo-con-attacco-5-16\/\",\"url\":\"https:\/\/dev.refrigerantboys.com\/de\/kaufen\/kaeltemittelgase\/r32\/bombola-con-800-grammi-di-gas-r32-con-manometro-e-tubo-con-attacco-5-16\/\",\"name\":\"800-Gramm-Flasche mit R32-Gas, Manometer und Schlauch mit 5\/16\\\"-Anschluss | Refrigerant Boys\",\"isPartOf\":{\"@id\":\"https:\/\/dev.refrigerantboys.com\/de\/#website\"},\"datePublished\":\"2019-04-03T12:53:00+00:00\",\"dateModified\":\"2025-03-17T11:15:18+00:00\",\"description\":\"Unser Zylinder ist sorgf\u00e4ltig auf die Bed\u00fcrfnisse von Fachleuten der Klima- und K\u00e4ltetechnik abgestimmt.\",\"breadcrumb\":{\"@id\":\"https:\/\/dev.refrigerantboys.com\/de\/kaufen\/kaeltemittelgase\/r32\/bombola-con-800-grammi-di-gas-r32-con-manometro-e-tubo-con-attacco-5-16\/#breadcrumb\"},\"inLanguage\":\"de\",\"potentialAction\":[{\"@type\":\"ReadAction\",\"target\":[\"https:\/\/dev.refrigerantboys.com\/de\/kaufen\/kaeltemittelgase\/r32\/bombola-con-800-grammi-di-gas-r32-con-manometro-e-tubo-con-attacco-5-16\/\"]}]},{\"@type\":\"BreadcrumbList\",\"@id\":\"https:\/\/dev.refrigerantboys.com\/de\/kaufen\/kaeltemittelgase\/r32\/bombola-con-800-grammi-di-gas-r32-con-manometro-e-tubo-con-attacco-5-16\/#breadcrumb\",\"itemListElement\":[{\"@type\":\"ListItem\",\"position\":1,\"name\":\"Home\",\"item\":\"https:\/\/dev.refrigerantboys.com\/de\/\"},{\"@type\":\"ListItem\",\"position\":2,\"name\":\"Gesch\u00e4ft\",\"item\":\"https:\/\/dev.refrigerantboys.com\/de\/geschaeft\/\"},{\"@type\":\"ListItem\",\"position\":3,\"name\":\"800-Gramm-Flasche mit R32-Gas, Manometer und Schlauch mit 5\/16&#8243;-Anschluss\"}]},{\"@type\":\"WebSite\",\"@id\":\"https:\/\/dev.refrigerantboys.com\/de\/#website\",\"url\":\"https:\/\/dev.refrigerantboys.com\/de\/\",\"name\":\"Refrigerant Boys\",\"description\":\"Vendita gas refrigeranti\",\"potentialAction\":[{\"@type\":\"SearchAction\",\"target\":{\"@type\":\"EntryPoint\",\"urlTemplate\":\"https:\/\/dev.refrigerantboys.com\/de\/?s={search_term_string}\"},\"query-input\":\"required name=search_term_string\"}],\"inLanguage\":\"de\"}]}<\/script>\n<!-- \/ Yoast SEO plugin. -->","yoast_head_json":{"title":"800-Gramm-Flasche mit R32-Gas, Manometer und Schlauch mit 5\/16\"-Anschluss | Refrigerant Boys","description":"Unser Zylinder ist sorgf\u00e4ltig auf die Bed\u00fcrfnisse von Fachleuten der Klima- und K\u00e4ltetechnik abgestimmt.","robots":{"index":"index","follow":"follow","max-snippet":"max-snippet:-1","max-image-preview":"max-image-preview:large","max-video-preview":"max-video-preview:-1"},"canonical":"https:\/\/dev.refrigerantboys.com\/de\/kaufen\/kaeltemittelgase\/r32\/bombola-con-800-grammi-di-gas-r32-con-manometro-e-tubo-con-attacco-5-16\/","og_locale":"de_DE","og_type":"article","og_title":"800-Gramm-Flasche mit R32-Gas, Manometer und Schlauch mit 5\/16\"-Anschluss | Refrigerant Boys","og_description":"Unser Zylinder ist sorgf\u00e4ltig auf die Bed\u00fcrfnisse von Fachleuten der Klima- und K\u00e4ltetechnik abgestimmt.","og_url":"https:\/\/dev.refrigerantboys.com\/de\/kaufen\/kaeltemittelgase\/r32\/bombola-con-800-grammi-di-gas-r32-con-manometro-e-tubo-con-attacco-5-16\/","og_site_name":"Refrigerant Boys","article_modified_time":"2025-03-17T11:15:18+00:00","og_image":[{"width":1711,"height":2568,"url":"https:\/\/dev.refrigerantboys.com\/wp-content\/uploads\/2019\/04\/r32MP-1kg.png","type":"image\/png"}],"twitter_card":"summary_large_image","twitter_misc":{"Gesch\u00e4tzte Lesezeit":"1\u00a0Minute"},"schema":{"@context":"https:\/\/schema.org","@graph":[{"@type":"WebPage","@id":"https:\/\/dev.refrigerantboys.com\/de\/kaufen\/kaeltemittelgase\/r32\/bombola-con-800-grammi-di-gas-r32-con-manometro-e-tubo-con-attacco-5-16\/","url":"https:\/\/dev.refrigerantboys.com\/de\/kaufen\/kaeltemittelgase\/r32\/bombola-con-800-grammi-di-gas-r32-con-manometro-e-tubo-con-attacco-5-16\/","name":"800-Gramm-Flasche mit R32-Gas, Manometer und Schlauch mit 5\/16\"-Anschluss | Refrigerant Boys","isPartOf":{"@id":"https:\/\/dev.refrigerantboys.com\/de\/#website"},"datePublished":"2019-04-03T12:53:00+00:00","dateModified":"2025-03-17T11:15:18+00:00","description":"Unser Zylinder ist sorgf\u00e4ltig auf die Bed\u00fcrfnisse von Fachleuten der Klima- und K\u00e4ltetechnik abgestimmt.","breadcrumb":{"@id":"https:\/\/dev.refrigerantboys.com\/de\/kaufen\/kaeltemittelgase\/r32\/bombola-con-800-grammi-di-gas-r32-con-manometro-e-tubo-con-attacco-5-16\/#breadcrumb"},"inLanguage":"de","potentialAction":[{"@type":"ReadAction","target":["https:\/\/dev.refrigerantboys.com\/de\/kaufen\/kaeltemittelgase\/r32\/bombola-con-800-grammi-di-gas-r32-con-manometro-e-tubo-con-attacco-5-16\/"]}]},{"@type":"BreadcrumbList","@id":"https:\/\/dev.refrigerantboys.com\/de\/kaufen\/kaeltemittelgase\/r32\/bombola-con-800-grammi-di-gas-r32-con-manometro-e-tubo-con-attacco-5-16\/#breadcrumb","itemListElement":[{"@type":"ListItem","position":1,"name":"Home","item":"https:\/\/dev.refrigerantboys.com\/de\/"},{"@type":"ListItem","position":2,"name":"Gesch\u00e4ft","item":"https:\/\/dev.refrigerantboys.com\/de\/geschaeft\/"},{"@type":"ListItem","position":3,"name":"800-Gramm-Flasche mit R32-Gas, Manometer und Schlauch mit 5\/16&#8243;-Anschluss"}]},{"@type":"WebSite","@id":"https:\/\/dev.refrigerantboys.com\/de\/#website","url":"https:\/\/dev.refrigerantboys.com\/de\/","name":"Refrigerant Boys","description":"Vendita gas refrigeranti","potentialAction":[{"@type":"SearchAction","target":{"@type":"EntryPoint","urlTemplate":"https:\/\/dev.refrigerantboys.com\/de\/?s={search_term_string}"},"query-input":"required name=search_term_string"}],"inLanguage":"de"}]}},"_links":{"self":[{"href":"https:\/\/dev.refrigerantboys.com\/de\/wp-json\/wp\/v2\/product\/5308"}],"collection":[{"href":"https:\/\/dev.refrigerantboys.com\/de\/wp-json\/wp\/v2\/product"}],"about":[{"href":"https:\/\/dev.refrigerantboys.com\/de\/wp-json\/wp\/v2\/types\/product"}],"wp:featuredmedia":[{"embeddable":true,"href":"https:\/\/dev.refrigerantboys.com\/de\/wp-json\/wp\/v2\/media\/49625"}],"wp:attachment":[{"href":"https:\/\/dev.refrigerantboys.com\/de\/wp-json\/wp\/v2\/media?parent=5308"}],"wp:term":[{"taxonomy":"product_cat","embeddable":true,"href":"https:\/\/dev.refrigerantboys.com\/de\/wp-json\/wp\/v2\/product_cat?post=5308"},{"taxonomy":"product_tag","embeddable":true,"href":"https:\/\/dev.refrigerantboys.com\/de\/wp-json\/wp\/v2\/product_tag?post=5308"}],"curies":[{"name":"wp","href":"https:\/\/api.w.org\/{rel}","templated":true}]}}