{"id":5195,"date":"2018-09-28T12:43:20","date_gmt":"2018-09-28T12:43:20","guid":{"rendered":"https:\/\/dev.refrigerantboys.com\/senza%20categoria\/pag-olviskositat-46-fur-r1234yf-2\/"},"modified":"2022-05-04T17:42:28","modified_gmt":"2022-05-04T16:42:28","slug":"pag-olviskositat-46-fur-r1234yf-2","status":"publish","type":"product","link":"https:\/\/dev.refrigerantboys.com\/de\/kaufen\/chemikalie\/pag-olviskositat-46-fur-r1234yf-2\/","title":{"rendered":"PAG-\u00d6lviskosit\u00e4t 46 f\u00fcr R1234yf"},"content":{"rendered":"<ul>\n<li>PAG-\u00d6lviskosit\u00e4t 46 &#8211; 40 ml speziell f\u00fcr Klimaanlagen mit K\u00e4ltemittel R1234yf (Automotive)<\/li>\n<\/ul>\n","protected":false},"excerpt":{"rendered":"<p><iframe loading=\"lazy\" title=\"YouTube video player\" src=\"https:\/\/www.youtube.com\/embed\/gIcJvysFx1g\" width=\"300\" height=\"215\" frameborder=\"0\" allowfullscreen=\"allowfullscreen\"><\/iframe><\/p>\n","protected":false},"featured_media":53188,"template":"","meta":[],"product_cat":[247],"product_tag":[],"acf":{"ai_note":""},"yoast_head":"<!-- This site is optimized with the Yoast SEO plugin v20.2 - https:\/\/yoast.com\/wordpress\/plugins\/seo\/ -->\n<title>PAG-\u00d6lviskosit\u00e4t 46 f\u00fcr R1234yf | Refrigerant Boys<\/title>\n<meta name=\"robots\" content=\"index, follow, max-snippet:-1, max-image-preview:large, max-video-preview:-1\" \/>\n<link rel=\"canonical\" href=\"https:\/\/dev.refrigerantboys.com\/de\/kaufen\/chemikalie\/pag-olviskositat-46-fur-r1234yf-2\/\" \/>\n<meta property=\"og:locale\" content=\"de_DE\" \/>\n<meta property=\"og:type\" content=\"article\" \/>\n<meta property=\"og:title\" content=\"PAG-\u00d6lviskosit\u00e4t 46 f\u00fcr R1234yf | Refrigerant Boys\" \/>\n<meta property=\"og:url\" content=\"https:\/\/dev.refrigerantboys.com\/de\/kaufen\/chemikalie\/pag-olviskositat-46-fur-r1234yf-2\/\" \/>\n<meta property=\"og:site_name\" content=\"Refrigerant Boys\" \/>\n<meta property=\"article:modified_time\" content=\"2022-05-04T16:42:28+00:00\" \/>\n<meta property=\"og:image\" content=\"https:\/\/dev.refrigerantboys.com\/wp-content\/uploads\/2018\/09\/O40PAG46YF.png\" \/>\n\t<meta property=\"og:image:width\" content=\"304\" \/>\n\t<meta property=\"og:image:height\" content=\"427\" \/>\n\t<meta property=\"og:image:type\" content=\"image\/png\" \/>\n<meta name=\"twitter:card\" content=\"summary_large_image\" \/>\n<script type=\"application\/ld+json\" class=\"yoast-schema-graph\">{\"@context\":\"https:\/\/schema.org\",\"@graph\":[{\"@type\":\"WebPage\",\"@id\":\"https:\/\/dev.refrigerantboys.com\/de\/kaufen\/chemikalie\/pag-olviskositat-46-fur-r1234yf-2\/\",\"url\":\"https:\/\/dev.refrigerantboys.com\/de\/kaufen\/chemikalie\/pag-olviskositat-46-fur-r1234yf-2\/\",\"name\":\"PAG-\u00d6lviskosit\u00e4t 46 f\u00fcr R1234yf | Refrigerant Boys\",\"isPartOf\":{\"@id\":\"https:\/\/dev.refrigerantboys.com\/de\/#website\"},\"datePublished\":\"2018-09-28T12:43:20+00:00\",\"dateModified\":\"2022-05-04T16:42:28+00:00\",\"breadcrumb\":{\"@id\":\"https:\/\/dev.refrigerantboys.com\/de\/kaufen\/chemikalie\/pag-olviskositat-46-fur-r1234yf-2\/#breadcrumb\"},\"inLanguage\":\"de\",\"potentialAction\":[{\"@type\":\"ReadAction\",\"target\":[\"https:\/\/dev.refrigerantboys.com\/de\/kaufen\/chemikalie\/pag-olviskositat-46-fur-r1234yf-2\/\"]}]},{\"@type\":\"BreadcrumbList\",\"@id\":\"https:\/\/dev.refrigerantboys.com\/de\/kaufen\/chemikalie\/pag-olviskositat-46-fur-r1234yf-2\/#breadcrumb\",\"itemListElement\":[{\"@type\":\"ListItem\",\"position\":1,\"name\":\"Home\",\"item\":\"https:\/\/dev.refrigerantboys.com\/de\/\"},{\"@type\":\"ListItem\",\"position\":2,\"name\":\"Gesch\u00e4ft\",\"item\":\"https:\/\/dev.refrigerantboys.com\/de\/geschaeft\/\"},{\"@type\":\"ListItem\",\"position\":3,\"name\":\"PAG-\u00d6lviskosit\u00e4t 46 f\u00fcr R1234yf\"}]},{\"@type\":\"WebSite\",\"@id\":\"https:\/\/dev.refrigerantboys.com\/de\/#website\",\"url\":\"https:\/\/dev.refrigerantboys.com\/de\/\",\"name\":\"Refrigerant Boys\",\"description\":\"Vendita gas refrigeranti\",\"potentialAction\":[{\"@type\":\"SearchAction\",\"target\":{\"@type\":\"EntryPoint\",\"urlTemplate\":\"https:\/\/dev.refrigerantboys.com\/de\/?s={search_term_string}\"},\"query-input\":\"required name=search_term_string\"}],\"inLanguage\":\"de\"}]}<\/script>\n<!-- \/ Yoast SEO plugin. -->","yoast_head_json":{"title":"PAG-\u00d6lviskosit\u00e4t 46 f\u00fcr R1234yf | Refrigerant Boys","robots":{"index":"index","follow":"follow","max-snippet":"max-snippet:-1","max-image-preview":"max-image-preview:large","max-video-preview":"max-video-preview:-1"},"canonical":"https:\/\/dev.refrigerantboys.com\/de\/kaufen\/chemikalie\/pag-olviskositat-46-fur-r1234yf-2\/","og_locale":"de_DE","og_type":"article","og_title":"PAG-\u00d6lviskosit\u00e4t 46 f\u00fcr R1234yf | Refrigerant Boys","og_url":"https:\/\/dev.refrigerantboys.com\/de\/kaufen\/chemikalie\/pag-olviskositat-46-fur-r1234yf-2\/","og_site_name":"Refrigerant Boys","article_modified_time":"2022-05-04T16:42:28+00:00","og_image":[{"width":304,"height":427,"url":"https:\/\/dev.refrigerantboys.com\/wp-content\/uploads\/2018\/09\/O40PAG46YF.png","type":"image\/png"}],"twitter_card":"summary_large_image","schema":{"@context":"https:\/\/schema.org","@graph":[{"@type":"WebPage","@id":"https:\/\/dev.refrigerantboys.com\/de\/kaufen\/chemikalie\/pag-olviskositat-46-fur-r1234yf-2\/","url":"https:\/\/dev.refrigerantboys.com\/de\/kaufen\/chemikalie\/pag-olviskositat-46-fur-r1234yf-2\/","name":"PAG-\u00d6lviskosit\u00e4t 46 f\u00fcr R1234yf | Refrigerant Boys","isPartOf":{"@id":"https:\/\/dev.refrigerantboys.com\/de\/#website"},"datePublished":"2018-09-28T12:43:20+00:00","dateModified":"2022-05-04T16:42:28+00:00","breadcrumb":{"@id":"https:\/\/dev.refrigerantboys.com\/de\/kaufen\/chemikalie\/pag-olviskositat-46-fur-r1234yf-2\/#breadcrumb"},"inLanguage":"de","potentialAction":[{"@type":"ReadAction","target":["https:\/\/dev.refrigerantboys.com\/de\/kaufen\/chemikalie\/pag-olviskositat-46-fur-r1234yf-2\/"]}]},{"@type":"BreadcrumbList","@id":"https:\/\/dev.refrigerantboys.com\/de\/kaufen\/chemikalie\/pag-olviskositat-46-fur-r1234yf-2\/#breadcrumb","itemListElement":[{"@type":"ListItem","position":1,"name":"Home","item":"https:\/\/dev.refrigerantboys.com\/de\/"},{"@type":"ListItem","position":2,"name":"Gesch\u00e4ft","item":"https:\/\/dev.refrigerantboys.com\/de\/geschaeft\/"},{"@type":"ListItem","position":3,"name":"PAG-\u00d6lviskosit\u00e4t 46 f\u00fcr R1234yf"}]},{"@type":"WebSite","@id":"https:\/\/dev.refrigerantboys.com\/de\/#website","url":"https:\/\/dev.refrigerantboys.com\/de\/","name":"Refrigerant Boys","description":"Vendita gas refrigeranti","potentialAction":[{"@type":"SearchAction","target":{"@type":"EntryPoint","urlTemplate":"https:\/\/dev.refrigerantboys.com\/de\/?s={search_term_string}"},"query-input":"required name=search_term_string"}],"inLanguage":"de"}]}},"_links":{"self":[{"href":"https:\/\/dev.refrigerantboys.com\/de\/wp-json\/wp\/v2\/product\/5195"}],"collection":[{"href":"https:\/\/dev.refrigerantboys.com\/de\/wp-json\/wp\/v2\/product"}],"about":[{"href":"https:\/\/dev.refrigerantboys.com\/de\/wp-json\/wp\/v2\/types\/product"}],"wp:featuredmedia":[{"embeddable":true,"href":"https:\/\/dev.refrigerantboys.com\/de\/wp-json\/wp\/v2\/media\/53188"}],"wp:attachment":[{"href":"https:\/\/dev.refrigerantboys.com\/de\/wp-json\/wp\/v2\/media?parent=5195"}],"wp:term":[{"taxonomy":"product_cat","embeddable":true,"href":"https:\/\/dev.refrigerantboys.com\/de\/wp-json\/wp\/v2\/product_cat?post=5195"},{"taxonomy":"product_tag","embeddable":true,"href":"https:\/\/dev.refrigerantboys.com\/de\/wp-json\/wp\/v2\/product_tag?post=5195"}],"curies":[{"name":"wp","href":"https:\/\/api.w.org\/{rel}","templated":true}]}}