{"id":5126,"date":"2017-10-28T22:48:52","date_gmt":"2017-10-28T22:48:52","guid":{"rendered":"https:\/\/dev.refrigerantboys.com\/senza%20categoria\/tragbares-schweisset\/"},"modified":"2023-02-06T16:50:16","modified_gmt":"2023-02-06T15:50:16","slug":"tragbares-schweissgeraet-3050-100-lt","status":"publish","type":"product","link":"https:\/\/dev.refrigerantboys.com\/de\/kaufen\/ausruestung\/tragbares-schweissgeraet-3050-100-lt\/","title":{"rendered":"Tragbares Schwei\u00dfger\u00e4t 3050\u00b0 &#8211; 100 lt"},"content":{"rendered":"<p>Die kleinste autogene Schwei\u00dfanlage mit Einweggasflasche und -kartusche, in einem eleganten Metallwagen mit kompakten Abmessungen.<br \/>\nKompakt und leistungsstark erm\u00f6glicht es professionelles Schwei\u00dfen.<br \/>\nBesonders geeignet f\u00fcr Hydraulik-, Klima- und K\u00fchlanlagen.<\/p>\n<p>&nbsp;<\/p>\n","protected":false},"excerpt":{"rendered":"<p>SAUERSTOFF-Gasflasche 100 lt \u2013 110 bar<br \/>\nGasflasche 450 g Gasgemisch<br \/>\nSauerstoffreduzierer und Gasventil mit R\u00fcckschlagventilen mit doppeltem Schutz<br \/>\nSchwei\u00dfzusatz mit Oxidationshemmer<br \/>\n2 Meter lange Verbindungsleitungen<br \/>\nHandst\u00fcck mit Einstellh\u00e4hnen und Lanzette<br \/>\nMikroset (Mikroschwei\u00dfsatz)<br \/>\nSchutzbrille<br \/>\nMehrzweckschl\u00fcssel<br \/>\nAnz\u00fcnder<\/p>\n","protected":false},"featured_media":68303,"template":"","meta":[],"product_cat":[246],"product_tag":[],"acf":{"ai_note":""},"yoast_head":"<!-- This site is optimized with the Yoast SEO plugin v20.2 - https:\/\/yoast.com\/wordpress\/plugins\/seo\/ -->\n<title>Tragbares Schwei\u00dfger\u00e4t 3050\u00b0 - 100 lt | Refrigerant Boys<\/title>\n<meta name=\"description\" content=\"SAUERSTOFF-Gasflasche 100 lt \u2013 110 bar Gasflasche 450 g Gasgemisch Sauerstoffreduzierer und Gasventil mit R\u00fcckschlagventilen mit doppeltem Schutz Schwei\u00dfzusatz mit Oxidationshemmer 2 Meter lange Verbindungsleitungen Handst\u00fcck mit Einstellh\u00e4hnen und Lanzette Mikroset (Mikroschwei\u00dfsatz) Schutzbrille Mehrzweckschl\u00fcssel Anz\u00fcnder\" \/>\n<meta name=\"robots\" content=\"index, follow, max-snippet:-1, max-image-preview:large, max-video-preview:-1\" \/>\n<link rel=\"canonical\" href=\"https:\/\/dev.refrigerantboys.com\/de\/kaufen\/ausruestung\/tragbares-schweissgeraet-3050-100-lt\/\" \/>\n<meta property=\"og:locale\" content=\"de_DE\" \/>\n<meta property=\"og:type\" content=\"article\" \/>\n<meta property=\"og:title\" content=\"Tragbares Schwei\u00dfger\u00e4t 3050\u00b0 - 100 lt | Refrigerant Boys\" \/>\n<meta property=\"og:description\" content=\"SAUERSTOFF-Gasflasche 100 lt \u2013 110 bar Gasflasche 450 g Gasgemisch Sauerstoffreduzierer und Gasventil mit R\u00fcckschlagventilen mit doppeltem Schutz Schwei\u00dfzusatz mit Oxidationshemmer 2 Meter lange Verbindungsleitungen Handst\u00fcck mit Einstellh\u00e4hnen und Lanzette Mikroset (Mikroschwei\u00dfsatz) Schutzbrille Mehrzweckschl\u00fcssel Anz\u00fcnder\" \/>\n<meta property=\"og:url\" content=\"https:\/\/dev.refrigerantboys.com\/de\/kaufen\/ausruestung\/tragbares-schweissgeraet-3050-100-lt\/\" \/>\n<meta property=\"og:site_name\" content=\"Refrigerant Boys\" \/>\n<meta property=\"article:modified_time\" content=\"2023-02-06T15:50:16+00:00\" \/>\n<meta property=\"og:image\" content=\"https:\/\/dev.refrigerantboys.com\/wp-content\/uploads\/2017\/10\/prowelding-fronte-1-495x800.png\" \/>\n\t<meta property=\"og:image:width\" content=\"495\" \/>\n\t<meta property=\"og:image:height\" content=\"800\" \/>\n\t<meta property=\"og:image:type\" content=\"image\/png\" \/>\n<meta name=\"twitter:card\" content=\"summary_large_image\" \/>\n<meta name=\"twitter:label1\" content=\"Gesch\u00e4tzte Lesezeit\" \/>\n\t<meta name=\"twitter:data1\" content=\"1\u00a0Minute\" \/>\n<script type=\"application\/ld+json\" class=\"yoast-schema-graph\">{\"@context\":\"https:\/\/schema.org\",\"@graph\":[{\"@type\":\"WebPage\",\"@id\":\"https:\/\/dev.refrigerantboys.com\/de\/kaufen\/ausruestung\/tragbares-schweissgeraet-3050-100-lt\/\",\"url\":\"https:\/\/dev.refrigerantboys.com\/de\/kaufen\/ausruestung\/tragbares-schweissgeraet-3050-100-lt\/\",\"name\":\"Tragbares Schwei\u00dfger\u00e4t 3050\u00b0 - 100 lt | Refrigerant Boys\",\"isPartOf\":{\"@id\":\"https:\/\/dev.refrigerantboys.com\/de\/#website\"},\"datePublished\":\"2017-10-28T22:48:52+00:00\",\"dateModified\":\"2023-02-06T15:50:16+00:00\",\"description\":\"SAUERSTOFF-Gasflasche 100 lt \u2013 110 bar Gasflasche 450 g Gasgemisch Sauerstoffreduzierer und Gasventil mit R\u00fcckschlagventilen mit doppeltem Schutz Schwei\u00dfzusatz mit Oxidationshemmer 2 Meter lange Verbindungsleitungen Handst\u00fcck mit Einstellh\u00e4hnen und Lanzette Mikroset (Mikroschwei\u00dfsatz) Schutzbrille Mehrzweckschl\u00fcssel Anz\u00fcnder\",\"breadcrumb\":{\"@id\":\"https:\/\/dev.refrigerantboys.com\/de\/kaufen\/ausruestung\/tragbares-schweissgeraet-3050-100-lt\/#breadcrumb\"},\"inLanguage\":\"de\",\"potentialAction\":[{\"@type\":\"ReadAction\",\"target\":[\"https:\/\/dev.refrigerantboys.com\/de\/kaufen\/ausruestung\/tragbares-schweissgeraet-3050-100-lt\/\"]}]},{\"@type\":\"BreadcrumbList\",\"@id\":\"https:\/\/dev.refrigerantboys.com\/de\/kaufen\/ausruestung\/tragbares-schweissgeraet-3050-100-lt\/#breadcrumb\",\"itemListElement\":[{\"@type\":\"ListItem\",\"position\":1,\"name\":\"Home\",\"item\":\"https:\/\/dev.refrigerantboys.com\/de\/\"},{\"@type\":\"ListItem\",\"position\":2,\"name\":\"Gesch\u00e4ft\",\"item\":\"https:\/\/dev.refrigerantboys.com\/de\/geschaeft\/\"},{\"@type\":\"ListItem\",\"position\":3,\"name\":\"Tragbares Schwei\u00dfger\u00e4t 3050\u00b0 &#8211; 100 lt\"}]},{\"@type\":\"WebSite\",\"@id\":\"https:\/\/dev.refrigerantboys.com\/de\/#website\",\"url\":\"https:\/\/dev.refrigerantboys.com\/de\/\",\"name\":\"Refrigerant Boys\",\"description\":\"Vendita gas refrigeranti\",\"potentialAction\":[{\"@type\":\"SearchAction\",\"target\":{\"@type\":\"EntryPoint\",\"urlTemplate\":\"https:\/\/dev.refrigerantboys.com\/de\/?s={search_term_string}\"},\"query-input\":\"required name=search_term_string\"}],\"inLanguage\":\"de\"}]}<\/script>\n<!-- \/ Yoast SEO plugin. -->","yoast_head_json":{"title":"Tragbares Schwei\u00dfger\u00e4t 3050\u00b0 - 100 lt | Refrigerant Boys","description":"SAUERSTOFF-Gasflasche 100 lt \u2013 110 bar Gasflasche 450 g Gasgemisch Sauerstoffreduzierer und Gasventil mit R\u00fcckschlagventilen mit doppeltem Schutz Schwei\u00dfzusatz mit Oxidationshemmer 2 Meter lange Verbindungsleitungen Handst\u00fcck mit Einstellh\u00e4hnen und Lanzette Mikroset (Mikroschwei\u00dfsatz) Schutzbrille Mehrzweckschl\u00fcssel Anz\u00fcnder","robots":{"index":"index","follow":"follow","max-snippet":"max-snippet:-1","max-image-preview":"max-image-preview:large","max-video-preview":"max-video-preview:-1"},"canonical":"https:\/\/dev.refrigerantboys.com\/de\/kaufen\/ausruestung\/tragbares-schweissgeraet-3050-100-lt\/","og_locale":"de_DE","og_type":"article","og_title":"Tragbares Schwei\u00dfger\u00e4t 3050\u00b0 - 100 lt | Refrigerant Boys","og_description":"SAUERSTOFF-Gasflasche 100 lt \u2013 110 bar Gasflasche 450 g Gasgemisch Sauerstoffreduzierer und Gasventil mit R\u00fcckschlagventilen mit doppeltem Schutz Schwei\u00dfzusatz mit Oxidationshemmer 2 Meter lange Verbindungsleitungen Handst\u00fcck mit Einstellh\u00e4hnen und Lanzette Mikroset (Mikroschwei\u00dfsatz) Schutzbrille Mehrzweckschl\u00fcssel Anz\u00fcnder","og_url":"https:\/\/dev.refrigerantboys.com\/de\/kaufen\/ausruestung\/tragbares-schweissgeraet-3050-100-lt\/","og_site_name":"Refrigerant Boys","article_modified_time":"2023-02-06T15:50:16+00:00","og_image":[{"width":495,"height":800,"url":"https:\/\/dev.refrigerantboys.com\/wp-content\/uploads\/2017\/10\/prowelding-fronte-1-495x800.png","type":"image\/png"}],"twitter_card":"summary_large_image","twitter_misc":{"Gesch\u00e4tzte Lesezeit":"1\u00a0Minute"},"schema":{"@context":"https:\/\/schema.org","@graph":[{"@type":"WebPage","@id":"https:\/\/dev.refrigerantboys.com\/de\/kaufen\/ausruestung\/tragbares-schweissgeraet-3050-100-lt\/","url":"https:\/\/dev.refrigerantboys.com\/de\/kaufen\/ausruestung\/tragbares-schweissgeraet-3050-100-lt\/","name":"Tragbares Schwei\u00dfger\u00e4t 3050\u00b0 - 100 lt | Refrigerant Boys","isPartOf":{"@id":"https:\/\/dev.refrigerantboys.com\/de\/#website"},"datePublished":"2017-10-28T22:48:52+00:00","dateModified":"2023-02-06T15:50:16+00:00","description":"SAUERSTOFF-Gasflasche 100 lt \u2013 110 bar Gasflasche 450 g Gasgemisch Sauerstoffreduzierer und Gasventil mit R\u00fcckschlagventilen mit doppeltem Schutz Schwei\u00dfzusatz mit Oxidationshemmer 2 Meter lange Verbindungsleitungen Handst\u00fcck mit Einstellh\u00e4hnen und Lanzette Mikroset (Mikroschwei\u00dfsatz) Schutzbrille Mehrzweckschl\u00fcssel Anz\u00fcnder","breadcrumb":{"@id":"https:\/\/dev.refrigerantboys.com\/de\/kaufen\/ausruestung\/tragbares-schweissgeraet-3050-100-lt\/#breadcrumb"},"inLanguage":"de","potentialAction":[{"@type":"ReadAction","target":["https:\/\/dev.refrigerantboys.com\/de\/kaufen\/ausruestung\/tragbares-schweissgeraet-3050-100-lt\/"]}]},{"@type":"BreadcrumbList","@id":"https:\/\/dev.refrigerantboys.com\/de\/kaufen\/ausruestung\/tragbares-schweissgeraet-3050-100-lt\/#breadcrumb","itemListElement":[{"@type":"ListItem","position":1,"name":"Home","item":"https:\/\/dev.refrigerantboys.com\/de\/"},{"@type":"ListItem","position":2,"name":"Gesch\u00e4ft","item":"https:\/\/dev.refrigerantboys.com\/de\/geschaeft\/"},{"@type":"ListItem","position":3,"name":"Tragbares Schwei\u00dfger\u00e4t 3050\u00b0 &#8211; 100 lt"}]},{"@type":"WebSite","@id":"https:\/\/dev.refrigerantboys.com\/de\/#website","url":"https:\/\/dev.refrigerantboys.com\/de\/","name":"Refrigerant Boys","description":"Vendita gas refrigeranti","potentialAction":[{"@type":"SearchAction","target":{"@type":"EntryPoint","urlTemplate":"https:\/\/dev.refrigerantboys.com\/de\/?s={search_term_string}"},"query-input":"required name=search_term_string"}],"inLanguage":"de"}]}},"_links":{"self":[{"href":"https:\/\/dev.refrigerantboys.com\/de\/wp-json\/wp\/v2\/product\/5126"}],"collection":[{"href":"https:\/\/dev.refrigerantboys.com\/de\/wp-json\/wp\/v2\/product"}],"about":[{"href":"https:\/\/dev.refrigerantboys.com\/de\/wp-json\/wp\/v2\/types\/product"}],"wp:featuredmedia":[{"embeddable":true,"href":"https:\/\/dev.refrigerantboys.com\/de\/wp-json\/wp\/v2\/media\/68303"}],"wp:attachment":[{"href":"https:\/\/dev.refrigerantboys.com\/de\/wp-json\/wp\/v2\/media?parent=5126"}],"wp:term":[{"taxonomy":"product_cat","embeddable":true,"href":"https:\/\/dev.refrigerantboys.com\/de\/wp-json\/wp\/v2\/product_cat?post=5126"},{"taxonomy":"product_tag","embeddable":true,"href":"https:\/\/dev.refrigerantboys.com\/de\/wp-json\/wp\/v2\/product_tag?post=5126"}],"curies":[{"name":"wp","href":"https:\/\/api.w.org\/{rel}","templated":true}]}}