{"id":4998,"date":"2018-11-27T14:26:19","date_gmt":"2018-11-27T14:26:19","guid":{"rendered":"https:\/\/dev.refrigerantboys.com\/senza%20categoria\/kaltemittel-r449a-in-der-gasflasche-5-kg\/"},"modified":"2025-08-25T08:22:44","modified_gmt":"2025-08-25T06:22:44","slug":"bombola-di-r449a-con-30-kg-di-gas-valvola-217-x-1-1-4","status":"publish","type":"product","link":"https:\/\/dev.refrigerantboys.com\/de\/kaufen\/kaeltemittelgase\/r449a\/bombola-di-r449a-con-30-kg-di-gas-valvola-217-x-1-1-4\/","title":{"rendered":"R449A Flasche mit 30 kg Gasventil 21,7 x 1\/1\/4"},"content":{"rendered":"<p>Unsere R449A Gasnachf\u00fcllflasche hat eine Kapazit\u00e4t von 30 kg mit Gasventil 21,7 x 1\/1\/4 , um einen sicheren und zuverl\u00e4ssigen Anschluss an Ihre Klimaanlage zu gew\u00e4hrleisten. R449A wird \u00fcblicherweise in einer Vielzahl von Anwendungen in der gewerblichen und industriellen K\u00e4lteerzeugung bei mittleren und niedrigen Temperaturen verwendet. Unsere Gasflaschen sind aus langlebigen Materialien gefertigt und erf\u00fcllen die h\u00f6chsten Sicherheitsstandards. Verlassen Sie sich bei Ihrer R449A-Gasflasche auf RefrigerantBoys und erhalten Sie ein hochwertiges Produkt. .<\/p>\n<p><span style=\"color: #ff6600;\"><strong>DAS NEUE GAS, DAS R404A REPLACES<\/strong><\/span><\/p>\n<p><strong><u>Anwendungen:<\/u><\/strong><\/p>\n<p>R449A wird in Direktexpansions-K\u00e4ltesystemen verwendet, die bei niedrigen und mittleren Temperaturen arbeiten: zentrale K\u00e4ltesysteme und K\u00fchlr\u00e4ume in Superm\u00e4rkten, K\u00fchlh\u00e4usern, K\u00fchltheken und K\u00fchlvitrinen (Plug-in).<\/p>\n<p>Es eignet sich f\u00fcr Neuinstallationen und die Umr\u00fcstung bestehender Anlagen auf R-404A\/R507.<\/p>\n","protected":false},"excerpt":{"rendered":"<p><span style=\"color: #000000;\"><strong>K\u00e4ltemittel R449A in 30 kg wiederbef\u00fcllbarer Flasche zugelassen T-PED \/ EN 13322-1 <span style=\"color: #ff0000;\">Ventil 21.7\u2033 x 1\/1\/4\u2033 SAE<\/span> UN 3163<\/strong><\/span><\/p>\n<p><span lang=\"fr\"><strong><span class=\"hps\">PREIS INKLUSIVE FLASCHE, DIE IHR EIGENTUM BLEIBT<\/span><\/strong><\/span><\/p>\n<p><span style=\"color: #ff0000; font-size: 20px;\"><strong>GWP[1397]<\/strong><\/span><\/p>\n","protected":false},"featured_media":68866,"template":"","meta":[],"product_cat":[232,243],"product_tag":[],"acf":{"ai_note":""},"yoast_head":"<!-- This site is optimized with the Yoast SEO plugin v20.2 - https:\/\/yoast.com\/wordpress\/plugins\/seo\/ -->\n<title>R449A Flasche mit 30 kg Gasventil 21,7 x 1\/1\/4 | Refrigerant Boys<\/title>\n<meta name=\"description\" content=\"K\u00e4ltemittel R449A in 30 kg wiederbef\u00fcllbarer Flasche zugelassen T-PED \/ EN 13322-1 Ventil 21.7\u2033 x 1\/1\/4\u2033 SAE UN 3163  PREIS INKLUSIVE FLASCHE, DIE IHR EIGENTUM BLEIBT  GWP\" \/>\n<meta name=\"robots\" content=\"index, follow, max-snippet:-1, max-image-preview:large, max-video-preview:-1\" \/>\n<link rel=\"canonical\" href=\"https:\/\/dev.refrigerantboys.com\/de\/kaufen\/kaeltemittelgase\/r449a\/bombola-di-r449a-con-30-kg-di-gas-valvola-217-x-1-1-4\/\" \/>\n<meta property=\"og:locale\" content=\"de_DE\" \/>\n<meta property=\"og:type\" content=\"article\" \/>\n<meta property=\"og:title\" content=\"R449A Flasche mit 30 kg Gasventil 21,7 x 1\/1\/4 | Refrigerant Boys\" \/>\n<meta property=\"og:description\" content=\"K\u00e4ltemittel R449A in 30 kg wiederbef\u00fcllbarer Flasche zugelassen T-PED \/ EN 13322-1 Ventil 21.7\u2033 x 1\/1\/4\u2033 SAE UN 3163  PREIS INKLUSIVE FLASCHE, DIE IHR EIGENTUM BLEIBT  GWP\" \/>\n<meta property=\"og:url\" content=\"https:\/\/dev.refrigerantboys.com\/de\/kaufen\/kaeltemittelgase\/r449a\/bombola-di-r449a-con-30-kg-di-gas-valvola-217-x-1-1-4\/\" \/>\n<meta property=\"og:site_name\" content=\"Refrigerant Boys\" \/>\n<meta property=\"article:modified_time\" content=\"2025-08-25T06:22:44+00:00\" \/>\n<meta property=\"og:image\" content=\"https:\/\/dev.refrigerantboys.com\/wp-content\/uploads\/2018\/11\/r449a-30kg-1.png\" \/>\n\t<meta property=\"og:image:width\" content=\"206\" \/>\n\t<meta property=\"og:image:height\" content=\"446\" \/>\n\t<meta property=\"og:image:type\" content=\"image\/png\" \/>\n<meta name=\"twitter:card\" content=\"summary_large_image\" \/>\n<meta name=\"twitter:label1\" content=\"Gesch\u00e4tzte Lesezeit\" \/>\n\t<meta name=\"twitter:data1\" content=\"1\u00a0Minute\" \/>\n<script type=\"application\/ld+json\" class=\"yoast-schema-graph\">{\"@context\":\"https:\/\/schema.org\",\"@graph\":[{\"@type\":\"WebPage\",\"@id\":\"https:\/\/dev.refrigerantboys.com\/de\/kaufen\/kaeltemittelgase\/r449a\/bombola-di-r449a-con-30-kg-di-gas-valvola-217-x-1-1-4\/\",\"url\":\"https:\/\/dev.refrigerantboys.com\/de\/kaufen\/kaeltemittelgase\/r449a\/bombola-di-r449a-con-30-kg-di-gas-valvola-217-x-1-1-4\/\",\"name\":\"R449A Flasche mit 30 kg Gasventil 21,7 x 1\/1\/4 | Refrigerant Boys\",\"isPartOf\":{\"@id\":\"https:\/\/dev.refrigerantboys.com\/de\/#website\"},\"datePublished\":\"2018-11-27T14:26:19+00:00\",\"dateModified\":\"2025-08-25T06:22:44+00:00\",\"description\":\"K\u00e4ltemittel R449A in 30 kg wiederbef\u00fcllbarer Flasche zugelassen T-PED \/ EN 13322-1 Ventil 21.7\u2033 x 1\/1\/4\u2033 SAE UN 3163 PREIS INKLUSIVE FLASCHE, DIE IHR EIGENTUM BLEIBT GWP\",\"breadcrumb\":{\"@id\":\"https:\/\/dev.refrigerantboys.com\/de\/kaufen\/kaeltemittelgase\/r449a\/bombola-di-r449a-con-30-kg-di-gas-valvola-217-x-1-1-4\/#breadcrumb\"},\"inLanguage\":\"de\",\"potentialAction\":[{\"@type\":\"ReadAction\",\"target\":[\"https:\/\/dev.refrigerantboys.com\/de\/kaufen\/kaeltemittelgase\/r449a\/bombola-di-r449a-con-30-kg-di-gas-valvola-217-x-1-1-4\/\"]}]},{\"@type\":\"BreadcrumbList\",\"@id\":\"https:\/\/dev.refrigerantboys.com\/de\/kaufen\/kaeltemittelgase\/r449a\/bombola-di-r449a-con-30-kg-di-gas-valvola-217-x-1-1-4\/#breadcrumb\",\"itemListElement\":[{\"@type\":\"ListItem\",\"position\":1,\"name\":\"Home\",\"item\":\"https:\/\/dev.refrigerantboys.com\/de\/\"},{\"@type\":\"ListItem\",\"position\":2,\"name\":\"Gesch\u00e4ft\",\"item\":\"https:\/\/dev.refrigerantboys.com\/de\/geschaeft\/\"},{\"@type\":\"ListItem\",\"position\":3,\"name\":\"R449A Flasche mit 30 kg Gasventil 21,7 x 1\/1\/4\"}]},{\"@type\":\"WebSite\",\"@id\":\"https:\/\/dev.refrigerantboys.com\/de\/#website\",\"url\":\"https:\/\/dev.refrigerantboys.com\/de\/\",\"name\":\"Refrigerant Boys\",\"description\":\"Vendita gas refrigeranti\",\"potentialAction\":[{\"@type\":\"SearchAction\",\"target\":{\"@type\":\"EntryPoint\",\"urlTemplate\":\"https:\/\/dev.refrigerantboys.com\/de\/?s={search_term_string}\"},\"query-input\":\"required name=search_term_string\"}],\"inLanguage\":\"de\"}]}<\/script>\n<!-- \/ Yoast SEO plugin. -->","yoast_head_json":{"title":"R449A Flasche mit 30 kg Gasventil 21,7 x 1\/1\/4 | Refrigerant Boys","description":"K\u00e4ltemittel R449A in 30 kg wiederbef\u00fcllbarer Flasche zugelassen T-PED \/ EN 13322-1 Ventil 21.7\u2033 x 1\/1\/4\u2033 SAE UN 3163  PREIS INKLUSIVE FLASCHE, DIE IHR EIGENTUM BLEIBT  GWP","robots":{"index":"index","follow":"follow","max-snippet":"max-snippet:-1","max-image-preview":"max-image-preview:large","max-video-preview":"max-video-preview:-1"},"canonical":"https:\/\/dev.refrigerantboys.com\/de\/kaufen\/kaeltemittelgase\/r449a\/bombola-di-r449a-con-30-kg-di-gas-valvola-217-x-1-1-4\/","og_locale":"de_DE","og_type":"article","og_title":"R449A Flasche mit 30 kg Gasventil 21,7 x 1\/1\/4 | Refrigerant Boys","og_description":"K\u00e4ltemittel R449A in 30 kg wiederbef\u00fcllbarer Flasche zugelassen T-PED \/ EN 13322-1 Ventil 21.7\u2033 x 1\/1\/4\u2033 SAE UN 3163  PREIS INKLUSIVE FLASCHE, DIE IHR EIGENTUM BLEIBT  GWP","og_url":"https:\/\/dev.refrigerantboys.com\/de\/kaufen\/kaeltemittelgase\/r449a\/bombola-di-r449a-con-30-kg-di-gas-valvola-217-x-1-1-4\/","og_site_name":"Refrigerant Boys","article_modified_time":"2025-08-25T06:22:44+00:00","og_image":[{"width":206,"height":446,"url":"https:\/\/dev.refrigerantboys.com\/wp-content\/uploads\/2018\/11\/r449a-30kg-1.png","type":"image\/png"}],"twitter_card":"summary_large_image","twitter_misc":{"Gesch\u00e4tzte Lesezeit":"1\u00a0Minute"},"schema":{"@context":"https:\/\/schema.org","@graph":[{"@type":"WebPage","@id":"https:\/\/dev.refrigerantboys.com\/de\/kaufen\/kaeltemittelgase\/r449a\/bombola-di-r449a-con-30-kg-di-gas-valvola-217-x-1-1-4\/","url":"https:\/\/dev.refrigerantboys.com\/de\/kaufen\/kaeltemittelgase\/r449a\/bombola-di-r449a-con-30-kg-di-gas-valvola-217-x-1-1-4\/","name":"R449A Flasche mit 30 kg Gasventil 21,7 x 1\/1\/4 | Refrigerant Boys","isPartOf":{"@id":"https:\/\/dev.refrigerantboys.com\/de\/#website"},"datePublished":"2018-11-27T14:26:19+00:00","dateModified":"2025-08-25T06:22:44+00:00","description":"K\u00e4ltemittel R449A in 30 kg wiederbef\u00fcllbarer Flasche zugelassen T-PED \/ EN 13322-1 Ventil 21.7\u2033 x 1\/1\/4\u2033 SAE UN 3163 PREIS INKLUSIVE FLASCHE, DIE IHR EIGENTUM BLEIBT GWP","breadcrumb":{"@id":"https:\/\/dev.refrigerantboys.com\/de\/kaufen\/kaeltemittelgase\/r449a\/bombola-di-r449a-con-30-kg-di-gas-valvola-217-x-1-1-4\/#breadcrumb"},"inLanguage":"de","potentialAction":[{"@type":"ReadAction","target":["https:\/\/dev.refrigerantboys.com\/de\/kaufen\/kaeltemittelgase\/r449a\/bombola-di-r449a-con-30-kg-di-gas-valvola-217-x-1-1-4\/"]}]},{"@type":"BreadcrumbList","@id":"https:\/\/dev.refrigerantboys.com\/de\/kaufen\/kaeltemittelgase\/r449a\/bombola-di-r449a-con-30-kg-di-gas-valvola-217-x-1-1-4\/#breadcrumb","itemListElement":[{"@type":"ListItem","position":1,"name":"Home","item":"https:\/\/dev.refrigerantboys.com\/de\/"},{"@type":"ListItem","position":2,"name":"Gesch\u00e4ft","item":"https:\/\/dev.refrigerantboys.com\/de\/geschaeft\/"},{"@type":"ListItem","position":3,"name":"R449A Flasche mit 30 kg Gasventil 21,7 x 1\/1\/4"}]},{"@type":"WebSite","@id":"https:\/\/dev.refrigerantboys.com\/de\/#website","url":"https:\/\/dev.refrigerantboys.com\/de\/","name":"Refrigerant Boys","description":"Vendita gas refrigeranti","potentialAction":[{"@type":"SearchAction","target":{"@type":"EntryPoint","urlTemplate":"https:\/\/dev.refrigerantboys.com\/de\/?s={search_term_string}"},"query-input":"required name=search_term_string"}],"inLanguage":"de"}]}},"_links":{"self":[{"href":"https:\/\/dev.refrigerantboys.com\/de\/wp-json\/wp\/v2\/product\/4998"}],"collection":[{"href":"https:\/\/dev.refrigerantboys.com\/de\/wp-json\/wp\/v2\/product"}],"about":[{"href":"https:\/\/dev.refrigerantboys.com\/de\/wp-json\/wp\/v2\/types\/product"}],"wp:featuredmedia":[{"embeddable":true,"href":"https:\/\/dev.refrigerantboys.com\/de\/wp-json\/wp\/v2\/media\/68866"}],"wp:attachment":[{"href":"https:\/\/dev.refrigerantboys.com\/de\/wp-json\/wp\/v2\/media?parent=4998"}],"wp:term":[{"taxonomy":"product_cat","embeddable":true,"href":"https:\/\/dev.refrigerantboys.com\/de\/wp-json\/wp\/v2\/product_cat?post=4998"},{"taxonomy":"product_tag","embeddable":true,"href":"https:\/\/dev.refrigerantboys.com\/de\/wp-json\/wp\/v2\/product_tag?post=4998"}],"curies":[{"name":"wp","href":"https:\/\/api.w.org\/{rel}","templated":true}]}}