{"id":4993,"date":"2018-11-23T11:59:27","date_gmt":"2018-11-23T11:59:27","guid":{"rendered":"https:\/\/dev.refrigerantboys.com\/senza%20categoria\/gasflasche-30-kg-mit-gas-r448a\/"},"modified":"2024-11-18T13:11:25","modified_gmt":"2024-11-18T12:11:25","slug":"bombola-di-gas-r448a-con-30-kg-valvola-217-x-1-1-4","status":"publish","type":"product","link":"https:\/\/dev.refrigerantboys.com\/de\/kaufen\/kaeltemittelgase\/r448a\/bombola-di-gas-r448a-con-30-kg-valvola-217-x-1-1-4\/","title":{"rendered":"R448A Gasflasche mit 30 kg Ventil 21,7&#8243; x 1\/1\/4&#8243;"},"content":{"rendered":"<p>Unsere R448A Gasnachf\u00fcllflasche hat ein Fassungsverm\u00f6gen von 30 kg mit einem Ventil 21,7&#8243; x 1\/1\/4&#8243;, um einen sicheren und zuverl\u00e4ssigen Anschluss an Ihr Klimasystem zu gew\u00e4hrleisten. R448A wird \u00fcblicherweise in einer Vielzahl von Anwendungen in der gewerblichen und industriellen K\u00e4lteerzeugung bei mittleren und niedrigen Temperaturen verwendet. Unsere Gasflaschen sind aus langlebigen Materialien gefertigt und erf\u00fcllen die h\u00f6chsten Sicherheitsstandards. Verlassen Sie sich bei Ihrer R448A -Gasflasche auf RefrigerantBoys und erhalten Sie ein hochwertiges Produkt. .<\/p>\n<p><span style=\"color: #ff6600;\"><strong>DAS NEUE GAS, DAS R404A REPLACES<\/strong><\/span><\/p>\n<p><strong>Anwendungen:<\/strong><\/p>\n<ul>\n<li>Gewerbliche und industrielle Direktverdampfungsk\u00fchlung f\u00fcr mittlere und niedrige Temperaturen<\/li>\n<li>Superm\u00e4rkte<\/li>\n<li>Lebensmittel-, chemische und pharmazeutische Industrie<\/li>\n<li>Zellen f\u00fcr die K\u00fchlung<\/li>\n<\/ul>\n","protected":false},"excerpt":{"rendered":"<p><span style=\"color: #000000;\"><strong>K\u00e4ltemittelgas R448A in 30 kg wiederbef\u00fcllbarer Flasche zugelassen T-PED \/ EN 13322-1 <span style=\"color: #ff0000;\">Ventil 21,7\u2033 x 1\/1\/4\u2033 SAE<\/span> UN 3163<\/strong><\/span><\/p>\n<p><span lang=\"fr\"><strong><span class=\"hps\">PREIS INKLUSIVE FLASCHE, DIE IHR EIGENTUM BLEIBT<\/span><\/strong><\/span><\/p>\n<p><span style=\"color: #ff0000; font-size: 20px;\"><strong>GWP[1387]<\/strong><\/span><\/p>\n","protected":false},"featured_media":68851,"template":"","meta":[],"product_cat":[232,242],"product_tag":[],"acf":{"ai_note":""},"yoast_head":"<!-- This site is optimized with the Yoast SEO plugin v20.2 - https:\/\/yoast.com\/wordpress\/plugins\/seo\/ -->\n<title>R448A Gasflasche mit 30 kg Ventil 21,7&quot; x 1\/1\/4&quot; | Refrigerant Boys<\/title>\n<meta name=\"description\" content=\"K\u00e4ltemittelgas R448A in 30 kg wiederbef\u00fcllbarer Flasche zugelassen T-PED \/ EN 13322-1 Ventil 21,7\u2033 x 1\/1\/4\u2033 SAE UN 3163  PREIS INKLUSIVE FLASCHE, DIE IHR EIGENTUM BLEIBT  GWP\" \/>\n<meta name=\"robots\" content=\"index, follow, max-snippet:-1, max-image-preview:large, max-video-preview:-1\" \/>\n<link rel=\"canonical\" href=\"https:\/\/dev.refrigerantboys.com\/de\/kaufen\/kaeltemittelgase\/r448a\/bombola-di-gas-r448a-con-30-kg-valvola-217-x-1-1-4\/\" \/>\n<meta property=\"og:locale\" content=\"de_DE\" \/>\n<meta property=\"og:type\" content=\"article\" \/>\n<meta property=\"og:title\" content=\"R448A Gasflasche mit 30 kg Ventil 21,7&quot; x 1\/1\/4&quot; | Refrigerant Boys\" \/>\n<meta property=\"og:description\" content=\"K\u00e4ltemittelgas R448A in 30 kg wiederbef\u00fcllbarer Flasche zugelassen T-PED \/ EN 13322-1 Ventil 21,7\u2033 x 1\/1\/4\u2033 SAE UN 3163  PREIS INKLUSIVE FLASCHE, DIE IHR EIGENTUM BLEIBT  GWP\" \/>\n<meta property=\"og:url\" content=\"https:\/\/dev.refrigerantboys.com\/de\/kaufen\/kaeltemittelgase\/r448a\/bombola-di-gas-r448a-con-30-kg-valvola-217-x-1-1-4\/\" \/>\n<meta property=\"og:site_name\" content=\"Refrigerant Boys\" \/>\n<meta property=\"article:modified_time\" content=\"2024-11-18T12:11:25+00:00\" \/>\n<meta property=\"og:image\" content=\"https:\/\/dev.refrigerantboys.com\/wp-content\/uploads\/2018\/11\/r448a-30kg-2.png\" \/>\n\t<meta property=\"og:image:width\" content=\"204\" \/>\n\t<meta property=\"og:image:height\" content=\"443\" \/>\n\t<meta property=\"og:image:type\" content=\"image\/png\" \/>\n<meta name=\"twitter:card\" content=\"summary_large_image\" \/>\n<meta name=\"twitter:label1\" content=\"Gesch\u00e4tzte Lesezeit\" \/>\n\t<meta name=\"twitter:data1\" content=\"1\u00a0Minute\" \/>\n<script type=\"application\/ld+json\" class=\"yoast-schema-graph\">{\"@context\":\"https:\/\/schema.org\",\"@graph\":[{\"@type\":\"WebPage\",\"@id\":\"https:\/\/dev.refrigerantboys.com\/de\/kaufen\/kaeltemittelgase\/r448a\/bombola-di-gas-r448a-con-30-kg-valvola-217-x-1-1-4\/\",\"url\":\"https:\/\/dev.refrigerantboys.com\/de\/kaufen\/kaeltemittelgase\/r448a\/bombola-di-gas-r448a-con-30-kg-valvola-217-x-1-1-4\/\",\"name\":\"R448A Gasflasche mit 30 kg Ventil 21,7\\\" x 1\/1\/4\\\" | Refrigerant Boys\",\"isPartOf\":{\"@id\":\"https:\/\/dev.refrigerantboys.com\/de\/#website\"},\"datePublished\":\"2018-11-23T11:59:27+00:00\",\"dateModified\":\"2024-11-18T12:11:25+00:00\",\"description\":\"K\u00e4ltemittelgas R448A in 30 kg wiederbef\u00fcllbarer Flasche zugelassen T-PED \/ EN 13322-1 Ventil 21,7\u2033 x 1\/1\/4\u2033 SAE UN 3163 PREIS INKLUSIVE FLASCHE, DIE IHR EIGENTUM BLEIBT GWP\",\"breadcrumb\":{\"@id\":\"https:\/\/dev.refrigerantboys.com\/de\/kaufen\/kaeltemittelgase\/r448a\/bombola-di-gas-r448a-con-30-kg-valvola-217-x-1-1-4\/#breadcrumb\"},\"inLanguage\":\"de\",\"potentialAction\":[{\"@type\":\"ReadAction\",\"target\":[\"https:\/\/dev.refrigerantboys.com\/de\/kaufen\/kaeltemittelgase\/r448a\/bombola-di-gas-r448a-con-30-kg-valvola-217-x-1-1-4\/\"]}]},{\"@type\":\"BreadcrumbList\",\"@id\":\"https:\/\/dev.refrigerantboys.com\/de\/kaufen\/kaeltemittelgase\/r448a\/bombola-di-gas-r448a-con-30-kg-valvola-217-x-1-1-4\/#breadcrumb\",\"itemListElement\":[{\"@type\":\"ListItem\",\"position\":1,\"name\":\"Home\",\"item\":\"https:\/\/dev.refrigerantboys.com\/de\/\"},{\"@type\":\"ListItem\",\"position\":2,\"name\":\"Gesch\u00e4ft\",\"item\":\"https:\/\/dev.refrigerantboys.com\/de\/geschaeft\/\"},{\"@type\":\"ListItem\",\"position\":3,\"name\":\"R448A Gasflasche mit 30 kg Ventil 21,7&#8243; x 1\/1\/4&#8243;\"}]},{\"@type\":\"WebSite\",\"@id\":\"https:\/\/dev.refrigerantboys.com\/de\/#website\",\"url\":\"https:\/\/dev.refrigerantboys.com\/de\/\",\"name\":\"Refrigerant Boys\",\"description\":\"Vendita gas refrigeranti\",\"potentialAction\":[{\"@type\":\"SearchAction\",\"target\":{\"@type\":\"EntryPoint\",\"urlTemplate\":\"https:\/\/dev.refrigerantboys.com\/de\/?s={search_term_string}\"},\"query-input\":\"required name=search_term_string\"}],\"inLanguage\":\"de\"}]}<\/script>\n<!-- \/ Yoast SEO plugin. -->","yoast_head_json":{"title":"R448A Gasflasche mit 30 kg Ventil 21,7\" x 1\/1\/4\" | Refrigerant Boys","description":"K\u00e4ltemittelgas R448A in 30 kg wiederbef\u00fcllbarer Flasche zugelassen T-PED \/ EN 13322-1 Ventil 21,7\u2033 x 1\/1\/4\u2033 SAE UN 3163  PREIS INKLUSIVE FLASCHE, DIE IHR EIGENTUM BLEIBT  GWP","robots":{"index":"index","follow":"follow","max-snippet":"max-snippet:-1","max-image-preview":"max-image-preview:large","max-video-preview":"max-video-preview:-1"},"canonical":"https:\/\/dev.refrigerantboys.com\/de\/kaufen\/kaeltemittelgase\/r448a\/bombola-di-gas-r448a-con-30-kg-valvola-217-x-1-1-4\/","og_locale":"de_DE","og_type":"article","og_title":"R448A Gasflasche mit 30 kg Ventil 21,7\" x 1\/1\/4\" | Refrigerant Boys","og_description":"K\u00e4ltemittelgas R448A in 30 kg wiederbef\u00fcllbarer Flasche zugelassen T-PED \/ EN 13322-1 Ventil 21,7\u2033 x 1\/1\/4\u2033 SAE UN 3163  PREIS INKLUSIVE FLASCHE, DIE IHR EIGENTUM BLEIBT  GWP","og_url":"https:\/\/dev.refrigerantboys.com\/de\/kaufen\/kaeltemittelgase\/r448a\/bombola-di-gas-r448a-con-30-kg-valvola-217-x-1-1-4\/","og_site_name":"Refrigerant Boys","article_modified_time":"2024-11-18T12:11:25+00:00","og_image":[{"width":204,"height":443,"url":"https:\/\/dev.refrigerantboys.com\/wp-content\/uploads\/2018\/11\/r448a-30kg-2.png","type":"image\/png"}],"twitter_card":"summary_large_image","twitter_misc":{"Gesch\u00e4tzte Lesezeit":"1\u00a0Minute"},"schema":{"@context":"https:\/\/schema.org","@graph":[{"@type":"WebPage","@id":"https:\/\/dev.refrigerantboys.com\/de\/kaufen\/kaeltemittelgase\/r448a\/bombola-di-gas-r448a-con-30-kg-valvola-217-x-1-1-4\/","url":"https:\/\/dev.refrigerantboys.com\/de\/kaufen\/kaeltemittelgase\/r448a\/bombola-di-gas-r448a-con-30-kg-valvola-217-x-1-1-4\/","name":"R448A Gasflasche mit 30 kg Ventil 21,7\" x 1\/1\/4\" | Refrigerant Boys","isPartOf":{"@id":"https:\/\/dev.refrigerantboys.com\/de\/#website"},"datePublished":"2018-11-23T11:59:27+00:00","dateModified":"2024-11-18T12:11:25+00:00","description":"K\u00e4ltemittelgas R448A in 30 kg wiederbef\u00fcllbarer Flasche zugelassen T-PED \/ EN 13322-1 Ventil 21,7\u2033 x 1\/1\/4\u2033 SAE UN 3163 PREIS INKLUSIVE FLASCHE, DIE IHR EIGENTUM BLEIBT GWP","breadcrumb":{"@id":"https:\/\/dev.refrigerantboys.com\/de\/kaufen\/kaeltemittelgase\/r448a\/bombola-di-gas-r448a-con-30-kg-valvola-217-x-1-1-4\/#breadcrumb"},"inLanguage":"de","potentialAction":[{"@type":"ReadAction","target":["https:\/\/dev.refrigerantboys.com\/de\/kaufen\/kaeltemittelgase\/r448a\/bombola-di-gas-r448a-con-30-kg-valvola-217-x-1-1-4\/"]}]},{"@type":"BreadcrumbList","@id":"https:\/\/dev.refrigerantboys.com\/de\/kaufen\/kaeltemittelgase\/r448a\/bombola-di-gas-r448a-con-30-kg-valvola-217-x-1-1-4\/#breadcrumb","itemListElement":[{"@type":"ListItem","position":1,"name":"Home","item":"https:\/\/dev.refrigerantboys.com\/de\/"},{"@type":"ListItem","position":2,"name":"Gesch\u00e4ft","item":"https:\/\/dev.refrigerantboys.com\/de\/geschaeft\/"},{"@type":"ListItem","position":3,"name":"R448A Gasflasche mit 30 kg Ventil 21,7&#8243; x 1\/1\/4&#8243;"}]},{"@type":"WebSite","@id":"https:\/\/dev.refrigerantboys.com\/de\/#website","url":"https:\/\/dev.refrigerantboys.com\/de\/","name":"Refrigerant Boys","description":"Vendita gas refrigeranti","potentialAction":[{"@type":"SearchAction","target":{"@type":"EntryPoint","urlTemplate":"https:\/\/dev.refrigerantboys.com\/de\/?s={search_term_string}"},"query-input":"required name=search_term_string"}],"inLanguage":"de"}]}},"_links":{"self":[{"href":"https:\/\/dev.refrigerantboys.com\/de\/wp-json\/wp\/v2\/product\/4993"}],"collection":[{"href":"https:\/\/dev.refrigerantboys.com\/de\/wp-json\/wp\/v2\/product"}],"about":[{"href":"https:\/\/dev.refrigerantboys.com\/de\/wp-json\/wp\/v2\/types\/product"}],"wp:featuredmedia":[{"embeddable":true,"href":"https:\/\/dev.refrigerantboys.com\/de\/wp-json\/wp\/v2\/media\/68851"}],"wp:attachment":[{"href":"https:\/\/dev.refrigerantboys.com\/de\/wp-json\/wp\/v2\/media?parent=4993"}],"wp:term":[{"taxonomy":"product_cat","embeddable":true,"href":"https:\/\/dev.refrigerantboys.com\/de\/wp-json\/wp\/v2\/product_cat?post=4993"},{"taxonomy":"product_tag","embeddable":true,"href":"https:\/\/dev.refrigerantboys.com\/de\/wp-json\/wp\/v2\/product_tag?post=4993"}],"curies":[{"name":"wp","href":"https:\/\/api.w.org\/{rel}","templated":true}]}}