{"id":4943,"date":"2019-02-21T13:41:04","date_gmt":"2019-02-21T13:41:04","guid":{"rendered":"https:\/\/dev.refrigerantboys.com\/senza%20categoria\/kaltemittelfluid-r404a-in-der-gasflasche-10-kg\/"},"modified":"2025-06-24T18:01:07","modified_gmt":"2025-06-24T16:01:07","slug":"bombola-di-gas-r404a-rigenerato-con-10-kg-valvola-1-4","status":"publish","type":"product","link":"https:\/\/dev.refrigerantboys.com\/de\/kaufen\/kaeltemittelgase\/r404a\/bombola-di-gas-r404a-rigenerato-con-10-kg-valvola-1-4\/","title":{"rendered":"R404A REGENERATED Gasflasche mit 10 kg 1\/4 Ventil"},"content":{"rendered":"<p>Unsere R404A <strong>REGENERATED<\/strong>-Gasflasche hat eine Kapazit\u00e4t von 10 kg mit 1\/4\u2033 SAE-Ventil, um einen sicheren und zuverl\u00e4ssigen Anschluss an Ihre Klimaanlage zu gew\u00e4hrleisten. R404A <strong>REGENERATED<\/strong>, das aus dem R\u00fcckgewinnungs- und Regenerationsprozess von R404A resultiert, der die gleiche chemische\/physikalische Funktionsweise in Bezug auf die Verordnung CE517\/2014 garantiert. Sie werden \u00fcblicherweise in einer Vielzahl von Anwendungen in der gewerblichen und industriellen K\u00fchlung bei mittleren und niedrigen Temperaturen eingesetzt, z. B. in der Gastronomie, in K\u00fchlh\u00e4usern, im K\u00fchltransport, in Eismaschinen, in Speiseeismaschinen usw. Unsere Zylinder sind aus langlebigen Materialien gefertigt und entsprechen den h\u00f6chsten Sicherheitsstandards. Verlassen Sie sich bei Ihrer R404A-Gasflasche auf RefrigerantBoys und erhalten Sie ein hochwertiges Produkt.<\/p>\n","protected":false},"excerpt":{"rendered":"<p><span style=\"color: #282828;\"><strong>K\u00e4ltemittelgas R404A <span style=\"color: #ed1c24;\">REGENERATED <\/span>10 kg nachf\u00fcllbare Flasche T-PED \/ EN 13322-1 (Ventil 1\/4 &#8220;SAE) UN 3337<\/strong><br \/>\n<\/span><\/p>\n<p><span style=\"color: #282828;\"><br \/>\n<strong>Das Etikett muss die folgenden Angaben enthalten:<\/strong><br \/>\n<\/span><\/p>\n<ol>\n<li style=\"list-style-type: none;\">\n<ol>\n<li><span style=\"color: #282828;\"><strong>aufbereitet gem\u00e4\u00df Verordnung (EU) 517\/2014<\/strong><\/span><\/li>\n<li><span style=\"color: #282828;\"><strong>Adresse des Sanierungsgebiets<\/strong><\/span><\/li>\n<li><span style=\"color: #282828;\"><strong>Losnummer<\/strong><\/span><\/li>\n<\/ol>\n<\/li>\n<\/ol>\n<p><strong><br \/>\n<span class=\"hps\">PREIS EINSCHLIESSLICH DER FLASCHE, DIE IHR EIGENTUM BLEIBT &#8211; <a href=\"https:\/\/dev.refrigerantboys.com\/de\/wiederbefuellung-von-kaeltemittelgasflaschen\/\">NACHF\u00dcLLEN DER FLASCHE<\/a><\/span><br \/>\n<\/strong><\/p>\n<pre><span style=\"color: #ff0000; font-size: 20px;\"><strong>GWP[3922]<\/strong><\/span><\/pre>\n","protected":false},"featured_media":86243,"template":"","meta":[],"product_cat":[232,237],"product_tag":[],"acf":{"ai_note":""},"yoast_head":"<!-- This site is optimized with the Yoast SEO plugin v20.2 - https:\/\/yoast.com\/wordpress\/plugins\/seo\/ -->\n<title>R404A REGENERATED Gasflasche mit 10 kg 1\/4 Ventil | Refrigerant Boys<\/title>\n<meta name=\"description\" content=\"K\u00e4ltemittelgas R404A REGENERATED 10 kg nachf\u00fcllbare Flasche T-PED \/ EN 13322-1 (Ventil 1\/4 &quot;SAE) UN 3337    Das Etikett muss die folgenden Angaben enthalten:       aufbereitet gem\u00e4\u00df Verordnung (EU) 517\/2014  Adresse des Sanierungsgebiets  Losnummer     PREIS EINSCHLIESSLICH DER FLASCHE, DIE IHR EIGENTUM BLEIBT - NACHF\u00dcLLEN DER FLASCHE  GWP\" \/>\n<meta name=\"robots\" content=\"index, follow, max-snippet:-1, max-image-preview:large, max-video-preview:-1\" \/>\n<link rel=\"canonical\" href=\"https:\/\/dev.refrigerantboys.com\/de\/kaufen\/kaeltemittelgase\/r404a\/bombola-di-gas-r404a-rigenerato-con-10-kg-valvola-1-4\/\" \/>\n<meta property=\"og:locale\" content=\"de_DE\" \/>\n<meta property=\"og:type\" content=\"article\" \/>\n<meta property=\"og:title\" content=\"R404A REGENERATED Gasflasche mit 10 kg 1\/4 Ventil | Refrigerant Boys\" \/>\n<meta property=\"og:description\" content=\"K\u00e4ltemittelgas R404A REGENERATED 10 kg nachf\u00fcllbare Flasche T-PED \/ EN 13322-1 (Ventil 1\/4 &quot;SAE) UN 3337    Das Etikett muss die folgenden Angaben enthalten:       aufbereitet gem\u00e4\u00df Verordnung (EU) 517\/2014  Adresse des Sanierungsgebiets  Losnummer     PREIS EINSCHLIESSLICH DER FLASCHE, DIE IHR EIGENTUM BLEIBT - NACHF\u00dcLLEN DER FLASCHE  GWP\" \/>\n<meta property=\"og:url\" content=\"https:\/\/dev.refrigerantboys.com\/de\/kaufen\/kaeltemittelgase\/r404a\/bombola-di-gas-r404a-rigenerato-con-10-kg-valvola-1-4\/\" \/>\n<meta property=\"og:site_name\" content=\"Refrigerant Boys\" \/>\n<meta property=\"article:modified_time\" content=\"2025-06-24T16:01:07+00:00\" \/>\n<meta property=\"og:image\" content=\"https:\/\/dev.refrigerantboys.com\/wp-content\/uploads\/2019\/02\/r404A-10kg-1.png\" \/>\n\t<meta property=\"og:image:width\" content=\"562\" \/>\n\t<meta property=\"og:image:height\" content=\"935\" \/>\n\t<meta property=\"og:image:type\" content=\"image\/png\" \/>\n<meta name=\"twitter:card\" content=\"summary_large_image\" \/>\n<meta name=\"twitter:label1\" content=\"Gesch\u00e4tzte Lesezeit\" \/>\n\t<meta name=\"twitter:data1\" content=\"1\u00a0Minute\" \/>\n<script type=\"application\/ld+json\" class=\"yoast-schema-graph\">{\"@context\":\"https:\/\/schema.org\",\"@graph\":[{\"@type\":\"WebPage\",\"@id\":\"https:\/\/dev.refrigerantboys.com\/de\/kaufen\/kaeltemittelgase\/r404a\/bombola-di-gas-r404a-rigenerato-con-10-kg-valvola-1-4\/\",\"url\":\"https:\/\/dev.refrigerantboys.com\/de\/kaufen\/kaeltemittelgase\/r404a\/bombola-di-gas-r404a-rigenerato-con-10-kg-valvola-1-4\/\",\"name\":\"R404A REGENERATED Gasflasche mit 10 kg 1\/4 Ventil | Refrigerant Boys\",\"isPartOf\":{\"@id\":\"https:\/\/dev.refrigerantboys.com\/de\/#website\"},\"datePublished\":\"2019-02-21T13:41:04+00:00\",\"dateModified\":\"2025-06-24T16:01:07+00:00\",\"description\":\"K\u00e4ltemittelgas R404A REGENERATED 10 kg nachf\u00fcllbare Flasche T-PED \/ EN 13322-1 (Ventil 1\/4 \\\"SAE) UN 3337 Das Etikett muss die folgenden Angaben enthalten: aufbereitet gem\u00e4\u00df Verordnung (EU) 517\/2014 Adresse des Sanierungsgebiets Losnummer PREIS EINSCHLIESSLICH DER FLASCHE, DIE IHR EIGENTUM BLEIBT - NACHF\u00dcLLEN DER FLASCHE GWP\",\"breadcrumb\":{\"@id\":\"https:\/\/dev.refrigerantboys.com\/de\/kaufen\/kaeltemittelgase\/r404a\/bombola-di-gas-r404a-rigenerato-con-10-kg-valvola-1-4\/#breadcrumb\"},\"inLanguage\":\"de\",\"potentialAction\":[{\"@type\":\"ReadAction\",\"target\":[\"https:\/\/dev.refrigerantboys.com\/de\/kaufen\/kaeltemittelgase\/r404a\/bombola-di-gas-r404a-rigenerato-con-10-kg-valvola-1-4\/\"]}]},{\"@type\":\"BreadcrumbList\",\"@id\":\"https:\/\/dev.refrigerantboys.com\/de\/kaufen\/kaeltemittelgase\/r404a\/bombola-di-gas-r404a-rigenerato-con-10-kg-valvola-1-4\/#breadcrumb\",\"itemListElement\":[{\"@type\":\"ListItem\",\"position\":1,\"name\":\"Home\",\"item\":\"https:\/\/dev.refrigerantboys.com\/de\/\"},{\"@type\":\"ListItem\",\"position\":2,\"name\":\"Gesch\u00e4ft\",\"item\":\"https:\/\/dev.refrigerantboys.com\/de\/geschaeft\/\"},{\"@type\":\"ListItem\",\"position\":3,\"name\":\"R404A REGENERATED Gasflasche mit 10 kg 1\/4 Ventil\"}]},{\"@type\":\"WebSite\",\"@id\":\"https:\/\/dev.refrigerantboys.com\/de\/#website\",\"url\":\"https:\/\/dev.refrigerantboys.com\/de\/\",\"name\":\"Refrigerant Boys\",\"description\":\"Vendita gas refrigeranti\",\"potentialAction\":[{\"@type\":\"SearchAction\",\"target\":{\"@type\":\"EntryPoint\",\"urlTemplate\":\"https:\/\/dev.refrigerantboys.com\/de\/?s={search_term_string}\"},\"query-input\":\"required name=search_term_string\"}],\"inLanguage\":\"de\"}]}<\/script>\n<!-- \/ Yoast SEO plugin. -->","yoast_head_json":{"title":"R404A REGENERATED Gasflasche mit 10 kg 1\/4 Ventil | Refrigerant Boys","description":"K\u00e4ltemittelgas R404A REGENERATED 10 kg nachf\u00fcllbare Flasche T-PED \/ EN 13322-1 (Ventil 1\/4 \"SAE) UN 3337    Das Etikett muss die folgenden Angaben enthalten:       aufbereitet gem\u00e4\u00df Verordnung (EU) 517\/2014  Adresse des Sanierungsgebiets  Losnummer     PREIS EINSCHLIESSLICH DER FLASCHE, DIE IHR EIGENTUM BLEIBT - NACHF\u00dcLLEN DER FLASCHE  GWP","robots":{"index":"index","follow":"follow","max-snippet":"max-snippet:-1","max-image-preview":"max-image-preview:large","max-video-preview":"max-video-preview:-1"},"canonical":"https:\/\/dev.refrigerantboys.com\/de\/kaufen\/kaeltemittelgase\/r404a\/bombola-di-gas-r404a-rigenerato-con-10-kg-valvola-1-4\/","og_locale":"de_DE","og_type":"article","og_title":"R404A REGENERATED Gasflasche mit 10 kg 1\/4 Ventil | Refrigerant Boys","og_description":"K\u00e4ltemittelgas R404A REGENERATED 10 kg nachf\u00fcllbare Flasche T-PED \/ EN 13322-1 (Ventil 1\/4 \"SAE) UN 3337    Das Etikett muss die folgenden Angaben enthalten:       aufbereitet gem\u00e4\u00df Verordnung (EU) 517\/2014  Adresse des Sanierungsgebiets  Losnummer     PREIS EINSCHLIESSLICH DER FLASCHE, DIE IHR EIGENTUM BLEIBT - NACHF\u00dcLLEN DER FLASCHE  GWP","og_url":"https:\/\/dev.refrigerantboys.com\/de\/kaufen\/kaeltemittelgase\/r404a\/bombola-di-gas-r404a-rigenerato-con-10-kg-valvola-1-4\/","og_site_name":"Refrigerant Boys","article_modified_time":"2025-06-24T16:01:07+00:00","og_image":[{"width":562,"height":935,"url":"https:\/\/dev.refrigerantboys.com\/wp-content\/uploads\/2019\/02\/r404A-10kg-1.png","type":"image\/png"}],"twitter_card":"summary_large_image","twitter_misc":{"Gesch\u00e4tzte Lesezeit":"1\u00a0Minute"},"schema":{"@context":"https:\/\/schema.org","@graph":[{"@type":"WebPage","@id":"https:\/\/dev.refrigerantboys.com\/de\/kaufen\/kaeltemittelgase\/r404a\/bombola-di-gas-r404a-rigenerato-con-10-kg-valvola-1-4\/","url":"https:\/\/dev.refrigerantboys.com\/de\/kaufen\/kaeltemittelgase\/r404a\/bombola-di-gas-r404a-rigenerato-con-10-kg-valvola-1-4\/","name":"R404A REGENERATED Gasflasche mit 10 kg 1\/4 Ventil | Refrigerant Boys","isPartOf":{"@id":"https:\/\/dev.refrigerantboys.com\/de\/#website"},"datePublished":"2019-02-21T13:41:04+00:00","dateModified":"2025-06-24T16:01:07+00:00","description":"K\u00e4ltemittelgas R404A REGENERATED 10 kg nachf\u00fcllbare Flasche T-PED \/ EN 13322-1 (Ventil 1\/4 \"SAE) UN 3337 Das Etikett muss die folgenden Angaben enthalten: aufbereitet gem\u00e4\u00df Verordnung (EU) 517\/2014 Adresse des Sanierungsgebiets Losnummer PREIS EINSCHLIESSLICH DER FLASCHE, DIE IHR EIGENTUM BLEIBT - NACHF\u00dcLLEN DER FLASCHE GWP","breadcrumb":{"@id":"https:\/\/dev.refrigerantboys.com\/de\/kaufen\/kaeltemittelgase\/r404a\/bombola-di-gas-r404a-rigenerato-con-10-kg-valvola-1-4\/#breadcrumb"},"inLanguage":"de","potentialAction":[{"@type":"ReadAction","target":["https:\/\/dev.refrigerantboys.com\/de\/kaufen\/kaeltemittelgase\/r404a\/bombola-di-gas-r404a-rigenerato-con-10-kg-valvola-1-4\/"]}]},{"@type":"BreadcrumbList","@id":"https:\/\/dev.refrigerantboys.com\/de\/kaufen\/kaeltemittelgase\/r404a\/bombola-di-gas-r404a-rigenerato-con-10-kg-valvola-1-4\/#breadcrumb","itemListElement":[{"@type":"ListItem","position":1,"name":"Home","item":"https:\/\/dev.refrigerantboys.com\/de\/"},{"@type":"ListItem","position":2,"name":"Gesch\u00e4ft","item":"https:\/\/dev.refrigerantboys.com\/de\/geschaeft\/"},{"@type":"ListItem","position":3,"name":"R404A REGENERATED Gasflasche mit 10 kg 1\/4 Ventil"}]},{"@type":"WebSite","@id":"https:\/\/dev.refrigerantboys.com\/de\/#website","url":"https:\/\/dev.refrigerantboys.com\/de\/","name":"Refrigerant Boys","description":"Vendita gas refrigeranti","potentialAction":[{"@type":"SearchAction","target":{"@type":"EntryPoint","urlTemplate":"https:\/\/dev.refrigerantboys.com\/de\/?s={search_term_string}"},"query-input":"required name=search_term_string"}],"inLanguage":"de"}]}},"_links":{"self":[{"href":"https:\/\/dev.refrigerantboys.com\/de\/wp-json\/wp\/v2\/product\/4943"}],"collection":[{"href":"https:\/\/dev.refrigerantboys.com\/de\/wp-json\/wp\/v2\/product"}],"about":[{"href":"https:\/\/dev.refrigerantboys.com\/de\/wp-json\/wp\/v2\/types\/product"}],"wp:featuredmedia":[{"embeddable":true,"href":"https:\/\/dev.refrigerantboys.com\/de\/wp-json\/wp\/v2\/media\/86243"}],"wp:attachment":[{"href":"https:\/\/dev.refrigerantboys.com\/de\/wp-json\/wp\/v2\/media?parent=4943"}],"wp:term":[{"taxonomy":"product_cat","embeddable":true,"href":"https:\/\/dev.refrigerantboys.com\/de\/wp-json\/wp\/v2\/product_cat?post=4943"},{"taxonomy":"product_tag","embeddable":true,"href":"https:\/\/dev.refrigerantboys.com\/de\/wp-json\/wp\/v2\/product_tag?post=4943"}],"curies":[{"name":"wp","href":"https:\/\/api.w.org\/{rel}","templated":true}]}}