{"id":4919,"date":"2017-10-28T22:45:27","date_gmt":"2017-10-28T22:45:27","guid":{"rendered":"https:\/\/dev.refrigerantboys.com\/senza%20categoria\/kaltemittelgas-r1234yf-in-der-gasflasche-5-kg\/"},"modified":"2024-01-15T18:49:50","modified_gmt":"2024-01-15T17:49:50","slug":"gas-refrigerante-r1234yf-in-bombola-da-5-kg-valvola-w218-x-1-14","status":"publish","type":"product","link":"https:\/\/dev.refrigerantboys.com\/de\/kaufen\/kaeltemittelgase\/r1234yf\/gas-refrigerante-r1234yf-in-bombola-da-5-kg-valvola-w218-x-1-14\/","title":{"rendered":"K\u00e4ltemittelgas R1234YF in 5 kg Flaschenventil W21.8&#8243; x 1\/14"},"content":{"rendered":"<p>Unser Unternehmen verkauft R1234yf-Gas in 5 kg-Flaschen. Refrigerant Boys bietet eine gro\u00dfe Auswahl an hochwertigen K\u00e4ltemitteln in verschiedenen Gr\u00f6\u00dfen an, um Ihre Bed\u00fcrfnisse zu erf\u00fcllen. R1234yf ist ein umweltfreundliches Gas, das als Ersatz f\u00fcr R134a entwickelt wurde, das vor allem in Automobilklimaanlagen verwendet wird. Wir wissen, wie wichtig zuverl\u00e4ssige Produkte sind, die den geltenden Vorschriften entsprechen. Deshalb k\u00f6nnen Sie sich darauf verlassen, dass unsere R1234yf-Gasflaschen optimale Leistung und maximale Sicherheit bieten. Kaufen Sie noch heute Ihre 5 kg R1234yf Gasflasche bei Refrigerant Boys und finden Sie heraus, warum wir die bevorzugte Wahl von Fachleuten sind.<\/p>\n","protected":false},"excerpt":{"rendered":"<p><strong>K\u00e4ltemittelgas R1234YF in 5 kg Zylinder T-PED\/EN 13322-1 zertifiziert. umweltfreundliches Gas der neuen Generation, ideal zum Aufladen von Autoklimaanlagen. Ventil W21,8&#8243; x 1\/14&#8243; UN 3161<\/strong><\/p>\n<p class=\"box-excerpt is-small\"><strong><span class=\"hps\">PREIS EINSCHLIESSLICH DER FLASCHE, DIE IHR EIGENTUM BLEIBT &#8211; <a href=\"https:\/\/dev.refrigerantboys.com\/de\/wiederbefuellung-von-kaeltemittelgasflaschen\/\">NACHF\u00dcLLEN DER FLASCHE<\/a><\/span><br \/>\n<\/strong><\/p>\n<pre style=\"text-align: left;\"><span style=\"color: #99cc00; font-size: 20px;\"><strong><strong style=\"color: #99cc00;\">GWP[<\/strong>4]<\/strong><\/span><\/pre>\n","protected":false},"featured_media":68896,"template":"","meta":[],"product_cat":[232,236],"product_tag":[274],"acf":{"ai_note":""},"yoast_head":"<!-- This site is optimized with the Yoast SEO plugin v20.2 - https:\/\/yoast.com\/wordpress\/plugins\/seo\/ -->\n<title>K\u00e4ltemittelgas R1234YF in 5 kg Flaschenventil W21.8&quot; x 1\/14 | Refrigerant Boys<\/title>\n<meta name=\"description\" content=\"K\u00e4ltemittelgas R1234YF in 5 kg Zylinder T-PED\/EN 13322-1 zertifiziert. umweltfreundliches Gas der neuen Generation, ideal zum Aufladen von Autoklimaanlagen. Ventil W21,8&quot; x 1\/14&quot; UN 3161 PREIS EINSCHLIESSLICH DER FLASCHE, DIE IHR EIGENTUM BLEIBT - NACHF\u00dcLLEN DER FLASCHE   GWP\" \/>\n<meta name=\"robots\" content=\"index, follow, max-snippet:-1, max-image-preview:large, max-video-preview:-1\" \/>\n<link rel=\"canonical\" href=\"https:\/\/dev.refrigerantboys.com\/de\/kaufen\/kaeltemittelgase\/r1234yf\/gas-refrigerante-r1234yf-in-bombola-da-5-kg-valvola-w218-x-1-14\/\" \/>\n<meta property=\"og:locale\" content=\"de_DE\" \/>\n<meta property=\"og:type\" content=\"article\" \/>\n<meta property=\"og:title\" content=\"K\u00e4ltemittelgas R1234YF in 5 kg Flaschenventil W21.8&quot; x 1\/14 | Refrigerant Boys\" \/>\n<meta property=\"og:description\" content=\"K\u00e4ltemittelgas R1234YF in 5 kg Zylinder T-PED\/EN 13322-1 zertifiziert. umweltfreundliches Gas der neuen Generation, ideal zum Aufladen von Autoklimaanlagen. Ventil W21,8&quot; x 1\/14&quot; UN 3161 PREIS EINSCHLIESSLICH DER FLASCHE, DIE IHR EIGENTUM BLEIBT - NACHF\u00dcLLEN DER FLASCHE   GWP\" \/>\n<meta property=\"og:url\" content=\"https:\/\/dev.refrigerantboys.com\/de\/kaufen\/kaeltemittelgase\/r1234yf\/gas-refrigerante-r1234yf-in-bombola-da-5-kg-valvola-w218-x-1-14\/\" \/>\n<meta property=\"og:site_name\" content=\"Refrigerant Boys\" \/>\n<meta property=\"article:modified_time\" content=\"2024-01-15T17:49:50+00:00\" \/>\n<meta property=\"og:image\" content=\"https:\/\/dev.refrigerantboys.com\/wp-content\/uploads\/2017\/10\/r1234yf-5kg-4.png\" \/>\n\t<meta property=\"og:image:width\" content=\"325\" \/>\n\t<meta property=\"og:image:height\" content=\"592\" \/>\n\t<meta property=\"og:image:type\" content=\"image\/png\" \/>\n<meta name=\"twitter:card\" content=\"summary_large_image\" \/>\n<meta name=\"twitter:label1\" content=\"Gesch\u00e4tzte Lesezeit\" \/>\n\t<meta name=\"twitter:data1\" content=\"1\u00a0Minute\" \/>\n<script type=\"application\/ld+json\" class=\"yoast-schema-graph\">{\"@context\":\"https:\/\/schema.org\",\"@graph\":[{\"@type\":\"WebPage\",\"@id\":\"https:\/\/dev.refrigerantboys.com\/de\/kaufen\/kaeltemittelgase\/r1234yf\/gas-refrigerante-r1234yf-in-bombola-da-5-kg-valvola-w218-x-1-14\/\",\"url\":\"https:\/\/dev.refrigerantboys.com\/de\/kaufen\/kaeltemittelgase\/r1234yf\/gas-refrigerante-r1234yf-in-bombola-da-5-kg-valvola-w218-x-1-14\/\",\"name\":\"K\u00e4ltemittelgas R1234YF in 5 kg Flaschenventil W21.8\\\" x 1\/14 | Refrigerant Boys\",\"isPartOf\":{\"@id\":\"https:\/\/dev.refrigerantboys.com\/de\/#website\"},\"datePublished\":\"2017-10-28T22:45:27+00:00\",\"dateModified\":\"2024-01-15T17:49:50+00:00\",\"description\":\"K\u00e4ltemittelgas R1234YF in 5 kg Zylinder T-PED\/EN 13322-1 zertifiziert. umweltfreundliches Gas der neuen Generation, ideal zum Aufladen von Autoklimaanlagen. Ventil W21,8\\\" x 1\/14\\\" UN 3161 PREIS EINSCHLIESSLICH DER FLASCHE, DIE IHR EIGENTUM BLEIBT - NACHF\u00dcLLEN DER FLASCHE GWP\",\"breadcrumb\":{\"@id\":\"https:\/\/dev.refrigerantboys.com\/de\/kaufen\/kaeltemittelgase\/r1234yf\/gas-refrigerante-r1234yf-in-bombola-da-5-kg-valvola-w218-x-1-14\/#breadcrumb\"},\"inLanguage\":\"de\",\"potentialAction\":[{\"@type\":\"ReadAction\",\"target\":[\"https:\/\/dev.refrigerantboys.com\/de\/kaufen\/kaeltemittelgase\/r1234yf\/gas-refrigerante-r1234yf-in-bombola-da-5-kg-valvola-w218-x-1-14\/\"]}]},{\"@type\":\"BreadcrumbList\",\"@id\":\"https:\/\/dev.refrigerantboys.com\/de\/kaufen\/kaeltemittelgase\/r1234yf\/gas-refrigerante-r1234yf-in-bombola-da-5-kg-valvola-w218-x-1-14\/#breadcrumb\",\"itemListElement\":[{\"@type\":\"ListItem\",\"position\":1,\"name\":\"Home\",\"item\":\"https:\/\/dev.refrigerantboys.com\/de\/\"},{\"@type\":\"ListItem\",\"position\":2,\"name\":\"Gesch\u00e4ft\",\"item\":\"https:\/\/dev.refrigerantboys.com\/de\/geschaeft\/\"},{\"@type\":\"ListItem\",\"position\":3,\"name\":\"K\u00e4ltemittelgas R1234YF in 5 kg Flaschenventil W21.8&#8243; x 1\/14\"}]},{\"@type\":\"WebSite\",\"@id\":\"https:\/\/dev.refrigerantboys.com\/de\/#website\",\"url\":\"https:\/\/dev.refrigerantboys.com\/de\/\",\"name\":\"Refrigerant Boys\",\"description\":\"Vendita gas refrigeranti\",\"potentialAction\":[{\"@type\":\"SearchAction\",\"target\":{\"@type\":\"EntryPoint\",\"urlTemplate\":\"https:\/\/dev.refrigerantboys.com\/de\/?s={search_term_string}\"},\"query-input\":\"required name=search_term_string\"}],\"inLanguage\":\"de\"}]}<\/script>\n<!-- \/ Yoast SEO plugin. -->","yoast_head_json":{"title":"K\u00e4ltemittelgas R1234YF in 5 kg Flaschenventil W21.8\" x 1\/14 | Refrigerant Boys","description":"K\u00e4ltemittelgas R1234YF in 5 kg Zylinder T-PED\/EN 13322-1 zertifiziert. umweltfreundliches Gas der neuen Generation, ideal zum Aufladen von Autoklimaanlagen. Ventil W21,8\" x 1\/14\" UN 3161 PREIS EINSCHLIESSLICH DER FLASCHE, DIE IHR EIGENTUM BLEIBT - NACHF\u00dcLLEN DER FLASCHE   GWP","robots":{"index":"index","follow":"follow","max-snippet":"max-snippet:-1","max-image-preview":"max-image-preview:large","max-video-preview":"max-video-preview:-1"},"canonical":"https:\/\/dev.refrigerantboys.com\/de\/kaufen\/kaeltemittelgase\/r1234yf\/gas-refrigerante-r1234yf-in-bombola-da-5-kg-valvola-w218-x-1-14\/","og_locale":"de_DE","og_type":"article","og_title":"K\u00e4ltemittelgas R1234YF in 5 kg Flaschenventil W21.8\" x 1\/14 | Refrigerant Boys","og_description":"K\u00e4ltemittelgas R1234YF in 5 kg Zylinder T-PED\/EN 13322-1 zertifiziert. umweltfreundliches Gas der neuen Generation, ideal zum Aufladen von Autoklimaanlagen. Ventil W21,8\" x 1\/14\" UN 3161 PREIS EINSCHLIESSLICH DER FLASCHE, DIE IHR EIGENTUM BLEIBT - NACHF\u00dcLLEN DER FLASCHE   GWP","og_url":"https:\/\/dev.refrigerantboys.com\/de\/kaufen\/kaeltemittelgase\/r1234yf\/gas-refrigerante-r1234yf-in-bombola-da-5-kg-valvola-w218-x-1-14\/","og_site_name":"Refrigerant Boys","article_modified_time":"2024-01-15T17:49:50+00:00","og_image":[{"width":325,"height":592,"url":"https:\/\/dev.refrigerantboys.com\/wp-content\/uploads\/2017\/10\/r1234yf-5kg-4.png","type":"image\/png"}],"twitter_card":"summary_large_image","twitter_misc":{"Gesch\u00e4tzte Lesezeit":"1\u00a0Minute"},"schema":{"@context":"https:\/\/schema.org","@graph":[{"@type":"WebPage","@id":"https:\/\/dev.refrigerantboys.com\/de\/kaufen\/kaeltemittelgase\/r1234yf\/gas-refrigerante-r1234yf-in-bombola-da-5-kg-valvola-w218-x-1-14\/","url":"https:\/\/dev.refrigerantboys.com\/de\/kaufen\/kaeltemittelgase\/r1234yf\/gas-refrigerante-r1234yf-in-bombola-da-5-kg-valvola-w218-x-1-14\/","name":"K\u00e4ltemittelgas R1234YF in 5 kg Flaschenventil W21.8\" x 1\/14 | Refrigerant Boys","isPartOf":{"@id":"https:\/\/dev.refrigerantboys.com\/de\/#website"},"datePublished":"2017-10-28T22:45:27+00:00","dateModified":"2024-01-15T17:49:50+00:00","description":"K\u00e4ltemittelgas R1234YF in 5 kg Zylinder T-PED\/EN 13322-1 zertifiziert. umweltfreundliches Gas der neuen Generation, ideal zum Aufladen von Autoklimaanlagen. Ventil W21,8\" x 1\/14\" UN 3161 PREIS EINSCHLIESSLICH DER FLASCHE, DIE IHR EIGENTUM BLEIBT - NACHF\u00dcLLEN DER FLASCHE GWP","breadcrumb":{"@id":"https:\/\/dev.refrigerantboys.com\/de\/kaufen\/kaeltemittelgase\/r1234yf\/gas-refrigerante-r1234yf-in-bombola-da-5-kg-valvola-w218-x-1-14\/#breadcrumb"},"inLanguage":"de","potentialAction":[{"@type":"ReadAction","target":["https:\/\/dev.refrigerantboys.com\/de\/kaufen\/kaeltemittelgase\/r1234yf\/gas-refrigerante-r1234yf-in-bombola-da-5-kg-valvola-w218-x-1-14\/"]}]},{"@type":"BreadcrumbList","@id":"https:\/\/dev.refrigerantboys.com\/de\/kaufen\/kaeltemittelgase\/r1234yf\/gas-refrigerante-r1234yf-in-bombola-da-5-kg-valvola-w218-x-1-14\/#breadcrumb","itemListElement":[{"@type":"ListItem","position":1,"name":"Home","item":"https:\/\/dev.refrigerantboys.com\/de\/"},{"@type":"ListItem","position":2,"name":"Gesch\u00e4ft","item":"https:\/\/dev.refrigerantboys.com\/de\/geschaeft\/"},{"@type":"ListItem","position":3,"name":"K\u00e4ltemittelgas R1234YF in 5 kg Flaschenventil W21.8&#8243; x 1\/14"}]},{"@type":"WebSite","@id":"https:\/\/dev.refrigerantboys.com\/de\/#website","url":"https:\/\/dev.refrigerantboys.com\/de\/","name":"Refrigerant Boys","description":"Vendita gas refrigeranti","potentialAction":[{"@type":"SearchAction","target":{"@type":"EntryPoint","urlTemplate":"https:\/\/dev.refrigerantboys.com\/de\/?s={search_term_string}"},"query-input":"required name=search_term_string"}],"inLanguage":"de"}]}},"_links":{"self":[{"href":"https:\/\/dev.refrigerantboys.com\/de\/wp-json\/wp\/v2\/product\/4919"}],"collection":[{"href":"https:\/\/dev.refrigerantboys.com\/de\/wp-json\/wp\/v2\/product"}],"about":[{"href":"https:\/\/dev.refrigerantboys.com\/de\/wp-json\/wp\/v2\/types\/product"}],"wp:featuredmedia":[{"embeddable":true,"href":"https:\/\/dev.refrigerantboys.com\/de\/wp-json\/wp\/v2\/media\/68896"}],"wp:attachment":[{"href":"https:\/\/dev.refrigerantboys.com\/de\/wp-json\/wp\/v2\/media?parent=4919"}],"wp:term":[{"taxonomy":"product_cat","embeddable":true,"href":"https:\/\/dev.refrigerantboys.com\/de\/wp-json\/wp\/v2\/product_cat?post=4919"},{"taxonomy":"product_tag","embeddable":true,"href":"https:\/\/dev.refrigerantboys.com\/de\/wp-json\/wp\/v2\/product_tag?post=4919"}],"curies":[{"name":"wp","href":"https:\/\/api.w.org\/{rel}","templated":true}]}}