{"id":4790,"date":"2017-10-28T22:48:35","date_gmt":"2017-10-28T22:48:35","guid":{"rendered":"https:\/\/dev.refrigerantboys.com\/senza%20categoria\/gas-r32-in-der-gasflasche-9-kg\/"},"modified":"2025-03-17T12:37:11","modified_gmt":"2025-03-17T11:37:11","slug":"r32-gas-in-der-flasche-mit-9-kg-ventil-217-x-1-14-left","status":"publish","type":"product","link":"https:\/\/dev.refrigerantboys.com\/de\/kaufen\/kaeltemittelgase\/r32\/r32-gas-in-der-flasche-mit-9-kg-ventil-217-x-1-14-left\/","title":{"rendered":"R32-Gasflasche mit 9 kg (Ventil W21,7\u00d71\/14\u2033)"},"content":{"rendered":"<p>Refrigerant Boys bietet eine gro\u00dfe Auswahl an hochwertigen K\u00e4ltemitteln, die Ihren Anforderungen gerecht werden. Unsere 9-kg-R32-Gasflasche ist ideal f\u00fcr den Einsatz in Klimaanlagen und W\u00e4rmepumpen und bietet \u00fcberlegene Energieeffizienz und geringere Umweltbelastung. Wir sind uns der Bedeutung zuverl\u00e4ssiger Produkte bewusst, die den geltenden Vorschriften entsprechen. Daher k\u00f6nnen Sie sich darauf verlassen, dass unsere R32-Gasflaschen optimale Leistung und maximale Sicherheit garantieren. Kaufen Sie noch heute Ihre 9-kg-R32-Gasflasche bei Refrigerant Boys und finden Sie heraus, warum wir die bevorzugte Wahl von Branchenprofis sind.<\/p>\n<p><strong>Anwendungen:<\/strong><\/p>\n<ul>\n<li>R32 weist im Vergleich zu R410A eine gleichwertige Leistung und Energieeffizienz auf.<\/li>\n<li>GWP (Global Warming Potential) deutlich niedriger als R410A.<\/li>\n<li>Der Austausch von Komponenten, Schmiermitteln und Dichtungen ist nicht erforderlich.<\/li>\n<\/ul>\n<p><span style=\"color: #ff0000;\">R32 kann nur in neuen Systemen verwendet werden, die f\u00fcr den Betrieb mit leicht entflammbaren Gasen (Klasse A2L) ausgelegt sind.<\/span><\/p>\n<p><span style=\"color: #ff0000;\">R32 kann nicht als Nachr\u00fcstprodukt f\u00fcr Systeme verwendet werden, die f\u00fcr den Betrieb mit R410A ausgelegt sind. Da R410A-Systeme nicht f\u00fcr den Betrieb mit leicht entflammbaren Gasen ausgelegt sind, besteht die Gefahr einer Besch\u00e4digung des Kompressors.<\/span><\/p>\n<p><strong>IM PREIS INKLUSIVE DER ZYLINDER, DER IHR EIGENTUM BLEIBT<\/strong><\/p>\n","protected":false},"excerpt":{"rendered":"<p class=\"box-excerpt is-small\"><strong>R32 K\u00e4ltemittelgas in 9 kg Flasche, nachf\u00fcllbar und zertifiziert T-PED \/ EN 13322-1. Geboren als Alternative zu R410A-Gas. Wird von gro\u00dfen Herstellern von Klimaanlagen verwendet. Geringe Umweltbelastung UN 3252. <span style=\"color: #ed1c24;\">Ventil 21,7 \u2033 x 1\/14\u2033 LEFT<\/span><\/strong><\/p>\n<pre><span style=\"color: #ff0000; font-size: 20px;\"><strong>GWP[675]<\/strong><\/span><\/pre>\n","protected":false},"featured_media":68911,"template":"","meta":[],"product_cat":[232,234],"product_tag":[],"acf":{"ai_note":""},"yoast_head":"<!-- This site is optimized with the Yoast SEO plugin v20.2 - https:\/\/yoast.com\/wordpress\/plugins\/seo\/ -->\n<title>R32-Gasflasche mit 9 kg (Ventil W21,7\u00d71\/14\u2033) | Refrigerant Boys<\/title>\n<meta name=\"description\" content=\"Wenn Sie eine R32-Gasflasche mit einem Fassungsverm\u00f6gen von 9 kg suchen, sind Sie hier genau richtig! Refrigerant Boys bietet eine gro\u00dfe Auswahl an hochwertigen K\u00e4ltemitteln, die Ihren Anforderungen gerecht werden.\" \/>\n<meta name=\"robots\" content=\"index, follow, max-snippet:-1, max-image-preview:large, max-video-preview:-1\" \/>\n<link rel=\"canonical\" href=\"https:\/\/dev.refrigerantboys.com\/de\/kaufen\/kaeltemittelgase\/r32\/r32-gas-in-der-flasche-mit-9-kg-ventil-217-x-1-14-left\/\" \/>\n<meta property=\"og:locale\" content=\"de_DE\" \/>\n<meta property=\"og:type\" content=\"article\" \/>\n<meta property=\"og:title\" content=\"R32-Gasflasche mit 9 kg (Ventil W21,7\u00d71\/14\u2033) | Refrigerant Boys\" \/>\n<meta property=\"og:description\" content=\"Wenn Sie eine R32-Gasflasche mit einem Fassungsverm\u00f6gen von 9 kg suchen, sind Sie hier genau richtig! Refrigerant Boys bietet eine gro\u00dfe Auswahl an hochwertigen K\u00e4ltemitteln, die Ihren Anforderungen gerecht werden.\" \/>\n<meta property=\"og:url\" content=\"https:\/\/dev.refrigerantboys.com\/de\/kaufen\/kaeltemittelgase\/r32\/r32-gas-in-der-flasche-mit-9-kg-ventil-217-x-1-14-left\/\" \/>\n<meta property=\"og:site_name\" content=\"Refrigerant Boys\" \/>\n<meta property=\"article:modified_time\" content=\"2025-03-17T11:37:11+00:00\" \/>\n<meta property=\"og:image\" content=\"https:\/\/dev.refrigerantboys.com\/wp-content\/uploads\/2017\/10\/r32-9kg-4.png\" \/>\n\t<meta property=\"og:image:width\" content=\"344\" \/>\n\t<meta property=\"og:image:height\" content=\"664\" \/>\n\t<meta property=\"og:image:type\" content=\"image\/png\" \/>\n<meta name=\"twitter:card\" content=\"summary_large_image\" \/>\n<meta name=\"twitter:label1\" content=\"Gesch\u00e4tzte Lesezeit\" \/>\n\t<meta name=\"twitter:data1\" content=\"1\u00a0Minute\" \/>\n<script type=\"application\/ld+json\" class=\"yoast-schema-graph\">{\"@context\":\"https:\/\/schema.org\",\"@graph\":[{\"@type\":\"WebPage\",\"@id\":\"https:\/\/dev.refrigerantboys.com\/de\/kaufen\/kaeltemittelgase\/r32\/r32-gas-in-der-flasche-mit-9-kg-ventil-217-x-1-14-left\/\",\"url\":\"https:\/\/dev.refrigerantboys.com\/de\/kaufen\/kaeltemittelgase\/r32\/r32-gas-in-der-flasche-mit-9-kg-ventil-217-x-1-14-left\/\",\"name\":\"R32-Gasflasche mit 9 kg (Ventil W21,7\u00d71\/14\u2033) | Refrigerant Boys\",\"isPartOf\":{\"@id\":\"https:\/\/dev.refrigerantboys.com\/de\/#website\"},\"datePublished\":\"2017-10-28T22:48:35+00:00\",\"dateModified\":\"2025-03-17T11:37:11+00:00\",\"description\":\"Wenn Sie eine R32-Gasflasche mit einem Fassungsverm\u00f6gen von 9 kg suchen, sind Sie hier genau richtig! Refrigerant Boys bietet eine gro\u00dfe Auswahl an hochwertigen K\u00e4ltemitteln, die Ihren Anforderungen gerecht werden.\",\"breadcrumb\":{\"@id\":\"https:\/\/dev.refrigerantboys.com\/de\/kaufen\/kaeltemittelgase\/r32\/r32-gas-in-der-flasche-mit-9-kg-ventil-217-x-1-14-left\/#breadcrumb\"},\"inLanguage\":\"de\",\"potentialAction\":[{\"@type\":\"ReadAction\",\"target\":[\"https:\/\/dev.refrigerantboys.com\/de\/kaufen\/kaeltemittelgase\/r32\/r32-gas-in-der-flasche-mit-9-kg-ventil-217-x-1-14-left\/\"]}]},{\"@type\":\"BreadcrumbList\",\"@id\":\"https:\/\/dev.refrigerantboys.com\/de\/kaufen\/kaeltemittelgase\/r32\/r32-gas-in-der-flasche-mit-9-kg-ventil-217-x-1-14-left\/#breadcrumb\",\"itemListElement\":[{\"@type\":\"ListItem\",\"position\":1,\"name\":\"Home\",\"item\":\"https:\/\/dev.refrigerantboys.com\/de\/\"},{\"@type\":\"ListItem\",\"position\":2,\"name\":\"Gesch\u00e4ft\",\"item\":\"https:\/\/dev.refrigerantboys.com\/de\/geschaeft\/\"},{\"@type\":\"ListItem\",\"position\":3,\"name\":\"R32-Gasflasche mit 9 kg (Ventil W21,7\u00d71\/14\u2033)\"}]},{\"@type\":\"WebSite\",\"@id\":\"https:\/\/dev.refrigerantboys.com\/de\/#website\",\"url\":\"https:\/\/dev.refrigerantboys.com\/de\/\",\"name\":\"Refrigerant Boys\",\"description\":\"Vendita gas refrigeranti\",\"potentialAction\":[{\"@type\":\"SearchAction\",\"target\":{\"@type\":\"EntryPoint\",\"urlTemplate\":\"https:\/\/dev.refrigerantboys.com\/de\/?s={search_term_string}\"},\"query-input\":\"required name=search_term_string\"}],\"inLanguage\":\"de\"}]}<\/script>\n<!-- \/ Yoast SEO plugin. -->","yoast_head_json":{"title":"R32-Gasflasche mit 9 kg (Ventil W21,7\u00d71\/14\u2033) | Refrigerant Boys","description":"Wenn Sie eine R32-Gasflasche mit einem Fassungsverm\u00f6gen von 9 kg suchen, sind Sie hier genau richtig! Refrigerant Boys bietet eine gro\u00dfe Auswahl an hochwertigen K\u00e4ltemitteln, die Ihren Anforderungen gerecht werden.","robots":{"index":"index","follow":"follow","max-snippet":"max-snippet:-1","max-image-preview":"max-image-preview:large","max-video-preview":"max-video-preview:-1"},"canonical":"https:\/\/dev.refrigerantboys.com\/de\/kaufen\/kaeltemittelgase\/r32\/r32-gas-in-der-flasche-mit-9-kg-ventil-217-x-1-14-left\/","og_locale":"de_DE","og_type":"article","og_title":"R32-Gasflasche mit 9 kg (Ventil W21,7\u00d71\/14\u2033) | Refrigerant Boys","og_description":"Wenn Sie eine R32-Gasflasche mit einem Fassungsverm\u00f6gen von 9 kg suchen, sind Sie hier genau richtig! Refrigerant Boys bietet eine gro\u00dfe Auswahl an hochwertigen K\u00e4ltemitteln, die Ihren Anforderungen gerecht werden.","og_url":"https:\/\/dev.refrigerantboys.com\/de\/kaufen\/kaeltemittelgase\/r32\/r32-gas-in-der-flasche-mit-9-kg-ventil-217-x-1-14-left\/","og_site_name":"Refrigerant Boys","article_modified_time":"2025-03-17T11:37:11+00:00","og_image":[{"width":344,"height":664,"url":"https:\/\/dev.refrigerantboys.com\/wp-content\/uploads\/2017\/10\/r32-9kg-4.png","type":"image\/png"}],"twitter_card":"summary_large_image","twitter_misc":{"Gesch\u00e4tzte Lesezeit":"1\u00a0Minute"},"schema":{"@context":"https:\/\/schema.org","@graph":[{"@type":"WebPage","@id":"https:\/\/dev.refrigerantboys.com\/de\/kaufen\/kaeltemittelgase\/r32\/r32-gas-in-der-flasche-mit-9-kg-ventil-217-x-1-14-left\/","url":"https:\/\/dev.refrigerantboys.com\/de\/kaufen\/kaeltemittelgase\/r32\/r32-gas-in-der-flasche-mit-9-kg-ventil-217-x-1-14-left\/","name":"R32-Gasflasche mit 9 kg (Ventil W21,7\u00d71\/14\u2033) | Refrigerant Boys","isPartOf":{"@id":"https:\/\/dev.refrigerantboys.com\/de\/#website"},"datePublished":"2017-10-28T22:48:35+00:00","dateModified":"2025-03-17T11:37:11+00:00","description":"Wenn Sie eine R32-Gasflasche mit einem Fassungsverm\u00f6gen von 9 kg suchen, sind Sie hier genau richtig! Refrigerant Boys bietet eine gro\u00dfe Auswahl an hochwertigen K\u00e4ltemitteln, die Ihren Anforderungen gerecht werden.","breadcrumb":{"@id":"https:\/\/dev.refrigerantboys.com\/de\/kaufen\/kaeltemittelgase\/r32\/r32-gas-in-der-flasche-mit-9-kg-ventil-217-x-1-14-left\/#breadcrumb"},"inLanguage":"de","potentialAction":[{"@type":"ReadAction","target":["https:\/\/dev.refrigerantboys.com\/de\/kaufen\/kaeltemittelgase\/r32\/r32-gas-in-der-flasche-mit-9-kg-ventil-217-x-1-14-left\/"]}]},{"@type":"BreadcrumbList","@id":"https:\/\/dev.refrigerantboys.com\/de\/kaufen\/kaeltemittelgase\/r32\/r32-gas-in-der-flasche-mit-9-kg-ventil-217-x-1-14-left\/#breadcrumb","itemListElement":[{"@type":"ListItem","position":1,"name":"Home","item":"https:\/\/dev.refrigerantboys.com\/de\/"},{"@type":"ListItem","position":2,"name":"Gesch\u00e4ft","item":"https:\/\/dev.refrigerantboys.com\/de\/geschaeft\/"},{"@type":"ListItem","position":3,"name":"R32-Gasflasche mit 9 kg (Ventil W21,7\u00d71\/14\u2033)"}]},{"@type":"WebSite","@id":"https:\/\/dev.refrigerantboys.com\/de\/#website","url":"https:\/\/dev.refrigerantboys.com\/de\/","name":"Refrigerant Boys","description":"Vendita gas refrigeranti","potentialAction":[{"@type":"SearchAction","target":{"@type":"EntryPoint","urlTemplate":"https:\/\/dev.refrigerantboys.com\/de\/?s={search_term_string}"},"query-input":"required name=search_term_string"}],"inLanguage":"de"}]}},"_links":{"self":[{"href":"https:\/\/dev.refrigerantboys.com\/de\/wp-json\/wp\/v2\/product\/4790"}],"collection":[{"href":"https:\/\/dev.refrigerantboys.com\/de\/wp-json\/wp\/v2\/product"}],"about":[{"href":"https:\/\/dev.refrigerantboys.com\/de\/wp-json\/wp\/v2\/types\/product"}],"wp:featuredmedia":[{"embeddable":true,"href":"https:\/\/dev.refrigerantboys.com\/de\/wp-json\/wp\/v2\/media\/68911"}],"wp:attachment":[{"href":"https:\/\/dev.refrigerantboys.com\/de\/wp-json\/wp\/v2\/media?parent=4790"}],"wp:term":[{"taxonomy":"product_cat","embeddable":true,"href":"https:\/\/dev.refrigerantboys.com\/de\/wp-json\/wp\/v2\/product_cat?post=4790"},{"taxonomy":"product_tag","embeddable":true,"href":"https:\/\/dev.refrigerantboys.com\/de\/wp-json\/wp\/v2\/product_tag?post=4790"}],"curies":[{"name":"wp","href":"https:\/\/api.w.org\/{rel}","templated":true}]}}