{"id":4766,"date":"2017-10-28T22:46:18","date_gmt":"2017-10-28T22:46:18","guid":{"rendered":"https:\/\/dev.refrigerantboys.com\/senza%20categoria\/gasflasche-40-kg-mit-gas-r134a\/"},"modified":"2025-06-24T18:01:07","modified_gmt":"2025-06-24T16:01:07","slug":"gas-refrigerante-r134a-in-bombola-da-40-kg-valvola-217-x-1-14","status":"publish","type":"product","link":"https:\/\/dev.refrigerantboys.com\/de\/kaufen\/kaeltemittelgase\/r134a\/gas-refrigerante-r134a-in-bombola-da-40-kg-valvola-217-x-1-14\/","title":{"rendered":"K\u00e4ltemittelgas R134a in 40-kg-Flasche Ventil 21,7 x 1\/14"},"content":{"rendered":"<p>R134a-Gasflasche mit 40 kg Fassungsverm\u00f6gen, Refrigerant Boys bietet eine gro\u00dfe Auswahl an hochwertigen K\u00e4ltemitteln, um Ihre Bed\u00fcrfnisse zu erf\u00fcllen. Unsere 40 kg schwere R134a-Gasflasche ist ideal f\u00fcr den K\u00fchlsektor, einschlie\u00dflich K\u00fchltheken in Superm\u00e4rkten, K\u00fchlh\u00e4usern und Haushaltsk\u00fchlschr\u00e4nken in der Automobilindustrie, und bietet eine \u00e4hnliche Energieeffizienz wie die alten HCFC. Wir wissen, wie wichtig zuverl\u00e4ssige Produkte sind, die den geltenden Vorschriften entsprechen. Deshalb k\u00f6nnen Sie sich darauf verlassen, dass unsere R134a-Gasflaschen optimale Leistung und maximale Sicherheit bieten. Kaufen Sie noch heute Ihre 40 kg R134a-Gasflasche bei Refrigerant Boys und finden Sie heraus, warum wir die bevorzugte Wahl von Profis sind.<\/p>\n","protected":false},"excerpt":{"rendered":"<p><span style=\"color: #282828;\"><strong>T-PED \/ EN 13322-1 zertifizierte Flasche mit K\u00e4ltemittelgas R134a Fassungsverm\u00f6gen 40 kg mit <\/strong><\/span><span style=\"color: #ff0000;\"><strong>Doppelhahn Ventil 21,7&#8243; x 1\/14&#8243;<\/strong><\/span><span style=\"color: #282828;\"><strong> UN 3159<\/strong><\/span><\/p>\n<p><strong><span class=\"hps\">PREIS EINSCHLIESSLICH DER FLASCHE, DIE IHR EIGENTUM BLEIBT &#8211; <a href=\"https:\/\/dev.refrigerantboys.com\/de\/wiederbefuellung-von-kaeltemittelgasflaschen\/\">NACHF\u00dcLLEN DER FLASCHE<\/a><\/span><br \/>\n<\/strong><\/p>\n<pre><span style=\"color: #ff0000; font-size: 20px;\"><strong>GWP[1430]<\/strong><\/span><\/pre>\n","protected":false},"featured_media":68713,"template":"","meta":[],"product_cat":[232,231],"product_tag":[],"acf":{"ai_note":""},"yoast_head":"<!-- This site is optimized with the Yoast SEO plugin v20.2 - https:\/\/yoast.com\/wordpress\/plugins\/seo\/ -->\n<title>K\u00e4ltemittelgas R134a in 40-kg-Flasche Ventil 21,7 x 1\/14 | Refrigerant Boys<\/title>\n<meta name=\"description\" content=\"T-PED \/ EN 13322-1 zertifizierte Flasche mit K\u00e4ltemittelgas R134a Fassungsverm\u00f6gen 40 kg mit Doppelhahn Ventil 21,7&quot; x 1\/14&quot; UN 3159  PREIS EINSCHLIESSLICH DER FLASCHE, DIE IHR EIGENTUM BLEIBT - NACHF\u00dcLLEN DER FLASCHE  GWP\" \/>\n<meta name=\"robots\" content=\"index, follow, max-snippet:-1, max-image-preview:large, max-video-preview:-1\" \/>\n<link rel=\"canonical\" href=\"https:\/\/dev.refrigerantboys.com\/de\/kaufen\/kaeltemittelgase\/r134a\/gas-refrigerante-r134a-in-bombola-da-40-kg-valvola-217-x-1-14\/\" \/>\n<meta property=\"og:locale\" content=\"de_DE\" \/>\n<meta property=\"og:type\" content=\"article\" \/>\n<meta property=\"og:title\" content=\"K\u00e4ltemittelgas R134a in 40-kg-Flasche Ventil 21,7 x 1\/14 | Refrigerant Boys\" \/>\n<meta property=\"og:description\" content=\"T-PED \/ EN 13322-1 zertifizierte Flasche mit K\u00e4ltemittelgas R134a Fassungsverm\u00f6gen 40 kg mit Doppelhahn Ventil 21,7&quot; x 1\/14&quot; UN 3159  PREIS EINSCHLIESSLICH DER FLASCHE, DIE IHR EIGENTUM BLEIBT - NACHF\u00dcLLEN DER FLASCHE  GWP\" \/>\n<meta property=\"og:url\" content=\"https:\/\/dev.refrigerantboys.com\/de\/kaufen\/kaeltemittelgase\/r134a\/gas-refrigerante-r134a-in-bombola-da-40-kg-valvola-217-x-1-14\/\" \/>\n<meta property=\"og:site_name\" content=\"Refrigerant Boys\" \/>\n<meta property=\"article:modified_time\" content=\"2025-06-24T16:01:07+00:00\" \/>\n<meta property=\"og:image\" content=\"https:\/\/dev.refrigerantboys.com\/wp-content\/uploads\/2017\/10\/r134a-40kg-6-247x470-1.png\" \/>\n\t<meta property=\"og:image:width\" content=\"213\" \/>\n\t<meta property=\"og:image:height\" content=\"453\" \/>\n\t<meta property=\"og:image:type\" content=\"image\/png\" \/>\n<meta name=\"twitter:card\" content=\"summary_large_image\" \/>\n<meta name=\"twitter:label1\" content=\"Gesch\u00e4tzte Lesezeit\" \/>\n\t<meta name=\"twitter:data1\" content=\"1\u00a0Minute\" \/>\n<script type=\"application\/ld+json\" class=\"yoast-schema-graph\">{\"@context\":\"https:\/\/schema.org\",\"@graph\":[{\"@type\":\"WebPage\",\"@id\":\"https:\/\/dev.refrigerantboys.com\/de\/kaufen\/kaeltemittelgase\/r134a\/gas-refrigerante-r134a-in-bombola-da-40-kg-valvola-217-x-1-14\/\",\"url\":\"https:\/\/dev.refrigerantboys.com\/de\/kaufen\/kaeltemittelgase\/r134a\/gas-refrigerante-r134a-in-bombola-da-40-kg-valvola-217-x-1-14\/\",\"name\":\"K\u00e4ltemittelgas R134a in 40-kg-Flasche Ventil 21,7 x 1\/14 | Refrigerant Boys\",\"isPartOf\":{\"@id\":\"https:\/\/dev.refrigerantboys.com\/de\/#website\"},\"datePublished\":\"2017-10-28T22:46:18+00:00\",\"dateModified\":\"2025-06-24T16:01:07+00:00\",\"description\":\"T-PED \/ EN 13322-1 zertifizierte Flasche mit K\u00e4ltemittelgas R134a Fassungsverm\u00f6gen 40 kg mit Doppelhahn Ventil 21,7\\\" x 1\/14\\\" UN 3159 PREIS EINSCHLIESSLICH DER FLASCHE, DIE IHR EIGENTUM BLEIBT - NACHF\u00dcLLEN DER FLASCHE GWP\",\"breadcrumb\":{\"@id\":\"https:\/\/dev.refrigerantboys.com\/de\/kaufen\/kaeltemittelgase\/r134a\/gas-refrigerante-r134a-in-bombola-da-40-kg-valvola-217-x-1-14\/#breadcrumb\"},\"inLanguage\":\"de\",\"potentialAction\":[{\"@type\":\"ReadAction\",\"target\":[\"https:\/\/dev.refrigerantboys.com\/de\/kaufen\/kaeltemittelgase\/r134a\/gas-refrigerante-r134a-in-bombola-da-40-kg-valvola-217-x-1-14\/\"]}]},{\"@type\":\"BreadcrumbList\",\"@id\":\"https:\/\/dev.refrigerantboys.com\/de\/kaufen\/kaeltemittelgase\/r134a\/gas-refrigerante-r134a-in-bombola-da-40-kg-valvola-217-x-1-14\/#breadcrumb\",\"itemListElement\":[{\"@type\":\"ListItem\",\"position\":1,\"name\":\"Home\",\"item\":\"https:\/\/dev.refrigerantboys.com\/de\/\"},{\"@type\":\"ListItem\",\"position\":2,\"name\":\"Gesch\u00e4ft\",\"item\":\"https:\/\/dev.refrigerantboys.com\/de\/geschaeft\/\"},{\"@type\":\"ListItem\",\"position\":3,\"name\":\"K\u00e4ltemittelgas R134a in 40-kg-Flasche Ventil 21,7 x 1\/14\"}]},{\"@type\":\"WebSite\",\"@id\":\"https:\/\/dev.refrigerantboys.com\/de\/#website\",\"url\":\"https:\/\/dev.refrigerantboys.com\/de\/\",\"name\":\"Refrigerant Boys\",\"description\":\"Vendita gas refrigeranti\",\"potentialAction\":[{\"@type\":\"SearchAction\",\"target\":{\"@type\":\"EntryPoint\",\"urlTemplate\":\"https:\/\/dev.refrigerantboys.com\/de\/?s={search_term_string}\"},\"query-input\":\"required name=search_term_string\"}],\"inLanguage\":\"de\"}]}<\/script>\n<!-- \/ Yoast SEO plugin. -->","yoast_head_json":{"title":"K\u00e4ltemittelgas R134a in 40-kg-Flasche Ventil 21,7 x 1\/14 | Refrigerant Boys","description":"T-PED \/ EN 13322-1 zertifizierte Flasche mit K\u00e4ltemittelgas R134a Fassungsverm\u00f6gen 40 kg mit Doppelhahn Ventil 21,7\" x 1\/14\" UN 3159  PREIS EINSCHLIESSLICH DER FLASCHE, DIE IHR EIGENTUM BLEIBT - NACHF\u00dcLLEN DER FLASCHE  GWP","robots":{"index":"index","follow":"follow","max-snippet":"max-snippet:-1","max-image-preview":"max-image-preview:large","max-video-preview":"max-video-preview:-1"},"canonical":"https:\/\/dev.refrigerantboys.com\/de\/kaufen\/kaeltemittelgase\/r134a\/gas-refrigerante-r134a-in-bombola-da-40-kg-valvola-217-x-1-14\/","og_locale":"de_DE","og_type":"article","og_title":"K\u00e4ltemittelgas R134a in 40-kg-Flasche Ventil 21,7 x 1\/14 | Refrigerant Boys","og_description":"T-PED \/ EN 13322-1 zertifizierte Flasche mit K\u00e4ltemittelgas R134a Fassungsverm\u00f6gen 40 kg mit Doppelhahn Ventil 21,7\" x 1\/14\" UN 3159  PREIS EINSCHLIESSLICH DER FLASCHE, DIE IHR EIGENTUM BLEIBT - NACHF\u00dcLLEN DER FLASCHE  GWP","og_url":"https:\/\/dev.refrigerantboys.com\/de\/kaufen\/kaeltemittelgase\/r134a\/gas-refrigerante-r134a-in-bombola-da-40-kg-valvola-217-x-1-14\/","og_site_name":"Refrigerant Boys","article_modified_time":"2025-06-24T16:01:07+00:00","og_image":[{"width":213,"height":453,"url":"https:\/\/dev.refrigerantboys.com\/wp-content\/uploads\/2017\/10\/r134a-40kg-6-247x470-1.png","type":"image\/png"}],"twitter_card":"summary_large_image","twitter_misc":{"Gesch\u00e4tzte Lesezeit":"1\u00a0Minute"},"schema":{"@context":"https:\/\/schema.org","@graph":[{"@type":"WebPage","@id":"https:\/\/dev.refrigerantboys.com\/de\/kaufen\/kaeltemittelgase\/r134a\/gas-refrigerante-r134a-in-bombola-da-40-kg-valvola-217-x-1-14\/","url":"https:\/\/dev.refrigerantboys.com\/de\/kaufen\/kaeltemittelgase\/r134a\/gas-refrigerante-r134a-in-bombola-da-40-kg-valvola-217-x-1-14\/","name":"K\u00e4ltemittelgas R134a in 40-kg-Flasche Ventil 21,7 x 1\/14 | Refrigerant Boys","isPartOf":{"@id":"https:\/\/dev.refrigerantboys.com\/de\/#website"},"datePublished":"2017-10-28T22:46:18+00:00","dateModified":"2025-06-24T16:01:07+00:00","description":"T-PED \/ EN 13322-1 zertifizierte Flasche mit K\u00e4ltemittelgas R134a Fassungsverm\u00f6gen 40 kg mit Doppelhahn Ventil 21,7\" x 1\/14\" UN 3159 PREIS EINSCHLIESSLICH DER FLASCHE, DIE IHR EIGENTUM BLEIBT - NACHF\u00dcLLEN DER FLASCHE GWP","breadcrumb":{"@id":"https:\/\/dev.refrigerantboys.com\/de\/kaufen\/kaeltemittelgase\/r134a\/gas-refrigerante-r134a-in-bombola-da-40-kg-valvola-217-x-1-14\/#breadcrumb"},"inLanguage":"de","potentialAction":[{"@type":"ReadAction","target":["https:\/\/dev.refrigerantboys.com\/de\/kaufen\/kaeltemittelgase\/r134a\/gas-refrigerante-r134a-in-bombola-da-40-kg-valvola-217-x-1-14\/"]}]},{"@type":"BreadcrumbList","@id":"https:\/\/dev.refrigerantboys.com\/de\/kaufen\/kaeltemittelgase\/r134a\/gas-refrigerante-r134a-in-bombola-da-40-kg-valvola-217-x-1-14\/#breadcrumb","itemListElement":[{"@type":"ListItem","position":1,"name":"Home","item":"https:\/\/dev.refrigerantboys.com\/de\/"},{"@type":"ListItem","position":2,"name":"Gesch\u00e4ft","item":"https:\/\/dev.refrigerantboys.com\/de\/geschaeft\/"},{"@type":"ListItem","position":3,"name":"K\u00e4ltemittelgas R134a in 40-kg-Flasche Ventil 21,7 x 1\/14"}]},{"@type":"WebSite","@id":"https:\/\/dev.refrigerantboys.com\/de\/#website","url":"https:\/\/dev.refrigerantboys.com\/de\/","name":"Refrigerant Boys","description":"Vendita gas refrigeranti","potentialAction":[{"@type":"SearchAction","target":{"@type":"EntryPoint","urlTemplate":"https:\/\/dev.refrigerantboys.com\/de\/?s={search_term_string}"},"query-input":"required name=search_term_string"}],"inLanguage":"de"}]}},"_links":{"self":[{"href":"https:\/\/dev.refrigerantboys.com\/de\/wp-json\/wp\/v2\/product\/4766"}],"collection":[{"href":"https:\/\/dev.refrigerantboys.com\/de\/wp-json\/wp\/v2\/product"}],"about":[{"href":"https:\/\/dev.refrigerantboys.com\/de\/wp-json\/wp\/v2\/types\/product"}],"wp:featuredmedia":[{"embeddable":true,"href":"https:\/\/dev.refrigerantboys.com\/de\/wp-json\/wp\/v2\/media\/68713"}],"wp:attachment":[{"href":"https:\/\/dev.refrigerantboys.com\/de\/wp-json\/wp\/v2\/media?parent=4766"}],"wp:term":[{"taxonomy":"product_cat","embeddable":true,"href":"https:\/\/dev.refrigerantboys.com\/de\/wp-json\/wp\/v2\/product_cat?post=4766"},{"taxonomy":"product_tag","embeddable":true,"href":"https:\/\/dev.refrigerantboys.com\/de\/wp-json\/wp\/v2\/product_tag?post=4766"}],"curies":[{"name":"wp","href":"https:\/\/api.w.org\/{rel}","templated":true}]}}